{"id":13760,"date":"2024-05-14T14:41:32","date_gmt":"2024-05-14T14:41:32","guid":{"rendered":"https:\/\/laubeholistic.com\/?post_type=product&#038;p=13760"},"modified":"2026-03-03T14:36:19","modified_gmt":"2026-03-03T14:36:19","slug":"borax-powder","status":"publish","type":"product","link":"https:\/\/laubeholistic.com\/fr\/shop\/borax-powder\/","title":{"rendered":"Poudre de borax"},"content":{"rendered":"<h1><span style=\"color: #000000;\"><strong>Poudre de borax\u00a0:<\/strong><\/span><\/h1>\n<p><span style=\"color: #000000;\">Le borax, \u00e9galement connu sous le nom de borate de sodium, t\u00e9traborate de sodium ou t\u00e9traborate disodique, est un min\u00e9ral naturel. Il se pr\u00e9sente sous la forme d\u2019une substance poudreuse blanche constitu\u00e9e de cristaux mous et incolores qui se dissolvent facilement dans l\u2019eau. Le borax est un ingr\u00e9dient essentiel dans de nombreux produits m\u00e9nagers et industriels.<\/span><\/p>\n<h2><span style=\"color: #000000;\"><strong>Utilisations traditionnelles de la poudre de borax<\/strong><\/span><\/h2>\n<ol>\n<li><span style=\"color: #000000;\"><strong>Agent de nettoyage<\/strong>: Le borax est bien connu pour ses puissantes propri\u00e9t\u00e9s nettoyantes. Il sert de d\u00e9sinfectant naturel, de d\u00e9sodorisant et d\u2019abrasif doux, ce qui en fait un ingr\u00e9dient cl\u00e9 dans de nombreux produits d\u2019entretien m\u00e9nager. Il \u00e9limine efficacement les taches, am\u00e9liore le pouvoir nettoyant des d\u00e9tergents \u00e0 lessive et neutralise les odeurs.<\/span><\/li>\n<li><span style=\"color: #000000;\"><strong>Antiparasitaire<\/strong>: Le borax est utilis\u00e9 comme insecticide efficace, notamment contre les fourmis et les blattes. Lorsque ces ravageurs consomment du borax, cela perturbe leur syst\u00e8me digestif, entra\u00eenant leur disparition.<\/span><\/li>\n<li><span style=\"color: #000000;\"><strong>Adoucissement de l&#039;eau<\/strong>: Dans les applications de lessive, le borax agit comme un adoucisseur d&#039;eau, am\u00e9liorant l&#039;efficacit\u00e9 des savons et des d\u00e9tergents en emp\u00eachant les min\u00e9raux pr\u00e9sents dans l&#039;eau dure d&#039;interf\u00e9rer avec le processus de nettoyage.<\/span><\/li>\n<li><span style=\"color: #000000;\"><strong>Production de verre et de c\u00e9ramique<\/strong>: Le borax joue un r\u00f4le crucial dans la fabrication du verre et de la c\u00e9ramique. Il agit comme un flux, abaissant la temp\u00e9rature de fusion des mati\u00e8res premi\u00e8res et am\u00e9liorant la clart\u00e9 et la r\u00e9sistance du produit final.<\/span><\/li>\n<li><span style=\"color: #000000;\"><strong>Produits cosm\u00e9tiques<\/strong>: En petites quantit\u00e9s, le borax est utilis\u00e9 dans les cosm\u00e9tiques et les produits de soins personnels comme \u00e9mulsifiant et conservateur. Il aide \u00e0 stabiliser les formulations et \u00e0 prolonger la dur\u00e9e de conservation.<\/span><\/li>\n<\/ol>\n<h2><span style=\"color: #000000;\"><strong>Utilisations internes anecdotiques<\/strong><\/span><\/h2>\n<p><span style=\"color: #000000;\">Au-del\u00e0 de ses applications bien document\u00e9es, il existe un nombre croissant de preuves anecdotiques sugg\u00e9rant que le borax pourrait avoir des effets b\u00e9n\u00e9fiques sur la sant\u00e9 interne. Cependant, ces affirmations ne sont pas largement approuv\u00e9es par la communaut\u00e9 m\u00e9dicale et doivent \u00eatre abord\u00e9es avec prudence.<\/span><\/p>\n<ol>\n<li><span style=\"color: #000000;\"><strong>Soulagement de l&#039;arthrite<\/strong>: Certaines personnes pr\u00e9tendent que l&#039;ingestion de petites quantit\u00e9s de borax peut soulager les sympt\u00f4mes de l&#039;arthrite. Les partisans pensent que le borax r\u00e9duit l\u2019inflammation et la douleur dans les articulations, attribu\u00e9es au bore, un \u00e9l\u00e9ment du borax cens\u00e9 favoriser la sant\u00e9 des os.<\/span><\/li>\n<li><span style=\"color: #000000;\"><strong>\u00c9quilibre hormonal<\/strong>: On pr\u00e9tend que le borax peut aider \u00e0 \u00e9quilibrer les hormones, en particulier en cas de sympt\u00f4mes de la m\u00e9nopause. On pense que le bore soutient l\u2019utilisation par l\u2019organisme du calcium, du magn\u00e9sium et de la vitamine D, tous essentiels \u00e0 la r\u00e9gulation hormonale.<\/span><\/li>\n<li><span style=\"color: #000000;\"><strong>D\u00e9sintoxication<\/strong>: Des rapports anecdotiques sugg\u00e8rent que le borax peut aider \u00e0 d\u00e9toxifier le corps en \u00e9liminant les m\u00e9taux lourds et autres toxines. Certains praticiens de sant\u00e9 alternative recommandent \u00e0 cet effet des solutions dilu\u00e9es de borax.<\/span><\/li>\n<li><span style=\"color: #000000;\"><strong>Propri\u00e9t\u00e9s antimicrobiennes<\/strong>: Le borax poss\u00e8derait des propri\u00e9t\u00e9s antimicrobiennes qui aident \u00e0 combattre les infections. Certaines personnes utilisent le borax en interne pour lutter contre les infections fongiques et bact\u00e9riennes, bien que cette utilisation ne soit pas largement soutenue par la recherche scientifique.<\/span><\/li>\n<\/ol>\n<p><span style=\"color: #000000;\"><strong>Consid\u00e9rations de s\u00e9curit\u00e9<\/strong><\/span><\/p>\n<p><span style=\"color: #000000;\">Veuillez noter que nous ne fournissons pas de conseils m\u00e9dicaux ni de directives sur l&#039;utilisation interne du borax. Consultez toujours un professionnel de la sant\u00e9 avant d\u2019envisager des pratiques de sant\u00e9 alternatives.<\/span><\/p>\n<h2><span style=\"color: #000000;\">Lire un article de fond tr\u00e8s int\u00e9ressant sur le r\u00f4le du bore dans le m\u00e9tabolisme des os, des articulations et des min\u00e9raux.<\/span><br \/>\n<span style=\"color: #000000;\">T\u00e9l\u00e9charger le PDF (anglais) ici<\/span> <a href=\"https:\/\/laubeholistic.com\/wp-content\/uploads\/Borax-Article.pdf\"><em><span style=\"color: #0000ff;\">La conspiration du borax<\/span><\/em><\/a><\/h2>","protected":false},"excerpt":{"rendered":"<p><span style=\"color: #000000;\">Poudre de Borax pure en 150g ou 300g<\/span><\/p>\n<p><span style=\"color: #000000;\">Contactez-nous pour des montants plus importants.<\/span><\/p>\n<p>&nbsp;<\/p>","protected":false},"featured_media":21118,"comment_status":"open","ping_status":"closed","template":"","meta":{"ngg_post_thumbnail":0},"product_brand":[],"product_cat":[329,332],"product_tag":[344,348,345,346,347],"class_list":{"0":"post-13760","1":"product","2":"type-product","3":"status-publish","4":"has-post-thumbnail","6":"product_cat-remedy-supplements","7":"product_cat-newcomers","8":"product_tag-borax","9":"product_tag-disodium-tetraborate","10":"product_tag-pure-borax","11":"product_tag-sodium-borate","12":"product_tag-sodium-tetraborate","14":"first","15":"instock","16":"taxable","17":"shipping-taxable","18":"purchasable","19":"product-type-variable"},"_links":{"self":[{"href":"https:\/\/laubeholistic.com\/fr\/wp-json\/wp\/v2\/product\/13760","targetHints":{"allow":["GET"]}}],"collection":[{"href":"https:\/\/laubeholistic.com\/fr\/wp-json\/wp\/v2\/product"}],"about":[{"href":"https:\/\/laubeholistic.com\/fr\/wp-json\/wp\/v2\/types\/product"}],"replies":[{"embeddable":true,"href":"https:\/\/laubeholistic.com\/fr\/wp-json\/wp\/v2\/comments?post=13760"}],"wp:featuredmedia":[{"embeddable":true,"href":"https:\/\/laubeholistic.com\/fr\/wp-json\/wp\/v2\/media\/21118"}],"wp:attachment":[{"href":"https:\/\/laubeholistic.com\/fr\/wp-json\/wp\/v2\/media?parent=13760"}],"wp:term":[{"taxonomy":"product_brand","embeddable":true,"href":"https:\/\/laubeholistic.com\/fr\/wp-json\/wp\/v2\/product_brand?post=13760"},{"taxonomy":"product_cat","embeddable":true,"href":"https:\/\/laubeholistic.com\/fr\/wp-json\/wp\/v2\/product_cat?post=13760"},{"taxonomy":"product_tag","embeddable":true,"href":"https:\/\/laubeholistic.com\/fr\/wp-json\/wp\/v2\/product_tag?post=13760"}],"curies":[{"name":"wp","href":"https:\/\/api.w.org\/{rel}","templated":true}]}}