{"id":13448,"date":"2024-02-12T16:51:17","date_gmt":"2024-02-12T16:51:17","guid":{"rendered":"https:\/\/laubeholistic.com\/?post_type=product&#038;p=13448"},"modified":"2026-03-03T13:36:41","modified_gmt":"2026-03-03T13:36:41","slug":"parakit","status":"publish","type":"product","link":"https:\/\/laubeholistic.com\/fr\/shop\/parakit\/","title":{"rendered":"ParaKit"},"content":{"rendered":"<h1><span style=\"color: #000000;\">La formule ParaKit\u00a0: une approche dynamique de l\u2019\u00e9limination des parasites<\/span><\/h1>\n<div style=\"padding: 56.25% 0 0 0; position: relative;\"><iframe style=\"position: absolute; top: 0; left: 0; width: 100%; height: 100%;\" title=\"Parakit\" src=\"https:\/\/player.vimeo.com\/video\/1165670529?badge=0&amp;autopause=0&amp;player_id=0&amp;app_id=58479\" frameborder=\"0\"><\/iframe><\/div>\n<p><script src=\"https:\/\/player.vimeo.com\/api\/player.js\"><\/script><\/p>\n<p><span style=\"color: #000000;\">Trois rem\u00e8des d\u00e9parasitaires pour tous les blitzer.<\/span><\/p>\n<p>Dans la lutte permanente contre les infections parasitaires, une solution innovante est apparue, pr\u00eate \u00e0 r\u00e9volutionner l'\u00e9radication des parasites. Il s'agit de la formule ParaKit, un puissant m\u00e9lange de <strong>Ivermectine<\/strong>, <strong>Fenbendazole<\/strong>, et <strong>Praziquantel<\/strong>, meticulously crafted to combat a wide spectrum of parasites afflicting the human body.<\/p>\n<h1><span style=\"color: #0000ff;\"><a style=\"color: #0000ff;\" href=\"https:\/\/laubeholistic.com\/wp-content\/uploads\/NEW-ParaKit-Program-ENGLISH.docx.pdf\" target=\"_blank\" rel=\"noopener\"><strong>\ud83d\udce5 T\u00e9l\u00e9charger le guide du protocole ParaKit (PDF)<\/strong><\/a><\/span><\/h1>\n<p>Les infestations parasitaires repr\u00e9sentent une menace persistante pour la sant\u00e9 humaine, se manifestant sous diverses formes et provoquant une myriade de sympt\u00f4mes. Les m\u00e9thodes de traitement traditionnelles offrent souvent une efficacit\u00e9 limit\u00e9e, laissant les individus vuln\u00e9rables \u00e0 des infections r\u00e9currentes et \u00e0 des probl\u00e8mes de sant\u00e9 permanents. Cependant, la formule ParaKit repr\u00e9sente un changement de paradigme, offrant une approche compl\u00e8te et multi-cibles de l'\u00e9limination des parasites et de la restauration du bien-\u00eatre.<\/p>\n<h2>Principaux ingr\u00e9dients de la formule ParaKit<\/h2>\n<p>\u00c0 la base, la formule ParaKit exploite la puissance collective de trois ingr\u00e9dients cl\u00e9s\u00a0:<\/p>\n<ol>\n<li><strong>Ivermectine :<\/strong> R\u00e9put\u00e9e pour ses effets neurotoxiques sur les parasites, l'ivermectine neutralise ces envahisseurs en perturbant le fonctionnement de leur syst\u00e8me nerveux. Son large spectre d'action cible les parasites internes et externes, assurant une \u00e9radication compl\u00e8te et pr\u00e9venant la r\u00e9infection.<\/li>\n<li><strong>Fenbendazole :<\/strong> Le fenbendazole est un pilier de la lutte contre les parasites intestinaux. Il interf\u00e8re avec le m\u00e9tabolisme \u00e9nerg\u00e9tique des parasites, les privant ainsi de nutriments vitaux. Son efficacit\u00e9 s'\u00e9tend \u00e0 divers types de vers, y compris les ascaris, les ankylostomes et les trichoc\u00e9phales, offrant ainsi une protection compl\u00e8te contre les infestations gastro-intestinales.<\/li>\n<li><strong>Praziquantel :<\/strong> Ciblant pr\u00e9cis\u00e9ment les vers plats, Praziquantel perturbe l'int\u00e9grit\u00e9 structurelle des membranes cellulaires de ces parasites, ce qui entra\u00eene leur d\u00e9sint\u00e9gration rapide et leur expulsion de l'organisme. Son action puissante garantit l'\u00e9radication des t\u00e9nias, des douves et des autres infections par les vers plats, restaurant ainsi la sant\u00e9 et la vitalit\u00e9 gastro-intestinales.<\/li>\n<\/ol>\n<p>Lorsqu&#039;ils sont combin\u00e9s, ces trois rem\u00e8des s&#039;associent pour cr\u00e9er une formidable d\u00e9fense contre la r\u00e9surgence des parasites, offrant une approche holistique de la gestion et de l&#039;\u00e9limination des parasites.<\/p>\n<h2>Des options de d\u00e9sintoxication flexibles pour r\u00e9pondre aux besoins individuels<\/h2>\n<p>Ce qui distingue la formule ParaKit, c&#039;est son adaptabilit\u00e9 aux besoins individuels, avec deux options distinctes de fourniture de cours disponibles\u00a0:<\/p>\n<ol>\n<li><strong>Offre de cours d'une semaine :<\/strong> Con\u00e7u pour les personnes souffrant d'infections parasitaires l\u00e9g\u00e8res \u00e0 mod\u00e9r\u00e9es ou comme mesure pr\u00e9ventive contre les infestations potentielles, le cours d'une semaine apporte un soulagement rapide et une \u00e9radication efficace des parasites dans un court laps de temps.<\/li>\n<li><strong>Offre de cours de trois semaines :<\/strong> Con\u00e7u pour traiter les infections parasitaires plus s\u00e9v\u00e8res ou persistantes, le cours de trois semaines offre un traitement soutenu pour assurer un nettoyage en profondeur et l'\u00e9radication des parasites. Avec une dur\u00e9e prolong\u00e9e, les individus peuvent parvenir \u00e0 une restauration compl\u00e8te de leur sant\u00e9 gastro-intestinale et de leur bien-\u00eatre g\u00e9n\u00e9ral.<\/li>\n<\/ol>\n<h2>Comment utiliser ParaKit<\/h2>\n<p>Chaque ParaKit comprend un guide de protocole complet indiquant quand et comment prendre chaque rem\u00e8de. L'hydratation et le repos sont encourag\u00e9s pendant le nettoyage. Pour des conseils personnalis\u00e9s, des consultations avec Tobias sont disponibles afin de garantir une exp\u00e9rience s\u00fbre et adapt\u00e9e.<\/p>\n<h2>\u00c0 quoi s'attendre lors d'un nettoyage antiparasitaire ?<\/h2>\n<p>Au fur et \u00e0 mesure que le corps expulse les parasites, vous pouvez ressentir de l\u00e9gers sympt\u00f4mes de d\u00e9sintoxication tels que la fatigue, des ballonnements ou des changements dans le transit intestinal, ce qui est une partie naturelle du processus de nettoyage. De nombreux utilisateurs font \u00e9tat d'une am\u00e9lioration de l'\u00e9nergie, de la clart\u00e9 mentale, de la qualit\u00e9 de la peau et de la digestion d\u00e8s la premi\u00e8re semaine.<\/p>\n<h2>Au-del\u00e0 de l\u2019infection\u00a0: l\u2019impact multiforme des parasites sur la sant\u00e9 et le bien-\u00eatre<\/h2>\n<p>Les parasites, souvent associ\u00e9s \u00e0 des sympt\u00f4mes visibles d\u2019infection, exercent une influence plus subtile qui s\u2019\u00e9tend bien au-del\u00e0 des limites des maladies physiques. Si leurs effets directs sont tangibles, les r\u00e9percussions insidieuses de la pr\u00e9sence parasitaire sur la nutrition, les allergies, l\u2019humeur et la gestion du poids sont tout aussi profondes, mais souvent n\u00e9glig\u00e9es.<\/p>\n<ol>\n<li><strong>Privation nutritionnelle :<\/strong> Les parasites sont des consommateurs acharn\u00e9s, siphonnant les nutriments vitaux de leurs h\u00f4tes avant qu'ils ne puissent \u00eatre absorb\u00e9s et utilis\u00e9s. Cette alimentation incessante prive l'h\u00f4te de vitamines, de min\u00e9raux et de micronutriments essentiels, ce qui entra\u00eene une malnutrition chronique. M\u00eame avec un r\u00e9gime alimentaire \u00e9quilibr\u00e9, les parasites peuvent entraver l'absorption des nutriments, exacerbant les carences et compromettant la sant\u00e9 globale.<\/li>\n<li><strong>R\u00e9actions allergiques :<\/strong> Les parasites ont la capacit\u00e9 de manipuler le syst\u00e8me immunitaire de l'h\u00f4te, d\u00e9clenchant souvent des r\u00e9actions allergiques et une hypersensibilit\u00e9. Comme les parasites ont des interactions complexes avec le syst\u00e8me immunitaire, ils peuvent induire par inadvertance des r\u00e9ponses immunitaires anormales, entra\u00eenant des allergies telles que l'asthme, la dermatite et la rhinite. Leur pr\u00e9sence persistante peut perp\u00e9tuer le d\u00e9r\u00e8glement immunitaire, aggravant les sympt\u00f4mes d'allergie et diminuant la qualit\u00e9 de vie.<\/li>\n<li><strong>Troubles de l'humeur :<\/strong> Des \u00e9tudes r\u00e9centes mettent en \u00e9vidence un lien significatif entre les infections parasitaires et les troubles de l'humeur. Les parasites produisent des substances neuroactives qui affectent les niveaux de neurotransmetteurs et les voies neuronales dans le cerveau de l'h\u00f4te. Ces changements peuvent se manifester par de l'anxi\u00e9t\u00e9, de la d\u00e9pression, de l'irritabilit\u00e9 et des troubles cognitifs. En modifiant la neurophysiologie de l'h\u00f4te, les parasites peuvent avoir un impact profond sur le bien-\u00eatre \u00e9motionnel et la sant\u00e9 mentale, exacerbant les troubles psychiatriques existants.<\/li>\n<li><strong>D\u00e9fis en mati\u00e8re de poids :<\/strong> Les infections parasitaires peuvent perturber les efforts de gestion du poids par diff\u00e9rents m\u00e9canismes. Elles peuvent interf\u00e9rer avec la digestion et l'absorption des nutriments, entra\u00eenant une malabsorption et une perte de poids malgr\u00e9 un apport calorique ad\u00e9quat. Inversement, certains parasites induisent des changements m\u00e9taboliques qui favorisent la prise de poids et l'ob\u00e9sit\u00e9. En outre, les sympt\u00f4mes d\u00e9bilitants associ\u00e9s aux infections parasitaires, tels que la fatigue et la g\u00eane abdominale, peuvent entraver l'activit\u00e9 physique et l'observance du r\u00e9gime alimentaire, ce qui complique la gestion du poids.<\/li>\n<\/ol>\n<p>En r\u00e9sum\u00e9, les infections parasitaires \u00e9tendent leur influence bien au-del\u00e0 des sympt\u00f4mes visibles, en affectant la nutrition, les allergies, l'humeur et la r\u00e9gulation du poids. Il est essentiel de reconna\u00eetre ces effets \u00e0 multiples facettes pour \u00e9laborer des strat\u00e9gies globales de pr\u00e9vention, de d\u00e9tection et de traitement. En s'attaquant aux effets cach\u00e9s de la pr\u00e9sence de parasites, nous pouvons pr\u00e9server non seulement la sant\u00e9 physique, mais aussi le bien-\u00eatre g\u00e9n\u00e9ral et la qualit\u00e9 de vie.<\/p>\n<h2 style=\"margin-top: 40px;\">FAQ<\/h2>\n<div class=\"accordion\">\n\t<div id=\"accordion-3264812918\" class=\"accordion-item\">\n\t\t<a id=\"accordion-3264812918-label\" class=\"accordion-title plain\" href=\"#accordion-item-what-is-the-parakit,-and-how-does-it-work?\" aria-expanded=\"false\" aria-controls=\"accordion-3264812918-content\">\n\t\t\t<button class=\"toggle\" aria-label=\"Basculer\"><i class=\"icon-angle-down\" aria-hidden=\"true\"><\/i><\/button>\n\t\t\t<span>Qu'est-ce que le ParaKit et comment fonctionne-t-il ?<\/span>\n\t\t<\/a>\n\t\t<div id=\"accordion-3264812918-content\" class=\"accordion-inner\" aria-labelledby=\"accordion-3264812918-label\">\n\t\t\t\n<p>Le ParaKit est un puissant protocole de nettoyage des parasites compos\u00e9 de trois ingr\u00e9dients de qualit\u00e9 pharmaceutique : Ivermectine, Fenbendazole et Praziquantel. Ensemble, ils perturbent les parasites \u00e0 de multiples niveaux biologiques :<\/p>\n<ul>\n<li><strong>Ivermectine<\/strong> cible le syst\u00e8me nerveux des parasites internes et externes.<\/li>\n<li><strong>Fenbendazole<\/strong> interf\u00e8re avec le m\u00e9tabolisme \u00e9nerg\u00e9tique, affamant ainsi les vers intestinaux.<\/li>\n<li><strong>Praziquantel<\/strong> compromet la structure des vers plats comme les t\u00e9nias et les douves.<\/li>\n<\/ul>\n<p>Cette action synergique garantit un nettoyage complet d'un large \u00e9ventail d'infections parasitaires.<\/p>\n\t\t<\/div>\n\t<\/div>\n\t\n\t<div id=\"accordion-4126390841\" class=\"accordion-item\">\n\t\t<a id=\"accordion-4126390841-label\" class=\"accordion-title plain\" href=\"#accordion-item-how-do-i-take-parakit-correctly?\" aria-expanded=\"false\" aria-controls=\"accordion-4126390841-content\">\n\t\t\t<button class=\"toggle\" aria-label=\"Basculer\"><i class=\"icon-angle-down\" aria-hidden=\"true\"><\/i><\/button>\n\t\t\t<span>Comment dois-je prendre ParaKit correctement ?<\/span>\n\t\t<\/a>\n\t\t<div id=\"accordion-4126390841-content\" class=\"accordion-inner\" aria-labelledby=\"accordion-4126390841-label\">\n\t\t\t\n<p>Chaque ParaKit est accompagn\u00e9 d'un guide PDF t\u00e9l\u00e9chargeable indiquant la posologie quotidienne et le calendrier. Il est important de rester bien hydrat\u00e9 et de suivre le traitement complet (1 semaine ou 3 semaines) comme indiqu\u00e9.<\/p>\n\t\t<\/div>\n\t<\/div>\n\t\n\t<div id=\"accordion-3924098279\" class=\"accordion-item\">\n\t\t<a id=\"accordion-3924098279-label\" class=\"accordion-title plain\" href=\"#accordion-item-who-should-use-parakit?\" aria-expanded=\"false\" aria-controls=\"accordion-3924098279-content\">\n\t\t\t<button class=\"toggle\" aria-label=\"Basculer\"><i class=\"icon-angle-down\" aria-hidden=\"true\"><\/i><\/button>\n\t\t\t<span>Qui devrait utiliser ParaKit ?<\/span>\n\t\t<\/a>\n\t\t<div id=\"accordion-3924098279-content\" class=\"accordion-inner\" aria-labelledby=\"accordion-3924098279-label\">\n\t\t\t\n<p>ParaKit est id\u00e9al pour les adultes qui pr\u00e9sentent des sympt\u00f4mes tels que la fatigue, des probl\u00e8mes digestifs, des affections cutan\u00e9es, des pouss\u00e9es d'allergies ou un brouillard c\u00e9r\u00e9bral, autant de signes potentiels d'une infection parasitaire. Il convient \u00e9galement comme mesure pr\u00e9ventive, en particulier apr\u00e8s un voyage, un contact avec des animaux ou pendant les routines de nettoyage saisonni\u00e8res.<\/p>\n\t\t<\/div>\n\t<\/div>\n\t\n\t<div id=\"accordion-3669056454\" class=\"accordion-item\">\n\t\t<a id=\"accordion-3669056454-label\" class=\"accordion-title plain\" href=\"#accordion-item-are-there-any-side-effects-when-using-parakit?\" aria-expanded=\"false\" aria-controls=\"accordion-3669056454-content\">\n\t\t\t<button class=\"toggle\" aria-label=\"Basculer\"><i class=\"icon-angle-down\" aria-hidden=\"true\"><\/i><\/button>\n\t\t\t<span>Y a-t-il des effets secondaires lors de l'utilisation de ParaKit ?<\/span>\n\t\t<\/a>\n\t\t<div id=\"accordion-3669056454-content\" class=\"accordion-inner\" aria-labelledby=\"accordion-3669056454-label\">\n\t\t\t\n<p>Certains utilisateurs peuvent ressentir de l\u00e9gers sympt\u00f4mes de d\u00e9sintoxication tels que de la fatigue, des ballonnements, des maux de t\u00eate ou des changements dans le transit intestinal lorsque le corps expulse les parasites. Ces sympt\u00f4mes sont temporaires et constituent une partie normale du processus de nettoyage. Si l'inconfort persiste, consultez Tobias pour des ajustements de dosage ou des conseils suppl\u00e9mentaires.<\/p>\n\t\t<\/div>\n\t<\/div>\n\t\n\t<div id=\"accordion-3521114962\" class=\"accordion-item\">\n\t\t<a id=\"accordion-3521114962-label\" class=\"accordion-title plain\" href=\"#accordion-item-can-parakit-be-used-alongside-other-supplements-or-medications?\" aria-expanded=\"false\" aria-controls=\"accordion-3521114962-content\">\n\t\t\t<button class=\"toggle\" aria-label=\"Basculer\"><i class=\"icon-angle-down\" aria-hidden=\"true\"><\/i><\/button>\n\t\t\t<span>ParaKit peut-il \u00eatre utilis\u00e9 en m\u00eame temps que d'autres suppl\u00e9ments ou m\u00e9dicaments ?<\/span>\n\t\t<\/a>\n\t\t<div id=\"accordion-3521114962-content\" class=\"accordion-inner\" aria-labelledby=\"accordion-3521114962-label\">\n\t\t\t\n<p>Oui, mais il est recommand\u00e9 de s\u00e9parer les doses de ParaKit des autres suppl\u00e9ments d'au moins 2 heures. \u00c9vitez de combiner avec d'autres produits de d\u00e9sintoxication intense, sauf avis contraire. Si vous prenez des m\u00e9dicaments sur ordonnance, veuillez consulter un fournisseur de soins de sant\u00e9 ou Tobias directement avant de commencer le protocole.<\/p>\n\t\t<\/div>\n\t<\/div>\n\t\n\t<div id=\"accordion-867548628\" class=\"accordion-item\">\n\t\t<a id=\"accordion-867548628-label\" class=\"accordion-title plain\" href=\"#accordion-item-is-parakit-safe-for-children?\" aria-expanded=\"false\" aria-controls=\"accordion-867548628-content\">\n\t\t\t<button class=\"toggle\" aria-label=\"Basculer\"><i class=\"icon-angle-down\" aria-hidden=\"true\"><\/i><\/button>\n\t\t\t<span>ParaKit est-il sans danger pour les enfants ?<\/span>\n\t\t<\/a>\n\t\t<div id=\"accordion-867548628-content\" class=\"accordion-inner\" aria-labelledby=\"accordion-867548628-label\">\n\t\t\t\n<p>ParaKit est con\u00e7u pour les adultes. Pour les enfants et les adolescents, nous recommandons de prendre rendez-vous avec Tobias afin de d\u00e9terminer un protocole alternatif appropri\u00e9 et s\u00fbr, adapt\u00e9 \u00e0 leur \u00e2ge et \u00e0 leur poids.<\/p>\n\t\t<\/div>\n\t<\/div>\n\t\n\t<div id=\"accordion-2966492897\" class=\"accordion-item\">\n\t\t<a id=\"accordion-2966492897-label\" class=\"accordion-title plain\" href=\"#accordion-item-where-can-i-access-the-usage-protocol-and-video-instructions?\" aria-expanded=\"false\" aria-controls=\"accordion-2966492897-content\">\n\t\t\t<button class=\"toggle\" aria-label=\"Basculer\"><i class=\"icon-angle-down\" aria-hidden=\"true\"><\/i><\/button>\n\t\t\t<span>O\u00f9 puis-je acc\u00e9der au protocole d'utilisation et aux instructions vid\u00e9o ?<\/span>\n\t\t<\/a>\n\t\t<div id=\"accordion-2966492897-content\" class=\"accordion-inner\" aria-labelledby=\"accordion-2966492897-label\">\n\t\t\t\n<p>Le guide d'utilisation complet de ParaKit peut \u00eatre t\u00e9l\u00e9charg\u00e9 ici :<br \/>\n<a href=\"https:\/\/laubeholistic.com\/wp-content\/uploads\/ParaKit-Program.pdf\" target=\"_blank\" rel=\"noopener\"><strong>\ud83d\udce5 ParaKit Protocol PDF<\/strong><\/a><br \/>\nVous aurez \u00e9galement acc\u00e8s \u00e0 des instructions vid\u00e9o exclusives pour chaque achat, ce qui vous permettra d'utiliser le protocole de mani\u00e8re correcte et efficace.<\/p>\n\t\t<\/div>\n\t<\/div>\n\t\n<\/div>","protected":false},"excerpt":{"rendered":"<p><span style=\"color: #000000;\">Ivermectine \u2013 Fenbendazole \u2013 Praziquantel<\/span><\/p>\n<p><strong><span style=\"color: #000000;\">T\u00e9l\u00e9chargez le guide ParaKit dans votre langue ici pour un programme de d\u00e9parasitage<br \/>\n<\/span><\/strong><\/p>\n<p><strong><span style=\"color: #000000;\"><span style=\"color: #0000ff;\"><a style=\"color: #0000ff;\" href=\"https:\/\/laubeholistic.com\/wp-content\/uploads\/ParaKit-Program-ENGLISH.pdf\">ANGLAIS<\/a> , <a style=\"color: #0000ff;\" href=\"https:\/\/laubeholistic.com\/wp-content\/uploads\/ParaKit-Programa-ESPANOL.pdf\">ESPAGNOL<\/a>, <a style=\"color: #0000ff;\" href=\"https:\/\/laubeholistic.com\/wp-content\/uploads\/ParaKit-Protokol-DEUTSCH.pdf\">ALLEMAND<\/a>, <a style=\"color: #0000ff;\" href=\"https:\/\/laubeholistic.com\/wp-content\/uploads\/ParaKit-Frances.pdf\">FRAN\u00c7AIS<\/a>, <a style=\"color: #0000ff;\" href=\"https:\/\/laubeholistic.com\/wp-content\/uploads\/ParaKit-Italiano.pdf\">ITALIEN<\/a><\/span><\/span><\/strong><\/p>\n<p><a href=\"https:\/\/laubeholistic.com\/wp-content\/uploads\/De-Parasitation-Protocol-\ud83e\udeb1\ud83d\udeab-for-Cats-Dogs-\ud83d\udc31-\ud83d\udc36-1.pdf\"><span style=\"color: #000000;\"><span style=\"color: #0000ff;\"><strong>Le protocole pr\u00eat pour le T\u00c9L\u00c9CHARGEMENT<\/strong> <\/span>pour la d\u00e9parasitation chez les chats et les chiens (<strong>Les six langues<\/strong>)<\/span><\/a><\/p>\n<p><strong><span style=\"background-color: #ffffff; color: #000000;\">Toutes nos capsules sont VEGAN \u2013 KOSHER \u2013 HALAL \u2013 Sans conservateurs, sans odeur et sans go\u00fbt<\/span><\/strong><\/p>","protected":false},"featured_media":21113,"comment_status":"open","ping_status":"closed","template":"","meta":{"ngg_post_thumbnail":0},"product_brand":[],"product_cat":[329,332,334],"product_tag":[341,338,339,337,340],"class_list":{"0":"post-13448","1":"product","2":"type-product","3":"status-publish","4":"has-post-thumbnail","6":"product_cat-remedy-supplements","7":"product_cat-newcomers","8":"product_cat-on-sale","9":"product_tag-deparasiting","10":"product_tag-fenbendazole","11":"product_tag-ivermectin","12":"product_tag-parasite","13":"product_tag-praziquantel","15":"first","16":"instock","17":"taxable","18":"shipping-taxable","19":"purchasable","20":"product-type-variable"},"_links":{"self":[{"href":"https:\/\/laubeholistic.com\/fr\/wp-json\/wp\/v2\/product\/13448","targetHints":{"allow":["GET"]}}],"collection":[{"href":"https:\/\/laubeholistic.com\/fr\/wp-json\/wp\/v2\/product"}],"about":[{"href":"https:\/\/laubeholistic.com\/fr\/wp-json\/wp\/v2\/types\/product"}],"replies":[{"embeddable":true,"href":"https:\/\/laubeholistic.com\/fr\/wp-json\/wp\/v2\/comments?post=13448"}],"wp:featuredmedia":[{"embeddable":true,"href":"https:\/\/laubeholistic.com\/fr\/wp-json\/wp\/v2\/media\/21113"}],"wp:attachment":[{"href":"https:\/\/laubeholistic.com\/fr\/wp-json\/wp\/v2\/media?parent=13448"}],"wp:term":[{"taxonomy":"product_brand","embeddable":true,"href":"https:\/\/laubeholistic.com\/fr\/wp-json\/wp\/v2\/product_brand?post=13448"},{"taxonomy":"product_cat","embeddable":true,"href":"https:\/\/laubeholistic.com\/fr\/wp-json\/wp\/v2\/product_cat?post=13448"},{"taxonomy":"product_tag","embeddable":true,"href":"https:\/\/laubeholistic.com\/fr\/wp-json\/wp\/v2\/product_tag?post=13448"}],"curies":[{"name":"wp","href":"https:\/\/api.w.org\/{rel}","templated":true}]}}