{"id":13295,"date":"2024-01-06T16:29:49","date_gmt":"2024-01-06T16:29:49","guid":{"rendered":"https:\/\/laubeholistic.com\/?post_type=product&#038;p=13295"},"modified":"2026-04-09T20:35:20","modified_gmt":"2026-04-09T20:35:20","slug":"enema-bag-kit","status":"publish","type":"product","link":"https:\/\/laubeholistic.com\/fr\/shop\/enema-bag-kit\/","title":{"rendered":"Kit de sac de lavement"},"content":{"rendered":"<p><span style=\"color: #000000;\">Principales caract\u00e9ristiques:<\/span><\/p>\n<ul>\n<li><span style=\"color: #000000;\"><strong>Kit de lavement \u00e0 domicile optimal\u00a0:<\/strong> Fabriqu\u00e9 \u00e0 partir de mat\u00e9riaux de qualit\u00e9 m\u00e9dicale de haute qualit\u00e9, ce sac de lavement r\u00e9utilisable est con\u00e7u pour traiter la constipation et divers probl\u00e8mes rectaux, contribuant ainsi \u00e0 une meilleure sant\u00e9.<\/span><\/li>\n<li><span style=\"color: #000000;\"><strong>Kits de douche \u00e0 lavement\u00a0:<\/strong> Le kit comprend un sac de lavement de 2 L, un tube de 56 pouces (1,4 m\u00e8tre) avec une pince de contr\u00f4le de d\u00e9bit r\u00e9glable et deux buses. La large ouverture facilite le remplissage et le nettoyage, ce qui le rend parfait pour les douches \u00e0 lavement, les lavements \u00e0 l&#039;eau, les sacs de douche et les lavements au caf\u00e9.<\/span><\/li>\n<li><span style=\"color: #000000;\"><strong>Nettoyage du c\u00f4lon non toxique\u00a0:<\/strong> Fabriqu\u00e9 \u00e0 partir de silicone de qualit\u00e9 m\u00e9dicale, r\u00e9utilisable et inodore, ce sac de lavement est exempt de BPA et de phtalates, garantissant une exp\u00e9rience de lavement confortable et s\u00fbre \u00e0 la maison.<\/span><\/li>\n<li><span style=\"color: #000000;\"><strong>Avantages du lavement\u00a0:<\/strong> Le lavement au caf\u00e9 sert \u00e0 rincer la v\u00e9sicule biliaire et le foie. Ce kit de lavement peut aider \u00e0 soulager la constipation, les maux de dos, les ballonnements, les infections \u00e0 levures Candida, la fatigue, les flatulences, l&#039;indigestion, les maux de t\u00eate, les h\u00e9morro\u00efdes, les affections cutan\u00e9es, les probl\u00e8mes de poids, etc.<\/span><\/li>\n<\/ul>\n<p>&nbsp;<\/p>\n<h2><span style=\"color: #000000;\">sp\u00e9cification<\/span><\/h2>\n<p><span style=\"color: #000000;\">Mat\u00e9riel:Silicone<\/span><\/p>\n<p><span style=\"color: #000000;\">Poids : env. 143-157g<\/span><\/p>\n<p><span style=\"color: #000000;\">Capacit\u00e9 optionnelle\u00a0: 1\u00a0600\u00a0ml, 2\u00a0000\u00a0ml<\/span><\/p>\n<p><span style=\"color: #000000;\">Longueur : env. 1,28 m \/ 50,39 pouces<\/span><\/p>\n<p><span style=\"color: #000000;\">Fonction\u00a0: \u00e9limine les bact\u00e9ries et r\u00e9duit le risque d&#039;infections<\/span><\/p>\n<p><span style=\"color: #000000;\"><strong>Comment utiliser<\/strong><\/span><\/p>\n<p><span style=\"color: #000000;\">Rincer la buse \u00e0 l&#039;eau bouillante avant\/apr\u00e8s utilisation\u00a0;<\/span><\/p>\n<p><span style=\"color: #000000;\">\u2013 \u00c9tape 1 : Connectez le tuyau \u00e0 la poche \u00e0 eau ;<\/span><\/p>\n<p><span style=\"color: #000000;\">\u2013 \u00c9tape 2 : Connectez la buse au tuyau ;<\/span><\/p>\n<p><span style=\"color: #000000;\">\u2013 \u00c9tape 3 : Injectez de l\u2019eau dans la poche \u00e0 eau ;<\/span><\/p>\n<p><span style=\"color: #000000;\">\u2013 \u00c9tape 4 : Suspendez la poche \u00e0 eau en hauteur ;<\/span><\/p>\n<p><span style=\"color: #000000;\">\u2013 \u00c9tape 5 : Effectuer une op\u00e9ration de rin\u00e7age.<\/span><\/p>\n<p><span style=\"color: #000000;\"><strong>Emballage inclus<\/strong><\/span><\/p>\n<p><span style=\"color: #000000;\">1 \u00d7 sac de lavement ouvert (2 L)<\/span><\/p>\n<p><span style=\"color: #000000;\">1 \u00d7 tuyau de lavement (longueur\u00a0: 56 pouces\/1,4 m\u00e8tre), avec connecteurs et adaptateurs<\/span><\/p>\n<p><span style=\"color: #000000;\">1 x buse d&#039;irrigation du c\u00f4lon (plus longue, pour un nettoyage en profondeur)<\/span><\/p>\n<p><span style=\"color: #000000;\">1 x buse d&#039;insertion de pointe \u00e0 t\u00eate lisse (courte)<\/span><\/p>","protected":false},"excerpt":{"rendered":"<p><span style=\"color: #000000;\"><strong>Kit de sac de lavement r\u00e9utilisable et pliable de 2 L pour l&#039;irrigation vaginale et du c\u00f4lon, offrant un nettoyage hygi\u00e9nique et un soulagement de la constipation chez les hommes et les femmes<\/strong><\/span><\/p>","protected":false},"featured_media":13297,"comment_status":"open","ping_status":"closed","template":"","meta":{"ngg_post_thumbnail":0},"product_brand":[],"product_cat":[330,332],"product_tag":[335,336],"class_list":{"0":"post-13295","1":"product","2":"type-product","3":"status-publish","4":"has-post-thumbnail","6":"product_cat-accessories","7":"product_cat-newcomers","8":"product_tag-enema","9":"product_tag-enemabag","11":"first","12":"instock","13":"taxable","14":"shipping-taxable","15":"purchasable","16":"product-type-simple"},"_links":{"self":[{"href":"https:\/\/laubeholistic.com\/fr\/wp-json\/wp\/v2\/product\/13295","targetHints":{"allow":["GET"]}}],"collection":[{"href":"https:\/\/laubeholistic.com\/fr\/wp-json\/wp\/v2\/product"}],"about":[{"href":"https:\/\/laubeholistic.com\/fr\/wp-json\/wp\/v2\/types\/product"}],"replies":[{"embeddable":true,"href":"https:\/\/laubeholistic.com\/fr\/wp-json\/wp\/v2\/comments?post=13295"}],"wp:featuredmedia":[{"embeddable":true,"href":"https:\/\/laubeholistic.com\/fr\/wp-json\/wp\/v2\/media\/13297"}],"wp:attachment":[{"href":"https:\/\/laubeholistic.com\/fr\/wp-json\/wp\/v2\/media?parent=13295"}],"wp:term":[{"taxonomy":"product_brand","embeddable":true,"href":"https:\/\/laubeholistic.com\/fr\/wp-json\/wp\/v2\/product_brand?post=13295"},{"taxonomy":"product_cat","embeddable":true,"href":"https:\/\/laubeholistic.com\/fr\/wp-json\/wp\/v2\/product_cat?post=13295"},{"taxonomy":"product_tag","embeddable":true,"href":"https:\/\/laubeholistic.com\/fr\/wp-json\/wp\/v2\/product_tag?post=13295"}],"curies":[{"name":"wp","href":"https:\/\/api.w.org\/{rel}","templated":true}]}}