{"id":12562,"date":"2023-06-21T16:26:39","date_gmt":"2023-06-21T16:26:39","guid":{"rendered":"https:\/\/laubeholistic.com\/?post_type=product&#038;p=12562"},"modified":"2026-03-03T14:38:34","modified_gmt":"2026-03-03T14:38:34","slug":"nac-glynac","status":"publish","type":"product","link":"https:\/\/laubeholistic.com\/fr\/shop\/nac-glynac\/","title":{"rendered":"NAC (GlyNac)"},"content":{"rendered":"<h1><span style=\"color: #000000;\">NAC (GlyNac)<\/span><\/h1>\n<div style=\"padding: 56.25% 0 0 0; position: relative;\"><iframe style=\"position: absolute; top: 0; left: 0; width: 100%; height: 100%;\" title=\"Glynac\" src=\"https:\/\/player.vimeo.com\/video\/1165670250?badge=0&amp;autopause=0&amp;player_id=0&amp;app_id=58479\" frameborder=\"0\"><\/iframe><\/div>\n<p><script src=\"https:\/\/player.vimeo.com\/api\/player.js\"><\/script><\/p>\n<p><span style=\"color: #000000;\">Ce puissant suppl\u00e9ment combine les bienfaits de la N-ac\u00e9tyl-L-cyst\u00e9ine (NAC) et de la glycine (Gly) pour de meilleurs r\u00e9sultats.<br \/>\n<\/span><\/p>\n<p><span style=\"color: #000000;\">Chaque capsule fournit 300 mg de N-ac\u00e9tyl-L-cyst\u00e9ine, ainsi que les bienfaits suppl\u00e9mentaires de 300 mg de glycine.<\/span><\/p>\n<p><span style=\"color: #000000;\">La qualit\u00e9 sup\u00e9rieure de ce produit garantit une biodisponibilit\u00e9 \u00e9lev\u00e9e, permettant \u00e0 votre corps de tirer le meilleur parti de sa puissante combinaison.<\/span><\/p>\n<p><span style=\"color: #000000;\">La composition est m\u00e9ticuleusement \u00e9labor\u00e9e, sans aucun additif ni agent de remplissage, offrant des r\u00e9sultats purs et efficaces.<\/span><\/p>\n<p><span style=\"color: #000000;\">En incorporant \u00e0 la fois de la NAC et de la Glycine, ce suppl\u00e9ment soutient un large \u00e9ventail de processus physiologiques et pathologiques dans votre corps.<\/span><\/p>\n<p><span style=\"color: #000000;\">Des r\u00e9actions m\u00e9taboliques et biochimiques vitales telles que la synth\u00e8se et la r\u00e9paration de l&#039;ADN, la synth\u00e8se des prot\u00e9ines, le transport des acides amin\u00e9s, jusqu&#039;\u00e0 l&#039;activation des enzymes, ce m\u00e9lange puissant aide \u00e0 optimiser ces fonctions essentielles.<\/span><\/p>\n<p><span style=\"color: #000000;\">En plus de ses propri\u00e9t\u00e9s d\u00e9toxifiantes du foie, la combinaison de NAC et de Glycine (GlyNac) apporte des bienfaits suppl\u00e9mentaires. Il agit comme un d\u00e9congestionnant naturel, un antimucolytique, renforce le syst\u00e8me immunitaire et favorise la synth\u00e8se du glutathion, un puissant antioxydant endog\u00e8ne.<\/span><\/p>\n<p><span style=\"color: #000000;\">D\u00e9couvrez les effets synergiques de la N-ac\u00e9tyl-L-cyst\u00e9ine et de la glycine, lib\u00e9rant ainsi tout le potentiel de ce suppl\u00e9ment remarquable.<\/span><\/p>\n<h3><span style=\"color: #000000;\">Avantages potentiels pour divers probl\u00e8mes de sant\u00e9<\/span><\/h3>\n<ol>\n<li><span style=\"color: #000000;\">Sant\u00e9 du foie\u00a0: La NAC et la Glycine sont connues pour leurs propri\u00e9t\u00e9s protectrices du foie. Ils soutiennent les processus de d\u00e9toxification, favorisent la r\u00e9g\u00e9n\u00e9ration des cellules h\u00e9patiques et aident \u00e0 combattre le stress oxydatif, ce qui les rend b\u00e9n\u00e9fiques pour la sant\u00e9 du foie.<\/span><\/li>\n<li><span style=\"color: #000000;\">Sant\u00e9 respiratoire\u00a0: la NAC a \u00e9t\u00e9 largement \u00e9tudi\u00e9e pour sa capacit\u00e9 \u00e0 fluidifier et \u00e0 d\u00e9tacher le mucus, ce qui la rend utile dans des affections telles que la bronchite chronique, la maladie pulmonaire obstructive chronique (MPOC) et l&#039;asthme. L&#039;ajout de Glycine soutient \u00e9galement la sant\u00e9 respiratoire en agissant comme un d\u00e9congestionnant naturel.<\/span><\/li>\n<li><span style=\"color: #000000;\">Fonction immunitaire : La NAC et la Glycine jouent un r\u00f4le dans le renforcement du syst\u00e8me immunitaire. La NAC soutient la production de glutathion, un puissant antioxydant qui aide \u00e0 prot\u00e9ger contre les dommages oxydatifs et soutient la fonction immunitaire. La glycine contribue \u00e9galement \u00e0 la modulation immunitaire et peut renforcer la r\u00e9ponse immunitaire.<\/span><\/li>\n<li><span style=\"color: #000000;\">Sant\u00e9 neurologique\u00a0: La NAC s&#039;est r\u00e9v\u00e9l\u00e9e prometteuse en favorisant la sant\u00e9 neurologique en favorisant l&#039;activit\u00e9 antioxydante, en r\u00e9duisant l&#039;inflammation et en favorisant l&#039;\u00e9quilibre des neurotransmetteurs. La combinaison avec la Glycine peut encore renforcer ces effets neuroprotecteurs.<\/span><\/li>\n<li><span style=\"color: #000000;\">Humeur et sant\u00e9 mentale : La NAC a \u00e9t\u00e9 \u00e9tudi\u00e9e pour ses bienfaits potentiels dans les troubles de l&#039;humeur tels que la d\u00e9pression et l&#039;anxi\u00e9t\u00e9. Il peut aider \u00e0 moduler les niveaux de glutamate, \u00e0 r\u00e9duire le stress oxydatif et \u00e0 soutenir la fonction des neurotransmetteurs. La glycine, quant \u00e0 elle, agit comme un neurotransmetteur inhibiteur et peut avoir un effet calmant sur le cerveau, contribuant potentiellement \u00e0 r\u00e9duire le stress et \u00e0 am\u00e9liorer la qualit\u00e9 du sommeil.<\/span><\/li>\n<li><span style=\"color: #000000;\">Soutien antioxydant : La NAC et la Glycine poss\u00e8dent toutes deux des propri\u00e9t\u00e9s antioxydantes, aidant \u00e0 neutraliser les radicaux libres et \u00e0 r\u00e9duire le stress oxydatif dans tout le corps. Ce soutien antioxydant peut avoir un impact positif sur la sant\u00e9 globale et jouer un r\u00f4le dans la pr\u00e9vention des maladies chroniques.<\/span><\/li>\n<\/ol>\n<p><span style=\"color: #000000;\">Il est important de noter que m\u00eame si la combinaison de NAC et de Glycine s&#039;av\u00e8re prometteuse dans ces domaines, les r\u00e9sultats individuels peuvent varier, et il est toujours conseill\u00e9 de consulter un professionnel de la sant\u00e9 avant de commencer tout nouveau r\u00e9gime de suppl\u00e9ments, surtout si vous avez des probl\u00e8mes de sant\u00e9 sp\u00e9cifiques ou si vous prenez des suppl\u00e9ments. m\u00e9dicaments.<\/span><\/p>","protected":false},"excerpt":{"rendered":"<p>Effet anti-\u00e2ge<\/p>\n<p>R\u00e9pare l&#039;ADN et favorise la synth\u00e8se<\/p>\n<p>Soutient la d\u00e9toxification du foie.<\/p>\n<p>Renforce le syst\u00e8me immunitaire.<\/p>\n<p>Favorise la synth\u00e8se du glutathion<\/p>\n<p>&nbsp;<\/p>","protected":false},"featured_media":12604,"comment_status":"open","ping_status":"closed","template":"","meta":{"ngg_post_thumbnail":0},"product_brand":[],"product_cat":[332,329],"product_tag":[352,350,351,349],"class_list":{"0":"post-12562","1":"product","2":"type-product","3":"status-publish","4":"has-post-thumbnail","6":"product_cat-newcomers","7":"product_cat-remedy-supplements","8":"product_tag-glycine","9":"product_tag-glynac","10":"product_tag-n-acetyl-l-cysteine","11":"product_tag-nac","13":"first","14":"instock","15":"taxable","16":"shipping-taxable","17":"purchasable","18":"product-type-variable"},"_links":{"self":[{"href":"https:\/\/laubeholistic.com\/fr\/wp-json\/wp\/v2\/product\/12562","targetHints":{"allow":["GET"]}}],"collection":[{"href":"https:\/\/laubeholistic.com\/fr\/wp-json\/wp\/v2\/product"}],"about":[{"href":"https:\/\/laubeholistic.com\/fr\/wp-json\/wp\/v2\/types\/product"}],"replies":[{"embeddable":true,"href":"https:\/\/laubeholistic.com\/fr\/wp-json\/wp\/v2\/comments?post=12562"}],"wp:featuredmedia":[{"embeddable":true,"href":"https:\/\/laubeholistic.com\/fr\/wp-json\/wp\/v2\/media\/12604"}],"wp:attachment":[{"href":"https:\/\/laubeholistic.com\/fr\/wp-json\/wp\/v2\/media?parent=12562"}],"wp:term":[{"taxonomy":"product_brand","embeddable":true,"href":"https:\/\/laubeholistic.com\/fr\/wp-json\/wp\/v2\/product_brand?post=12562"},{"taxonomy":"product_cat","embeddable":true,"href":"https:\/\/laubeholistic.com\/fr\/wp-json\/wp\/v2\/product_cat?post=12562"},{"taxonomy":"product_tag","embeddable":true,"href":"https:\/\/laubeholistic.com\/fr\/wp-json\/wp\/v2\/product_tag?post=12562"}],"curies":[{"name":"wp","href":"https:\/\/api.w.org\/{rel}","templated":true}]}}