{"id":12529,"date":"2023-06-04T14:49:52","date_gmt":"2023-06-04T14:49:52","guid":{"rendered":"https:\/\/laubeholistic.com\/?post_type=product&#038;p=12529"},"modified":"2026-03-03T14:39:16","modified_gmt":"2026-03-03T14:39:16","slug":"methylene-blue","status":"publish","type":"product","link":"https:\/\/laubeholistic.com\/fr\/shop\/methylene-blue\/","title":{"rendered":"Bleu de m\u00e9thyl\u00e8ne"},"content":{"rendered":"<h1 style=\"color: #282828;\">D\u00e9bloquer la vitalit\u00e9 cellulaire avec le bleu de m\u00e9thyl\u00e8ne<\/h1>\n<div style=\"padding: 56.25% 0 0 0; position: relative;\"><iframe style=\"position: absolute; top: 0; left: 0; width: 100%; height: 100%;\" title=\"Bleu de m\u00e9thyl\u00e8ne\" src=\"https:\/\/player.vimeo.com\/video\/1165670445?badge=0&amp;autopause=0&amp;player_id=0&amp;app_id=58479\" frameborder=\"0\"><\/iframe><\/div>\n<p><script src=\"https:\/\/player.vimeo.com\/api\/player.js\"><\/script><\/p>\n<p style=\"color: #282828;\">La solution de bleu de m\u00e9thyl\u00e8ne est un compos\u00e9 fascinant qui offre une s\u00e9rie d'avantages potentiels lorsqu'il est pris par voie orale. De nombreuses \u00e9tudes scientifiques ont mis en \u00e9vidence ses effets positifs sur la sant\u00e9 et le bien-\u00eatre de l'homme. Voici quelques-uns des principaux avantages qui pourraient vous encourager \u00e0 incorporer le bleu de m\u00e9thyl\u00e8ne dans votre routine de bien-\u00eatre :<\/p>\n<h2 style=\"color: #282828;\">Principaux avantages du bleu de m\u00e9thyl\u00e8ne pour la sant\u00e9<\/h2>\n<ol style=\"color: #282828;\">\n<li><strong>Fonction cognitive am\u00e9lior\u00e9e\u00a0:<\/strong> On a constat\u00e9 que le bleu de m\u00e9thyl\u00e8ne am\u00e9liore les performances cognitives et favorise la clart\u00e9 mentale. La recherche sugg\u00e8re qu'il peut am\u00e9liorer la m\u00e9moire, l'attention et la fonction cognitive globale. En augmentant le flux sanguin et l'apport d'oxyg\u00e8ne au cerveau, il peut favoriser l'attention, la concentration et l'agilit\u00e9 mentale.<\/li>\n<li><strong>\u00c9l\u00e9vation de l'humeur :<\/strong> De nombreuses personnes souffrent de troubles de l'humeur tels que la d\u00e9pression et l'anxi\u00e9t\u00e9. Le bleu de m\u00e9thyl\u00e8ne a d\u00e9montr\u00e9 des propri\u00e9t\u00e9s antid\u00e9pressives et anxiolytiques prometteuses dans des \u00e9tudes scientifiques. Il augmente la disponibilit\u00e9 des neurotransmetteurs comme la s\u00e9rotonine, qui sont essentiels \u00e0 la r\u00e9gulation de l'humeur. Cela peut contribuer \u00e0 un plus grand sentiment de bien-\u00eatre et de stabilit\u00e9 \u00e9motionnelle.<\/li>\n<li><strong>Fonction mitochondriale et production d'\u00e9nergie :<\/strong> Le bleu de m\u00e9thyl\u00e8ne renforce l'activit\u00e9 mitochondriale, aidant le corps \u00e0 produire de l'\u00e9nergie cellulaire plus efficacement. Il peut en r\u00e9sulter une augmentation de l'endurance, une r\u00e9duction de la fatigue et une am\u00e9lioration des performances physiques, ce qui le rend particuli\u00e8rement int\u00e9ressant pour les personnes soumises \u00e0 des exigences physiques ou mentales \u00e9lev\u00e9es.<\/li>\n<li><strong>Effets antioxydants et anti-\u00e2ge :<\/strong> Dot\u00e9 de fortes propri\u00e9t\u00e9s antioxydantes, le bleu de m\u00e9thyl\u00e8ne neutralise les radicaux libres nocifs et r\u00e9duit le stress oxydatif. Cela peut contribuer \u00e0 ralentir le processus de vieillissement et \u00e0 am\u00e9liorer la sant\u00e9 cellulaire et la long\u00e9vit\u00e9.<\/li>\n<li><strong>Propri\u00e9t\u00e9s neuroprotectrices :<\/strong> Le bleu de m\u00e9thyl\u00e8ne peut contribuer \u00e0 prot\u00e9ger les neurones des dommages et de la d\u00e9g\u00e9n\u00e9rescence, ce qui a des implications pour les maladies neurod\u00e9g\u00e9n\u00e9ratives telles que la maladie d'Alzheimer et la maladie de Parkinson. Il favorise la sant\u00e9 du cerveau et la fonction neurologique \u00e0 long terme.<\/li>\n<li><strong>Effets anti-inflammatoires :<\/strong> L'inflammation chronique est li\u00e9e aux maladies cardiovasculaires, \u00e0 l'arthrite et \u00e0 certains cancers. Les propri\u00e9t\u00e9s anti-inflammatoires du bleu de m\u00e9thyl\u00e8ne peuvent contribuer \u00e0 att\u00e9nuer ces risques et \u00e0 favoriser l'\u00e9quilibre du syst\u00e8me immunitaire.<\/li>\n<\/ol>\n<p style=\"color: #282828;\">Bien que la recherche scientifique soutienne ces avantages, il est toujours conseill\u00e9 de consulter un professionnel de la sant\u00e9 avant d'incorporer de nouveaux suppl\u00e9ments. La gamme d'avantages du bleu de m\u00e9thyl\u00e8ne en fait un choix convaincant pour les personnes cherchant \u00e0 optimiser la sant\u00e9 cognitive, m\u00e9tabolique et syst\u00e9mique.<\/p>\n<p style=\"background-color: #c0c0c0;\"><strong><em><span style=\"color: #282828;\">Si vous avez des questions sp\u00e9cifiques concernant l'utilisation du bleu de m\u00e9thyl\u00e8ne, contactez-nous. <\/span><span style=\"color: #333399;\"><a style=\"color: #333399; background-color: #c0c0c0;\" href=\"https:\/\/laubeholistic.com\/fr\/contact\/\" target=\"_blank\" rel=\"noopener\">ici<\/a><\/span><span style=\"color: #282828;\"> ou par courriel <span style=\"text-decoration: underline;\">info@laubeholistic.com<\/span><\/span><\/em><\/strong><\/p>\n<h3><strong><span style=\"color: #282828;\">Exploiter les propri\u00e9t\u00e9s anti-\u00e2ge du bleu de m\u00e9thyl\u00e8ne pour une peau jeune et prolong\u00e9e<\/span><\/strong><\/h3>\n<p style=\"color: #282828;\">Le vieillissement de la peau, qui englobe la formation de rides, la pigmentation et les troubles de la cicatrisation, est principalement d\u00fb au stress oxydatif. L'utilisation d'antioxydants dans les soins de la peau est largement reconnue comme une m\u00e9thode permettant de retarder le vieillissement de la peau. Le bleu de m\u00e9thyl\u00e8ne (MB), un antioxydant ciblant les mitochondries, a d\u00e9montr\u00e9 une capacit\u00e9 exceptionnelle \u00e0 pi\u00e9ger les esp\u00e8ces r\u00e9actives de l'oxyg\u00e8ne (ROS) dans les fibroblastes de la peau humaine, provenant \u00e0 la fois d'individus sains et de patients atteints de prog\u00e9ria.<\/p>\n<p style=\"color: #282828;\">Par rapport \u00e0 d'autres antioxydants, la MB est nettement plus performante pour stimuler la prolif\u00e9ration des fibroblastes et retarder le vieillissement cellulaire. Dans un mod\u00e8le de peau humaine reconstruite en 3D, la MB n'a montr\u00e9 aucune irritation, m\u00eame \u00e0 des concentrations \u00e9lev\u00e9es. Au contraire, elle a renforc\u00e9 la vitalit\u00e9 de la peau, favoris\u00e9 la cicatrisation des plaies, am\u00e9lior\u00e9 les niveaux d'hydratation et augment\u00e9 l'\u00e9paisseur du derme. L'analyse de l'expression g\u00e9n\u00e9tique a r\u00e9v\u00e9l\u00e9 une augmentation des prot\u00e9ines cl\u00e9s de la matrice extracellulaire, notamment l'\u00e9lastine et le collag\u00e8ne 2A1, qui sont essentielles \u00e0 l'int\u00e9grit\u00e9 d'une peau jeune.<\/p>\n<p style=\"color: #282828;\">Lire l&#039;int\u00e9gralit\u00e9 du rapport scientifique <a href=\"https:\/\/www.nature.com\/articles\/s41598-017-02419-3\" target=\"_blank\" rel=\"noopener\">ici<\/a>.<\/p>\n<h3><strong><span style=\"color: #282828;\">D\u00e9bloquer le potentiel th\u00e9rapeutique du bleu de m\u00e9thyl\u00e8ne : Restauration de la fonction mitochondriale et applications m\u00e9dicinales<\/span><\/strong><\/h3>\n<p style=\"color: #282828;\">Le bleu de m\u00e9thyl\u00e8ne (MB) est devenu un compos\u00e9 polyvalent et puissant avec des applications importantes dans le domaine de la m\u00e9decine. Notamment, sa capacit\u00e9 unique \u00e0 restaurer la fonction mitochondriale a suscit\u00e9 une attention consid\u00e9rable et suscit\u00e9 l\u2019enthousiasme au sein de la communaut\u00e9 scientifique.<\/p>\n<p style=\"color: #282828;\">L&#039;utilisation du bleu de m\u00e9thyl\u00e8ne s&#039;\u00e9tend bien au-del\u00e0 de ses applications traditionnelles en tant que colorant diagnostique et agent de coloration. L\u2019un des aspects les plus intrigants du MB r\u00e9side dans sa capacit\u00e9 \u00e0 restaurer et \u00e0 am\u00e9liorer la fonction mitochondriale. Les mitochondries, souvent appel\u00e9es les centrales \u00e9lectriques des cellules, jouent un r\u00f4le crucial dans la production d&#039;\u00e9nergie et la sant\u00e9 cellulaire. Au fil du temps, la fonction mitochondriale peut d\u00e9cliner, entra\u00eenant toute une s\u00e9rie d\u2019effets n\u00e9fastes sur la sant\u00e9 et le bien-\u00eatre en g\u00e9n\u00e9ral. Il a \u00e9t\u00e9 d\u00e9montr\u00e9 que le bleu de m\u00e9thyl\u00e8ne contrecarre efficacement ce d\u00e9clin en optimisant la respiration mitochondriale et en favorisant la production d&#039;\u00e9nergie. Cette restauration de la fonction mitochondriale a des implications significatives pour diverses conditions m\u00e9dicales li\u00e9es au dysfonctionnement mitochondrial, notamment les maladies neurod\u00e9g\u00e9n\u00e9ratives, les troubles m\u00e9taboliques et le d\u00e9clin de la production d&#039;\u00e9nergie cellulaire li\u00e9 \u00e0 l&#039;\u00e2ge.<\/p>\n<p style=\"color: #282828;\">Dans le domaine des maladies neurod\u00e9g\u00e9n\u00e9ratives, le bleu de m\u00e9thyl\u00e8ne a montr\u00e9 des r\u00e9sultats prometteurs en tant qu'intervention th\u00e9rapeutique potentielle. Des \u00e9tudes ont sugg\u00e9r\u00e9 que le bleu de m\u00e9thyl\u00e8ne poss\u00e8de des propri\u00e9t\u00e9s neuroprotectrices, att\u00e9nuant les dommages neuronaux et pr\u00e9servant les fonctions cognitives. En am\u00e9liorant la fonction mitochondriale et en r\u00e9duisant le stress oxydatif, le bleu de m\u00e9thyl\u00e8ne pourrait s'av\u00e9rer prometteur dans le traitement et la pr\u00e9vention d'affections telles que la maladie d'Alzheimer et la maladie de Parkinson.<\/p>\n<p style=\"color: #282828;\">En outre, le potentiel du bleu de m\u00e9thyl\u00e8ne s'\u00e9tend au domaine des troubles m\u00e9taboliques. Il a \u00e9t\u00e9 explor\u00e9 en tant que traitement potentiel des conditions caract\u00e9ris\u00e9es par une alt\u00e9ration de la fonction mitochondriale, telles que les myopathies mitochondriales et les troubles de l'oxydation des acides gras. En optimisant la production d'\u00e9nergie dans les mitochondries, le bleu de m\u00e9thyl\u00e8ne pourrait att\u00e9nuer les sympt\u00f4mes et am\u00e9liorer la qualit\u00e9 de vie des personnes atteintes de ces maladies.<\/p>\n<p style=\"color: #282828;\">Bien que le bleu de m\u00e9thyl\u00e8ne offre des possibilit\u00e9s int\u00e9ressantes pour restaurer la fonction mitochondriale et traiter diverses conditions m\u00e9dicales, il est essentiel d\u2019envisager son utilisation appropri\u00e9e et responsable. Comme tout m\u00e9dicament, il peut avoir des effets secondaires potentiels, bien qu\u2019ils soient g\u00e9n\u00e9ralement l\u00e9gers et transitoires. Il est essentiel d\u2019utiliser le bleu de m\u00e9thyl\u00e8ne sous surveillance m\u00e9dicale et de respecter les directives prescrites pour minimiser tout risque.<\/p>\n<p style=\"color: #282828;\">En conclusion, la capacit\u00e9 unique du bleu de m\u00e9thyl\u00e8ne \u00e0 restaurer la fonction mitochondriale ouvre un monde de possibilit\u00e9s dans le domaine de la m\u00e9decine. Ses applications th\u00e9rapeutiques potentielles pour les maladies neurod\u00e9g\u00e9n\u00e9ratives, les troubles m\u00e9taboliques et le d\u00e9clin li\u00e9 \u00e0 l'\u00e2ge sont prometteuses pour l'am\u00e9lioration des r\u00e9sultats et de la qualit\u00e9 de vie des patients. Cependant, l'utilisation responsable du bleu de m\u00e9thyl\u00e8ne, sous la direction d'un professionnel, est cruciale pour garantir son application s\u00fbre et efficace dans les milieux cliniques. Alors que la recherche dans ce domaine continue \u00e0 se d\u00e9velopper, le potentiel du bleu de m\u00e9thyl\u00e8ne \u00e0 r\u00e9volutionner le traitement et la gestion de diverses conditions m\u00e9dicales est une perspective passionnante pour l'avenir de la m\u00e9decine.<\/p>\n<h2 style=\"margin-top: 40px;\">FAQ<\/h2>\n<div class=\"accordion\">\n\t<div id=\"accordion-4130184218\" class=\"accordion-item\">\n\t\t<a id=\"accordion-4130184218-label\" class=\"accordion-title plain\" href=\"#accordion-item-what-is-methylene-blue,-and-how-does-it-support-health?\" aria-expanded=\"false\" aria-controls=\"accordion-4130184218-content\">\n\t\t\t<button class=\"toggle\" aria-label=\"Basculer\"><i class=\"icon-angle-down\" aria-hidden=\"true\"><\/i><\/button>\n\t\t\t<span>Qu'est-ce que le bleu de m\u00e9thyl\u00e8ne et comment contribue-t-il \u00e0 la sant\u00e9 ?<\/span>\n\t\t<\/a>\n\t\t<div id=\"accordion-4130184218-content\" class=\"accordion-inner\" aria-labelledby=\"accordion-4130184218-label\">\n\t\t\t\n<p>Le bleu de m\u00e9thyl\u00e8ne est un compos\u00e9 dot\u00e9 de puissantes propri\u00e9t\u00e9s antioxydantes, neuroprotectrices et mitochondriales. Il stimule l'\u00e9nergie cellulaire, am\u00e9liore les fonctions cognitives et peut ralentir les effets du vieillissement.<\/p>\n\t\t<\/div>\n\t<\/div>\n\t\n\t<div id=\"accordion-936366010\" class=\"accordion-item\">\n\t\t<a id=\"accordion-936366010-label\" class=\"accordion-title plain\" href=\"#accordion-item-how-should-i-take-methylene-blue?\" aria-expanded=\"false\" aria-controls=\"accordion-936366010-content\">\n\t\t\t<button class=\"toggle\" aria-label=\"Basculer\"><i class=\"icon-angle-down\" aria-hidden=\"true\"><\/i><\/button>\n\t\t\t<span>Comment dois-je prendre le bleu de m\u00e9thyl\u00e8ne ?<\/span>\n\t\t<\/a>\n\t\t<div id=\"accordion-936366010-content\" class=\"accordion-inner\" aria-labelledby=\"accordion-936366010-label\">\n\t\t\t\n<p>Suivez le guide d'utilisation fourni lors de l'achat. Le dosage d\u00e9pend des objectifs individuels et de l'\u00e9tat de sant\u00e9. Commencez par la dose efficace la plus faible et consultez un professionnel avant de l'ajuster.<\/p>\n\t\t<\/div>\n\t<\/div>\n\t\n\t<div id=\"accordion-1010590711\" class=\"accordion-item\">\n\t\t<a id=\"accordion-1010590711-label\" class=\"accordion-title plain\" href=\"#accordion-item-is-methylene-blue-suitable-for-everyone?\" aria-expanded=\"false\" aria-controls=\"accordion-1010590711-content\">\n\t\t\t<button class=\"toggle\" aria-label=\"Basculer\"><i class=\"icon-angle-down\" aria-hidden=\"true\"><\/i><\/button>\n\t\t\t<span>Le bleu de m\u00e9thyl\u00e8ne convient-il \u00e0 tout le monde ?<\/span>\n\t\t<\/a>\n\t\t<div id=\"accordion-1010590711-content\" class=\"accordion-inner\" aria-labelledby=\"accordion-1010590711-label\">\n\t\t\t\n<p>Il est id\u00e9al pour les adultes qui cherchent \u00e0 soutenir la sant\u00e9 c\u00e9r\u00e9brale, l'\u00e9nergie, l'humeur et le vieillissement. Consultez votre fournisseur si vous \u00eates enceinte, si vous allaitez ou si vous prenez des m\u00e9dicaments.<\/p>\n\t\t<\/div>\n\t<\/div>\n\t\n\t<div id=\"accordion-131925730\" class=\"accordion-item\">\n\t\t<a id=\"accordion-131925730-label\" class=\"accordion-title plain\" href=\"#accordion-item-are-there-side-effects?\" aria-expanded=\"false\" aria-controls=\"accordion-131925730-content\">\n\t\t\t<button class=\"toggle\" aria-label=\"Basculer\"><i class=\"icon-angle-down\" aria-hidden=\"true\"><\/i><\/button>\n\t\t\t<span>Y a-t-il des effets secondaires ?<\/span>\n\t\t<\/a>\n\t\t<div id=\"accordion-131925730-content\" class=\"accordion-inner\" aria-labelledby=\"accordion-131925730-label\">\n\t\t\t\n<p>Des effets l\u00e9gers comme une d\u00e9coloration de l'urine ou une sensibilit\u00e9 digestive peuvent survenir. Ces effets sont temporaires. En cas de persistance des effets ind\u00e9sirables, interrompre le traitement ou adapter la dose.<\/p>\n\t\t<\/div>\n\t<\/div>\n\t\n\t<div id=\"accordion-1497880282\" class=\"accordion-item\">\n\t\t<a id=\"accordion-1497880282-label\" class=\"accordion-title plain\" href=\"#accordion-item-can-it-be-combined-with-other-supplements-or-medications?\" aria-expanded=\"false\" aria-controls=\"accordion-1497880282-content\">\n\t\t\t<button class=\"toggle\" aria-label=\"Basculer\"><i class=\"icon-angle-down\" aria-hidden=\"true\"><\/i><\/button>\n\t\t\t<span>Peut-on l'associer \u00e0 d'autres compl\u00e9ments ou m\u00e9dicaments ?<\/span>\n\t\t<\/a>\n\t\t<div id=\"accordion-1497880282-content\" class=\"accordion-inner\" aria-labelledby=\"accordion-1497880282-label\">\n\t\t\t\n<p>\u00c9viter de combiner avec des ISRS, des IMAO ou d'autres m\u00e9dicaments s\u00e9rotoninergiques. Respecter un intervalle de 2 heures avec d'autres suppl\u00e9ments. Toujours consulter un professionnel de la sant\u00e9.<\/p>\n\t\t<\/div>\n\t<\/div>\n\t\n\t<div id=\"accordion-3473893727\" class=\"accordion-item\">\n\t\t<a id=\"accordion-3473893727-label\" class=\"accordion-title plain\" href=\"#accordion-item-is-methylene-blue-safe-for-long-term-use?\" aria-expanded=\"false\" aria-controls=\"accordion-3473893727-content\">\n\t\t\t<button class=\"toggle\" aria-label=\"Basculer\"><i class=\"icon-angle-down\" aria-hidden=\"true\"><\/i><\/button>\n\t\t\t<span>Le bleu de m\u00e9thyl\u00e8ne est-il s\u00fbr \u00e0 long terme ?<\/span>\n\t\t<\/a>\n\t\t<div id=\"accordion-3473893727-content\" class=\"accordion-inner\" aria-labelledby=\"accordion-3473893727-label\">\n\t\t\t\n<p>Oui, lorsqu'il est utilis\u00e9 de mani\u00e8re appropri\u00e9e et sous surveillance. Des \u00e9valuations r\u00e9guli\u00e8res permettent d'optimiser les r\u00e9sultats et de minimiser la tol\u00e9rance potentielle.<\/p>\n\t\t<\/div>\n\t<\/div>\n\t\n\t<div id=\"accordion-3210890776\" class=\"accordion-item\">\n\t\t<a id=\"accordion-3210890776-label\" class=\"accordion-title plain\" href=\"#accordion-item-where-can-i-access-protocols-or-support?\" aria-expanded=\"false\" aria-controls=\"accordion-3210890776-content\">\n\t\t\t<button class=\"toggle\" aria-label=\"Basculer\"><i class=\"icon-angle-down\" aria-hidden=\"true\"><\/i><\/button>\n\t\t\t<span>O\u00f9 puis-je obtenir des protocoles ou de l'aide ?<\/span>\n\t\t<\/a>\n\t\t<div id=\"accordion-3210890776-content\" class=\"accordion-inner\" aria-labelledby=\"accordion-3210890776-label\">\n\t\t\t\n<p>Chaque flacon est accompagn\u00e9 d'instructions d\u00e9taill\u00e9es. Pour des protocoles personnalis\u00e9s, contactez Tobias directement ou utilisez notre formulaire de contact. <a href=\"https:\/\/laubeholistic.com\/fr\/contact\/\" target=\"_blank\" rel=\"noopener\">formulaire de contact<\/a>.<\/p>\n\t\t<\/div>\n\t<\/div>\n\t\n<\/div>\n<p><a href=\"https:\/\/laubeholistic.com\/fr\/shop\/methylene-blue\/\" target=\"_blank\" rel=\"noopener\"><strong>\ud83d\udd17 Order Methylene Blue Now<\/strong><\/a><\/p>","protected":false},"excerpt":{"rendered":"<p><span style=\"color: #000000;\">Qualit\u00e9 USP<\/span><\/p>\n<p><span style=\"color: #000000;\">Solution 1% dans de l&#039;eau distill\u00e9e<\/span><\/p>\n<p><span style=\"color: #000000;\">Livr\u00e9 avec pipette<\/span><\/p>\n<p><span style=\"color: #000000;\">1 goutte = 0,5 mg<\/span><\/p>\n<p><span style=\"color: #000000;\">Liquide bleu clair et inodore<\/span><\/p>\n<p><span style=\"color: #000000;\">Formule\u00a0: C\u2081\u2086H\u2081\u2088ClN\u2083S\u00b7xH\u2082O<\/span><b><br \/>\n<\/b><\/p>\n<p><span style=\"color: #282828;\">Ne contient pas de formald\u00e9hyde<\/span><\/p>","protected":false},"featured_media":12608,"comment_status":"open","ping_status":"closed","template":"","meta":{"ngg_post_thumbnail":0},"product_brand":[],"product_cat":[332,329],"product_tag":[],"class_list":{"0":"post-12529","1":"product","2":"type-product","3":"status-publish","4":"has-post-thumbnail","6":"product_cat-newcomers","7":"product_cat-remedy-supplements","9":"first","10":"instock","11":"taxable","12":"shipping-taxable","13":"purchasable","14":"product-type-variable"},"_links":{"self":[{"href":"https:\/\/laubeholistic.com\/fr\/wp-json\/wp\/v2\/product\/12529","targetHints":{"allow":["GET"]}}],"collection":[{"href":"https:\/\/laubeholistic.com\/fr\/wp-json\/wp\/v2\/product"}],"about":[{"href":"https:\/\/laubeholistic.com\/fr\/wp-json\/wp\/v2\/types\/product"}],"replies":[{"embeddable":true,"href":"https:\/\/laubeholistic.com\/fr\/wp-json\/wp\/v2\/comments?post=12529"}],"wp:featuredmedia":[{"embeddable":true,"href":"https:\/\/laubeholistic.com\/fr\/wp-json\/wp\/v2\/media\/12608"}],"wp:attachment":[{"href":"https:\/\/laubeholistic.com\/fr\/wp-json\/wp\/v2\/media?parent=12529"}],"wp:term":[{"taxonomy":"product_brand","embeddable":true,"href":"https:\/\/laubeholistic.com\/fr\/wp-json\/wp\/v2\/product_brand?post=12529"},{"taxonomy":"product_cat","embeddable":true,"href":"https:\/\/laubeholistic.com\/fr\/wp-json\/wp\/v2\/product_cat?post=12529"},{"taxonomy":"product_tag","embeddable":true,"href":"https:\/\/laubeholistic.com\/fr\/wp-json\/wp\/v2\/product_tag?post=12529"}],"curies":[{"name":"wp","href":"https:\/\/api.w.org\/{rel}","templated":true}]}}