{"id":12064,"date":"2023-02-20T10:33:10","date_gmt":"2023-02-20T10:33:10","guid":{"rendered":"https:\/\/laubeholistic.com\/?post_type=product&#038;p=12064"},"modified":"2026-04-20T14:51:59","modified_gmt":"2026-04-20T14:51:59","slug":"la-tortuga-verde","status":"publish","type":"product","link":"https:\/\/laubeholistic.com\/fr\/shop\/la-tortuga-verde\/","title":{"rendered":"La Tortuga Verte"},"content":{"rendered":"<h2><span style=\"color: #000000;\">D\u00e9odorant Naturel (70g) :<\/span><\/h2>\n<p><span style=\"color: #000000;\">Huile de noix de coco press\u00e9e \u00e0 froid, cire d&#039;abeille, beurre de karit\u00e9, beurre de cacao, huile essentielle de vitamine E (eucalyptus, agrumes), amour, bon pour tous les types de peau<\/span><\/p>\n<p><span style=\"color: #000000;\">Sans huile de palme<\/span><\/p>\n<h2><span style=\"color: #000000;\">Insectifuge Bug Off (70g)\u00a0:<\/span><\/h2>\n<p><span style=\"color: #000000;\">Huile de coco press\u00e9e \u00e0 froid, beurre de karit\u00e9, cire d&#039;abeille (citronnelle, citronnelle, romarin, eucalyptus) huiles essentielles, Love Good pour tous les types de peau, 100% Vegan.<\/span><\/p>\n<p><span style=\"color: #000000;\">Sans huile de palme<\/span><\/p>\n<h2><span style=\"color: #000000;\">Cr\u00e8me Solaire (50g)\u00a0:<\/span><\/h2>\n<p><span style=\"color: #000000;\">Oxyde de zinc, huile de noix de coco, racine de Thanaka, vitamine E, alo\u00e8s, Love 100% Vegan.<\/span><\/p>\n<p><span style=\"color: #000000;\">Sans huile de palme<\/span><\/p>\n<h2><span style=\"color: #000000;\">Cr\u00e8me rafra\u00eechissante apr\u00e8s soleil (70g) :&nbsp; <\/span><\/h2>\n<p><span style=\"color: #000000;\">Huile de noix de coco press\u00e9e \u00e0 froid, vitamine E, alo\u00e8s, huile d&#039;avocat, beurre de karit\u00e9, amour, bon pour tous les types de peau. <\/span><\/p>\n<p><span style=\"color: #000000;\">Sans huile de palme<\/span><\/p>\n<h2><span style=\"color: #000000;\">Lait Mains et Corps Lavande (70g) : <\/span><\/h2>\n<p><span style=\"color: #000000;\">Huile de noix de coco press\u00e9e \u00e0 froid, huile d&#039;avocat, huile essentielle de lavande, cire d&#039;abeille, vitamine E, amour, bon pour tous les types de peau.<\/span><\/p>\n<p><span style=\"color: #000000;\">Sans huile de palme<\/span><\/p>\n<h2><span style=\"color: #000000;\">Lait Mains et Corps Forever Green Jungle (70) :<\/span><\/h2>\n<p><span style=\"color: #000000;\">Huile de noix de coco press\u00e9e \u00e0 froid, huile d&#039;avocat, huiles essentielles, cire d&#039;abeille, vitamine E, amour, bon pour tous les types de peau.<\/span><\/p>\n<p><span style=\"color: #000000;\">Sans huile de palme<\/span><\/p>","protected":false},"excerpt":{"rendered":"<p><span style=\"color: #000000;\"><strong>La Tortuga Verte Costa Rica<\/strong> sont des fabricants de produits de soins personnels fabriqu\u00e9s \u00e0 la main bas\u00e9s au Costa Rica, qui utilisent des ingr\u00e9dients naturels, biologiques et durables lorsqu&#039;ils sont disponibles de mani\u00e8re saine et auxquels vous pouvez faire confiance. En utilisant des produits sans huile de palme, sans ingr\u00e9dients artificiels ni produits chimiques nocifs. Vous b\u00e9n\u00e9ficierez d\u2019une peau et de cheveux naturellement plus sains.<br \/>\n<\/span><\/p>\n<p><span style=\"color: #000000;\">Ils ne contiennent ni parab\u00e8nes, ni sulfates, ni produits chimiques. Ils ne sont pas bas\u00e9s sur des produits d\u2019origine animale ni test\u00e9s sur des animaux. Respectueux de l&#039;environnement 100%<\/span><\/p>\n<p><span style=\"color: #000000;\">Tous ces produits sont fabriqu\u00e9s \u00e0 la main et en petites quantit\u00e9s pour garantir fra\u00eecheur, consistance et perfection.<\/span><\/p>","protected":false},"featured_media":12072,"comment_status":"open","ping_status":"closed","template":"","meta":{"ngg_post_thumbnail":0},"product_brand":[],"product_cat":[318],"product_tag":[],"class_list":{"0":"post-12064","1":"product","2":"type-product","3":"status-publish","4":"has-post-thumbnail","6":"product_cat-la-tortuga-verde-cr","8":"first","9":"instock","10":"taxable","11":"shipping-taxable","12":"purchasable","13":"product-type-variable"},"_links":{"self":[{"href":"https:\/\/laubeholistic.com\/fr\/wp-json\/wp\/v2\/product\/12064","targetHints":{"allow":["GET"]}}],"collection":[{"href":"https:\/\/laubeholistic.com\/fr\/wp-json\/wp\/v2\/product"}],"about":[{"href":"https:\/\/laubeholistic.com\/fr\/wp-json\/wp\/v2\/types\/product"}],"replies":[{"embeddable":true,"href":"https:\/\/laubeholistic.com\/fr\/wp-json\/wp\/v2\/comments?post=12064"}],"wp:featuredmedia":[{"embeddable":true,"href":"https:\/\/laubeholistic.com\/fr\/wp-json\/wp\/v2\/media\/12072"}],"wp:attachment":[{"href":"https:\/\/laubeholistic.com\/fr\/wp-json\/wp\/v2\/media?parent=12064"}],"wp:term":[{"taxonomy":"product_brand","embeddable":true,"href":"https:\/\/laubeholistic.com\/fr\/wp-json\/wp\/v2\/product_brand?post=12064"},{"taxonomy":"product_cat","embeddable":true,"href":"https:\/\/laubeholistic.com\/fr\/wp-json\/wp\/v2\/product_cat?post=12064"},{"taxonomy":"product_tag","embeddable":true,"href":"https:\/\/laubeholistic.com\/fr\/wp-json\/wp\/v2\/product_tag?post=12064"}],"curies":[{"name":"wp","href":"https:\/\/api.w.org\/{rel}","templated":true}]}}