{"id":12035,"date":"2023-02-13T17:11:32","date_gmt":"2023-02-13T17:11:32","guid":{"rendered":"https:\/\/laubeholistic.com\/?post_type=product&#038;p=12035"},"modified":"2023-08-02T16:14:02","modified_gmt":"2023-08-02T16:14:02","slug":"bio-identical-hormones-peptides","status":"publish","type":"product","link":"https:\/\/laubeholistic.com\/fr\/shop\/bio-identical-hormones-peptides\/","title":{"rendered":"Hormones et peptides bio-identiques"},"content":{"rendered":"<p><span style=\"color: #000000;\">Les hormones de votre corps jouent un r\u00f4le crucial dans la r\u00e9gulation de diverses fonctions, notamment la digestion, la croissance, la libido, l\u2019activit\u00e9 c\u00e9r\u00e9brale, les \u00e9motions et le syst\u00e8me immunitaire. Ils agissent comme un moyen de communication entre les cellules du corps. Lorsque vos hormones sont d\u00e9s\u00e9quilibr\u00e9es, cela peut avoir un impact notable sur votre sant\u00e9 et votre bien-\u00eatre g\u00e9n\u00e9ral. Heureusement, la th\u00e9rapie hormonale substitutive bio-identique (BHRT) peut aider \u00e0 r\u00e9tablir l\u2019\u00e9quilibre de vos hormones, apportant un soulagement indispensable.<\/span><\/p>\n<p><span style=\"color: #000000;\"><strong>Hormones bio-identiques<\/strong> <strong>et Peptides<\/strong> sont chimiquement identiques aux hormones produites naturellement par le corps humain, tandis que les hormones synth\u00e9tiques sont fabriqu\u00e9es par l&#039;homme et chimiquement diff\u00e9rentes des hormones produites par le corps. Cette diff\u00e9rence est ce qui distingue les hormones bio-identiques et en fait une meilleure option pour de nombreuses personnes, en particulier les femmes et les hommes confront\u00e9s \u00e0 des d\u00e9s\u00e9quilibres hormonaux. <img loading=\"lazy\" decoding=\"async\" class=\"wp-image-12058 alignright\" src=\"https:\/\/laubeholistic.com\/wp-content\/uploads\/bioidentical_hormone_replacment_therapy-300x169.png\" alt=\"\" width=\"393\" height=\"221\" srcset=\"https:\/\/laubeholistic.com\/wp-content\/uploads\/bioidentical_hormone_replacment_therapy-300x169.png 300w, https:\/\/laubeholistic.com\/wp-content\/uploads\/bioidentical_hormone_replacment_therapy-1024x576.png 1024w, https:\/\/laubeholistic.com\/wp-content\/uploads\/bioidentical_hormone_replacment_therapy-768x432.png 768w, https:\/\/laubeholistic.com\/wp-content\/uploads\/bioidentical_hormone_replacment_therapy-1536x864.png 1536w, https:\/\/laubeholistic.com\/wp-content\/uploads\/bioidentical_hormone_replacment_therapy-18x10.png 18w, https:\/\/laubeholistic.com\/wp-content\/uploads\/bioidentical_hormone_replacment_therapy-510x287.png 510w, https:\/\/laubeholistic.com\/wp-content\/uploads\/bioidentical_hormone_replacment_therapy.png 1750w\" sizes=\"auto, (max-width: 393px) 100vw, 393px\" \/><\/span><\/p>\n<p><span style=\"color: #000000;\">Voici quelques-uns des avantages des hormones bio-identiques\u00a0:<\/span><\/p>\n<ol>\n<li><span style=\"color: #000000;\">S\u00e9curit\u00e9\u00a0: Il a \u00e9t\u00e9 d\u00e9montr\u00e9 que les hormones bio-identiques sont plus s\u00fbres que les hormones synth\u00e9tiques. Elles pr\u00e9sentent un risque moindre d\u2019effets secondaires, tels que caillots sanguins, accidents vasculaires c\u00e9r\u00e9braux et cancer du sein, que les hormones synth\u00e9tiques.<\/span><\/li>\n<li><span style=\"color: #000000;\">Personnalisation\u00a0: les hormones bio-identiques peuvent \u00eatre personnalis\u00e9es en fonction des besoins hormonaux sp\u00e9cifiques de l&#039;individu, en fonction des r\u00e9sultats d&#039;un test de salive ou de sang. Les hormones synth\u00e9tiques, en revanche, sont disponibles dans un format unique, qui peut ne pas \u00eatre efficace pour tout le monde.<\/span><\/li>\n<li><span style=\"color: #000000;\">Naturelles\u00a0: les hormones bio-identiques proviennent de sources naturelles, telles que les plantes, et sont chimiquement identiques aux hormones produites par le corps humain. Les hormones synth\u00e9tiques sont fabriqu\u00e9es par l\u2019homme et peuvent avoir une structure chimique diff\u00e9rente, ce qui peut affecter la fa\u00e7on dont elles sont m\u00e9tabolis\u00e9es et comment elles interagissent avec l\u2019organisme.<\/span><\/li>\n<li><span style=\"color: #000000;\">Efficacit\u00e9 : Il a \u00e9t\u00e9 d\u00e9montr\u00e9 que les hormones bio-identiques sont plus efficaces que les hormones synth\u00e9tiques pour traiter les sympt\u00f4mes des d\u00e9s\u00e9quilibres hormonaux. En effet, ils imitent les hormones naturelles du corps, ce qui aide \u00e0 r\u00e9tablir l&#039;\u00e9quilibre et \u00e0 att\u00e9nuer les sympt\u00f4mes.<\/span><\/li>\n<li><span style=\"color: #000000;\">Meilleur profil d\u2019effets secondaires : Les hormones bio-identiques sont souvent mieux tol\u00e9r\u00e9es par l\u2019organisme et ont un profil d\u2019effets secondaires plus favorable que les hormones synth\u00e9tiques. Certains effets secondaires courants des hormones synth\u00e9tiques comprennent les sautes d\u2019humeur, les maux de t\u00eate et la prise de poids, qui sont moins susceptibles de se produire avec les hormones bio-identiques.<\/span><\/li>\n<\/ol>\n<figure id=\"attachment_12057\" aria-describedby=\"caption-attachment-12057\" style=\"width: 300px\" class=\"wp-caption alignright\"><img loading=\"lazy\" decoding=\"async\" class=\"wp-image-12057 size-medium\" src=\"https:\/\/laubeholistic.com\/wp-content\/uploads\/muscular-male-body-and-testosterone-hormone-formula-free-photo-300x176.jpg\" alt=\"Bio-identical hormones and Peptides for men\" width=\"300\" height=\"176\" srcset=\"https:\/\/laubeholistic.com\/wp-content\/uploads\/muscular-male-body-and-testosterone-hormone-formula-free-photo-300x176.jpg 300w, https:\/\/laubeholistic.com\/wp-content\/uploads\/muscular-male-body-and-testosterone-hormone-formula-free-photo-18x12.jpg 18w, https:\/\/laubeholistic.com\/wp-content\/uploads\/muscular-male-body-and-testosterone-hormone-formula-free-photo.jpg 341w\" sizes=\"auto, (max-width: 300px) 100vw, 300px\" \/><figcaption id=\"caption-attachment-12057\" class=\"wp-caption-text\">Peptides pour hommes<\/figcaption><\/figure>\n<p><span style=\"color: #000000;\">Des hormones et des peptides bio-identiques pour moi, sp\u00e9cifiquement cibl\u00e9s pour atteindre vos objectifs uniques de sant\u00e9 et de remise en forme, peuvent vous aider \u00e0 perdre du poids, \u00e0 augmenter votre masse musculaire, \u00e0 am\u00e9liorer votre sant\u00e9 osseuse, \u00e0 r\u00e9cup\u00e9rer plus rapidement \u00e0 l&#039;entra\u00eenement et \u00e0 ressentir un sentiment accru de bien-\u00eatre g\u00e9n\u00e9ral.<\/span><\/p>\n<p><span style=\"color: #000000;\">Des hormones bio-identiques peuvent \u00eatre utilis\u00e9es pour remplacer la testost\u00e9rone chez les hommes confront\u00e9s \u00e0 de faibles niveaux de testost\u00e9rone, \u00e9galement appel\u00e9s hypogonadisme. Contrairement aux hormones synth\u00e9tiques, la testost\u00e9rone bio-identique est chimiquement identique \u00e0 la testost\u00e9rone produite par le corps et peut aider \u00e0 r\u00e9tablir l\u2019\u00e9quilibre hormonal et \u00e0 att\u00e9nuer les sympt\u00f4mes tels qu\u2019un manque d\u2019\u00e9nergie, une diminution de la libido et une faiblesse musculaire.<\/span><\/p>\n<p><span style=\"color: #000000;\">Meilleur profil de s\u00e9curit\u00e9\u00a0: il a \u00e9t\u00e9 d\u00e9montr\u00e9 que les hormones bio-identiques sont plus s\u00fbres que les hormones synth\u00e9tiques, avec un risque plus faible d&#039;effets secondaires tels que des caillots sanguins, une crise cardiaque et un cancer de la prostate.<\/span><\/p>\n<p><span style=\"color: #000000;\">En conclusion, les hormones bio-identiques offrent une approche plus s\u00fbre, plus efficace et plus personnalis\u00e9e de l\u2019hormonoth\u00e9rapie pour les femmes et les hommes confront\u00e9s \u00e0 des d\u00e9s\u00e9quilibres hormonaux. Si vous envisagez un traitement hormonal, il est important de discuter des avantages et des inconv\u00e9nients avec votre m\u00e9decin afin de d\u00e9terminer quel type de traitement hormonal vous convient le mieux.<\/span><\/p>\n<p><span style=\"color: #000000;\">Si vous avez une question et souhaitez que nous vous aidions \u00e0 savoir o\u00f9 acqu\u00e9rir des hormones ou des peptides bio-identiques, veuillez nous envoyer un message en cliquant sur le lien ci-dessous.<br \/>\n<\/span><\/p>\n<a class=\"maxbutton-3 maxbutton maxbutton-pure-water-kit-button\" href=\"https:\/\/laubeholistic.com\/fr\/contact\/\"><span class='mb-text'>J&#039;ai une question<\/span><\/a>","protected":false},"excerpt":{"rendered":"<p><span style=\"color: #000000;\">\u00c0 mesure que les gens vieillissent, les niveaux d\u2019hormones telles que la testost\u00e9rone, les \u0153strog\u00e8nes et la progest\u00e9rone diminuent dans leur corps. Cette diminution des taux d\u2019hormones touche aussi bien les hommes que les femmes.<\/span><\/p>\n<p><span style=\"color: #000000;\">Ce d\u00e9s\u00e9quilibre hormonal peut entra\u00eener :<\/span><\/p>\n<p><strong><em><span style=\"color: #000000;\">\u00b7Perte de m\u00e9moire, \u00b7Bouff\u00e9es de chaleur, \u00b7Sautes d&#039;humeur, \u00b7Fatigue, \u00b7Sueurs nocturnes, \u00b7Perte d&#039;\u00e9nergie, \u00b7S\u00e9cheresse vaginale<\/span><\/em><\/strong><\/p>\n<p><strong><em><span style=\"color: #000000;\">\u00b7Pens\u00e9e brumeuse, \u00b7Grise de poids, \u00b7Difficult\u00e9s \u00e0 dormir, \u00b7Perte de masse musculaire, \u00b7Douleurs lors des rapports sexuels.<\/span><\/em><\/strong><\/p>\n<p><span style=\"color: #000000;\">Donc, <strong>th\u00e9rapie hormonale substitutive bio-identique<\/strong> est utilis\u00e9 pour remplacer l\u2019hormone perdue<\/span><\/p>\n<a class=\"maxbutton-3 maxbutton maxbutton-pure-water-kit-button\" href=\"https:\/\/laubeholistic.com\/fr\/contact\/\"><span class='mb-text'>J&#039;ai une question<\/span><\/a>","protected":false},"featured_media":12059,"comment_status":"open","ping_status":"closed","template":"","meta":{"ngg_post_thumbnail":0},"product_brand":[],"product_cat":[331],"product_tag":[],"class_list":{"0":"post-12035","1":"product","2":"type-product","3":"status-publish","4":"has-post-thumbnail","6":"product_cat-services","8":"first","9":"instock","10":"taxable","11":"shipping-taxable","12":"product-type-simple"},"_links":{"self":[{"href":"https:\/\/laubeholistic.com\/fr\/wp-json\/wp\/v2\/product\/12035","targetHints":{"allow":["GET"]}}],"collection":[{"href":"https:\/\/laubeholistic.com\/fr\/wp-json\/wp\/v2\/product"}],"about":[{"href":"https:\/\/laubeholistic.com\/fr\/wp-json\/wp\/v2\/types\/product"}],"replies":[{"embeddable":true,"href":"https:\/\/laubeholistic.com\/fr\/wp-json\/wp\/v2\/comments?post=12035"}],"wp:featuredmedia":[{"embeddable":true,"href":"https:\/\/laubeholistic.com\/fr\/wp-json\/wp\/v2\/media\/12059"}],"wp:attachment":[{"href":"https:\/\/laubeholistic.com\/fr\/wp-json\/wp\/v2\/media?parent=12035"}],"wp:term":[{"taxonomy":"product_brand","embeddable":true,"href":"https:\/\/laubeholistic.com\/fr\/wp-json\/wp\/v2\/product_brand?post=12035"},{"taxonomy":"product_cat","embeddable":true,"href":"https:\/\/laubeholistic.com\/fr\/wp-json\/wp\/v2\/product_cat?post=12035"},{"taxonomy":"product_tag","embeddable":true,"href":"https:\/\/laubeholistic.com\/fr\/wp-json\/wp\/v2\/product_tag?post=12035"}],"curies":[{"name":"wp","href":"https:\/\/api.w.org\/{rel}","templated":true}]}}