{"id":11709,"date":"2022-12-10T00:04:12","date_gmt":"2022-12-10T00:04:12","guid":{"rendered":"https:\/\/laubeholistic.com\/?post_type=product&#038;p=11709"},"modified":"2023-08-02T16:15:25","modified_gmt":"2023-08-02T16:15:25","slug":"the-total-health-freedom-subscription","status":"publish","type":"product","link":"https:\/\/laubeholistic.com\/fr\/shop\/the-total-health-freedom-subscription\/","title":{"rendered":"L&#039;ABONNEMENT TOTALE LIBERT\u00c9 DE SANT\u00c9"},"content":{"rendered":"","protected":false},"excerpt":{"rendered":"<p><span style=\"font-weight: 400;\">Vous nous demandez comment utiliser les solutions sant\u00e9 que nous vendons\u2026<\/span><\/p>\n<p><span style=\"font-weight: 400;\">Comment utiliser les protocoles pour des probl\u00e8mes complexes\/multiples\u2026<\/span><\/p>\n<p><span style=\"font-weight: 400;\">Et comment les utiliser pour atteindre un niveau de sant\u00e9 explosif (et le maintenir dans ce monde de plus en plus fou !)\u2026<\/span><\/p>\n<p><span style=\"font-weight: 400;\">Nous avons donc cr\u00e9\u00e9 un espace s\u00e9curis\u00e9 pour vous aider \u00e0 obtenir tout cela.<\/span><\/p>\n<p><span style=\"font-weight: 400;\">Plus l\u2019exp\u00e9rience d\u2019une communaut\u00e9 chaleureuse et accueillante de personnes comme vous.&nbsp;&nbsp;<\/span><\/p>\n<p><span style=\"font-weight: 400;\">CE QUE VOUS OBTENEZ:<\/span><\/p>\n<ul>\n<li style=\"font-weight: 400;\" aria-level=\"1\"><span style=\"font-weight: 400;\">S\u00e9ances de formation mensuelles sur l&#039;utilisation de nos solutions de sant\u00e9 pour des probl\u00e8mes sp\u00e9cifiques<\/span><\/li>\n<li style=\"font-weight: 400;\" aria-level=\"1\"><span style=\"font-weight: 400;\">S\u00e9ances de questions et r\u00e9ponses en groupe ouvert<\/span><\/li>\n<li style=\"font-weight: 400;\" aria-level=\"1\"><span style=\"font-weight: 400;\">Communaut\u00e9 de t\u00e9l\u00e9grammes priv\u00e9s de personnes partageant les m\u00eames id\u00e9es<\/span><\/li>\n<li style=\"font-weight: 400;\" aria-level=\"1\"><span style=\"font-weight: 400;\">Acc\u00e8s \u00e0 tous les appels, sessions et formations pass\u00e9s<\/span><\/li>\n<\/ul>\n<p>Vous pouvez annuler votre adh\u00e9sion \u00e0 tout moment.<\/p>","protected":false},"featured_media":11710,"comment_status":"open","ping_status":"closed","template":"","meta":{"ngg_post_thumbnail":0},"product_brand":[],"product_cat":[331],"product_tag":[],"class_list":{"0":"post-11709","1":"product","2":"type-product","3":"status-publish","4":"has-post-thumbnail","6":"product_cat-services","8":"first","9":"instock","10":"virtual","11":"taxable","12":"purchasable","13":"product-type-simple"},"_links":{"self":[{"href":"https:\/\/laubeholistic.com\/fr\/wp-json\/wp\/v2\/product\/11709","targetHints":{"allow":["GET"]}}],"collection":[{"href":"https:\/\/laubeholistic.com\/fr\/wp-json\/wp\/v2\/product"}],"about":[{"href":"https:\/\/laubeholistic.com\/fr\/wp-json\/wp\/v2\/types\/product"}],"replies":[{"embeddable":true,"href":"https:\/\/laubeholistic.com\/fr\/wp-json\/wp\/v2\/comments?post=11709"}],"wp:featuredmedia":[{"embeddable":true,"href":"https:\/\/laubeholistic.com\/fr\/wp-json\/wp\/v2\/media\/11710"}],"wp:attachment":[{"href":"https:\/\/laubeholistic.com\/fr\/wp-json\/wp\/v2\/media?parent=11709"}],"wp:term":[{"taxonomy":"product_brand","embeddable":true,"href":"https:\/\/laubeholistic.com\/fr\/wp-json\/wp\/v2\/product_brand?post=11709"},{"taxonomy":"product_cat","embeddable":true,"href":"https:\/\/laubeholistic.com\/fr\/wp-json\/wp\/v2\/product_cat?post=11709"},{"taxonomy":"product_tag","embeddable":true,"href":"https:\/\/laubeholistic.com\/fr\/wp-json\/wp\/v2\/product_tag?post=11709"}],"curies":[{"name":"wp","href":"https:\/\/api.w.org\/{rel}","templated":true}]}}