{"id":11624,"date":"2022-12-02T16:02:35","date_gmt":"2022-12-02T16:02:35","guid":{"rendered":"https:\/\/laubeholistic.com\/?post_type=product&#038;p=11624"},"modified":"2026-04-10T07:39:02","modified_gmt":"2026-04-10T07:39:02","slug":"nasal-spray-pump-bottle","status":"publish","type":"product","link":"https:\/\/laubeholistic.com\/fr\/shop\/nasal-spray-pump-bottle\/","title":{"rendered":"Flacon pompe pour pulv\u00e9risation nasale"},"content":{"rendered":"<h2><span style=\"color: #000000;\">Flacon pompe pour pulv\u00e9risation nasale<\/span><\/h2>\n<p><span style=\"color: #000000;\">La pompe de pulv\u00e9risation nasale peut s&#039;av\u00e9rer utile lorsque vous \u00eates congestionn\u00e9 dans les voies nasales ou que vous souhaitez simplement \u00e9viter qu&#039;une congestion ne se produise.<\/span><\/p>\n<p>&nbsp;<\/p>","protected":false},"excerpt":{"rendered":"<ul>\n<li><span class=\"VIiyi\" lang=\"en\" style=\"color: #000000;\"><span class=\"JLqJ4b ChMk0b\" data-language-for-alternatives=\"en\" data-language-to-translate-into=\"es\" data-phrase-index=\"1\" data-number-of-phrases=\"8\">Pompe de pulv\u00e9risation pour applications nasales<\/span><\/span><\/li>\n<li><span style=\"color: #000000;\">Vide<\/span><\/li>\n<li><span class=\"VIiyi\" lang=\"en\" style=\"color: #000000;\"><span class=\"JLqJ4b ChMk0b\" data-language-for-alternatives=\"en\" data-language-to-translate-into=\"es\" data-phrase-index=\"1\" data-number-of-phrases=\"8\">ambre<\/span><\/span><\/li>\n<li><span style=\"color: #000000;\">Verre<\/span><\/li>\n<li><span style=\"color: #000000;\">Capacit\u00e9 20ml<\/span><\/li>\n<\/ul>","protected":false},"featured_media":11666,"comment_status":"open","ping_status":"closed","template":"","meta":{"ngg_post_thumbnail":0},"product_brand":[],"product_cat":[330],"product_tag":[],"class_list":{"0":"post-11624","1":"product","2":"type-product","3":"status-publish","4":"has-post-thumbnail","6":"product_cat-accessories","8":"first","9":"instock","10":"taxable","11":"shipping-taxable","12":"purchasable","13":"product-type-simple"},"_links":{"self":[{"href":"https:\/\/laubeholistic.com\/fr\/wp-json\/wp\/v2\/product\/11624","targetHints":{"allow":["GET"]}}],"collection":[{"href":"https:\/\/laubeholistic.com\/fr\/wp-json\/wp\/v2\/product"}],"about":[{"href":"https:\/\/laubeholistic.com\/fr\/wp-json\/wp\/v2\/types\/product"}],"replies":[{"embeddable":true,"href":"https:\/\/laubeholistic.com\/fr\/wp-json\/wp\/v2\/comments?post=11624"}],"wp:featuredmedia":[{"embeddable":true,"href":"https:\/\/laubeholistic.com\/fr\/wp-json\/wp\/v2\/media\/11666"}],"wp:attachment":[{"href":"https:\/\/laubeholistic.com\/fr\/wp-json\/wp\/v2\/media?parent=11624"}],"wp:term":[{"taxonomy":"product_brand","embeddable":true,"href":"https:\/\/laubeholistic.com\/fr\/wp-json\/wp\/v2\/product_brand?post=11624"},{"taxonomy":"product_cat","embeddable":true,"href":"https:\/\/laubeholistic.com\/fr\/wp-json\/wp\/v2\/product_cat?post=11624"},{"taxonomy":"product_tag","embeddable":true,"href":"https:\/\/laubeholistic.com\/fr\/wp-json\/wp\/v2\/product_tag?post=11624"}],"curies":[{"name":"wp","href":"https:\/\/api.w.org\/{rel}","templated":true}]}}