{"id":11445,"date":"2022-10-20T11:50:34","date_gmt":"2022-10-20T11:50:34","guid":{"rendered":"https:\/\/laubeholistic.com\/?post_type=product&#038;p=11445"},"modified":"2023-08-23T15:03:03","modified_gmt":"2023-08-23T15:03:03","slug":"chaga-mushrooms","status":"publish","type":"product","link":"https:\/\/laubeholistic.com\/fr\/shop\/chaga-mushrooms\/","title":{"rendered":"Champignons CHAGA"},"content":{"rendered":"<h1><span style=\"color: #000000;\">Champignons Chaga de Sib\u00e9rie<\/span><\/h1>\n<p><span style=\"color: #000000;\">Ces champignons chaga sont r\u00e9colt\u00e9s dans les for\u00eats sib\u00e9riennes subarctiques isol\u00e9es. <\/span><\/p>\n<p><span style=\"color: #000000;\">Le Chaga contient de puissants nutriments et antioxydants pour renforcer le syst\u00e8me immunitaire et aider \u00e0 pr\u00e9venir les maladies.<\/span><\/p>\n<div class=\"elementor-column elementor-col-66 elementor-top-column elementor-element elementor-element-2004d6d\" data-id=\"2004d6d\" data-element_type=\"column\">\n<div class=\"elementor-widget-wrap elementor-element-populated\">\n<div class=\"elementor-element elementor-element-56c2ff3 elementor-widget elementor-widget-text-editor\" data-id=\"56c2ff3\" data-element_type=\"widget\" data-widget_type=\"text-editor.default\">\n<div class=\"elementor-widget-container\">\n<p><span style=\"color: #000000;\">Nos CHAGA CHUNKS sont des morceaux de champignons chaga purs. Le Chaga est connu pour \u00eatre utilis\u00e9 comme th\u00e9, mais vous pouvez \u00e9galement le r\u00e9duire en poudre et le consommer dans votre caf\u00e9, smoothie ou autre liquide. Le th\u00e9 Chaga est un excellent moyen de prendre des antioxydants suppl\u00e9mentaires et d\u2019autres compos\u00e9s stimulant le syst\u00e8me immunitaire sans caf\u00e9ine.<\/span><\/p>\n<p><strong><span style=\"color: #000000;\">Les bienfaits potentiels du Chaga pour la sant\u00e9\u00a0:<\/span><\/strong><\/p>\n<ul>\n<li><span style=\"color: #000000;\">Renforcer le syst\u00e8me immunitaire<\/span><\/li>\n<li><span style=\"color: #000000;\">Renforcer le syst\u00e8me digestif, le syst\u00e8me cardiovasculaire et endocrinien<\/span><\/li>\n<li><span style=\"color: #000000;\">Ralentit le processus de vieillissement<\/span><\/li>\n<li><span style=\"color: #000000;\">R\u00e9duit le cholest\u00e9rol<\/span><\/li>\n<li><span style=\"color: #000000;\">Abaisse la tension art\u00e9rielle<\/span><\/li>\n<li><span style=\"color: #000000;\">Combat l&#039;inflammation<\/span><\/li>\n<li><span style=\"color: #000000;\">Abaisse la glyc\u00e9mie<\/span><\/li>\n<\/ul>\n<\/div>\n<\/div>\n<\/div>\n<\/div>\n<p>&nbsp;<\/p>\n<h2><span style=\"color: #000000;\">Comment pr\u00e9parer du th\u00e9 Chaga \u00e0 partir de morceaux de champignons Chaga<br \/>\n<\/span><\/h2>\n<p><span style=\"color: #000000;\">S\u00e9lectionnez 4 \u00e0 5 morceaux de chaga MELS \u00e0 ajouter dans une grande casserole d&#039;env. 1 litre d&#039;eau. <\/span><\/p>\n<p><span style=\"color: #000000;\">Portez l&#039;eau \u00e0 \u00e9bullition, baissez le feu et laissez mijoter pendant au moins 15 minutes, mais de pr\u00e9f\u00e9rence jusqu&#039;\u00e0 3-4 heures, selon la force souhait\u00e9e du th\u00e9. <\/span><span style=\"color: #000000;\">Filtrez le th\u00e9 et r\u00e9servez les morceaux. Les morceaux peuvent \u00eatre utilis\u00e9s jusqu&#039;\u00e0 deux ou trois fois suppl\u00e9mentaires, jusqu&#039;\u00e0 ce qu&#039;ils deviennent mous et s&#039;effritent. <\/span><span style=\"color: #000000;\">L&#039;infusion est servie sous forme de th\u00e9 chaud ou refroidie sous forme de boisson froide. Ajoutez un \u00e9dulcorant si n\u00e9cessaire, comme du miel ou de la st\u00e9via. Il se conserve au r\u00e9frig\u00e9rateur jusqu&#039;\u00e0 7 jours. <\/span><\/p>\n<p><span style=\"color: #000000;\">Pour une tasse de th\u00e9 : r\u00e2pez un morceau de chaga en poudre et placez-le dans une passoire \u00e0 th\u00e9. <\/span><span style=\"color: #000000;\">Laisser infuser env. 15 minutes<\/span><\/p>\n<p>&nbsp;<\/p>\n<div class=\"elementor-column elementor-col-66 elementor-top-column elementor-element elementor-element-e2aa455\" data-id=\"e2aa455\" data-element_type=\"column\">\n<div class=\"elementor-widget-wrap elementor-element-populated\">\n<div class=\"elementor-element elementor-element-0edfc41 elementor-widget elementor-widget-text-editor\" data-id=\"0edfc41\" data-element_type=\"widget\" data-widget_type=\"text-editor.default\">\n<div class=\"elementor-widget-container\">\n<p><em><span style=\"color: #000000;\">Laboratoire tiers test\u00e9 pour la puissance, la puret\u00e9 et l\u2019efficacit\u00e9.<\/span><\/em><\/p>\n<p><em><span style=\"color: #000000;\">Stockage : En dessous de 25 degr\u00e9s Celsius. \u00c9vitez la lumi\u00e8re directe du soleil.<\/span><\/em><\/p>\n<p><strong><span style=\"color: #000000;\">Avertissement : Les champignons Chaga ne peuvent pas \u00eatre utilis\u00e9s comme substitut \u00e0 une alimentation saine et vari\u00e9e.<\/span><\/strong><\/p>\n<\/div>\n<\/div>\n<\/div>\n<\/div>","protected":false},"excerpt":{"rendered":"<p><span style=\"color: #000000;\">Morceaux de champignons Chaga de Sib\u00e9rie (Inonotus obliquus)<\/span><\/p>\n<ul>\n<li><span style=\"color: #000000;\">100% naturel et biologique<\/span><\/li>\n<li><span style=\"color: #000000;\">Sans OGM<\/span><\/li>\n<li><span style=\"color: #000000;\">V\u00e9g\u00e9talien<\/span><\/li>\n<li><span style=\"color: #000000;\">Test\u00e9 en laboratoire tiers<\/span><\/li>\n<li><span style=\"color: #000000;\">Sans caf\u00e9ine<\/span><\/li>\n<li><span style=\"color: #000000;\">200g<\/span><\/li>\n<\/ul>\n<p><span style=\"color: #000000;\">Fabriqu\u00e9 en Europe<\/span><\/p>","protected":false},"featured_media":11455,"comment_status":"open","ping_status":"closed","template":"","meta":{"ngg_post_thumbnail":0},"product_brand":[],"product_cat":[334,328],"product_tag":[],"class_list":{"0":"post-11445","1":"product","2":"type-product","3":"status-publish","4":"has-post-thumbnail","6":"product_cat-on-sale","7":"product_cat-teas","9":"first","10":"outofstock","11":"sale","12":"taxable","13":"shipping-taxable","14":"purchasable","15":"product-type-simple"},"_links":{"self":[{"href":"https:\/\/laubeholistic.com\/fr\/wp-json\/wp\/v2\/product\/11445","targetHints":{"allow":["GET"]}}],"collection":[{"href":"https:\/\/laubeholistic.com\/fr\/wp-json\/wp\/v2\/product"}],"about":[{"href":"https:\/\/laubeholistic.com\/fr\/wp-json\/wp\/v2\/types\/product"}],"replies":[{"embeddable":true,"href":"https:\/\/laubeholistic.com\/fr\/wp-json\/wp\/v2\/comments?post=11445"}],"wp:featuredmedia":[{"embeddable":true,"href":"https:\/\/laubeholistic.com\/fr\/wp-json\/wp\/v2\/media\/11455"}],"wp:attachment":[{"href":"https:\/\/laubeholistic.com\/fr\/wp-json\/wp\/v2\/media?parent=11445"}],"wp:term":[{"taxonomy":"product_brand","embeddable":true,"href":"https:\/\/laubeholistic.com\/fr\/wp-json\/wp\/v2\/product_brand?post=11445"},{"taxonomy":"product_cat","embeddable":true,"href":"https:\/\/laubeholistic.com\/fr\/wp-json\/wp\/v2\/product_cat?post=11445"},{"taxonomy":"product_tag","embeddable":true,"href":"https:\/\/laubeholistic.com\/fr\/wp-json\/wp\/v2\/product_tag?post=11445"}],"curies":[{"name":"wp","href":"https:\/\/api.w.org\/{rel}","templated":true}]}}