{"id":10749,"date":"2022-07-04T23:59:02","date_gmt":"2022-07-04T23:59:02","guid":{"rendered":"https:\/\/laubeholistic.com\/?post_type=product&#038;p=10749"},"modified":"2023-08-02T16:17:02","modified_gmt":"2023-08-02T16:17:02","slug":"full-body-check-up-and-therapy","status":"publish","type":"product","link":"https:\/\/laubeholistic.com\/fr\/shop\/full-body-check-up-and-therapy\/","title":{"rendered":"Th\u00e9rapie par biofeedback OBERON"},"content":{"rendered":"<h3 style=\"text-align: center;\"><strong><span style=\"color: #000000;\">Qu\u2019est-ce que le biofeedback ?<\/span><\/strong><\/h3>\n<p><span style=\"color: #000000;\">Chaque organe, chaque cellule et chaque microbe du corps a sa propre fr\u00e9quence. La bior\u00e9senance peut d\u00e9tecter ces fr\u00e9quences et tout d\u00e9s\u00e9quilibre gr\u00e2ce aux ondes sonores dans le cerveau. En cons\u00e9quence, ces fr\u00e9quences peuvent varier en r\u00e9ponse \u00e0 une vari\u00e9t\u00e9 de stress allant des r\u00e9ponses biochimiques et physiologiques aux agents pathog\u00e8nes, aux allerg\u00e8nes, aux produits chimiques ou \u00e0 l\u2019alt\u00e9ration de l\u2019ADN. Il a \u00e9galement \u00e9t\u00e9 prouv\u00e9 que les ondes ou oscillations \u00e9lectromagn\u00e9tiques \u00e9mises par les organes malades, y compris les cellules canc\u00e9reuses, diff\u00e8rent de celles \u00e9mises par les cellules saines en raison de leurs diff\u00e9rences dans le m\u00e9tabolisme cellulaire et les modifications de l&#039;ADN.<\/span><br \/>\n<span style=\"color: #000000;\">Le biofeedback vise \u00e0 aider les d\u00e9s\u00e9quilibres \u00e0 se r\u00e9\u00e9quilibrer. Il s&#039;ensuit qu&#039;apr\u00e8s exposition \u00e0 des toxines, des allerg\u00e8nes. les virus, les bact\u00e9ries, les r\u00e9actions ind\u00e9sirables au stress et la pollution \u00e9lectromagn\u00e9tique provenant de diverses sources alt\u00e8rent la physiologie, la biochimie et les fonctions de divers organes et tissus, ce qui se manifeste par un \u00e9tat de d\u00e9s\u00e9quilibre des fr\u00e9quences. Il a \u00e9t\u00e9 d\u00e9termin\u00e9 que la fr\u00e9quence de r\u00e9sonance \u00e9mise dans un \u00e9tat d\u00e9s\u00e9quilibr\u00e9 par rapport \u00e0 un \u00e9tat sain est plus faible et que si elle est compens\u00e9e et augment\u00e9e par un apport externe, elle peut aider \u00e0 restaurer le d\u00e9ficit \u00e9nerg\u00e9tique et favoriser la gu\u00e9rison et l&#039;inversion de l&#039;\u00e9tat d\u00e9s\u00e9quilibr\u00e9. C\u2019est la base de la th\u00e9rapie par bior\u00e9sonance et biofeedback.<\/span><\/p>\n<p><span style=\"color: #000000;\"><img loading=\"lazy\" decoding=\"async\" class=\"alignleft size-medium wp-image-10758\" src=\"https:\/\/laubeholistic.com\/wp-content\/uploads\/Biofeedback-modalities-300x169.jpg\" alt=\"\" width=\"300\" height=\"169\" srcset=\"https:\/\/laubeholistic.com\/wp-content\/uploads\/Biofeedback-modalities-300x169.jpg 300w, https:\/\/laubeholistic.com\/wp-content\/uploads\/Biofeedback-modalities-510x287.jpg 510w, https:\/\/laubeholistic.com\/wp-content\/uploads\/Biofeedback-modalities-1024x576.jpg 1024w, https:\/\/laubeholistic.com\/wp-content\/uploads\/Biofeedback-modalities-768x432.jpg 768w, https:\/\/laubeholistic.com\/wp-content\/uploads\/Biofeedback-modalities-1536x864.jpg 1536w, https:\/\/laubeholistic.com\/wp-content\/uploads\/Biofeedback-modalities-18x10.jpg 18w, https:\/\/laubeholistic.com\/wp-content\/uploads\/Biofeedback-modalities.jpg 1920w\" sizes=\"auto, (max-width: 300px) 100vw, 300px\" \/>La th\u00e9rapie par biofeedback est non invasive et peut \u00eatre entreprise en personne ou <strong>\u00e0 une distance<\/strong>. En personne, la premi\u00e8re s\u00e9ance dure g\u00e9n\u00e9ralement environ 50 minutes pour une premi\u00e8re consultation et le scan \u00e0 r\u00e9aliser via un casque. Aucun bijou ne doit \u00eatre port\u00e9, aucune nourriture ou caf\u00e9 consomm\u00e9 dans les 2 heures pr\u00e9c\u00e9dant l&#039;analyse. <strong>Pour la num\u00e9risation \u00e0 distance<\/strong> et pour la th\u00e9rapie ult\u00e9rieure, un \u00e9chantillon de coupe de cheveux ou d&#039;ongles de pied est fourni et le balayage est effectu\u00e9 de la m\u00eame mani\u00e8re \u00e0 l&#039;aide des r\u00e9cepteurs du casque.<\/span><\/p>\n<p><span style=\"color: #000000;\">Suite \u00e0 l&#039;analyse initiale, une analyse d\u00e9taill\u00e9e est produite qui peut d\u00e9tecter le niveau d&#039;\u00e9nergie actuel des organes, cellules, bact\u00e9ries, etc. ainsi que le coefficient de chacun. Cela explique le bon fonctionnement de l\u2019organe. Les pathologies existantes sont d\u00e9tect\u00e9es ainsi que les \u00e9ventuelles pathologies futures qui pourraient ne pas \u00eatre connues. Des allergies peuvent \u00e9galement \u00eatre d\u00e9tect\u00e9es. de nombreuses pathologies peuvent \u00eatre trait\u00e9es via le syst\u00e8me digestif car l\u2019intestin est le principal domaine de d\u00e9veloppement bact\u00e9rien et la sant\u00e9 intestinale est primordiale.<\/span><\/p>\n<p><span style=\"color: #000000;\">Par cons\u00e9quent, la th\u00e9rapie initiale de biofeedback est g\u00e9n\u00e9ralement entreprise sur le syst\u00e8me digestif pendant six semaines avec un minimum de trois s\u00e9ances par semaine, apr\u00e8s quoi une deuxi\u00e8me analyse compl\u00e8te est entreprise et une comparaison est effectu\u00e9e.<\/span><\/p>\n<p><span style=\"color: #000000;\">Certains clients ont des domaines de pr\u00e9occupation sp\u00e9cifiques et ont d\u00e9j\u00e0 suivi ou suivent une m\u00e9decine conventionnelle et se tournent vers le biofeedback comme moyen de compl\u00e9ter cela. Qu&#039;il soit utilis\u00e9 seul ou en compl\u00e9ment d&#039;un autre traitement, il peut constituer une th\u00e9rapie compl\u00e9mentaire tr\u00e8s satisfaisante car les r\u00e9sultats sont visibles dans ce laps de temps. Veuillez \u00e9num\u00e9rer tous les m\u00e9dicaments pris lors de votre consultation ou lors de l\u2019envoi d\u2019un \u00e9chantillon de cheveux ou d\u2019ongles.<\/span><\/p>\n<p><img loading=\"lazy\" decoding=\"async\" class=\"wp-image-10755 alignleft\" src=\"https:\/\/laubeholistic.com\/wp-content\/uploads\/IMG_20220517_133512-1jpg-300x225.jpg\" alt=\"Oberon machine with Turningstones Biodfeedback therpay\" width=\"264\" height=\"198\" srcset=\"https:\/\/laubeholistic.com\/wp-content\/uploads\/IMG_20220517_133512-1jpg-300x225.jpg 300w, https:\/\/laubeholistic.com\/wp-content\/uploads\/IMG_20220517_133512-1jpg-scaled-510x383.jpg 510w, https:\/\/laubeholistic.com\/wp-content\/uploads\/IMG_20220517_133512-1jpg-1024x768.jpg 1024w, https:\/\/laubeholistic.com\/wp-content\/uploads\/IMG_20220517_133512-1jpg-768x576.jpg 768w, https:\/\/laubeholistic.com\/wp-content\/uploads\/IMG_20220517_133512-1jpg-1536x1152.jpg 1536w, https:\/\/laubeholistic.com\/wp-content\/uploads\/IMG_20220517_133512-1jpg-2048x1536.jpg 2048w, https:\/\/laubeholistic.com\/wp-content\/uploads\/IMG_20220517_133512-1jpg-16x12.jpg 16w\" sizes=\"auto, (max-width: 264px) 100vw, 264px\" \/><\/p>\n<p><span style=\"color: #000000;\">Tobias a rencontr\u00e9 Helena de \u00ab Turningstones Biofeedback \u00bb pour en savoir plus sur sa th\u00e9rapie par biofeedback gr\u00e2ce \u00e0 sa machine et son service OBERON et a eu plusieurs s\u00e9ances avec elle.<\/span><\/p>\n<p><span style=\"color: #000000;\"><em>\u00ab Helena semble tr\u00e8s professionnelle. Elle sait de quoi elle parle et peut vous aider \u00e0 d\u00e9tecter la cause profonde des d\u00e9s\u00e9quilibres de fr\u00e9quence dans votre corps en quelques minutes. \u00bb <\/em><strong>Tobias Laube<\/strong><\/span><\/p>\n<p>&nbsp;<\/p>\n<p>&nbsp;<\/p>\n<h3><span style=\"color: #000000;\">T\u00c9MOIGNAGES de Clients<\/span><\/h3>\n<p><span style=\"color: #000000;\">Je peux vraiment recommander Helena. Je suis all\u00e9 la voir en me sentant tr\u00e8s <\/span><span style=\"color: #000000;\">fatigu\u00e9, apr\u00e8s une s\u00e9ance, je sentais mon \u00e9nergie revenir. <\/span><span style=\"color: #000000;\">J&#039;ai suivi un cours de six semaines et je volais \u00e0 la fin. <\/span><span style=\"color: #000000;\">Beaucoup d&#039;\u00e9nergie et d&#039;humeur am\u00e9lior\u00e9e\u2026..fortement recommand\u00e9.<\/span><br \/>\n<span style=\"color: #000000;\">Je fais maintenant quelques s\u00e9ances pour aider mes yeux, comme je l&#039;ai fait <\/span><span style=\"color: #000000;\">quelques probl\u00e8mes avec cela et aide vraiment ainsi que la th\u00e9rapie \u00e9quilibre l&#039;\u00e9nergie qui est <\/span><span style=\"color: #000000;\">restaurer mon \u0153il.<\/span><br \/>\n<strong><span style=\"color: #000000;\">Doroth\u00e9e P<\/span><\/strong><\/p>\n<p><span style=\"color: #000000;\">Quelle belle exp\u00e9rience de travailler avec Helena pendant qu&#039;elle me scannait, puis elle <\/span><span style=\"color: #000000;\">m&#039;a donn\u00e9 des s\u00e9ances de th\u00e9rapie par biofeedback chaque semaine. C&#039;\u00e9tait fascinant de voir tous les organes<\/span><span style=\"color: #000000;\">dans mon corps et je regarde les changements sur l&#039;\u00e9cran chaque semaine. J&#039;ai ador\u00e9 voir les chiffres <\/span><span style=\"color: #000000;\">je suis descendu en sachant que mon corps r\u00e9pondait \u00e0 la th\u00e9rapie. Je savais aussi quand Helena \u00e9tait <\/span><span style=\"color: #000000;\">faire de la th\u00e9rapie \u00e0 distance\u00a0; la gu\u00e9rison quantique est quelque chose \u00e0 laquelle je suis ouvert et j&#039;ai d\u00e9couvert que je <\/span><span style=\"color: #000000;\">a r\u00e9pondu de la m\u00eame mani\u00e8re. Si vous respectez votre corps merci de r\u00e9server un cours, vous ne serez pas <\/span><span style=\"color: #000000;\">d\u00e9\u00e7u.<\/span><br \/>\n<strong><span style=\"color: #000000;\">Heidi E.<\/span><\/strong><\/p>\n<p><span style=\"color: #000000;\">Je suis venue \u00e0 Helena parce que j&#039;avais un probl\u00e8me avec mon syst\u00e8me digestif et une perte constante de <\/span><span style=\"color: #000000;\">\u00e9nergie apr\u00e8s avoir mang\u00e9. J&#039;ai r\u00e9serv\u00e9 un cours de six semaines et lors de la premi\u00e8re s\u00e9ance, il s&#039;est av\u00e9r\u00e9 que <\/span><span style=\"color: #000000;\">J&#039;ai une l\u00e9g\u00e8re gastrite et un faible taux de fer. Maintenant, apr\u00e8s le cours, je me sens beaucoup mieux et nous <\/span><span style=\"color: #000000;\">continuez \u00e0 y travailler deux fois par mois. <\/span><span style=\"color: #000000;\">Je peux recommander Helena sans aucun doute.<\/span><br \/>\n<strong><span style=\"color: #000000;\">Tatijana B.<\/span><\/strong><\/p>\n<p>&nbsp;<\/p>\n<p><strong><span style=\"color: #000000;\">Avis de non-responsabilit\u00e9 concernant les bio-feedbacks<\/span><\/strong><\/p>\n<p><span style=\"color: #000000;\">N&#039;est pas un dispositif m\u00e9dical. Il ne scanne ni n&#039;analyse le corps humain afin<\/span><br \/>\n<span style=\"color: #000000;\">pour aider un m\u00e9decin \u00e0 poser un diagnostic sur ses organes ou ses tissus. Il ne traite pas non plus une condition sp\u00e9cifique du corps physique.<\/span><br \/>\n<span style=\"color: #000000;\">Il s&#039;agit d&#039;un appareil de bio-feedback qui scanne et analyse l&#039;\u00e9nergie \u00e9lectromagn\u00e9tique dans le corps.<\/span><br \/>\n<span style=\"color: #000000;\">Il identifie les organes ou tissus pr\u00e9sentant un manque ou un exc\u00e8s d&#039;\u00e9nergie \u00e9lectromagn\u00e9tique. Il \u00e9met la quantit\u00e9 d&#039;\u00e9nergie EM qui r\u00e9tablira le bon \u00e9quilibre EM dans ces organes ou tissus.<\/span><br \/>\n<span style=\"color: #000000;\">Si vous estimez que votre sant\u00e9 physique n&#039;est pas optimale, veuillez consulter un m\u00e9decin ou vous r\u00e9f\u00e9rer \u00e0 votre sp\u00e9cialiste de la sant\u00e9.<\/span><\/p>\n<p style=\"text-align: center;\"><strong><span style=\"color: #000000;\">Renonciation aux consultations en mati\u00e8re de recherche et de formation sur le bien-\u00eatre et le bio-feedback<\/span><\/strong><\/p>\n<p><span style=\"color: #000000;\">1. Je comprends parfaitement que le technicien traitant n&#039;est pas un praticien allopathe (MD\/GP) et ne se pr\u00e9sente pas comme tel, mais est un consultant en bien-\u00eatre et un technicien en bio-feedback.<\/span><br \/>\n<span style=\"color: #000000;\">2. Je comprends parfaitement la diff\u00e9rence entre la pratique de la m\u00e9decine allopathique (conventionnelle), le conseil en bien-\u00eatre nutritionnel et le Bio-Feedback.<\/span><br \/>\n<span style=\"color: #000000;\">3. Je comprends parfaitement que les services fournis par le technicien traitant ne sont pas allopathiques, mais sont de nature strictement comportementale, de stress ou de Bio-feedback.<\/span><br \/>\n<span style=\"color: #000000;\">4. Je comprends parfaitement que le technicien traitant ex\u00e9cute ses services dans le cadre d&#039;un syst\u00e8me de soins de sant\u00e9 et de bien-\u00eatre naturel utilisant le bio-feedback et la r\u00e9duction du stress.<\/span><br \/>\n<span style=\"color: #000000;\">5. Je comprends parfaitement que le technicien traitant ne propose pas de m\u00e9dicaments allopathiques, de chirurgie, de stimulants chimiques, d&#039;\u00e9quilibrage de fr\u00e9quence de rayonnement ou tout autre traitement conventionnel. De plus, il\/elle ne diagnostique, ne traite ni ne prescrit de quelque mani\u00e8re que ce soit une maladie, un \u00e9tat ou une affection, et que mes param\u00e8tres de bien-\u00eatre et de stress sont mesur\u00e9s.<\/span><br \/>\n<span style=\"color: #000000;\">6. J&#039;ai sollicit\u00e9 les services du technicien Bio-Feedback pr\u00e9sent de bonne foi, en exer\u00e7ant mon libre arbitre et en suivant les pr\u00e9ceptes de ma propre conscience qui me permet de s\u00e9lectionner ce que je consid\u00e8re comme le plus b\u00e9n\u00e9fique pour ma sant\u00e9.<\/span><br \/>\n<span style=\"color: #000000;\">7. J&#039;exerce \u00e9galement mon libre arbitre en demandant \u00e0 cette entreprise et \u00e0 ce technicien leur avis sur des \u00e9l\u00e9ments et des situations susceptibles d&#039;acc\u00e9l\u00e9rer ma bonne sant\u00e9\u00a0; c&#039;est mon choix si j&#039;accepte d&#039;utiliser ou d&#039;appliquer l&#039;une de ces id\u00e9es ou suggestions \u00e0 tout moment.<\/span><br \/>\n<span style=\"color: #000000;\">8. Si je d\u00e9sire des services non fournis par le technicien Bio-Feedback pr\u00e9sent, ce qui est ma pr\u00e9rogative, je comprends parfaitement que je devrais les chercher ailleurs.<\/span><br \/>\n<span style=\"color: #000000;\">9. Je comprends parfaitement que les services fournis par le technicien traitant ne sont g\u00e9n\u00e9ralement pas accept\u00e9s et\/ou recommand\u00e9s par les m\u00e9decins allopathes (MD\/GP) ou d&#039;autres professionnels de la sant\u00e9 conventionnels.<\/span><br \/>\n<span style=\"color: #000000;\">10. Je comprends que le paiement est attendu au moment du service, sauf accord contraire avant mon scan.<\/span><\/p>","protected":false},"excerpt":{"rendered":"<p><span style=\"color: #000000;\"><strong>&nbsp;<\/strong><\/span><strong style=\"color: #000000;\"><img loading=\"lazy\" decoding=\"async\" class=\"alignright wp-image-10757\" src=\"https:\/\/laubeholistic.com\/wp-content\/uploads\/logo-300x250.png\" alt=\"\" width=\"188\" height=\"158\" srcset=\"https:\/\/laubeholistic.com\/wp-content\/uploads\/logo-300x250.png 300w, https:\/\/laubeholistic.com\/wp-content\/uploads\/logo-510x425.png 510w, https:\/\/laubeholistic.com\/wp-content\/uploads\/logo-1024x854.png 1024w, https:\/\/laubeholistic.com\/wp-content\/uploads\/logo-768x641.png 768w, https:\/\/laubeholistic.com\/wp-content\/uploads\/logo-14x12.png 14w, https:\/\/laubeholistic.com\/wp-content\/uploads\/logo.png 1181w\" sizes=\"auto, (max-width: 188px) 100vw, 188px\" \/><\/strong><span style=\"color: #000000;\"><strong>D\u00e9couvrez les bienfaits du Biofeedback pour r\u00e9\u00e9quilibrer les propres niveaux de fr\u00e9quence du corps pour une sant\u00e9 optimale.<\/strong><\/span><\/p>\n<p><span style=\"color: #000000;\"><strong>Nous aimerions vous pr\u00e9senter<\/strong><\/span><span style=\"color: #000000;\"><strong>&nbsp;une collaboration avec notre partenaire<\/strong><\/span><span style=\"color: #000000;\"><strong>&nbsp;\u00ab\u00a0Turningstones Biofeedback\u00a0\u00bb, avec les options disponibles suivantes\u00a0:<\/strong><\/span><\/p>","protected":false},"featured_media":10783,"comment_status":"closed","ping_status":"closed","template":"","meta":{"ngg_post_thumbnail":0},"product_brand":[],"product_cat":[331],"product_tag":[],"class_list":{"0":"post-10749","1":"product","2":"type-product","3":"status-publish","4":"has-post-thumbnail","6":"product_cat-services","8":"first","9":"instock","10":"taxable","11":"shipping-taxable","12":"purchasable","13":"product-type-variable"},"_links":{"self":[{"href":"https:\/\/laubeholistic.com\/fr\/wp-json\/wp\/v2\/product\/10749","targetHints":{"allow":["GET"]}}],"collection":[{"href":"https:\/\/laubeholistic.com\/fr\/wp-json\/wp\/v2\/product"}],"about":[{"href":"https:\/\/laubeholistic.com\/fr\/wp-json\/wp\/v2\/types\/product"}],"replies":[{"embeddable":true,"href":"https:\/\/laubeholistic.com\/fr\/wp-json\/wp\/v2\/comments?post=10749"}],"wp:featuredmedia":[{"embeddable":true,"href":"https:\/\/laubeholistic.com\/fr\/wp-json\/wp\/v2\/media\/10783"}],"wp:attachment":[{"href":"https:\/\/laubeholistic.com\/fr\/wp-json\/wp\/v2\/media?parent=10749"}],"wp:term":[{"taxonomy":"product_brand","embeddable":true,"href":"https:\/\/laubeholistic.com\/fr\/wp-json\/wp\/v2\/product_brand?post=10749"},{"taxonomy":"product_cat","embeddable":true,"href":"https:\/\/laubeholistic.com\/fr\/wp-json\/wp\/v2\/product_cat?post=10749"},{"taxonomy":"product_tag","embeddable":true,"href":"https:\/\/laubeholistic.com\/fr\/wp-json\/wp\/v2\/product_tag?post=10749"}],"curies":[{"name":"wp","href":"https:\/\/api.w.org\/{rel}","templated":true}]}}