{"id":10267,"date":"2022-07-29T16:41:55","date_gmt":"2022-07-29T16:41:55","guid":{"rendered":"https:\/\/laubeholistic.com\/?post_type=product&#038;p=10267"},"modified":"2023-08-02T16:16:02","modified_gmt":"2023-08-02T16:16:02","slug":"anti-radiation-mobile-case","status":"publish","type":"product","link":"https:\/\/laubeholistic.com\/fr\/shop\/anti-radiation-mobile-case\/","title":{"rendered":"\u00c9tui mobile anti-rayonnement"},"content":{"rendered":"<p><span style=\"color: #282828;\"><span style=\"color: #000000;\">L&#039;\u00e9tui mobile anti-rayonnement peut r\u00e9duire jusqu&#039;\u00e0 95% de rayonnement \u00e9mis par votre t\u00e9l\u00e9phone mobile.<\/span><br \/>\n<\/span><\/p>\n<p><span style=\"color: #000000;\"><strong>Mat\u00e9riel<\/strong>: Coton, 10% Cuivre\/Argent<\/span><\/p>\n<p><span style=\"color: #000000;\"><strong>Se soucier<\/strong>: lavage \u00e0 la main \u00e0 l&#039;eau froide. Lavage en machine : d\u00e9licat\/froid ou 30 degr\u00e9s Celsius max\/pas d\u2019essorage. Utilisez des d\u00e9tergents sans adoucissants ni enzymes. N&#039;utilisez pas de produits chimiques. Ne pas s\u00e9cher en machine. Ne pas javelliser. Repasser \u00e0 froid sans vapeur.<\/span><\/p>\n<p><span style=\"color: #000000;\"><strong>Test<\/strong>: Test Oeko 100 Classe 1STR, Institut suisse de recherche textile, Universit\u00e9 de l&#039;Arm\u00e9e, Munich, Allemagne<\/span><\/p>\n<p><span style=\"color: #000000;\"><strong>CERTIFI\u00c9 OEKO-TEX 100<\/strong>: Les tissus Swiss Shield sont certifi\u00e9s Oeko-Tex 100, ce qui signifie qu&#039;il s&#039;agit des tissus d&#039;armure de la plus haute qualit\u00e9 et les plus respectueux de l&#039;environnement disponibles. Le certificat Oeko-Tex confirme que les tissus Swiss Shield ont \u00e9t\u00e9 soumis \u00e0 des tests rigoureux et ont r\u00e9ussi le test de substances nocives.<\/span><\/p>\n<h2><span style=\"color: #000000;\">La vid\u00e9o suivante montre comment le rayonnement d\u2019un t\u00e9l\u00e9phone portable est consid\u00e9rablement r\u00e9duit lorsque nous pla\u00e7ons l\u2019un de nos \u2013<strong>\u00c9tuis mobiles anti-rayonnement-<\/strong> devant lui. Nous l&#039;avons mesur\u00e9 et d\u00e9montr\u00e9 ici avec un compteur RF \u00e0 large bande.<\/span><\/h2>\n<div style=\"width: 352px;\" class=\"wp-video\"><video class=\"wp-video-shortcode\" id=\"video-10267-1\" width=\"352\" height=\"640\" preload=\"metadata\" controls=\"controls\"><source type=\"video\/mp4\" src=\"https:\/\/laubeholistic.com\/wp-content\/uploads\/Anti-5G-Phone-Bag-A-25S-Video-Funda-Moevil.m4v?_=1\" \/><a href=\"https:\/\/laubeholistic.com\/wp-content\/uploads\/Anti-5G-Phone-Bag-A-25S-Video-Funda-Moevil.m4v\">https:\/\/laubeholistic.com\/wp-content\/uploads\/Anti-5G-Phone-Bag-A-25S-Video-Funda-Moevil.m4v<\/a><\/video><\/div>\n<div style=\"position: static !important;\">&nbsp;<\/div>","protected":false},"excerpt":{"rendered":"<p><span style=\"color: #000000;\">Une coque de t\u00e9l\u00e9phone puissante doubl\u00e9e d&#039;un tissu en fil d&#039;argent pour prot\u00e9ger <\/span><span style=\"color: #282828;\"><span style=\"color: #000000;\">le corps des radiations \u00e9mises par votre t\u00e9l\u00e9phone portable. (3G, 4G, 5G)<\/span><\/span><\/p>\n<p><span style=\"color: #000000;\">Boucliers \u00e9mis le rayonnement du t\u00e9l\u00e9phone mobile par 90%-95%<\/span><\/p>\n<p>&nbsp;<\/p>\n<p>&nbsp;<\/p>","protected":false},"featured_media":11014,"comment_status":"open","ping_status":"closed","template":"","meta":{"ngg_post_thumbnail":0},"product_brand":[],"product_cat":[330],"product_tag":[312,311,310,313],"class_list":{"0":"post-10267","1":"product","2":"type-product","3":"status-publish","4":"has-post-thumbnail","6":"product_cat-accessories","7":"product_tag-anti-4g","8":"product_tag-anti-5g","9":"product_tag-anti-radiation-phone-case","10":"product_tag-radiation-protection","12":"first","13":"outofstock","14":"taxable","15":"shipping-taxable","16":"purchasable","17":"product-type-variable"},"_links":{"self":[{"href":"https:\/\/laubeholistic.com\/fr\/wp-json\/wp\/v2\/product\/10267","targetHints":{"allow":["GET"]}}],"collection":[{"href":"https:\/\/laubeholistic.com\/fr\/wp-json\/wp\/v2\/product"}],"about":[{"href":"https:\/\/laubeholistic.com\/fr\/wp-json\/wp\/v2\/types\/product"}],"replies":[{"embeddable":true,"href":"https:\/\/laubeholistic.com\/fr\/wp-json\/wp\/v2\/comments?post=10267"}],"wp:featuredmedia":[{"embeddable":true,"href":"https:\/\/laubeholistic.com\/fr\/wp-json\/wp\/v2\/media\/11014"}],"wp:attachment":[{"href":"https:\/\/laubeholistic.com\/fr\/wp-json\/wp\/v2\/media?parent=10267"}],"wp:term":[{"taxonomy":"product_brand","embeddable":true,"href":"https:\/\/laubeholistic.com\/fr\/wp-json\/wp\/v2\/product_brand?post=10267"},{"taxonomy":"product_cat","embeddable":true,"href":"https:\/\/laubeholistic.com\/fr\/wp-json\/wp\/v2\/product_cat?post=10267"},{"taxonomy":"product_tag","embeddable":true,"href":"https:\/\/laubeholistic.com\/fr\/wp-json\/wp\/v2\/product_tag?post=10267"}],"curies":[{"name":"wp","href":"https:\/\/api.w.org\/{rel}","templated":true}]}}