{"id":10257,"date":"2022-04-07T12:29:05","date_gmt":"2022-04-07T12:29:05","guid":{"rendered":"https:\/\/laubeholistic.com\/?post_type=product&#038;p=10257"},"modified":"2026-03-03T14:42:13","modified_gmt":"2026-03-03T14:42:13","slug":"lavenderroll","status":"publish","type":"product","link":"https:\/\/laubeholistic.com\/fr\/shop\/lavenderroll\/","title":{"rendered":"LavandeRoll (huile essentielle)"},"content":{"rendered":"<h1>LavenderRoll (Huile essentielle de Lavande)<\/h1>\n<p><span style=\"color: #000000;\">Avant de dormir, appliquez une petite quantit\u00e9 sur la paume des deux mains et sur la plante des pieds. Laisser s\u00e9cher. Se d\u00e9tendre.<\/span><\/p>\n<p><span style=\"color: #000000;\">L&#039;inhalation d&#039;huile essentielle de lavande pure peut aider \u00e0 soulager la douleur.<\/span><\/p>\n<p><span style=\"color: #000000;\">AVERTISSEMENT\u00a0: Pour usage topique. Ne pas appliquer sur une peau craquel\u00e9e ou irrit\u00e9e. <\/span><span style=\"color: #000000;\">Ne pas utiliser sur les enfants ou les animaux. Si vous ressentez une hypersensibilit\u00e9 cutan\u00e9e, arr\u00eatez d&#039;utiliser le produit. Si vous \u00eates enceinte, allaitez, prenez des m\u00e9dicaments ou avez un probl\u00e8me de sant\u00e9, consultez votre m\u00e9decin avant de l&#039;utiliser. Tenir hors de port\u00e9e des enfants. Ne mettez pas d&#039;huile dans vos yeux.<\/span><\/p>","protected":false},"excerpt":{"rendered":"<p><span style=\"color: #000000;\">15 ml \/0,50 once liquide<\/span><\/p>\n<p><span style=\"color: #000000;\">Huile essentielle de lavande pure de la plus haute qualit\u00e9<\/span><\/p>\n<p><span style=\"color: #000000;\">V\u00e9g\u00e9talien. Non test\u00e9 sur les animaux<\/span><\/p>\n<p><span style=\"color: #000000;\">Application simple et pratique au roller<\/span><\/p>","protected":false},"featured_media":10720,"comment_status":"open","ping_status":"closed","template":"","meta":{"ngg_post_thumbnail":0},"product_brand":[],"product_cat":[329],"product_tag":[],"class_list":{"0":"post-10257","1":"product","2":"type-product","3":"status-publish","4":"has-post-thumbnail","6":"product_cat-remedy-supplements","8":"first","9":"instock","10":"taxable","11":"shipping-taxable","12":"purchasable","13":"product-type-simple"},"_links":{"self":[{"href":"https:\/\/laubeholistic.com\/fr\/wp-json\/wp\/v2\/product\/10257","targetHints":{"allow":["GET"]}}],"collection":[{"href":"https:\/\/laubeholistic.com\/fr\/wp-json\/wp\/v2\/product"}],"about":[{"href":"https:\/\/laubeholistic.com\/fr\/wp-json\/wp\/v2\/types\/product"}],"replies":[{"embeddable":true,"href":"https:\/\/laubeholistic.com\/fr\/wp-json\/wp\/v2\/comments?post=10257"}],"wp:featuredmedia":[{"embeddable":true,"href":"https:\/\/laubeholistic.com\/fr\/wp-json\/wp\/v2\/media\/10720"}],"wp:attachment":[{"href":"https:\/\/laubeholistic.com\/fr\/wp-json\/wp\/v2\/media?parent=10257"}],"wp:term":[{"taxonomy":"product_brand","embeddable":true,"href":"https:\/\/laubeholistic.com\/fr\/wp-json\/wp\/v2\/product_brand?post=10257"},{"taxonomy":"product_cat","embeddable":true,"href":"https:\/\/laubeholistic.com\/fr\/wp-json\/wp\/v2\/product_cat?post=10257"},{"taxonomy":"product_tag","embeddable":true,"href":"https:\/\/laubeholistic.com\/fr\/wp-json\/wp\/v2\/product_tag?post=10257"}],"curies":[{"name":"wp","href":"https:\/\/api.w.org\/{rel}","templated":true}]}}