{"id":7386,"date":"2021-03-24T00:27:24","date_gmt":"2021-03-24T00:27:24","guid":{"rendered":"https:\/\/laubeholistic.com\/?page_id=7386"},"modified":"2025-03-12T16:09:12","modified_gmt":"2025-03-12T16:09:12","slug":"affiliation-programs","status":"publish","type":"page","link":"https:\/\/laubeholistic.com\/fr\/affiliation-programs\/","title":{"rendered":"Programmes d&#039;affiliation"},"content":{"rendered":"<h1 style=\"text-align: center;\"><span style=\"color: #000000;\">Programmes d&#039;affiliation<\/span><\/h1>\n<h3><span style=\"color: #000000;\">Affiliation personnelle<\/span><\/h3>\n<p><span style=\"color: #000000;\">Nous appr\u00e9cions tous nos clients et nous appr\u00e9cions ceux qui nous promeuvent et nous recommandent, en faisant conna\u00eetre et en faisant conna\u00eetre les avantages de nos produits.<\/span><br \/>\n<span style=\"color: #000000;\">Notre Affiliation Personnelle offre un bonus de 20% du prix total d&#039;achat en r\u00e9compense de vos ventes. Si vous souhaitez nous rejoindre en tant qu&#039;affili\u00e9, vous recevrez un lien personnel exclusif, directement vers notre boutique en ligne, o\u00f9 vous pourrez commencer \u00e0 gagner votre bonus 20%. Votre commission sera calcul\u00e9e et pay\u00e9e mensuellement par virement bancaire.<\/span><\/p>\n<h3><span style=\"color: #000000;\">Affiliation en gros<\/span><\/h3>\n<p><span style=\"color: #000000;\">Il s\u2019agit d\u2019une opportunit\u00e9 incroyable pour les d\u00e9taillants. Nous offrons une remise de 35% pour les achats en gros, \u00e0 partir d&#039;un achat minimum de 20 produits. Il existe un potentiel d&#039;augmentation des remises en gros, en fonction du volume d&#039;achats que vous envisagez d&#039;effectuer. Nous serons heureux de discuter de votre \u00e9ventuelle augmentation de bonus sur une base individuelle.<\/span><\/p>\n<h3><span style=\"color: #000000;\">Livraison directe en marque blanche<\/span><\/h3>\n<p><span style=\"color: #000000;\">Nous proposons le dropshipping en marque blanche et appr\u00e9cions les opportunit\u00e9s de travailler avec vous pour permettre \u00e0 vos clients de profiter de nos produits sous votre marque. Permettez-nous de vous lib\u00e9rer de la logistique de fabrication et d\u2019exp\u00e9dition et, \u00e0 la place, de vous donner le temps de commercialiser vos produits et de r\u00e9colter les fruits de chaque vente.<\/span><br \/>\n<span style=\"color: #000000;\">Nous savons qu&#039;il existe une demande mondiale croissante pour nos produits. Nous avons une collaboration \u00e9tablie en marque blanche avec une organisation du Moyen-Orient qui b\u00e9n\u00e9ficie de la possibilit\u00e9 de commercialiser ses produits sans tracas et de nous confier la fabrication, l&#039;\u00e9tiquetage et l&#039;exp\u00e9dition.<\/span><br \/>\n<span style=\"color: #000000;\">Nous proposons un code de r\u00e9duction 30% utilisable contre tout achat. Votre client vous paie de la mani\u00e8re habituelle. Vous passez ensuite la commande sur notre site Internet en indiquant l&#039;adresse de destination. Au moment du paiement, vous entrerez votre code de r\u00e9duction qui appliquera automatiquement la r\u00e9duction 30%. Laissez-nous le reste. Nous exp\u00e9dierons les produits directement \u00e0 votre client.<\/span><br \/>\n<span style=\"color: #000000;\">Afin de maintenir la qualit\u00e9, nous exigeons que la conception de votre \u00e9tiquette soit conforme aux dimensions sp\u00e9cifiques de nos produits. Nous travaillons avec une imprimerie de confiance qui produit des impressions vinyles de haute qualit\u00e9. Vos \u00e9tiquettes seront pay\u00e9es par votre organisation et achet\u00e9es par nous, en votre nom. Vos \u00e9tiquettes de marque seront appliqu\u00e9es sur nos produits et seront exp\u00e9di\u00e9es \u00e0 vos clients d\u00e8s r\u00e9ception de votre paiement et des d\u00e9tails de votre commande.<\/span><br \/>\n<span style=\"color: #000000;\">Alternativement, si vous souhaitez vous procurer vos propres \u00e9tiquettes, celles-ci peuvent nous \u00eatre envoy\u00e9es par la poste et nous les appliquerons sur les produits avant d&#039;emballer et d&#039;exp\u00e9dier la commande.<\/span><\/p>\n<h3><span style=\"color: #000000;\">Si vous souhaitez plus d\u2019informations ou si vous souhaitez profiter de l\u2019une de ces opportunit\u00e9s passionnantes, nous serions ravis de vous entendre\u00a0:<\/span><\/h3>\n<h3><span style=\"color: #000000;\">E-mail<\/span>: info@laubeholistic.com <span style=\"color: #000000;\">Veuillez utiliser le titre \u00ab\u00a0Affiliation\u00a0\u00bb<\/span><\/h3>","protected":false},"excerpt":{"rendered":"<p>Affiliation Programs Personal Affiliation We value all our clients and we appreciate those who promote and recommend us, spreading the awareness and benefits of our products. Our Personal Affiliation offers a bonus of 20% of the total purchase price as reward for your sales. If you would like to join us as an affiliate, you [&#8230;]\n","protected":false},"author":34,"featured_media":0,"parent":0,"menu_order":0,"comment_status":"closed","ping_status":"closed","template":"","meta":{"ngg_post_thumbnail":0,"footnotes":""},"class_list":["post-7386","page","type-page","status-publish","hentry"],"_links":{"self":[{"href":"https:\/\/laubeholistic.com\/fr\/wp-json\/wp\/v2\/pages\/7386","targetHints":{"allow":["GET"]}}],"collection":[{"href":"https:\/\/laubeholistic.com\/fr\/wp-json\/wp\/v2\/pages"}],"about":[{"href":"https:\/\/laubeholistic.com\/fr\/wp-json\/wp\/v2\/types\/page"}],"author":[{"embeddable":true,"href":"https:\/\/laubeholistic.com\/fr\/wp-json\/wp\/v2\/users\/34"}],"replies":[{"embeddable":true,"href":"https:\/\/laubeholistic.com\/fr\/wp-json\/wp\/v2\/comments?post=7386"}],"version-history":[{"count":11,"href":"https:\/\/laubeholistic.com\/fr\/wp-json\/wp\/v2\/pages\/7386\/revisions"}],"predecessor-version":[{"id":16055,"href":"https:\/\/laubeholistic.com\/fr\/wp-json\/wp\/v2\/pages\/7386\/revisions\/16055"}],"wp:attachment":[{"href":"https:\/\/laubeholistic.com\/fr\/wp-json\/wp\/v2\/media?parent=7386"}],"curies":[{"name":"wp","href":"https:\/\/api.w.org\/{rel}","templated":true}]}}