{"id":7230,"date":"2021-03-04T10:17:43","date_gmt":"2021-03-04T10:17:43","guid":{"rendered":"https:\/\/laubeholistic.com\/?page_id=7230"},"modified":"2021-03-04T11:05:28","modified_gmt":"2021-03-04T11:05:28","slug":"how-to-order","status":"publish","type":"page","link":"https:\/\/laubeholistic.com\/fr\/how-to-order\/","title":{"rendered":"Comment commander"},"content":{"rendered":"<h3>Proc\u00e9dure de commande<\/h3>\n<p>Si vous souhaitez passer une commande, proc\u00e9dez comme suit\u00a0:<\/p>\n<h3>\u00c9tape 1<\/h3>\n<p>Placer le <a href=\"https:\/\/laubeholistic.com\/fr\/shop\/\" target=\"_blank\" rel=\"noopener\">DES PRODUITS <\/a>dans le panier. Les prix indiqu\u00e9s sur le site incluent la TVA.<br \/>\nVeuillez faire attention au fait que les ensembles sont livr\u00e9s \u00e0 prix r\u00e9duit par rapport \u00e0 si vous commandez les m\u00eames produits s\u00e9par\u00e9ment.<br \/>\nNous proposons \u00e9galement des prix r\u00e9duits pour les ensembles 3x et 5x.<br \/>\n<img loading=\"lazy\" decoding=\"async\" class=\"aligncenter wp-image-7234 size-full\" src=\"https:\/\/laubeholistic.com\/wp-content\/uploads\/add_to_cart.png\" alt=\"\" width=\"647\" height=\"162\" srcset=\"https:\/\/laubeholistic.com\/wp-content\/uploads\/add_to_cart.png 647w, https:\/\/laubeholistic.com\/wp-content\/uploads\/add_to_cart-300x75.png 300w, https:\/\/laubeholistic.com\/wp-content\/uploads\/add_to_cart-16x4.png 16w, https:\/\/laubeholistic.com\/wp-content\/uploads\/add_to_cart-510x128.png 510w\" sizes=\"auto, (max-width: 647px) 100vw, 647px\" \/><\/p>\n<h3>\u00c9tape 2<\/h3>\n<p>D\u00e8s que vous avez ajout\u00e9 les produits, rendez-vous dans le panier et choisissez \u00ab passer \u00e0 la caisse \u00bb.<br \/>\n<img loading=\"lazy\" decoding=\"async\" class=\"aligncenter wp-image-7235 size-large\" src=\"https:\/\/laubeholistic.com\/wp-content\/uploads\/proceed-to-checkout-1024x407.png\" alt=\"\" width=\"1020\" height=\"405\" srcset=\"https:\/\/laubeholistic.com\/wp-content\/uploads\/proceed-to-checkout-1024x407.png 1024w, https:\/\/laubeholistic.com\/wp-content\/uploads\/proceed-to-checkout-300x119.png 300w, https:\/\/laubeholistic.com\/wp-content\/uploads\/proceed-to-checkout-768x305.png 768w, https:\/\/laubeholistic.com\/wp-content\/uploads\/proceed-to-checkout-16x6.png 16w, https:\/\/laubeholistic.com\/wp-content\/uploads\/proceed-to-checkout-510x203.png 510w, https:\/\/laubeholistic.com\/wp-content\/uploads\/proceed-to-checkout.png 1088w\" sizes=\"auto, (max-width: 1020px) 100vw, 1020px\" \/><\/p>\n<h3>\u00c9tape 3<\/h3>\n<p>Vous serez maintenant redirig\u00e9 vers un nouvel \u00e9cran o\u00f9 vous pourrez saisir vos coordonn\u00e9es et vos informations de livraison.<\/p>\n<ol>\n<li>choisis ton pays<\/li>\n<li>\u00e9cris le code postal<\/li>\n<li>Choisissez une m\u00e9thode de paiement<\/li>\n<li>v\u00e9rifiez votre commande<\/li>\n<\/ol>\n<p><img loading=\"lazy\" decoding=\"async\" class=\"aligncenter wp-image-7236 size-large\" style=\"color: #555555; font-size: 14.4px;\" src=\"https:\/\/laubeholistic.com\/wp-content\/uploads\/order-1024x729.png\" alt=\"\" width=\"1020\" height=\"726\" srcset=\"https:\/\/laubeholistic.com\/wp-content\/uploads\/order-1024x729.png 1024w, https:\/\/laubeholistic.com\/wp-content\/uploads\/order-300x213.png 300w, https:\/\/laubeholistic.com\/wp-content\/uploads\/order-768x547.png 768w, https:\/\/laubeholistic.com\/wp-content\/uploads\/order-16x12.png 16w, https:\/\/laubeholistic.com\/wp-content\/uploads\/order-510x363.png 510w, https:\/\/laubeholistic.com\/wp-content\/uploads\/order.png 1082w\" sizes=\"auto, (max-width: 1020px) 100vw, 1020px\" \/><\/p>\n<p>Lorsque vous acceptez la commande et les conditions g\u00e9n\u00e9rales, cliquez sur \u00ab J&#039;accepte les conditions g\u00e9n\u00e9rales du site \u00bb et appuyez sur le bouton \u00ab passer la commande \u00bb.<\/p>\n<p>Ensuite, vous passerez par le processus de paiement. Assurez-vous que vous pouvez toujours annuler votre commande jusqu&#039;au dernier moment. La pr\u00e9paration de la commande prend de 2 \u00e0 3 jours, pendant ce d\u00e9lai vous pouvez demander un remboursement int\u00e9gral et annuler votre commande.<\/p>\n<h3><b>Veuillez noter qu&#039;une fois votre commande exp\u00e9di\u00e9e, nous ne pouvons ni annuler ni annuler l&#039;exp\u00e9dition.<\/b><\/h3>\n<p>Nous vous conseillons de nous contacter au plus vite afin que la marchandise ne soit pas exp\u00e9di\u00e9e en cas de changement d&#039;avis. D\u00e8s que votre commande sera pass\u00e9e, nous ferons tout notre possible pour vous livrer votre marchandise dans les plus brefs d\u00e9lais.<\/p>","protected":false},"excerpt":{"rendered":"<p>Ordering procedure If you want to place an order, you proceed the following steps: Step 1 Place the PRODUCTS in the shopping cart. The prices shown on the website include VAT. Please pay attention that Sets comes discounted than if you order separate same products. We also have discounted prices for 3x and 5x sets. [&#8230;]\n","protected":false},"author":34,"featured_media":0,"parent":0,"menu_order":0,"comment_status":"closed","ping_status":"closed","template":"","meta":{"ngg_post_thumbnail":0,"footnotes":""},"class_list":["post-7230","page","type-page","status-publish","hentry"],"_links":{"self":[{"href":"https:\/\/laubeholistic.com\/fr\/wp-json\/wp\/v2\/pages\/7230","targetHints":{"allow":["GET"]}}],"collection":[{"href":"https:\/\/laubeholistic.com\/fr\/wp-json\/wp\/v2\/pages"}],"about":[{"href":"https:\/\/laubeholistic.com\/fr\/wp-json\/wp\/v2\/types\/page"}],"author":[{"embeddable":true,"href":"https:\/\/laubeholistic.com\/fr\/wp-json\/wp\/v2\/users\/34"}],"replies":[{"embeddable":true,"href":"https:\/\/laubeholistic.com\/fr\/wp-json\/wp\/v2\/comments?post=7230"}],"version-history":[{"count":7,"href":"https:\/\/laubeholistic.com\/fr\/wp-json\/wp\/v2\/pages\/7230\/revisions"}],"predecessor-version":[{"id":7241,"href":"https:\/\/laubeholistic.com\/fr\/wp-json\/wp\/v2\/pages\/7230\/revisions\/7241"}],"wp:attachment":[{"href":"https:\/\/laubeholistic.com\/fr\/wp-json\/wp\/v2\/media?parent=7230"}],"curies":[{"name":"wp","href":"https:\/\/api.w.org\/{rel}","templated":true}]}}