{"id":7178,"date":"2021-02-23T23:09:48","date_gmt":"2021-02-23T23:09:48","guid":{"rendered":"https:\/\/laubeholistic.com\/?page_id=7178"},"modified":"2023-04-24T14:42:19","modified_gmt":"2023-04-24T14:42:19","slug":"about","status":"publish","type":"page","link":"https:\/\/laubeholistic.com\/fr\/about\/","title":{"rendered":"\u00c0 propos de nous"},"content":{"rendered":"<h3>\u00c0 propos de nous<\/h3>\n<p>D\u00e9but 2008, j&#039;ai entendu mon p\u00e8re parler au t\u00e9l\u00e9phone avec un de ses coll\u00e8gues de travail. Mon p\u00e8re semblait surpris et \u00e9merveill\u00e9 par la conversation. Je ne pouvais manquer d&#039;\u00eatre intrigu\u00e9, surtout lorsque j&#039;entendais mon p\u00e8re dire \u00ab et elle vient de se lever du fauteuil roulant apr\u00e8s SEULEMENT SEPT JOURS ? suivi de &quot;Mon Dieu\u2026 je n&#039;arrive pas \u00e0 y croire&quot;<\/p>\n<p>Je me souviens clairement de ce moment. C&#039;est imprim\u00e9 dans ma m\u00e9moire.<\/p>\n<p>Suite \u00e0 cet appel t\u00e9l\u00e9phonique r\u00e9volutionnaire, mon p\u00e8re m&#039;a demand\u00e9 de l&#039;aider \u00e0 acheter en ligne un livre en particulier qui lui avait \u00e9t\u00e9 recommand\u00e9 lors de son m\u00e9morable appel t\u00e9l\u00e9phonique. Le livre parlait d&#039;un homme qui \u00e9tait tomb\u00e9 sur une d\u00e9couverte qui a chang\u00e9 la donne. Il avait utilis\u00e9 son traitement pour gu\u00e9rir compl\u00e8tement quelqu&#039;un de l&#039;un des plus grands tueurs. Le tueur s&#039;appelle le paludisme.<\/p>\n<p>Le coll\u00e8gue de travail avec qui mon p\u00e8re a parl\u00e9 au t\u00e9l\u00e9phone ne souffrait pas de paludisme. La conversation portait en fait sur sa femme. Pendant de nombreuses ann\u00e9es, elle a \u00e9t\u00e9 confin\u00e9e dans un fauteuil roulant, souffrant d&#039;arthrite chronique. Le coll\u00e8gue de travail avait entendu parler d&#039;un homme qui avait d\u00e9couvert un traitement tr\u00e8s efficace et abordable pour diverses maladies. Le coll\u00e8gue de travail a achet\u00e9 une partie de ce rem\u00e8de et l&#039;a utilis\u00e9 pour soigner sa femme. Comme vous l\u2019avez peut-\u00eatre d\u00e9j\u00e0 devin\u00e9, le traitement a fonctionn\u00e9. Apr\u00e8s seulement sept jours, sa femme \u00e9tait capable de se lever et de s&#039;\u00e9loigner de son fauteuil roulant.<\/p>\n<p>Apr\u00e8s que mon p\u00e8re ait re\u00e7u le livre et l\u2019ait lu, j\u2019\u00e9tais d\u00e9termin\u00e9 \u00e0 le lire aussi. Je voulais en savoir plus.<\/p>\n<p>J&#039;ai lu le livre en trois jours. Le r\u00e9sultat de cette p\u00e9riode a \u00e9t\u00e9 la naissance d\u2019une motivation et d\u2019un dynamisme en moi. Je me sentais oblig\u00e9 de parler au plus grand nombre des d\u00e9couvertes de l&#039;auteur. Son nom \u00e9tait Jim Humble. Je voulais que les autres sachent comment, sans d\u00e9penser beaucoup d\u2019argent, ils pouvaient se soigner efficacement et en toute s\u00e9curit\u00e9. Ils pourraient m\u00eame sauver leur vie ou celle d\u2019un proche !<\/p>\n<p>Au cours des ann\u00e9es suivantes, d\u2019innombrables heures d\u2019apprentissage et de recherche ont conduit au d\u00e9veloppement de plusieurs autres traitements et solutions qui changeront la vie, tous propos\u00e9s sur le site Web que vous consultez actuellement.<\/p>\n<p>\u00c0 ce jour, nos produits et nos conseils ont aid\u00e9 des milliers de personnes \u00e0 se remettre de maladies graves, voire mortelles, et \u00e0 am\u00e9liorer leur sant\u00e9 et leur bien-\u00eatre.<\/p>\n<p>Et nous sommes loin de nous arr\u00eater !<\/p>\n<p>Ne vous y trompez pas, tout le monde n\u2019approuve pas le fait d\u2019aider les autres de la mani\u00e8re d\u00e9crite ci-dessus. Il existe des individus et des organisations qui ont des objectifs diff\u00e9rents en ce qui concerne la sant\u00e9 des autres. Cependant, nous avons une philosophie tr\u00e8s positive. Si vous en avez marre d&#039;\u00eatre malade, et peut-\u00eatre m\u00eame que vous avez abandonn\u00e9 la m\u00e9decine moderne conventionnelle, nous pourrons peut-\u00eatre vous donner un troisi\u00e8me avis \ud83d\ude09<\/p>\n<h3>Merci de votre int\u00e9r\u00eat pour The Laube Holistic Health Solutions. N&#039;h\u00e9sitez pas \u00e0 nous contacter si vous avez besoin de plus d&#039;informations ou de conseils.<\/h3>\n<h3>Tobias Laube<\/h3>","protected":false},"excerpt":{"rendered":"<p>About us At the beginning of 2008, I overheard my father talking on the phone with one of his work colleagues. My father seemed surprised and amazed by the conversation. I couldn\u2019t fail to be intrigued, particularly when I heard my father say \u201cand she just got up from the wheelchair after ONLY SEVEN DAYS?\u201d [&#8230;]\n","protected":false},"author":34,"featured_media":0,"parent":0,"menu_order":0,"comment_status":"closed","ping_status":"closed","template":"","meta":{"ngg_post_thumbnail":0,"footnotes":""},"class_list":["post-7178","page","type-page","status-publish","hentry"],"_links":{"self":[{"href":"https:\/\/laubeholistic.com\/fr\/wp-json\/wp\/v2\/pages\/7178","targetHints":{"allow":["GET"]}}],"collection":[{"href":"https:\/\/laubeholistic.com\/fr\/wp-json\/wp\/v2\/pages"}],"about":[{"href":"https:\/\/laubeholistic.com\/fr\/wp-json\/wp\/v2\/types\/page"}],"author":[{"embeddable":true,"href":"https:\/\/laubeholistic.com\/fr\/wp-json\/wp\/v2\/users\/34"}],"replies":[{"embeddable":true,"href":"https:\/\/laubeholistic.com\/fr\/wp-json\/wp\/v2\/comments?post=7178"}],"version-history":[{"count":7,"href":"https:\/\/laubeholistic.com\/fr\/wp-json\/wp\/v2\/pages\/7178\/revisions"}],"predecessor-version":[{"id":12356,"href":"https:\/\/laubeholistic.com\/fr\/wp-json\/wp\/v2\/pages\/7178\/revisions\/12356"}],"wp:attachment":[{"href":"https:\/\/laubeholistic.com\/fr\/wp-json\/wp\/v2\/media?parent=7178"}],"curies":[{"name":"wp","href":"https:\/\/api.w.org\/{rel}","templated":true}]}}