{"id":679,"date":"2014-09-15T14:47:20","date_gmt":"2014-03-03T17:32:07","guid":{"rendered":"https:\/\/laubeholistic.com\/?page_id=679"},"modified":"2022-04-05T12:13:20","modified_gmt":"2022-04-05T12:13:20","slug":"purifying-water","status":"publish","type":"page","link":"https:\/\/laubeholistic.com\/fr\/purifying-water\/","title":{"rendered":"Purification de l&#039;eau"},"content":{"rendered":"<p><strong><span style=\"font-size: x-large;\">Le <\/span><\/strong><strong><span style=\"font-size: x-large;\"><em>\u00ab\u00a0Kit d&#039;eau pure\u00a0\u00bb<\/em><\/span><\/strong> \u2013 qui produit <span style=\"font-size: large;\"><strong>\u2013 Dioxyde de chlore- <\/strong><\/span><span style=\"font-size: large;\"><strong>est le meilleur produit chimique de purification de l\u2019eau connu<\/strong><\/span> et est extr\u00eamement utile lorsque vous voyagez dans des pays \u00e9trangers ou m\u00eame partout aux \u00c9tats-Unis o\u00f9 la purification de l&#039;eau est peut-\u00eatre n\u00e9cessaire.<\/p>\n<a class=\"maxbutton-3 maxbutton maxbutton-pure-water-kit-button\" href=\"http:\/\/laubeholistic.com\/fr\/shop\/ams-pure-water-kit-the-water-purification-solution\/\"><span class='mb-text'>Aller au produit<\/span><\/a>\n<p><strong>Le &quot;<em>Kit d&#039;eau pure<\/em>&quot; est un ensemble petit et pratique de deux bouteilles qui tiennent dans chaque sac et chaque poche, et constitue le moyen le plus s\u00fbr et le plus efficace de purifier l&#039;eau pour la rendre potable.<\/strong><\/p>\n<p><span style=\"text-decoration: underline;\">Comment le <span style=\"font-size: large;\">&quot;<strong><span style=\"font-size: medium;\">Kit d&#039;eau pure<\/span><\/strong>\u00bb<\/span>&nbsp; <strong><span style=\"font-size: x-large;\">T&#039;aider<\/span><\/strong> et m\u00eame <strong><span style=\"font-size: x-large;\">SAUVEGARDER<\/span><\/strong> ta vie?<\/span><a href=\"https:\/\/laubeholistic.com\/wp-content\/uploads\/2014\/03\/SuperStock_1758R-3706.jpg\"><img loading=\"lazy\" decoding=\"async\" class=\"wp-image-681 alignright\" src=\"https:\/\/laubeholistic.com\/wp-content\/uploads\/2014\/03\/SuperStock_1758R-3706-300x300.jpg\" alt=\"Man drinking water from river with skeleton kneeling beside him\" width=\"192\" height=\"192\" srcset=\"https:\/\/laubeholistic.com\/wp-content\/uploads\/2014\/03\/SuperStock_1758R-3706-300x300.jpg 300w, https:\/\/laubeholistic.com\/wp-content\/uploads\/2014\/03\/SuperStock_1758R-3706-100x100.jpg 100w, https:\/\/laubeholistic.com\/wp-content\/uploads\/2014\/03\/SuperStock_1758R-3706-150x150.jpg 150w, https:\/\/laubeholistic.com\/wp-content\/uploads\/2014\/03\/SuperStock_1758R-3706.jpg 350w\" sizes=\"auto, (max-width: 192px) 100vw, 192px\" \/><\/a><\/p>\n<p>Eh bien, si vous voulez sortir dans la nature, faire du camping dans les for\u00eats ou voyager dans des r\u00e9gions du monde o\u00f9 vous ne pouvez pas compter sur de l&#039;eau potable, vous voulez que l&#039;assurance rende l&#039;eau salubre et potable pour vous et ne finisse pas par avec un parasite ou une bact\u00e9rie dangereuse.<\/p>\n<p>Qu&#039;il s&#039;agisse de loisirs ou d&#039;exploration de la nature, lorsqu&#039;il s&#039;agit de boire de l&#039;eau, vous voulez \u00eatre absolument s\u00fbr que votre eau n&#039;est pas contamin\u00e9e et pleine de bact\u00e9ries, virus ou parasites pouvant causer de graves maladies et probl\u00e8mes de sant\u00e9.<\/p>\n<p><strong><span style=\"font-size: large;\">Vous aurez besoin d\u2019un kit de purification d\u2019eau fiable\u00a0!<\/span><\/strong><\/p>\n<a class=\"maxbutton-3 maxbutton maxbutton-pure-water-kit-button\" href=\"http:\/\/laubeholistic.com\/fr\/shop\/ams-pure-water-kit-the-water-purification-solution\/\"><span class='mb-text'>Aller au produit<\/span><\/a>\n<p><a href=\"https:\/\/laubeholistic.com\/wp-content\/uploads\/2014\/03\/57695_collecting-creek-water_jfxeaqbh63vorhnrwcs4oomcjtncurxrbvj6lwuht2ya6mzmafma_610x457.jpg\"><img loading=\"lazy\" decoding=\"async\" class=\"wp-image-683 alignright\" src=\"https:\/\/laubeholistic.com\/wp-content\/uploads\/2014\/03\/57695_collecting-creek-water_jfxeaqbh63vorhnrwcs4oomcjtncurxrbvj6lwuht2ya6mzmafma_610x457-300x195.jpg\" alt=\"57695_collecting-creek-water_jfxeaqbh63vorhnrwcs4oomcjtncurxrbvj6lwuht2ya6mzmafma_610x457\" width=\"248\" height=\"161\" srcset=\"https:\/\/laubeholistic.com\/wp-content\/uploads\/2014\/03\/57695_collecting-creek-water_jfxeaqbh63vorhnrwcs4oomcjtncurxrbvj6lwuht2ya6mzmafma_610x457-300x195.jpg 300w, https:\/\/laubeholistic.com\/wp-content\/uploads\/2014\/03\/57695_collecting-creek-water_jfxeaqbh63vorhnrwcs4oomcjtncurxrbvj6lwuht2ya6mzmafma_610x457-510x332.jpg 510w, https:\/\/laubeholistic.com\/wp-content\/uploads\/2014\/03\/57695_collecting-creek-water_jfxeaqbh63vorhnrwcs4oomcjtncurxrbvj6lwuht2ya6mzmafma_610x457.jpg 591w\" sizes=\"auto, (max-width: 248px) 100vw, 248px\" \/><\/a><\/p>\n<p>Apr\u00e8s des catastrophes naturelles et en cas d&#039;urgence, il arrive parfois qu&#039;il n&#039;y ait pas assez de combustible pour faire bouillir l&#039;eau, ou qu&#039;il n&#039;y ait pas de r\u00e9cipient appropri\u00e9 \u00e0 placer sur une flamme nue.<br \/>\nEn cas de v\u00e9ritable fin de soci\u00e9t\u00e9 organis\u00e9e ou m\u00eame de simple perturbation des cha\u00eenes d\u2019approvisionnement, les filtres \u00e0 eau de remplacement ne seront pas disponibles et les nouveaux approvisionnements en produits chimiques de d\u00e9sinfection dispara\u00eetront.<br \/>\nM\u00eame <span style=\"text-decoration: underline;\">sources de sauvegarde<\/span> d&#039;eau doit \u00eatre d\u00e9sinfect\u00e9e.<\/p>\n<p>&nbsp;<\/p>\n<p><strong><span style=\"text-decoration: underline; font-size: medium;\">Les aspects pratiques du <span style=\"font-size: large;\">\u00ab\u00a0Kit d&#039;eau pure\u00a0\u00bb<\/span> sont:<\/span><\/strong><\/p>\n<ul>\n<li>Il se glisse dans n&#039;importe quel sac ou poche.<\/li>\n<li>Il est facile et rapide \u00e0 utiliser avec une simple relation de chute de 1:1.<\/li>\n<li>C\u2019est peu co\u00fbteux et durable.<\/li>\n<li>Le kit est livr\u00e9 avec des pipettes pour faciliter le dosage.<\/li>\n<li>Le \u00ab Kit Eau Pure \u00bb ne devient pas aussi inefficace que la plupart des comprim\u00e9s apr\u00e8s avoir d\u00e9pass\u00e9 la date de p\u00e9remption.<\/li>\n<li>La solution purifiante que vous cr\u00e9ez (dioxyde de chlore) avec le \u00ab\u00a0Kit d&#039;eau pure\u00a0\u00bb est l&#039;agent oxydant et destructeur d&#039;agents pathog\u00e8nes le plus efficace connu au monde\u00a0!<\/li>\n<\/ul>\n<a class=\"maxbutton-3 maxbutton maxbutton-pure-water-kit-button\" href=\"http:\/\/laubeholistic.com\/fr\/shop\/ams-pure-water-kit-the-water-purification-solution\/\"><span class='mb-text'>Aller au produit<\/span><\/a>\n<p>&nbsp;<\/p>\n<p><strong><span style=\"font-size: 120%;\">MAINTENANT, ne vous y trompez pas\u00a0: le dioxyde de chlore est <span style=\"text-decoration: underline;\">Non<\/span>t Le chlore et est <span style=\"text-decoration: underline;\">pas<\/span> Eau de Javel !!!<\/span><\/strong><\/p>\n<p>Bien que le mot <span style=\"text-decoration: underline;\">Chlore<\/span> c&#039;est dans le nom, c&#039;est tr\u00e8s di<a style=\"font-size: 14.4px;\" href=\"https:\/\/laubeholistic.com\/wp-content\/uploads\/2014\/03\/clean-water-drop.jpg\"><img loading=\"lazy\" decoding=\"async\" class=\"wp-image-685 alignright\" src=\"https:\/\/laubeholistic.com\/wp-content\/uploads\/2014\/03\/clean-water-drop-300x199.jpg\" alt=\"clean-water-drop\" width=\"240\" height=\"159\" srcset=\"https:\/\/laubeholistic.com\/wp-content\/uploads\/2014\/03\/clean-water-drop-300x199.jpg 300w, https:\/\/laubeholistic.com\/wp-content\/uploads\/2014\/03\/clean-water-drop-510x340.jpg 510w, https:\/\/laubeholistic.com\/wp-content\/uploads\/2014\/03\/clean-water-drop-600x400.jpg 600w, https:\/\/laubeholistic.com\/wp-content\/uploads\/2014\/03\/clean-water-drop.jpg 800w\" sizes=\"auto, (max-width: 240px) 100vw, 240px\" \/><\/a>Il est diff\u00e9rent de l&#039;eau de Javel Clorox (hypochlorite de sodium) ou du chlore de piscine, qui sont des poisons connus pour \u00eatre canc\u00e9rig\u00e8nes.<br \/>\n<strong>Dioxyde de chlore<\/strong> fonctionne diff\u00e9remment du chlore et de l&#039;hypochlorite de sodium en ce sens qu&#039;il d\u00e9truit les agents pathog\u00e8nes <span style=\"text-decoration: underline;\">compl\u00e8tement<\/span> \u00e0 travers <strong>oxydation<\/strong>, et est lui-m\u00eame d\u00e9truit dans la r\u00e9action,<span style=\"text-decoration: underline;\"> ne rien laisser derri\u00e8re<\/span> pour s&#039;accumuler ou provoquer des effets secondaires. Les sous-produits sont du sel de table, des atomes d\u2019oxyg\u00e8ne rejet\u00e9s et des restes d\u2019agents pathog\u00e8nes morts qui sont facilement \u00e9limin\u00e9s par l\u2019organisme.<\/p>\n<p><strong>House-Bleach, Clorox ou Lejilla<\/strong> (comme on l&#039;appelle en Espagne) \u2013 sont pour la plupart tous <span style=\"text-decoration: underline;\">L&#039;hypochlorite de sodium<\/span>. Les agents de blanchiment qui contiennent r\u00e9guli\u00e8rement 5,25 \u00e0 6 pour cent <em><strong>l&#039;hypochlorite de sodium<\/strong><\/em>, diminue et perd sa puissance assez rapidement apr\u00e8s ouverture, ce qui en plus d&#039;\u00eatre dangereux en cas d&#039;ingestion le rend \u00e9galement peu pratique \u00e0 utiliser lorsque vous sortez \u00e0 l&#039;ext\u00e9rieur et que vous comptez sur un purificateur d&#039;eau que vous pouvez utiliser pendant une longue p\u00e9riode.<br \/>\nLe <strong>\u00ab\u00a0Kit d&#039;eau pure\u00a0\u00bb<\/strong> sont deux composants, l&#039;OXYDANT et son ACTIVATEUR qui restent dans deux flacons diff\u00e9rents et se m\u00e9langent facilement dans un rapport de 1:1 pour produire <em><span style=\"text-decoration: underline;\"><strong>Dioxyde de chlore.<\/strong><\/span><\/em><br \/>\nCeci est simplement ajout\u00e9 \u00e0 votre eau que vous souhaitez purifier, la rendant potable.<\/p>\n<p><strong><span style=\"font-size: large;\">Un peu plus <span style=\"color: #0000ff;\">chimique<\/span> explication sur pourquoi utiliser le \u00ab Dioxyde de chlore \u00bb et non le \u00ab Chlore \u00bb seul.<\/span><\/strong><\/p>\n<p><span style=\"text-decoration: underline;\"><strong><span style=\"font-size: large;\">Comment le chlore s&#039;oxyde<\/span><\/strong><\/span><br \/>\nJe dois mentionner que certains types d&#039;oxydation sont un peu plus complexes. Par exemple, lorsque le chlore oxyde une substance, on l&#039;appelle <em>\u00ab chloration \u00bb<\/em> La raison en est que les \u00e9lectrons sont r\u00e9organis\u00e9s dans la substance en cours d\u2019oxydation et que le chlore se combine \u00e0 cette substance pour cr\u00e9er de nouvelles substances. Lorsque le chlore est utilis\u00e9, les nouvelles substances \u2013 dans certains cas, m\u00eame dans les syst\u00e8mes de purification de l\u2019eau \u2013 sont en r\u00e9alit\u00e9 canc\u00e9rig\u00e8nes.<br \/>\nEn dehors de cela, traiter l\u2019eau avec du chlore tuera les bact\u00e9ries, mais pas tous les virus.<\/p>\n<p><strong><span style=\"text-decoration: underline;\"><span style=\"font-size: large;\">Comment le dioxyde de chlore s&#039;oxyde<\/span><\/span><\/strong><br \/>\nLe dioxyde de chlore (ClO2) ne s&#039;oxyde pas de cette fa\u00e7on. Il attire tous les \u00e9lectrons et ne se combine jamais avec quoi que ce soit. Il est d\u00e9truit au cours du processus. Il y a donc une \u00ab destruction propre \u00bb et la substance d\u00e9truite ainsi que le ClO2 ne laissent aucun nouveau compos\u00e9 chimique derri\u00e8re eux. Ainsi, le chlore tue en cr\u00e9ant de nouvelles substances, et le dioxyde de chlore d\u00e9truit compl\u00e8tement, ne laissant aucune nouvelle substance. La formule chimique du dioxyde de chlore, ClO2, montre qu&#039;il contient un atome de chlore, c&#039;est le Cl, et deux atomes d&#039;oxyg\u00e8ne, c&#039;est l&#039;O2.<\/p>\n<p>Le dioxyde de chlore est le plus faible des oxydants utilis\u00e9s dans le corps. Il a un potentiel d&#039;oxydation de seulement 950 millivolts (ou 0,95 Volts). Lorsque les \u00e9lectrons d&#039;une mol\u00e9cule de ClO2 maintiennent ensemble l&#039;atome de chlore et les deux atomes d&#039;oxyg\u00e8ne, la combinaison a un caract\u00e8re compl\u00e8tement diff\u00e9rent de celui des atomes de chlore ou d&#039;oxyg\u00e8ne seuls. La combinaison que l\u2019on appelle mol\u00e9cule a un besoin ou plus pr\u00e9cis\u00e9ment une tension qui va tirer 5 \u00e9lectrons de certaines autres mol\u00e9cules. Lorsque les \u00e9lectrons sont \u00e9loign\u00e9s, ces mol\u00e9cules se s\u00e9parent. On pourrait penser que lorsqu\u2019une mol\u00e9cule de ClO2 attire ces \u00e9lectrons, ils renforcent sa coque externe, mais ce n\u2019est pas le cas. Au lieu de cela, ils neutralisent l\u2019enveloppe externe du ClO2 et cette mol\u00e9cule se d\u00e9sagr\u00e8ge \u00e9galement. L&#039;atome de chlore devient un atome de chlorure (sel de table) et les deux atomes d&#039;oxyg\u00e8ne sont d\u00e9charg\u00e9s avant de quitter la coquille, ils collectent donc simplement une mol\u00e9cule de carbone et deviennent du dioxyde de carbone. Le dioxyde de carbone est ce que nous expirons.<\/p>\n<h3><strong><span style=\"font-size: medium;\">Procurez-vous votre \u00ab Kit Eau Pure \u00bb <\/span><\/strong><\/h3>\n<table border=\"0\">\n<tbody>\n<tr>\n<td><p class=\"product woocommerce add_to_cart_inline\" style=\"border:4px solid #ccc; padding: 12px;\"><ins class=\"highlight\"><span class=\"woocommerce-Price-amount amount\"><bdi><span class=\"woocommerce-Price-currencySymbol\">\u20ac<\/span>18.00<\/bdi><\/span><\/ins><a href=\"https:\/\/laubeholistic.com\/fr\/shop\/ams-pure-water-kit-the-water-purification-solution\/\" aria-describedby=\"woocommerce_loop_add_to_cart_link_describedby_625\" data-quantity=\"1\" class=\"button product_type_variable add_to_cart_button\" data-product_id=\"625\" data-product_sku=\"PWK\" aria-label=\"S\u00e9lectionnez les options pour \u00ab\u00a0The Pure Water Kit - Water Purification Solution\u00a0\u00bb\" rel=\"nofollow\" data-no-translation=\"\" data-trp-gettext=\"\" data-no-translation-aria-label=\"\">S\u00e9lectionnez les options<\/a>\t<span id=\"woocommerce_loop_add_to_cart_link_describedby_625\" class=\"screen-reader-text\">\n\t\tCe produit a plusieurs variantes. Les options peuvent \u00eatre choisies sur la page produit\t<\/span>\n<\/p><\/td>\n<\/tr>\n<\/tbody>\n<\/table>\n<p>&nbsp;<\/p>","protected":false},"excerpt":{"rendered":"<p>The \u201cPure Water Kit\u201d \u2013 that produces &#8211; Chlorine Dioxide- is the best water purification chemical known and is extremely useful when you travel to foreign countries or even anywhere in the United State where water purification is maybe necessary. &nbsp;&nbsp;&nbsp;&nbsp;&nbsp;&nbsp;&nbsp;&nbsp;&nbsp;&nbsp;&nbsp;&nbsp;&nbsp;&nbsp;&nbsp;&nbsp;&nbsp;&nbsp;&nbsp;&nbsp;&nbsp;&nbsp;&nbsp;&nbsp;&nbsp;&nbsp;&nbsp;&nbsp;&nbsp;&nbsp;&nbsp;&nbsp;&nbsp;&nbsp;&nbsp;&nbsp;&nbsp;&nbsp; The \u201cPure Water Kit\u201d is a small and convenient Set of two Bottles that [&#8230;]\n","protected":false},"author":34,"featured_media":0,"parent":0,"menu_order":0,"comment_status":"open","ping_status":"open","template":"","meta":{"ngg_post_thumbnail":0,"footnotes":""},"class_list":["post-679","page","type-page","status-publish","hentry"],"_links":{"self":[{"href":"https:\/\/laubeholistic.com\/fr\/wp-json\/wp\/v2\/pages\/679","targetHints":{"allow":["GET"]}}],"collection":[{"href":"https:\/\/laubeholistic.com\/fr\/wp-json\/wp\/v2\/pages"}],"about":[{"href":"https:\/\/laubeholistic.com\/fr\/wp-json\/wp\/v2\/types\/page"}],"author":[{"embeddable":true,"href":"https:\/\/laubeholistic.com\/fr\/wp-json\/wp\/v2\/users\/34"}],"replies":[{"embeddable":true,"href":"https:\/\/laubeholistic.com\/fr\/wp-json\/wp\/v2\/comments?post=679"}],"version-history":[{"count":29,"href":"https:\/\/laubeholistic.com\/fr\/wp-json\/wp\/v2\/pages\/679\/revisions"}],"predecessor-version":[{"id":10244,"href":"https:\/\/laubeholistic.com\/fr\/wp-json\/wp\/v2\/pages\/679\/revisions\/10244"}],"wp:attachment":[{"href":"https:\/\/laubeholistic.com\/fr\/wp-json\/wp\/v2\/media?parent=679"}],"curies":[{"name":"wp","href":"https:\/\/api.w.org\/{rel}","templated":true}]}}