{"id":614,"date":"2014-09-15T14:38:28","date_gmt":"2014-09-15T14:38:28","guid":{"rendered":"https:\/\/laubeholistic.com\/?page_id=614"},"modified":"2022-04-05T09:30:00","modified_gmt":"2022-04-05T09:30:00","slug":"jim-humble-mms-ams-bleach-accusations","status":"publish","type":"page","link":"https:\/\/laubeholistic.com\/fr\/jim-humble-mms-ams-bleach-accusations\/","title":{"rendered":"Jim Humble sur les accusations li\u00e9es au MMS \u00ab\u00a0Bleach\u00a0\u00bb"},"content":{"rendered":"<style type=\"text\/css\"><!-- @page { margin: 2cm } P { margin-bottom: 0.21cm } --><\/style>\n<h4 lang=\"en-GB\"><span style=\"font-family: Arial,sans-serif;\"><a href=\"https:\/\/laubeholistic.com\/wp-content\/uploads\/2014\/02\/jim_humble-2.jpg\"><img loading=\"lazy\" decoding=\"async\" class=\"alignleft wp-image-616\" style=\"margin: 3px; border: 3px solid black;\" src=\"https:\/\/laubeholistic.com\/wp-content\/uploads\/2014\/02\/jim_humble-2.jpg\" alt=\"MMS\" width=\"214\" height=\"120\" srcset=\"https:\/\/laubeholistic.com\/wp-content\/uploads\/2014\/02\/jim_humble-2.jpg 595w, https:\/\/laubeholistic.com\/wp-content\/uploads\/2014\/02\/jim_humble-2-510x286.jpg 510w\" sizes=\"auto, (max-width: 214px) 100vw, 214px\" \/><\/a>Bonjour, je m&#039;appelle Jim Humble. J&#039;ai d\u00e9couvert la Master Mineral Solution (MMS) en 1997. J&#039;ai ensuite pass\u00e9 plusieurs ann\u00e9es \u00e0 \u00e9tudier la chimie du MMS. Saviez-vous que le sel de table que vous utilisez contient plus de 50% de chlore. Si vous d\u00e9couvrez que j&#039;ai raison, cela signifie-t-il que vous arr\u00eaterez d&#039;utiliser le sel de table parce que le chlore est utilis\u00e9 dans le 98% de l&#039;eau de Javel mondiale ? Eh bien, le MMS n\u2019est pas plus un agent de blanchiment que le sel de table. <\/span><\/h4>\n<p lang=\"en-GB\"><span style=\"font-family: Arial,sans-serif;\">J&#039;ai 426 ministres de la Sant\u00e9 qui apportent la sant\u00e9 aux gens dans 72 pays diff\u00e9rents du monde en utilisant le MMS. Je suis vraiment d\u00e9sol\u00e9 de dire que vous, les critiques, faites tous vos efforts pour convaincre les gens que le MMS est un agent de blanchiment, qu&#039;il a bless\u00e9 des centaines de personnes et les a condamn\u00e9s \u00e0 de grandes souffrances continues, voire \u00e0 la mort, qu&#039;ils auraient autrement pu \u00e9viter. Tout ce que vous avez \u00e0 faire est de passer un peu de temps \u00e0 lire et \u00e0 \u00e9tudier le dioxyde de chlore, le chlore et l\u2019eau de Javel, au lieu de parler en ignorant totalement les deux sujets, le MMS et l\u2019eau de Javel. Ils ne sont pas les m\u00eames. S&#039;il vous pla\u00eet, c&#039;est vous qui vous faites le plus de mal. <\/span><\/p>\n<p lang=\"en-GB\"><span style=\"font-family: Arial,sans-serif;\">La seule chose qui ressort clairement de tous les critiques sur Internet, c&#039;est que pas un seul d&#039;entre eux ne consulte jamais les MMS pour voir s&#039;ils fonctionnent. Pas un seul d\u2019entre eux ne comprend ou n\u2019a v\u00e9rifi\u00e9 la chimie du MMS. Plus de 10 millions de personnes ont essay\u00e9 le MMS et il y a des milliers de t\u00e9moignages sur Internet que les gens mettent l\u00e0 sans qu&#039;on le leur demande. De plus, nous avons des milliers de t\u00e9moignages que nous avons demand\u00e9s. Comment pourrions-nous tromper des millions de personnes sans pour autant tromper M. le porte-parole. Est-ce ainsi que vous le voyez ? Vous, les critiques, aviez tort d\u00e8s le d\u00e9but, sans rien v\u00e9rifier, sans v\u00e9rifier le fait que la FDA a approuv\u00e9 l&#039;utilisation du dioxyde de chlore (MMS) dans les aliments, sans v\u00e9rifier la chimie du MMS d&#039;aucune fa\u00e7on. Sans v\u00e9rifier aucun des faits, vous ajoutez simplement votre opinion \u00e0 toutes les autres opinions n\u00e9gatives. Ce qui est terrible avec tous les critiques, c&#039;est qu&#039;ils font ce qu&#039;ils accusent MMS de faire : ils blessent les gens. Le MMS n\u2019est pas de l\u2019eau de Javel et le MMS n\u2019est pas une question d\u2019argent\u00a0!<\/span><\/p>\n<p lang=\"en-GB\"><span style=\"font-family: Arial,sans-serif;\">Bien \u00e0 vous en sant\u00e9 et en amour, <\/span><\/p>\n<p><span style=\"font-family: Arial,sans-serif;\"><b>Mgr Jim Humble<\/b><\/span><\/p>\n<p>Gen\u00e8se 2 \u00c9glise de sant\u00e9 et de gu\u00e9rison<\/p>","protected":false},"excerpt":{"rendered":"<p>Hello, I am Jim Humble. I discovered Master Mineral Solution (MMS) back in 1997. I then spent several years studying the chemistry of MMS. Did you know that table salt that all of you use is more than 50% chlorine. If you find out that I am correct, does that mean that you will quit [&#8230;]\n","protected":false},"author":34,"featured_media":0,"parent":0,"menu_order":0,"comment_status":"closed","ping_status":"closed","template":"","meta":{"ngg_post_thumbnail":0,"footnotes":""},"class_list":["post-614","page","type-page","status-publish","hentry"],"_links":{"self":[{"href":"https:\/\/laubeholistic.com\/fr\/wp-json\/wp\/v2\/pages\/614","targetHints":{"allow":["GET"]}}],"collection":[{"href":"https:\/\/laubeholistic.com\/fr\/wp-json\/wp\/v2\/pages"}],"about":[{"href":"https:\/\/laubeholistic.com\/fr\/wp-json\/wp\/v2\/types\/page"}],"author":[{"embeddable":true,"href":"https:\/\/laubeholistic.com\/fr\/wp-json\/wp\/v2\/users\/34"}],"replies":[{"embeddable":true,"href":"https:\/\/laubeholistic.com\/fr\/wp-json\/wp\/v2\/comments?post=614"}],"version-history":[{"count":2,"href":"https:\/\/laubeholistic.com\/fr\/wp-json\/wp\/v2\/pages\/614\/revisions"}],"predecessor-version":[{"id":10227,"href":"https:\/\/laubeholistic.com\/fr\/wp-json\/wp\/v2\/pages\/614\/revisions\/10227"}],"wp:attachment":[{"href":"https:\/\/laubeholistic.com\/fr\/wp-json\/wp\/v2\/media?parent=614"}],"curies":[{"name":"wp","href":"https:\/\/api.w.org\/{rel}","templated":true}]}}