{"id":595,"date":"2014-09-15T14:13:26","date_gmt":"2014-01-31T16:50:52","guid":{"rendered":"https:\/\/laubeholistic.com\/?page_id=595"},"modified":"2021-03-04T15:40:11","modified_gmt":"2021-03-04T15:40:11","slug":"ams-facts-sheet","status":"publish","type":"page","link":"https:\/\/laubeholistic.com\/fr\/ams-facts-sheet\/","title":{"rendered":"Faits et avantages de l&#039;AMS"},"content":{"rendered":"<h1>\n<p style=\"text-align: center;\"><span style=\"font-size: xx-large; font-family: Arvo, sans-serif;\">MSA<\/span><\/p>\n<\/h1>\n<h3><span style=\"font-family: Arvo, sans-serif;\"><span style=\"font-size: medium;\">Qu\u2019est-ce que l\u2019AMS\u00a0?<\/span><\/span><\/h3>\n<p><span style=\"font-family: Arvo, sans-serif;\"><span style=\"font-size: medium;\">L&#039;AMS est le nom commun du dioxyde de chlore (ClO2), qui est produit lorsque le chlorite de sodium est m\u00e9lang\u00e9 (activ\u00e9) avec un acide (g\u00e9n\u00e9ralement de l&#039;acide citrique, un extrait d&#039;agrumes courant). En 1997, on a d\u00e9couvert que le dioxyde de chlore gu\u00e9rissait rapidement le paludisme.<\/span><\/span><\/p>\n<p><span style=\"font-size: medium; font-family: Arvo, sans-serif;\">Des recherches plus approfondies ont r\u00e9v\u00e9l\u00e9 que de nombreuses autres maladies pouvaient \u00eatre am\u00e9lior\u00e9es ou gu\u00e9ries. Il existe de nombreux cas anecdotiques montrant des am\u00e9liorations statistiquement significatives et m\u00eame des gu\u00e9risons en mati\u00e8re de cancer, d&#039;autisme, d&#039;infections, de probl\u00e8mes dentaires\u2026 et m\u00eame du VIH\/SIDA.<\/span><\/p>\n<h3><span style=\"font-size: medium; font-family: Arvo, sans-serif;\">Cela ressemble \u00e0 \u00ab\u00a0trop beau pour \u00eatre vrai\u00a0\u00bb ou \u00e0 une sorte d&#039;huile de serpent.<\/span><\/h3>\n<p><span style=\"font-size: medium; font-family: Arvo, sans-serif;\">C&#039;est ce que pensent la plupart des gens au d\u00e9but\u2026 jusqu&#039;\u00e0 ce qu&#039;ils creusent plus profond\u00e9ment et en apprennent davantage sur le sujet.<\/span><\/p>\n<p><span style=\"font-size: medium; font-family: Arvo, sans-serif;\">Dioxyde de chlore (ClO2)\u2026 Cela ressemble \u00e0 de l&#039;eau de Javel ou \u00e0 ce qui se passe dans ma piscine<\/span><\/p>\n<p><span style=\"font-size: medium; font-family: Arvo, sans-serif;\">Bien que le mot chlore figure dans le nom, il est tr\u00e8s diff\u00e9rent de l\u2019eau de Javel Clorox domestique ou du chlore de piscine, qui sont des poisons connus pour \u00eatre canc\u00e9rig\u00e8nes.<\/span><\/p>\n<p><span style=\"font-size: medium; font-family: Arvo, sans-serif;\">Le dioxyde de chlore fonctionne diff\u00e9remment du chlore dans la mesure o\u00f9 il d\u00e9truit compl\u00e8tement les agents pathog\u00e8nes par oxydation et est lui-m\u00eame d\u00e9truit lors de la r\u00e9action, ne laissant rien derri\u00e8re lui qui puisse s&#039;accumuler ou provoquer des effets secondaires. Les sous-produits sont du sel de table, des atomes d\u2019oxyg\u00e8ne rejet\u00e9s et des restes d\u2019agents pathog\u00e8nes morts qui sont facilement \u00e9limin\u00e9s par l\u2019organisme.<\/span><\/p>\n<p><span style=\"font-size: medium; font-family: Arvo, sans-serif;\">-Dioxyde de chlore = ClO2, Chlore = Cl, Eau de Javel (hypochlorite de sodium) = NaOCl.<\/span><\/p>\n<p><span style=\"font-size: medium; font-family: Arvo, sans-serif;\">ClO2 n\u2019est pas \u00e9gal \u00e0 Cl et n\u2019est pas \u00e9gal \u00e0 NaOCl \u2013<\/span><\/p>\n<h3><span style=\"font-size: medium; font-family: Arvo, sans-serif;\">Quelles recherches ont \u00e9t\u00e9\u2026 ou sont en cours sur l\u2019AMS ?<\/span><\/h3>\n<p><span style=\"font-family: Arvo, sans-serif;\">Un effort croissant de chercheurs du monde entier a d\u00e9couvert que l\u2019AMS peut apporter des bienfaits surprenants pour la sant\u00e9 s\u2019il est utilis\u00e9 correctement. Ces chercheurs ont exp\u00e9riment\u00e9 sur eux-m\u00eames, sur leurs familles et sur leurs amis. Leurs d\u00e9couvertes sont r\u00e9volutionnaires et la nouvelle se r\u00e9pand dans le monde entier.<\/span><\/p>\n<p><span style=\"font-size: medium; font-family: Arvo, sans-serif;\">Le test sur le terrain de la Croix-Rouge<\/span><br \/>\n<span style=\"font-size: medium; font-family: Arvo, sans-serif;\">En d\u00e9cembre 2012, le Water Reference Centre (WRC), une organisation affili\u00e9e \u00e0 la Croix-Rouge, a r\u00e9alis\u00e9 un test document\u00e9 sur le terrain en Ouganda, au cours duquel 154 patients atteints de paludisme ont \u00e9t\u00e9 trait\u00e9s avec du chlorite de sodium (le constituant cl\u00e9 de l&#039;AMS). Les 154 patients ont \u00e9t\u00e9 lib\u00e9r\u00e9s du paludisme dans les 24 \u00e0 48 heures suivant le traitement. Le WRC et la Croix-Rouge ont insist\u00e9 pour que les r\u00e9sultats restent secrets. Finalement, les r\u00e9sultats ont \u00e9t\u00e9 rendus publics en mai 2013 via une vid\u00e9o amateur r\u00e9alis\u00e9e par celui qui a form\u00e9 le personnel sur la fa\u00e7on de traiter le paludisme. Malheureusement, le 15 mai 2013, la Croix-Rouge s&#039;est d\u00e9solidaris\u00e9e dans les termes les plus fermes du test et de ses r\u00e9sultats. Peu de temps apr\u00e8s, une vid\u00e9o professionnelle produite par le WRC a \u00e9t\u00e9 d\u00e9couverte et diffus\u00e9e montrant les d\u00e9tails du test ainsi que les d\u00e9clarations \u00e9logieuses des responsables de la Croix-Rouge.<\/span><\/p>\n<h3><span style=\"font-family: Arvo, sans-serif; font-size: medium;\">Une personne peut-elle \u00eatre bless\u00e9e ou malade \u00e0 cause de l&#039;AMS\u00a0?<\/span><\/h3>\n<p><span style=\"font-size: medium; font-family: Arvo, sans-serif;\">Le secret pour utiliser l\u2019AMS (dioxyde de chlore) en toute s\u00e9curit\u00e9 est de toujours utiliser de petites quantit\u00e9s et d\u2019augmenter lentement. Tout peut vous blesser s&#039;il est mal utilis\u00e9, y compris les cacahu\u00e8tes, l&#039;aspirine, les cerises, etc. En fait, 700 000 d\u00e9c\u00e8s sont attribu\u00e9s chaque ann\u00e9e \u00e0 l&#039;ingestion de produits pharmaceutiques, rien qu&#039;aux \u00c9tats-Unis. On estime que des millions de personnes ont ing\u00e9r\u00e9 du dioxyde de chlore comme produit chimique de purification de l\u2019eau, comme oxyg\u00e8ne stabilis\u00e9 vendu dans les magasins de produits naturels depuis 80 ans et comme produit chimique de conservation utilis\u00e9 sur les l\u00e9gumes et les fruits, sans qu\u2019un seul d\u00e9c\u00e8s soit attribu\u00e9 \u00e0 son utilisation. Une \u00e9tude de 1981 n\u2019a montr\u00e9 aucun effet n\u00e9faste sur les humains lors de la consommation de niveaux de dioxyde de chlore encore plus \u00e9lev\u00e9s que ce que le traitement AMS sugg\u00e8re normalement.<\/span><\/p>\n<h3><span style=\"font-family: Arvo, sans-serif; font-size: medium;\">Comment utilise-t-on l\u2019AMS et quelle quantit\u00e9 dois-je en prendre ?<\/span><\/h3>\n<p><span style=\"font-size: medium; font-family: Arvo, sans-serif;\">La r\u00e9ponse compl\u00e8te \u00e0 cette question d\u00e9passe la port\u00e9e d\u2019une fiche d\u2019information d\u2019une seule page. Il existe plusieurs mani\u00e8res d\u2019utiliser AMS.<\/span><\/p>\n<p><span style=\"font-size: medium; font-family: Arvo, sans-serif;\">La quantit\u00e9, l&#039;application et la fr\u00e9quence doivent \u00eatre adapt\u00e9es \u00e0 la sant\u00e9 de chaque individu et \u00e0 ce \u00e0 quoi il essaie de rem\u00e9dier. Le protocole AMS le plus courant commence par une goutte d\u2019AMS activ\u00e9 par heure. Cependant, si la personne a de graves probl\u00e8mes de sant\u00e9, elle doit \u00eatre prudente et y aller \u00ab doucement et lentement \u00bb, et commencer avec aussi peu qu&#039;un quart de goutte par heure, tandis que les d\u00e9butants ne devraient pas d\u00e9passer 3 gouttes par heure. Pourquoi? Comme l\u2019AMS tue les agents pathog\u00e8nes (par oxydation), les toxines sont d\u00e9vers\u00e9es dans la circulation sanguine dans l\u2019espoir que le foie fasse son travail et les filtre. Une personne malade a g\u00e9n\u00e9ralement un foie faible et \u00e0 fonctionnement lent. Si le processus de d\u00e9sintoxication de l&#039;AMS, ou tout autre processus de d\u00e9sintoxication, se d\u00e9roule trop rapidement, cela cr\u00e9e une surcharge de toxines provenant de la mort des agents pathog\u00e8nes (commun\u00e9ment appel\u00e9e r\u00e9action de Herxheimer).<\/span><\/p>\n<p><span style=\"font-size: medium; font-family: Arvo, sans-serif;\">Cela signifie que les toxines sont \u00e9vacu\u00e9es plus rapidement que le foie ne peut les \u00e9liminer, ce qui entra\u00eene des r\u00e9actions telles que des naus\u00e9es, des vomissements et\/ou de la diarrh\u00e9e (car le corps tente d&#039;\u00e9liminer rapidement l&#039;exc\u00e8s de toxines par d&#039;autres moyens). Les critiques ont affirm\u00e9 que les naus\u00e9es, les vomissements et la diarrh\u00e9e sont des effets secondaires \u00ab dangereux \u00bb de l\u2019utilisation de l\u2019AMS. D&#039;une mani\u00e8re g\u00e9n\u00e9rale, ils sont \u00e9vitables gr\u00e2ce \u00e0 une utilisation appropri\u00e9e de l&#039;AMS et \u00e0 un niveau bas.<\/span><\/p>\n<p><span style=\"font-size: medium; font-family: Arvo, sans-serif;\">et lent. Cependant, les p\u00e9nicillines, consid\u00e9r\u00e9es comme \u00ab parmi les m\u00e9dicaments les moins toxiques connus \u00bb, peuvent provoquer de la diarrh\u00e9e, des naus\u00e9es, des vomissements et des maux d\u2019estomac. Dans de rares cas, les p\u00e9nicillines peuvent provoquer des r\u00e9actions allergiques imm\u00e9diates et diff\u00e9r\u00e9es, en particulier des \u00e9ruptions cutan\u00e9es, de la fi\u00e8vre et un choc anaphylactique.6 La plupart des critiques et des m\u00e9decins acceptent l\u2019utilisation syst\u00e9matique d\u2019antibiotiques, m\u00eame si ces m\u00eames effets secondaires \u00ab dangereux \u00bb sont fr\u00e9quemment observ\u00e9s avec une telle utilisation d\u2019antibiotiques.<\/span><\/p>\n<h3><span style=\"font-size: medium; font-family: Arvo, sans-serif;\">Qui devrait utiliser AMS\u00a0?<\/span><\/h3>\n<p><span style=\"font-size: medium; font-family: Arvo, sans-serif;\">La r\u00e9ponse \u00e0 cette question d\u00e9pend de divers facteurs. \u00cates-vous le genre de personne qui prend la responsabilit\u00e9 de sa propre sant\u00e9 ? Ou pr\u00e9f\u00e9rez-vous confier votre sant\u00e9 \u00e0 un m\u00e9decin ? L\u2019AMS vous oblige \u00e0 \u00e9couter votre corps et \u00e0 comprendre ce qu\u2019il dit. La fa\u00e7on dont vous r\u00e9agissez \u00e0 l\u2019AMS d\u00e9pend de vos probl\u00e8mes de sant\u00e9 et de la capacit\u00e9 de votre corps (en particulier le foie et les reins) \u00e0 expulser les toxines.<\/span><\/p>\n<h3><span style=\"font-size: medium; font-family: Arvo, sans-serif;\">Que disent les m\u00e9decins \u00e0 propos de l\u2019AMS ?<\/span><\/h3>\n<p><span style=\"font-size: medium; font-family: Arvo, sans-serif;\">Si vous interrogez le m\u00e9decin moyen, il est fort probable qu\u2019il en sache peu sur l\u2019AMS et que la plupart n\u2019en ont jamais entendu parler, m\u00eame si cela \u00e9volue rapidement. Un nombre croissant de m\u00e9decins et de professionnels de la sant\u00e9 l&#039;utilisent dans les pays du tiers monde, avec des r\u00e9sultats tr\u00e8s encourageants.<\/span><br \/>\n<span style=\"font-size: medium; font-family: Arvo, sans-serif;\">Malheureusement, ce que les m\u00e9decins sont autoris\u00e9s \u00e0 prescrire (et \u00e0 dire) aux \u00c9tats-Unis et dans d\u2019autres pays industrialis\u00e9s est tr\u00e8s contr\u00f4l\u00e9 \u2013 m\u00eame si certains en parleront de mani\u00e8re positive officieusement.<\/span><\/p>\n<h3><span style=\"font-size: medium; font-family: Arvo, sans-serif;\">Que disent les m\u00e9decins \u00e0 propos de l\u2019AMS ?<\/span><\/h3>\n<p><span style=\"font-size: medium; font-family: Arvo, sans-serif;\">Si vous interrogez le m\u00e9decin moyen, il est fort probable qu\u2019il en sache peu sur l\u2019AMS et que la plupart n\u2019en ont jamais entendu parler, m\u00eame si cela \u00e9volue rapidement. Un nombre croissant de m\u00e9decins et de professionnels de la sant\u00e9 l&#039;utilisent dans les pays du tiers monde, avec des r\u00e9sultats tr\u00e8s encourageants.<\/span><br \/>\n<span style=\"font-size: medium; font-family: Arvo, sans-serif;\">Malheureusement, ce que les m\u00e9decins sont autoris\u00e9s \u00e0 prescrire (et \u00e0 dire) aux \u00c9tats-Unis et dans d\u2019autres pays industrialis\u00e9s est tr\u00e8s contr\u00f4l\u00e9 \u2013 m\u00eame si certains en parleront de mani\u00e8re positive officieusement.<\/span><\/p>\n<h3><span style=\"font-size: medium; font-family: Arvo, sans-serif;\">Qui se bat CONTRE l\u2019AMS ?<\/span><\/h3>\n<p><span style=\"font-size: medium; font-family: Arvo, sans-serif;\">AMS d\u00e9fie le c\u0153ur de l\u2019establishment m\u00e9dical, y compris les grandes soci\u00e9t\u00e9s pharmaceutiques. De toute \u00e9vidence, si AMS est ce qu\u2019elle pr\u00e9tend \u00eatre, cela aura un impact sur les r\u00e9sultats financiers de la plus grande industrie mondiale. Le lobby des grandes soci\u00e9t\u00e9s pharmaceutiques est connu pour avoir une influence significative sur la FDA (Food &amp; Drug Administration) am\u00e9ricaine. En fait, la FDA s&#039;en prend l\u00e9galement \u00e0 Daniel Smith de Project GreenLife, une soci\u00e9t\u00e9 de vente par correspondance qui fournissait AMS jusqu&#039;\u00e0 ce qu&#039;elle soit perquisitionn\u00e9e et ferm\u00e9e.<\/span><\/p>\n<h3><span style=\"font-size: medium; font-family: Arvo, sans-serif;\">Qui se bat POUR l\u2019AMS\u00a0?<\/span><\/h3>\n<p><span style=\"font-family: Arvo, sans-serif; font-size: medium;\">Le US Observer, une source d&#039;information d&#039;investigation en ligne et imprim\u00e9e bien connue qui aide les victimes innocentes de fausses accusations, a d\u00e9cid\u00e9 de d\u00e9fendre Daniel Smith contre la FDA. Bien entendu, il existe des citoyens ind\u00e9pendants partout dans le monde qui souhaitent b\u00e9n\u00e9ficier d\u2019une sant\u00e9 et d\u2019une gu\u00e9rison rentables pour eux-m\u00eames et leurs familles. Ces gens n&#039;ont pas peur d&#039;essayer quelque chose qui n&#039;est pas conventionnel ou<\/span><br \/>\n<span style=\"font-family: Arvo, sans-serif; font-size: medium;\"> non prouv\u00e9. De nombreux professionnels de la sant\u00e9 ont \u00e9galement d\u00e9couvert la valeur du MMS et l&#039;utilisent dans les pays du tiers monde pour soigner les patients, eux-m\u00eames et leurs familles. Ces gens n\u2019ont pas peur d\u2019essayer quelque chose de non conventionnel.<\/span><\/p>\n<h3><span style=\"font-size: medium; font-family: Arvo, sans-serif;\">O\u00f9 puis-je trouver des t\u00e9moignages de personnes r\u00e9elles ayant utilis\u00e9 AMS\u00a0?<\/span><\/h3>\n<p><span style=\"font-size: medium; font-family: Arvo, sans-serif;\">Internet regorge de t\u00e9moignages du monde entier. Vous pouvez \u00e9galement trouver de nombreux forums traitant de l\u2019AMS. Curezone.org a men\u00e9 une enqu\u00eate aupr\u00e8s de centaines d&#039;utilisateurs. Les r\u00e9sultats ont r\u00e9v\u00e9l\u00e9 qu\u2019environ 80% d\u2019utilisateurs pr\u00e9sentaient des avantages positifs.<\/span><\/p>\n<h3><span style=\"font-size: medium; font-family: Arvo, sans-serif;\">Qui se cache derri\u00e8re cette fiche d\u2019information AMS et pourquoi\u00a0?<\/span><\/h3>\n<p><span style=\"font-family: Arvo, sans-serif; font-size: medium;\">Un groupe de citoyens du monde entier qui souhaitent que la v\u00e9rit\u00e9 \u00e9clate tout en faisant passer le message. Le but de cette fiche d\u2019information est de vous fournir juste assez d\u2019informations de base pour approfondir vos recherches, tout en mettant en lumi\u00e8re la controverse brassicole, afin de vous permettre de rester plus facilement objectif. Les informations minimales fournies ici ne font qu\u2019effleurer la surface. Nous vous encourageons \u00e0 consid\u00e9rer les motivations possibles de toutes les parties et \u00e0 tirer vos propres conclusions.<\/span><\/p>\n<hr>\n<h1>\n<p style=\"text-align: center;\"><span style=\"font-size: xx-large; font-family: Arvo, sans-serif;\">Avantages de l&#039;AMS<\/span><\/p>\n<\/h1>\n<p><span style=\"font-size: medium; font-family: Arvo, sans-serif;\">Selon les avis des m\u00e9decins, c\u2019est ce qui semble se produire dans le corps lorsque l\u2019AMS est ing\u00e9r\u00e9.<\/span><\/p>\n<h3><span style=\"font-size: medium; font-family: Arvo, sans-serif;\">Organismes d\u00e9truits<\/span><\/h3>\n<p><span style=\"font-size: medium; font-family: Arvo, sans-serif;\">L&#039;AMS d\u00e9truit les micro-organismes, notamment les virus, les bact\u00e9ries, les champignons,<\/span> <span style=\"font-size: medium; font-family: Arvo, sans-serif;\">moisissures, levures et parasites qui provoquent diverses maladies. Virus<\/span> <span style=\"font-size: medium; font-family: Arvo, sans-serif;\">sont tu\u00e9s par un m\u00e9canisme diff\u00e9rent de celui des bact\u00e9ries et de tous les autres <\/span><span style=\"font-size: medium; font-family: Arvo, sans-serif;\">micro-organismes\u00a0: l&#039;AMS emp\u00eache la formation de prot\u00e9ines sp\u00e9ciales<\/span> <span style=\"font-size: medium; font-family: Arvo, sans-serif;\">n\u00e9cessaires \u00e0 la croissance virale, provoquant ainsi la destruction du virus.<\/span> <span style=\"font-size: medium; font-family: Arvo, sans-serif;\">La destruction des organismes pathog\u00e8nes prend g\u00e9n\u00e9ralement entre<\/span> <span style=\"font-size: medium; font-family: Arvo, sans-serif;\">4 heures et 4 semaines, mais souvent moins d&#039;une semaine. Ceci est vrai pour<\/span> <span style=\"font-size: medium; font-family: Arvo, sans-serif;\">toutes les formes d\u2019infection et autres micro-organismes, ainsi que le sang<\/span> <span style=\"font-size: medium; font-family: Arvo, sans-serif;\">maladies telles que la leuc\u00e9mie.<\/span><\/p>\n<h3><span style=\"font-family: Arvo, sans-serif; font-size: medium;\"><span style=\"font-size: medium;\">M\u00e9taux lourds oxyd\u00e9s<\/span> <\/span><\/h3>\n<p><span style=\"font-family: Arvo, sans-serif; font-size: medium;\">L&#039;AMS oxyde les m\u00e9taux lourds pr\u00e9sents dans le corps. Je crois cela parce qu&#039;il y a eu un certain nombre de tests o\u00f9 les racines des cheveux d&#039;une personne ont \u00e9t\u00e9 v\u00e9rifi\u00e9es avant et apr\u00e8s la prise d&#039;AMS. Environ deux semaines plus tard, les m\u00e9taux lourds avaient disparu, notamment le mercure, le plomb et d\u2019autres. Tester les racines des cheveux est une bonne indication de l\u2019absence ou de la pr\u00e9sence de m\u00e9taux lourds. L\u2019oxydation des m\u00e9taux lourds n\u2019est pas la m\u00eame chose que la ch\u00e9lation mais les r\u00e9sultats sont les m\u00eames. Lorsqu\u2019un m\u00e9tal lourd est oxyd\u00e9, il est neutralis\u00e9 et simplement \u00e9limin\u00e9 du corps.<\/span><\/p>\n<h3><span style=\"font-size: medium; font-family: Arvo, sans-serif;\">Mati\u00e8res \u00e9trang\u00e8res neutralis\u00e9es<\/span><\/h3>\n<p><span style=\"font-size: medium; font-family: Arvo, sans-serif;\">L&#039;AMS est transport\u00e9e dans tout le corps, o\u00f9 elle neutralise les corps \u00e9trangers g\u00e9n\u00e9ralement toxiques. Une fois oxyd\u00e9s, les poisons sont neutralis\u00e9s et ils sont simplement \u00e9limin\u00e9s du corps. Presque toutes les mati\u00e8res toxiques sont facilement oxyd\u00e9es. Ces poisons se fixent \u00e0 divers endroits et entravent le fonctionnement du corps. Au fur et \u00e0 mesure qu\u2019ils sont oxyd\u00e9s, ils sont d\u00e9tach\u00e9s et \u00e9limin\u00e9s du corps de la m\u00eame mani\u00e8re que les m\u00e9taux lourds.<\/span><\/p>\n<h3><span style=\"font-size: medium; font-family: Arvo, sans-serif;\">Poisons neutralis\u00e9s<\/span>&lt;\/h3\n\n<span>La plupart des formes de poisons provenant de serpents et d\u2019autres animaux venimeux sont oxyd\u00e9es lorsque des quantit\u00e9s ad\u00e9quates d\u2019AMS sont prises. La plupart des poisons alimentaires trouv\u00e9s dans les restaurants ou dans votre r\u00e9frig\u00e9rateur sont oxyd\u00e9s, c&#039;est pourquoi il faut en prendre une dose toutes les 15 minutes en cas de venin de serpent ou d&#039;intoxication alimentaire.<\/span><\/p>\n<h3><span style=\"font-size: medium; font-family: Arvo, sans-serif;\">Br\u00fblures gu\u00e9ries<\/span><\/h3>\n<p><span style=\"font-size: medium; font-family: Arvo, sans-serif;\">Les poisons g\u00e9n\u00e9r\u00e9s par les br\u00fblures, notamment les br\u00fblures de type 3, sont neutralis\u00e9s lorsqu&#039;ils sont recouverts imm\u00e9diatement (voire en quelques heures) d&#039;AMS inactiv\u00e9 (NaClO2). NaClO2 ne doit pas rester actif plus de 5 minutes. Il faut ensuite le rincer \u00e0 l&#039;eau. Cela peut \u00eatre fait deux fois pour un total d&#039;avoir inactiv\u00e9 l&#039;AMS (NaClo2) sur la br\u00fblure pendant 10 minutes, pas plus dans la plupart des cas. Mais tant qu&#039;il y a de la douleur, on peut continuer \u00e0 appliquer de l&#039;AMS (NaClo2) inactiv\u00e9 sur la br\u00fblure pendant de courtes p\u00e9riodes, mais jamais plus de 5 minutes. Br\u00fblures cicatris\u00e9es Les poisons g\u00e9n\u00e9r\u00e9s par les br\u00fblures, notamment les br\u00fblures de type 3, sont neutralis\u00e9s lorsqu&#039;ils sont recouverts imm\u00e9diatement (voire en quelques heures) d&#039;AMS inactiv\u00e9 (NaClO2). NaClO2 ne doit pas rester actif plus de 5 minutes. Il faut ensuite le rincer \u00e0 l&#039;eau. Cela peut \u00eatre fait deux fois pour un total d&#039;avoir inactiv\u00e9 l&#039;AMS (NaClo2) sur la br\u00fblure pendant 10 minutes, pas plus dans la plupart des cas. Mais tant qu&#039;il y a de la douleur, on peut continuer \u00e0 appliquer de l&#039;AMS (NaClo2) inactiv\u00e9 sur la br\u00fblure pendant de courtes p\u00e9riodes, mais jamais plus de 5 minutes.<\/span><\/p><\/h3>","protected":false},"excerpt":{"rendered":"<p>AMS What is AMS? AMS is the common name for Chlorine Dioxide (ClO2), which is produced when Sodium Chlorite is mixed (activated) with an acid (usually citric acid\u2014a common citrus fruit extract). In 1997, it was discovered that Chlorine Dioxide quickly cured malaria. Further research revealed that many other ailments could either be improved or [&#8230;]\n","protected":false},"author":34,"featured_media":0,"parent":0,"menu_order":0,"comment_status":"closed","ping_status":"closed","template":"","meta":{"ngg_post_thumbnail":0,"footnotes":""},"class_list":["post-595","page","type-page","status-publish","hentry"],"_links":{"self":[{"href":"https:\/\/laubeholistic.com\/fr\/wp-json\/wp\/v2\/pages\/595","targetHints":{"allow":["GET"]}}],"collection":[{"href":"https:\/\/laubeholistic.com\/fr\/wp-json\/wp\/v2\/pages"}],"about":[{"href":"https:\/\/laubeholistic.com\/fr\/wp-json\/wp\/v2\/types\/page"}],"author":[{"embeddable":true,"href":"https:\/\/laubeholistic.com\/fr\/wp-json\/wp\/v2\/users\/34"}],"replies":[{"embeddable":true,"href":"https:\/\/laubeholistic.com\/fr\/wp-json\/wp\/v2\/comments?post=595"}],"version-history":[{"count":24,"href":"https:\/\/laubeholistic.com\/fr\/wp-json\/wp\/v2\/pages\/595\/revisions"}],"predecessor-version":[{"id":7271,"href":"https:\/\/laubeholistic.com\/fr\/wp-json\/wp\/v2\/pages\/595\/revisions\/7271"}],"wp:attachment":[{"href":"https:\/\/laubeholistic.com\/fr\/wp-json\/wp\/v2\/media?parent=595"}],"curies":[{"name":"wp","href":"https:\/\/api.w.org\/{rel}","templated":true}]}}