{"id":26,"date":"2014-09-15T10:35:19","date_gmt":"2014-09-15T10:35:19","guid":{"rendered":"http:\/\/www.harmonikdesign.com\/activatedmineralsolution\/?page_id=26"},"modified":"2022-10-20T15:47:15","modified_gmt":"2022-10-20T15:47:15","slug":"protocols-and-manuals","status":"publish","type":"page","link":"https:\/\/laubeholistic.com\/fr\/protocols-and-manuals\/","title":{"rendered":"Protocoles et manuels"},"content":{"rendered":"<h4 class=\"pdfdocument\"><span style=\"color: #000000;\"><strong>Fonction et compr\u00e9hension de l&#039;AMS<\/strong><\/span><\/h4>\n<div class=\"pdfdocument\">\n<p><span style=\"color: #000000;\">Qu\u2019est-ce que l\u2019AMS et comment agit-il dans notre corps ?&nbsp; <\/span><span style=\"color: #000000;\">Ce livret vous donnera une explication facile \u00e0 suivre du fonctionnement et de la compr\u00e9hension de l&#039;AMS.<\/span><\/p>\n<p><a href=\"https:\/\/laubeholistic.com\/wp-content\/uploads\/AMS-Booklet-ENG.pdf\"><span style=\"color: #0000ff;\">T\u00e9l\u00e9charger en ANGLAIS<\/span><\/a><\/p>\n<p><a href=\"https:\/\/laubeholistic.com\/wp-content\/uploads\/Funcion_comprension_ESP_compressed.pdf\"><span style=\"color: #0000ff;\">T\u00e9l\u00e9charger en ESPA\u00d1OL<\/span><\/a><\/p>\n<\/div>\n<h4>&nbsp;<\/h4>\n<h4 class=\"pdfdocument\"><span style=\"color: #000000;\"><strong>Livret manuel de l&#039;AMS<br \/>\n<\/strong><\/span><\/h4>\n<div class=\"pdfdocument\">\n<p><span style=\"color: #000000;\">Le livret du manuel AMS vous expliquera tout ce que vous devez savoir sur COMMENT utiliser et appliquer AMS. Il vous fournira toutes les informations n\u00e9cessaires \u00e0 la pr\u00e9paration du bon dosage d&#039;AMS \u00e0 boire ou \u00e0 appliquer localement.<\/span><\/p>\n<p><span style=\"color: #0000ff;\"><a class=\"pdf\" style=\"color: #0000ff;\" href=\"https:\/\/laubeholistic.com\/wp-content\/uploads\/ams_booklet_eng_new.pdf\">T\u00e9l\u00e9charger en ANGLAIS<\/a><\/span><\/p>\n<\/div>\n<h4>&nbsp;<\/h4>\n<h4><span style=\"color: #000000;\"><strong>Protocole 1000<\/strong><\/span><\/h4>\n<p><span style=\"color: #0000ff;\"><a class=\"pdf\" style=\"color: #0000ff;\" href=\"https:\/\/laubeholistic.com\/wp-content\/uploads\/PDF-Protocol-1000.pdf\">T\u00e9l\u00e9charger en ANGLAIS<\/a><\/span><\/p>\n<p><span style=\"color: #0000ff;\"><a style=\"color: #0000ff;\" href=\"https:\/\/laubeholistic.com\/wp-content\/uploads\/PDF-ESP-Protocolo-1000.pdf\">T\u00e9l\u00e9charger en ESPA\u00d1OL<\/a><\/span><\/p>\n<h4>&nbsp;<\/h4>\n<h4><span style=\"color: #000000;\"><strong>Protocole 1000+ avec DMSO&nbsp;<\/strong><\/span><\/h4>\n<p><span style=\"color: #0000ff;\"><a style=\"color: #0000ff;\" href=\"https:\/\/laubeholistic.com\/wp-content\/uploads\/PDF-Protocol-1000-ENG.pdf\">T\u00e9l\u00e9charger en ANGLAIS<\/a><\/span><\/p>\n<div class=\"pdfdocument\">\n<h4>&nbsp;<\/h4>\n<h4><span style=\"color: #000000;\"><strong>Gestion du go\u00fbt&nbsp;<\/strong><\/span><\/h4>\n<p><span style=\"color: #000000;\">Une fois que vous aurez exp\u00e9riment\u00e9 la simplicit\u00e9 et les avantages de cette m\u00e9thode, les m\u00e9thodes secondaires de gestion du go\u00fbt deviendront inutiles. Il y a litt\u00e9ralement des centaines, voire des milliers de personnes qui ont commenc\u00e9 par dire : \u00ab Oh, le go\u00fbt de l&#039;AMS ne me d\u00e9range pas \u00bb, et plusieurs semaines plus tard, elles se sentent malades rien qu&#039;en y pensant ou en en parlant. . Si cela s&#039;applique \u00e0 vous, cliquez sur le lien de t\u00e9l\u00e9chargement ci-dessous pour une solution.<\/span><\/p>\n<p><span style=\"color: #0000ff;\"><a class=\"pdf\" style=\"color: #0000ff;\" href=\"https:\/\/laubeholistic.com\/wp-content\/uploads\/2014\/10\/Taste-Management.pdf\">T\u00e9l\u00e9charger en ANGLAIS<\/a><\/span><\/p>\n<\/div>\n<h4>&nbsp;<\/h4>\n<h4><span style=\"color: #000000;\"><strong>Protocole 1000 pour les animaux<\/strong><\/span><\/h4>\n<p><span style=\"color: #000000;\">Tout d\u2019abord, ajoutez le nombre sp\u00e9cifi\u00e9 de gouttes d\u2019AMS dans un verre propre et sec.<\/span><\/p>\n<p><span style=\"color: #000000;\">Activez comme suit : Ajoutez une goutte d&#039;ACTIVATEUR pour chaque goutte d&#039;AMS dans le verre.<\/span><\/p>\n<p><span style=\"color: #000000;\">Secouez ou remuez pour m\u00e9langer. Attendez 30 secondes.<\/span><\/p>\n<p><span style=\"color: #000000;\">Ajoutez 1\/2 \u00e0 un grand verre d&#039;eau ou de jus puis donnez \u00e0 boire \u00e0 l&#039;animal.<\/span><\/p>\n<p><span style=\"color: #000000;\">N&#039;utilisez pas de jus d&#039;orange. N&#039;utilisez pas de jus contenant de la vitamine C ou de l&#039;acide ascorbique ajout\u00e9. N&#039;utilisez pas de jus concentr\u00e9s auxquels on doit ajouter de l&#039;eau. Les jus de fruits frais sont les meilleurs.<\/span><\/p>\n<p><span style=\"color: #0000ff;\"><a class=\"pdf\" style=\"color: #0000ff;\" href=\"https:\/\/laubeholistic.com\/wp-content\/uploads\/PDF-Protocol-1000-for-Animals.pdf\" target=\"_blank\" rel=\"noopener noreferrer\">T\u00e9l\u00e9charger en ANGLAIS<\/a><\/span><\/p>\n<p><a href=\"https:\/\/laubeholistic.com\/wp-content\/uploads\/PDF-ESP-Protocolo-1000-Animales.pdf\"><span style=\"color: #0000ff;\">T\u00e9l\u00e9charger en ESPA\u00d1OL<\/span><\/a><\/p>\n<h4>&nbsp;<\/h4>\n<h4><span style=\"color: #000000;\"><strong>Protocole pour tous les types de grippe<\/strong><\/span><\/h4>\n<p><span style=\"color: #000000;\">Tout d\u2019abord, ajoutez le nombre sp\u00e9cifi\u00e9 de gouttes d\u2019AMS dans un verre propre et sec.<\/span><\/p>\n<p><span style=\"color: #000000;\">Activez comme suit : Ajoutez une goutte d&#039;ACTIVATEUR pour chaque goutte d&#039;AMS dans le verre.<\/span><\/p>\n<p><span style=\"color: #000000;\">Secouez ou remuez pour m\u00e9langer. Attendez 30 secondes.<\/span><\/p>\n<p><span style=\"color: #000000;\">Ajoutez 1\/2 \u00e0 un grand verre d\u2019eau ou de jus puis buvez.<\/span><\/p>\n<p><span style=\"color: #000000;\">N&#039;utilisez pas de jus d&#039;orange. N&#039;utilisez pas de jus contenant de la vitamine C ou de l&#039;acide ascorbique ajout\u00e9. N&#039;utilisez pas de jus concentr\u00e9s auxquels on doit ajouter de l&#039;eau. Les jus de fruits frais sont les meilleurs.<\/span><\/p>\n<p><span style=\"color: #0000ff;\"><a class=\"pdf\" style=\"color: #0000ff;\" href=\"https:\/\/laubeholistic.com\/wp-content\/uploads\/PDF-Protocol-for-all-Types-of-Flu.pdf\">T\u00e9l\u00e9charger en ANGLAIS<\/a><\/span><\/p>\n<p><span style=\"color: #0000ff;\"><a style=\"color: #0000ff;\" href=\"https:\/\/laubeholistic.com\/wp-content\/uploads\/PDF-ESP-Protocolo-gripe.pdf\">T\u00e9l\u00e9charger en ESPA\u00d1OL<\/a><\/span><\/p>\n<div class=\"pdfdocument\">\n<h4>&nbsp;<\/h4>\n<h4><span style=\"color: #000000;\"><strong>Protocole 2000&nbsp;<\/strong><\/span><\/h4>\n<p><span style=\"color: #000000;\">Cette proc\u00e9dure consiste \u00e0 prendre autant de gouttes d&#039;AMS activ\u00e9 chaque heure qu&#039;une personne peut en prendre sans devenir plus malade, sans se sentir plus mal ou sans d\u00e9velopper de diarrh\u00e9e.<\/span><\/p>\n<p><span style=\"color: #000000;\"> Cela doit \u00eatre fait 10 heures par jour, pendant 3 semaines ou jusqu&#039;\u00e0 ce que ce soit bien.<\/span><\/p>\n<p><span style=\"color: #000000;\">Il est recommand\u00e9 de commencer avec une seule goutte par heure et d\u2019augmenter rapidement jusqu\u2019\u00e0 atteindre autant de gouttes que possible.<\/span><\/p>\n<p><span style=\"color: #0000ff;\"><a class=\"pdf\" style=\"color: #0000ff;\" href=\"https:\/\/laubeholistic.com\/wp-content\/uploads\/PDF-Protocol-2000-for-Cancer.pdf\">T\u00e9l\u00e9charger en ANGLAIS<\/a><\/span><\/p>\n<p><span style=\"color: #0000ff;\"><a style=\"color: #0000ff;\" href=\"https:\/\/laubeholistic.com\/wp-content\/uploads\/PDF-ESP-Protocolo-2000-Cancer.pdf\">T\u00e9l\u00e9charger en ESPA\u00d1OL<\/a><\/span><\/p>\n<\/div>\n<div class=\"pdfdocument\">\n<h4>&nbsp;<\/h4>\n<h4><span style=\"color: #000000;\"><strong>Protocole de soins de la peau&nbsp;<\/strong><\/span><\/h4>\n<p><span style=\"color: #000000;\">L\u2019utilisation de l\u2019AMS sur la peau peut \u00eatre tr\u00e8s efficace. Il d\u00e9truit presque tous les types de troubles cutan\u00e9s connus. L\u2019utilisation de l\u2019AMS peut aider \u00e0 gu\u00e9rir les br\u00fblures et les blessures de toutes sortes, souvent en moins de la moiti\u00e9 du temps moyen.<\/span><\/p>\n<p><span style=\"color: #0000ff;\"><a class=\"pdf\" style=\"color: #0000ff;\" href=\"https:\/\/laubeholistic.com\/wp-content\/uploads\/PDF-Protocol-for-Skin-Care.pdf\">T\u00e9l\u00e9charger en ANGLAIS<\/a><\/span><\/p>\n<p><span style=\"color: #0000ff;\"><a style=\"color: #0000ff;\" href=\"https:\/\/laubeholistic.com\/wp-content\/uploads\/PDF-ESP-Protocolo-piel.pdf\">T\u00e9l\u00e9charger en ESPA\u00d1OL<\/a><\/span><\/p>\n<\/div>\n<div class=\"pdfdocument\">\n<h4>&nbsp;<\/h4>\n<h4><span style=\"color: #000000;\"><strong>Protocole pour les br\u00fbl\u00e9s<\/strong><\/span><\/h4>\n<p><span style=\"color: #000000;\">Toute br\u00fblure doit \u00eatre pulv\u00e9ris\u00e9e avec de l&#039;AMS (NaClO2) \u00e0 pleine puissance, avec <strong>aucun activateur ajout\u00e9. <\/strong>Utiliser directement \u00e0 partir d\u2019un petit flacon pulv\u00e9risateur. <strong>N&#039;ajoutez pas le <em>Activateur<\/em><\/strong>. Si vous n&#039;avez pas de flacon pulv\u00e9risateur, appliquez de l&#039;AMS (NaClO2) \u00e0 pleine puissance directement sur la br\u00fblure en vous assurant que la zone est imbib\u00e9e d&#039;AMS \u00e0 pleine puissance (NaClO2). Laissez l&#039;AMS sur la br\u00fblure pendant une minute puis rincez. Si la douleur persiste ou revient, r\u00e9p\u00e9tez l&#039;op\u00e9ration pendant une minute suppl\u00e9mentaire en vous assurant que le produit est rinc\u00e9 de la peau \u00e0 la fin du traitement.<\/span><\/p>\n<p><span style=\"color: #0000ff;\"><a class=\"pdf\" style=\"color: #0000ff;\" href=\"https:\/\/laubeholistic.com\/wp-content\/uploads\/PDF-Protocol-for-burn-Victims.pdf\" target=\"_blank\" rel=\"noopener noreferrer\">T\u00e9l\u00e9charger en ANGLAIS<\/a><\/span><\/p>\n<\/div>\n<h4>&nbsp;<\/h4>\n<h4><span style=\"color: #000000;\"><strong>Le protocole sacramentel du vaccin<\/strong><\/span><\/h4>\n<p><a href=\"https:\/\/laubeholistic.com\/wp-content\/uploads\/PDF-Protocol-for-Vaccine.pdf\"><span style=\"color: #0000ff;\">T\u00e9l\u00e9charger en ANGLAIS<\/span><\/a><\/p>\n<h4>&nbsp;<\/h4>\n<h4 class=\"pdfdocument\"><span style=\"color: #000000;\"><strong>Protocole pour un bain AMS<\/strong><\/span><\/h4>\n<p><span style=\"color: #000000;\">En plus de prendre des doses orales d\u2019AMS, il est possible d\u2019absorber l\u2019AMS par la peau, directement dans les muscles sous-jacents. Alors que les doses orales fournissent du gaz Cl02 principalement aux globules rouges, l&#039;AMS qui traverse la peau fournit du gaz Cl02 directement au plasma liquide du sang.<\/span><\/p>\n<p><a class=\"pdf\" href=\"https:\/\/laubeholistic.com\/wp-content\/uploads\/PDF-Protocol-for-a-Bath.pdf\" target=\"_blank\" rel=\"noopener noreferrer\"><span style=\"color: #0000ff;\">T\u00e9l\u00e9charger en ANGLAIS<\/span><\/a><\/p>\n<p><span style=\"color: #0000ff;\"><a style=\"color: #0000ff;\" href=\"https:\/\/laubeholistic.com\/wp-content\/uploads\/PDF-ESP-Protocolo-Bano.pdf\">T\u00e9l\u00e9charger en ESPA\u00d1OL<\/a><\/span><\/p>\n<h4>&nbsp;<\/h4>\n<h4 class=\"pdfdocument\"><span style=\"color: #000000;\"><strong>\u00c9tapes de la proc\u00e9dure du protocole DMSO<\/strong><\/span><\/h4>\n<p class=\"pdfdocument\"><span style=\"color: #0000ff;\"><a class=\"pdf\" style=\"color: #0000ff;\" href=\"https:\/\/laubeholistic.com\/wp-content\/uploads\/2014\/10\/DMSO-PROTOCOL-Procedure-Steps.pdf\" target=\"_blank\" rel=\"noopener noreferrer\">T\u00e9l\u00e9charger en ANGLAIS<\/a><\/span><\/p>\n<h4>&nbsp;<\/h4>\n<h4 class=\"pdfdocument\"><span style=\"color: #000000;\"><strong>Protocole 3000<\/strong><\/span><\/h4>\n<p><span style=\"color: #0000ff;\"><a class=\"pdf\" style=\"color: #0000ff;\" href=\"https:\/\/laubeholistic.com\/wp-content\/uploads\/PDF-Protocol-3000-with-DMSO.pdf\" target=\"_blank\" rel=\"noopener noreferrer\">T\u00e9l\u00e9charger en ANGLAIS<\/a><\/span><\/p>\n<p><span style=\"color: #0000ff;\"><a style=\"color: #0000ff;\" href=\"https:\/\/laubeholistic.com\/wp-content\/uploads\/PDF-ESP-Protocolo-3000-DMSO.pdf\">T\u00e9l\u00e9charger en ESPA\u00d1OL<\/a><\/span><\/p>\n<div class=\"pdfdocument\">\n<h4>&nbsp;<\/h4>\n<h4><span style=\"color: #000000;\"><strong>Protocole EBOLA<\/strong><\/span><\/h4>\n<p><span style=\"color: #0000ff;\"><a class=\"pdf\" style=\"color: #0000ff;\" href=\"https:\/\/laubeholistic.com\/wp-content\/uploads\/PDF-Protocol-for-Ebola.pdf\" target=\"_blank\" rel=\"noopener noreferrer\">T\u00e9l\u00e9charger en ANGLAIS<\/a><\/span><\/p>\n<h4>&nbsp;<\/h4>\n<h4><strong><span style=\"color: #000000;\">Protocole CORONA<\/span><\/strong><\/h4>\n<\/div>\n<p class=\"pdfdocument\"><span style=\"color: #0000ff;\"><a style=\"color: #0000ff;\" href=\"https:\/\/laubeholistic.com\/wp-content\/uploads\/PDF-Protocol-Corona-ENG_ESP.pdf\">D<span style=\"color: #0000ff;\">proprechargement en ANGLAIS<\/span><\/a><\/span><\/p>\n<p class=\"pdfdocument\"><span style=\"color: #0000ff;\"><a style=\"color: #0000ff;\" href=\"https:\/\/laubeholistic.com\/wp-content\/uploads\/PDF-Protocol-Corona-ENG_ESP.pdf\"><span style=\"color: #0000ff;\">T\u00e9l\u00e9charger en ESPA\u00d1OL<\/span><\/a><\/span><\/p>\n<h4>&nbsp;<\/h4>\n<h4><span style=\"color: #000000;\"><strong>Instructions pour pr\u00e9parer le Th\u00e9 ESSIAC<\/strong><\/span><\/h4>\n<p><span style=\"color: #0000ff;\"><a style=\"color: #0000ff;\" href=\"https:\/\/laubeholistic.com\/wp-content\/uploads\/Essiac-Tea-Instruction-ENG.pdf\">T\u00e9l\u00e9charger en ANGLAIS<\/a><\/span><\/p>\n<h4>&nbsp;<\/h4>\n<h4><span style=\"color: #000000;\"><strong>Autisme par Andreas Kalcker<\/strong><\/span><\/h4>\n<p><span style=\"color: #0000ff;\"><a style=\"color: #0000ff;\" href=\"https:\/\/laubeholistic.com\/wp-content\/uploads\/Autism_by_Andreas_Kalcker.pdf\">T\u00e9l\u00e9charger en ANGLAIS<\/a><\/span><\/p>\n<h4>&nbsp;<\/h4>\n<h4><span style=\"color: #000000;\"><strong>Protocole C du CDS (101)<br \/>\n<\/strong><\/span><\/h4>\n<p><span style=\"color: #0000ff;\"><a style=\"color: #0000ff;\" href=\"https:\/\/laubeholistic.com\/wp-content\/uploads\/PDF-Protocol-C-ENG.pdf\">T\u00e9l\u00e9charger en ANGLAIS<\/a><\/span><\/p>\n<p><a href=\"https:\/\/laubeholistic.com\/wp-content\/uploads\/PDF_CDS_Protocol_C_esp.pdf\"><span style=\"color: #0000ff;\">T\u00e9l\u00e9charger en ESPA\u00d1OL<\/span><\/a><\/p>\n<h4>&nbsp;<\/h4>\n<h4><span style=\"color: #000000;\"><strong>Protocole CDS D : comme en dermatologie<\/strong><\/span><\/h4>\n<p><span style=\"color: #0000ff;\"><a style=\"color: #0000ff;\" href=\"https:\/\/laubeholistic.com\/wp-content\/uploads\/PDF-Protocol-D-ENG.pdf\">T\u00e9l\u00e9charger en ANGLAIS<\/a><\/span><\/p>\n<p><span style=\"color: #0000ff;\"><a style=\"color: #0000ff;\" href=\"https:\/\/laubeholistic.com\/wp-content\/uploads\/PDF-CDS-Protocol-D-ESP.pdf\"><span style=\"color: #0000ff;\">T\u00e9l\u00e9charger en ESPA\u00d1OL<\/span><\/a><\/span><\/p>\n<h4>&nbsp;<\/h4>\n<h4><span style=\"color: #000000;\"><strong>Protocole CDS E\u00a0: comme dans les lavements<\/strong><\/span><\/h4>\n<p><span style=\"color: #0000ff;\"><a style=\"color: #0000ff;\" href=\"https:\/\/laubeholistic.com\/wp-content\/uploads\/PDF-Protocol-E-ENG.pdf\">T\u00e9l\u00e9charger en ANGLAIS<\/a><\/span><\/p>\n<p><span style=\"color: #0000ff;\"><a style=\"color: #0000ff;\" href=\"https:\/\/laubeholistic.com\/wp-content\/uploads\/PDF-CDS-Protocol-E-ESP.pdf\">T\u00e9l\u00e9charger en ESPA\u00d1OL<\/a><\/span><\/p>\n<h4>&nbsp;<\/h4>\n<h4><span style=\"color: #000000;\"><strong>Protocole CDS F\u00a0: comme dans Fr\u00e9quent<br \/>\n<\/strong><\/span><\/h4>\n<p><span style=\"color: #0000ff;\"><a style=\"color: #0000ff;\" href=\"https:\/\/laubeholistic.com\/wp-content\/uploads\/PDF-Protocol-F-ENG.pdf\">T\u00e9l\u00e9charger en ANGLAIS<\/a><\/span><\/p>\n<p><span style=\"color: #0000ff;\"><a style=\"color: #0000ff;\" href=\"https:\/\/laubeholistic.com\/wp-content\/uploads\/PDF-CDS-Protocol-F-ESP.pdf\">T\u00e9l\u00e9charger en ESPA\u00d1OL<\/a><\/span><\/p>\n<h4>&nbsp;<\/h4>\n<h4><span style=\"color: #000000;\"><strong>Protocole CDS T\u00a0: comme dans Terminal<\/strong><\/span><\/h4>\n<p><span style=\"color: #0000ff;\"><a style=\"color: #0000ff;\" href=\"https:\/\/laubeholistic.com\/wp-content\/uploads\/PDF-CDS-Protocol-T.pdf\">T\u00e9l\u00e9charger en ANGLAIS<\/a><\/span><\/p>\n<p>&nbsp;<\/p>\n<h4><span style=\"color: #000000;\"><strong>CDS Protocole K\u00a0: comme dans le Kit avec DMSO<\/strong><\/span><\/h4>\n<p><a href=\"https:\/\/laubeholistic.com\/wp-content\/uploads\/PDF-CDS-Protocol-K-eng.pdf\"><span style=\"color: #0000ff;\">T\u00e9l\u00e9charger en ANGLAIS<\/span><\/a><\/p>\n<h4>&nbsp;<\/h4>\n<h4><strong><span style=\"color: #000000;\">Protocole P CDS\u00a0: comme dans Parasites<\/span><\/strong><\/h4>\n<p><span style=\"color: #0000ff;\"><a style=\"color: #0000ff;\" href=\"https:\/\/laubeholistic.com\/wp-content\/uploads\/PDF-CDS-Protocol-P-eng.pdf\">T\u00e9l\u00e9charger en ANGLAIS<\/a><\/span><\/p>\n<p>&nbsp;<\/p>","protected":false},"excerpt":{"rendered":"<p>Function &amp; Understanding of AMS What is AMS and how does it work in our body?&nbsp; This booklet will give you an easy-to-follow explanation of the function and understanding of AMS. Download in ENGLISH Descargar en ESPA\u00d1OL &nbsp; Manual Booklet of AMS The AMS Manual Booklet will explain everything you need to know about HOW [&#8230;]\n","protected":false},"author":34,"featured_media":0,"parent":0,"menu_order":0,"comment_status":"closed","ping_status":"closed","template":"","meta":{"ngg_post_thumbnail":0,"footnotes":""},"class_list":["post-26","page","type-page","status-publish","hentry"],"_links":{"self":[{"href":"https:\/\/laubeholistic.com\/fr\/wp-json\/wp\/v2\/pages\/26","targetHints":{"allow":["GET"]}}],"collection":[{"href":"https:\/\/laubeholistic.com\/fr\/wp-json\/wp\/v2\/pages"}],"about":[{"href":"https:\/\/laubeholistic.com\/fr\/wp-json\/wp\/v2\/types\/page"}],"author":[{"embeddable":true,"href":"https:\/\/laubeholistic.com\/fr\/wp-json\/wp\/v2\/users\/34"}],"replies":[{"embeddable":true,"href":"https:\/\/laubeholistic.com\/fr\/wp-json\/wp\/v2\/comments?post=26"}],"version-history":[{"count":54,"href":"https:\/\/laubeholistic.com\/fr\/wp-json\/wp\/v2\/pages\/26\/revisions"}],"predecessor-version":[{"id":7776,"href":"https:\/\/laubeholistic.com\/fr\/wp-json\/wp\/v2\/pages\/26\/revisions\/7776"}],"wp:attachment":[{"href":"https:\/\/laubeholistic.com\/fr\/wp-json\/wp\/v2\/media?parent=26"}],"curies":[{"name":"wp","href":"https:\/\/api.w.org\/{rel}","templated":true}]}}