{"id":220,"date":"2012-05-11T19:18:26","date_gmt":"2012-05-11T19:18:26","guid":{"rendered":"https:\/\/laubeholistic.com\/?page_id=220"},"modified":"2023-01-12T12:43:48","modified_gmt":"2023-01-12T12:43:48","slug":"terms","status":"publish","type":"page","link":"https:\/\/laubeholistic.com\/fr\/terms\/","title":{"rendered":"termes et conditions"},"content":{"rendered":"<h1>termes et conditions<\/h1>\n<p>Les produits et les all\u00e9gations faites concernant des produits sp\u00e9cifiques sur ou via ce site n&#039;ont pas \u00e9t\u00e9 \u00e9valu\u00e9s par la Food and Drug Administration des \u00c9tats-Unis et ne sont pas destin\u00e9s \u00e0 diagnostiquer, traiter, gu\u00e9rir ou pr\u00e9venir une maladie. Les informations fournies sur ce site sont \u00e0 titre informatif uniquement et ne sont pas destin\u00e9es \u00e0 remplacer les conseils de votre m\u00e9decin ou autre professionnel de la sant\u00e9 ou toute information contenue sur ou dans toute \u00e9tiquette ou emballage de produit. Vous ne devez pas utiliser les informations de ce site pour le diagnostic ou le traitement de tout probl\u00e8me de sant\u00e9 ou pour la prescription de tout m\u00e9dicament ou autre traitement. Vous devriez consulter un professionnel de la sant\u00e9 avant de commencer un r\u00e9gime, un exercice ou un programme de suppl\u00e9mentation, avant de prendre un m\u00e9dicament, ou si vous avez ou pensez avoir un probl\u00e8me de sant\u00e9.<\/p>\n<p><em>Laube Holistique<\/em> ne donne pas de conseils m\u00e9dicaux, ne prescrit pas et ne diagnostique pas de maladie. Tous les points de vue et id\u00e9es exprim\u00e9s par <em>Laube Holistique<\/em> ne sont pas destin\u00e9s \u00e0 remplacer un avis ou un service m\u00e9dical conventionnel. Vous acceptez qu&#039;aucune responsabilit\u00e9 ne sera encourue envers toute personne ou entit\u00e9 en ce qui concerne toute perte, dommage ou blessure caus\u00e9 ou pr\u00e9tendument caus\u00e9 directement ou indirectement par les informations contenues dans ce site. Si vous souffrez d\u2019un probl\u00e8me de sant\u00e9 grave, veuillez consulter un professionnel de la sant\u00e9 agr\u00e9\u00e9.<\/p>\n<p>Le propri\u00e9taire de ce site Web n&#039;est pas un m\u00e9decin ou un professionnel de la sant\u00e9 agr\u00e9\u00e9 et ne doit pas \u00eatre consid\u00e9r\u00e9 ou contact\u00e9 comme tel, et les d\u00e9clarations de maladie ou de soutien ne sont pas fournies par le propri\u00e9taire de ce site Web car il est ill\u00e9gal de le faire.<\/p>\n<p>Notez \u00e9galement\u00a0; ce site Web contient des liens vers d&#039;autres sites Web exploit\u00e9s par des tiers. Ces liens sont fournis \u00e0 titre de commodit\u00e9 et de r\u00e9f\u00e9rence uniquement. Le propri\u00e9taire de ce site Web n&#039;est pas responsable du contenu ou des produits des sites li\u00e9s ou des liens qui y sont contenus. Les sites Web et les vid\u00e9os li\u00e9s \u00e0 partir de <em>Laube Holistique<\/em> repr\u00e9sentent uniquement les opinions de leurs producteurs. Les liens vers ces sites Web et vid\u00e9os sont mis \u00e0 votre disposition en tant que ressource pour vos propres recherches et \u00e9valuations et non comme une approbation.<\/p>\n<p><strong>Politique de remboursement<\/strong><\/p>\n<p>Notre politique est valable pour une p\u00e9riode de 30 jours calendaires \u00e0 compter de la date d&#039;achat. Si vous souhaitez retourner le produit pour un remboursement pendant cette p\u00e9riode, vous pouvez le faire \u00e0 condition que les conditions ci-dessous soient remplies. Veuillez noter que si le d\u00e9lai de 30 jours est \u00e9coul\u00e9, nous ne pouvons malheureusement pas vous proposer de remboursement.<\/p>\n<p>Exigences de remboursement<\/p>\n<p>Les crit\u00e8res suivants doivent \u00eatre remplis pour b\u00e9n\u00e9ficier d\u2019un remboursement\u00a0:<\/p>\n<p>\u2013 Le produit est d\u00e9fectueux<br \/>\n- Le produit n&#039;est pas conforme \u00e0 la description<br \/>\n\u2013 Le produit doit \u00eatre inutilis\u00e9<br \/>\n\u2013 Le produit ne doit pas \u00eatre endommag\u00e9<\/p>\n<p>Afin de garantir que les crit\u00e8res ci-dessus sont remplis, tous les retours seront inspect\u00e9s. Si le produit ne r\u00e9pond pas aux crit\u00e8res \u00e9num\u00e9r\u00e9s, nous nous r\u00e9servons le droit de ne pas proc\u00e9der \u00e0 un remboursement.<\/p>\n<p>Preuve d&#039;achat<\/p>\n<p>Pour finaliser votre remboursement, nous avons besoin d&#039;un re\u00e7u, d&#039;un bon de commande ou d&#039;une autre preuve d&#039;achat. Veuillez noter que sans la preuve d&#039;achat susmentionn\u00e9e, nous n&#039;effectuerons pas de remboursement mais vous fournirons plut\u00f4t un cr\u00e9dit en magasin.<\/p>\n<p>Articles d&#039;exp\u00e9dition<\/p>\n<p>Afin de retourner une commande, vous devez d&#039;abord nous contacter.<\/p>\n<p>Les retours peuvent \u00eatre envoy\u00e9s par courrier \u00e0\u00a0: Calle Benasau 1, bajo local. Vous serez responsable du paiement des frais d&#039;exp\u00e9dition concernant les articles que vous souhaitez retourner. Nous ne rembourserons pas les frais d&#039;exp\u00e9dition pay\u00e9s par le client pour la livraison des produits.<\/p>\n<p>Vous devez veiller \u00e0 ce que les marchandises soient correctement emball\u00e9es afin qu&#039;elles ne soient pas endommag\u00e9es pendant le transport. Si le produit est endommag\u00e9 ou utilis\u00e9 au-del\u00e0 de ce qu&#039;il nous faut pour l&#039;inspecter raisonnablement, nous pouvons alors refuser un remboursement.<\/p>\n<p>Nous contacter<\/p>\n<p>Si vous avez des questions, des pr\u00e9occupations ou des plaintes concernant cette politique de remboursement, nous vous encourageons \u00e0 nous contacter en utilisant les coordonn\u00e9es ci-dessous\u00a0:<\/p>\n<p>www.laubeholistic.com<br \/>\ninfo@laubeholistic.com<\/p>\n<p>Ce document a \u00e9t\u00e9 mis \u00e0 jour pour la derni\u00e8re fois le 2 mars 2020<\/p>","protected":false},"excerpt":{"rendered":"<p>Terms &amp; Conditions The products and the claims made about specific products on or through this site have not been evaluated by the US Food and Drug Administration and are not intended to diagnose, treat, cure or prevent disease. The information provided on this site is for informational purposes only and is not intended as [&#8230;]\n","protected":false},"author":34,"featured_media":0,"parent":0,"menu_order":0,"comment_status":"closed","ping_status":"closed","template":"","meta":{"ngg_post_thumbnail":0,"footnotes":""},"class_list":["post-220","page","type-page","status-publish","hentry"],"_links":{"self":[{"href":"https:\/\/laubeholistic.com\/fr\/wp-json\/wp\/v2\/pages\/220","targetHints":{"allow":["GET"]}}],"collection":[{"href":"https:\/\/laubeholistic.com\/fr\/wp-json\/wp\/v2\/pages"}],"about":[{"href":"https:\/\/laubeholistic.com\/fr\/wp-json\/wp\/v2\/types\/page"}],"author":[{"embeddable":true,"href":"https:\/\/laubeholistic.com\/fr\/wp-json\/wp\/v2\/users\/34"}],"replies":[{"embeddable":true,"href":"https:\/\/laubeholistic.com\/fr\/wp-json\/wp\/v2\/comments?post=220"}],"version-history":[{"count":5,"href":"https:\/\/laubeholistic.com\/fr\/wp-json\/wp\/v2\/pages\/220\/revisions"}],"predecessor-version":[{"id":11873,"href":"https:\/\/laubeholistic.com\/fr\/wp-json\/wp\/v2\/pages\/220\/revisions\/11873"}],"wp:attachment":[{"href":"https:\/\/laubeholistic.com\/fr\/wp-json\/wp\/v2\/media?parent=220"}],"curies":[{"name":"wp","href":"https:\/\/api.w.org\/{rel}","templated":true}]}}