{"id":207,"date":"2014-09-15T14:37:32","date_gmt":"2012-05-11T18:52:30","guid":{"rendered":"https:\/\/laubeholistic.com\/?page_id=207"},"modified":"2022-04-05T12:13:58","modified_gmt":"2022-04-05T12:13:58","slug":"immune-system","status":"publish","type":"page","link":"https:\/\/laubeholistic.com\/fr\/immune-system\/","title":{"rendered":"Votre syst\u00e8me immunitaire"},"content":{"rendered":"<p>&nbsp;<\/p>\n<p><img loading=\"lazy\" decoding=\"async\" class=\"alignleft size-full wp-image-208\" title=\"Syst\u00e8me immunitaire\" src=\"https:\/\/laubeholistic.com\/wp-content\/uploads\/2012\/05\/immunesystem.jpg\" alt=\"Immune System\" width=\"248\" height=\"168\" srcset=\"https:\/\/laubeholistic.com\/wp-content\/uploads\/2012\/05\/immunesystem.jpg 248w, https:\/\/laubeholistic.com\/wp-content\/uploads\/2012\/05\/immunesystem-247x168.jpg 247w\" sizes=\"auto, (max-width: 248px) 100vw, 248px\" \/>Imaginez que votre syst\u00e8me immunitaire soit un chevalier avec une grande \u00e9p\u00e9e. Chaque jour, il est charg\u00e9 de prot\u00e9ger votre corps contre les intrus et les ennemis ind\u00e9sirables comme les monstres et les dragons. <strong><em>(Virus, bact\u00e9ries, infections et tous autres agents pathog\u00e8nes ana\u00e9robies)<\/em><\/strong> . Il fait toujours de son mieux, mais parfois il se bat contre certains ennemis qu&#039;il ne peut pas vaincre tout de suite ou parfois il ne le parviendra jamais, car ils sont trop puissants.<\/p>\n<p>Si cela se produit, votre corps tombe malade.<br \/>\n<img loading=\"lazy\" decoding=\"async\" class=\"alignleft size-full wp-image-209\" title=\"Le syst\u00e8me immunitaire en tant que machine\" src=\"https:\/\/laubeholistic.com\/wp-content\/uploads\/2012\/05\/immunesystem1.jpg\" alt=\"Immune System As A Machine\" width=\"248\" height=\"168\" srcset=\"https:\/\/laubeholistic.com\/wp-content\/uploads\/2012\/05\/immunesystem1.jpg 248w, https:\/\/laubeholistic.com\/wp-content\/uploads\/2012\/05\/immunesystem1-247x168.jpg 247w\" sizes=\"auto, (max-width: 248px) 100vw, 248px\" \/>Si vous utilisez maintenant AMS, vous soutiendrez notre chevalier et \u00e9changerez sa grande \u00e9p\u00e9e contre une deuxi\u00e8me arme, plus efficace et plus puissante, une grosse mitrailleuse lourde.<br \/>\nGr\u00e2ce \u00e0 cette mitrailleuse plus efficace, notre chevalier est d\u00e9sormais capable de vaincre tr\u00e8s facilement et rapidement les ennemis avec lesquels il avait des probl\u00e8mes. Votre chevalier est d\u00e9sormais capable de vaincre tous les probl\u00e8mes, douleurs et maladies que vous avez dans votre corps.<br \/>\nL&#039;AMS est une arme lourde qui aidera votre chevalier \u00e0 vaincre les maladies et toutes sortes d&#039;infections. Le r\u00e9sultat est que votre corps se r\u00e9tablira \u00e0 mesure que la maladie ou l&#039;affection sera tu\u00e9e !<\/p>","protected":false},"excerpt":{"rendered":"<p>&nbsp; Imagine your Immune System is a Knight with a big Sword . Everyday he is in charge of the protecting of your body from any unwanted intruders and enemies like Monsters and Dragons (Viruses, Bacteria, infections and all other anaerobic Pathogens) . He always does his best, but sometimes he struggles with certain enemies [&#8230;]\n","protected":false},"author":34,"featured_media":0,"parent":0,"menu_order":0,"comment_status":"closed","ping_status":"closed","template":"","meta":{"ngg_post_thumbnail":0,"footnotes":""},"class_list":["post-207","page","type-page","status-publish","hentry"],"_links":{"self":[{"href":"https:\/\/laubeholistic.com\/fr\/wp-json\/wp\/v2\/pages\/207","targetHints":{"allow":["GET"]}}],"collection":[{"href":"https:\/\/laubeholistic.com\/fr\/wp-json\/wp\/v2\/pages"}],"about":[{"href":"https:\/\/laubeholistic.com\/fr\/wp-json\/wp\/v2\/types\/page"}],"author":[{"embeddable":true,"href":"https:\/\/laubeholistic.com\/fr\/wp-json\/wp\/v2\/users\/34"}],"replies":[{"embeddable":true,"href":"https:\/\/laubeholistic.com\/fr\/wp-json\/wp\/v2\/comments?post=207"}],"version-history":[{"count":1,"href":"https:\/\/laubeholistic.com\/fr\/wp-json\/wp\/v2\/pages\/207\/revisions"}],"predecessor-version":[{"id":10245,"href":"https:\/\/laubeholistic.com\/fr\/wp-json\/wp\/v2\/pages\/207\/revisions\/10245"}],"wp:attachment":[{"href":"https:\/\/laubeholistic.com\/fr\/wp-json\/wp\/v2\/media?parent=207"}],"curies":[{"name":"wp","href":"https:\/\/api.w.org\/{rel}","templated":true}]}}