{"id":203,"date":"2014-09-15T14:34:41","date_gmt":"2012-05-11T18:41:02","guid":{"rendered":"https:\/\/laubeholistic.com\/?page_id=203"},"modified":"2015-08-04T10:30:42","modified_gmt":"2015-08-04T10:30:42","slug":"interview","status":"publish","type":"page","link":"https:\/\/laubeholistic.com\/fr\/interview\/","title":{"rendered":"Entretien"},"content":{"rendered":"<p>Dans cette interview, Matthew parle avec Tobias Laube. Tobias est un chercheur et \u00e9ducateur en sant\u00e9 qui est tomb\u00e9 sur un min\u00e9ral miraculeux qui a \u00e9t\u00e9 utilis\u00e9 avec succ\u00e8s par Jim Humble pour gu\u00e9rir des personnes partout dans le monde de maladies telles que le cancer, le sida, le paludisme et bien d&#039;autres. D\u00e9couvrez l\u2019histoire que les soci\u00e9t\u00e9s pharmaceutiques tentent de garder sous silence.<\/p>\n<p>Nous vous recommandons fortement de regarder l&#039;int\u00e9gralit\u00e9 de l&#039;interview. Si vous n&#039;avez pas le temps de tout regarder, utilisez simplement le choix Points de pertinence juste en dessous et ne regardez que quelques minutes de ce qui vous int\u00e9resse.<\/p>\n<p><iframe loading=\"lazy\" width=\"1020\" height=\"574\" src=\"https:\/\/www.youtube.com\/embed\/qTek19trEYk?feature=oembed\" frameborder=\"0\" allowfullscreen><\/iframe><\/p>\n<p><strong>Points pertinents<\/strong><\/p>\n<ul>\n<li><a href=\"#\"><strong>Introduction<\/strong><\/a>\u2013 00h00 minutes<\/li>\n<li><a href=\"#\"><strong>Solution min\u00e9rale activ\u00e9e \u2013 Dioxyde de chlore<\/strong><\/a> (02:10)<\/li>\n<li><a href=\"#\"><strong>Qui est Jim humble ?<\/strong><\/a>\u2013 04h30min<\/li>\n<li><a href=\"#\"><strong>Que peut faire l\u2019AMS, que ne peut-il pas faire ?<\/strong><\/a>\u2013 15h48min<\/li>\n<li><a href=\"#\"><strong>Comment fonctionne l\u2019AMS ?<\/strong><\/a>\u2013 18h55min<\/li>\n<li><a href=\"#\"><strong>Nos premi\u00e8res exp\u00e9riences avec cette solution<\/strong><\/a>\u2013 24h30<\/li>\n<li><a href=\"#\"><strong>Pourquoi boire un produit chimique ?<\/strong><\/a>\u2013 31h05min<\/li>\n<li><a href=\"#\"><strong>Est-ce qu&#039;il y a des effets secondaires?<\/strong><\/a>\u2013 35:43min<\/li>\n<li><a href=\"#\"><strong>Succ\u00e8s avec une tumeur \u00e0 l&#039;estomac d&#039;un chien<\/strong><\/a>\u2013 41h00<\/li>\n<li><a href=\"#\"><strong>Pour quoi il peut et ne peut pas \u00eatre utilis\u00e9 \u2013 <em><span style=\"text-decoration: underline;\">Le champ d&#039;application<\/span>\u2013 <\/em><\/strong><\/a>45h00<\/li>\n<li><a href=\"#\"><strong>VIH et SIDA<\/strong><\/a>\u2013 55h50min<\/li>\n<li><a href=\"#\"><strong>Prendre le min\u00e9ral<\/strong><\/a>\u2013 1:06:40 minutes<\/li>\n<li><a href=\"#\"><strong>L&#039;incroyable DMSO<\/strong><\/a>\u2013 1:13:25 minutes<\/li>\n<li><a href=\"#\"><strong>Ce que nous faisons<\/strong><\/a> \u2013 1:22:45 minutes<\/li>\n<li><a href=\"#\"><strong>Si vous \u00eates malade ou pas\u2026<\/strong><\/a>\u2013 1:24:55 minutes<\/li>\n<li><a href=\"#\"><strong>Le rem\u00e8de contre les br\u00fblures<\/strong><\/a>\u2013 1:26:55 minutes<\/li>\n<\/ul>","protected":false},"excerpt":{"rendered":"<p>In this interview Matthew Speaks with Tobias Laube. Tobias is a health researcher and educator who stumbled upon a miraculous mineral that has been successfully used by Jim Humble to heal people all over the world from diseases such as Cancer, Aids, Malaria and many more. Learn the story that the pharmaceutical companies have been [&#8230;]\n","protected":false},"author":34,"featured_media":0,"parent":0,"menu_order":0,"comment_status":"closed","ping_status":"closed","template":"","meta":{"ngg_post_thumbnail":0,"footnotes":""},"class_list":["post-203","page","type-page","status-publish","hentry"],"_links":{"self":[{"href":"https:\/\/laubeholistic.com\/fr\/wp-json\/wp\/v2\/pages\/203","targetHints":{"allow":["GET"]}}],"collection":[{"href":"https:\/\/laubeholistic.com\/fr\/wp-json\/wp\/v2\/pages"}],"about":[{"href":"https:\/\/laubeholistic.com\/fr\/wp-json\/wp\/v2\/types\/page"}],"author":[{"embeddable":true,"href":"https:\/\/laubeholistic.com\/fr\/wp-json\/wp\/v2\/users\/34"}],"replies":[{"embeddable":true,"href":"https:\/\/laubeholistic.com\/fr\/wp-json\/wp\/v2\/comments?post=203"}],"version-history":[{"count":2,"href":"https:\/\/laubeholistic.com\/fr\/wp-json\/wp\/v2\/pages\/203\/revisions"}],"predecessor-version":[{"id":1731,"href":"https:\/\/laubeholistic.com\/fr\/wp-json\/wp\/v2\/pages\/203\/revisions\/1731"}],"wp:attachment":[{"href":"https:\/\/laubeholistic.com\/fr\/wp-json\/wp\/v2\/media?parent=203"}],"curies":[{"name":"wp","href":"https:\/\/api.w.org\/{rel}","templated":true}]}}