{"id":20,"date":"2014-09-15T14:10:21","date_gmt":"2012-04-18T13:17:02","guid":{"rendered":"http:\/\/www.harmonikdesign.com\/activatedmineralsolution\/?page_id=12"},"modified":"2022-04-05T11:55:39","modified_gmt":"2022-04-05T11:55:39","slug":"preparation-application-storage","status":"publish","type":"page","link":"https:\/\/laubeholistic.com\/fr\/preparation-application-storage\/","title":{"rendered":"Pr\u00e9paration, application et stockage"},"content":{"rendered":"<p>Exigences pour la pr\u00e9paration et la candidature<\/p>\n<ul>\n<li>Solution de chlorite de sodium 25% \/ NaClO2 (flacon pipette)<\/li>\n<li>Acide chlorhydrique 4% \u2013 HCL \/<em> Activateur<\/em> (flacon pipette)<\/li>\n<li>Un verre \u00e0 boire propre et sec<\/li>\n<li>Une montre (chronom\u00e8tre, sablier, etc.)<\/li>\n<\/ul>\n<p>De l&#039;eau ou un jus de pomme, de canneberge, de raisin ou d&#039;ananas <span style=\"text-decoration: underline;\"><strong>sans suppl\u00e9ment <\/strong><\/span><span style=\"text-decoration: underline;\"><strong>Vitamine<\/strong><\/span><span style=\"text-decoration: underline;\"><strong> C.<\/strong><\/span><\/p>\n<p>&nbsp;Le m\u00e9lange de NaClO2 et de l&#039;Activateur est toujours pr\u00e9par\u00e9 dans un rapport de <strong>1:1<\/strong><\/p>\n<p lang=\"en-US\">(1 goutte de NaClO2 \u2013 1 goutte <em>Activateur<\/em>).<\/p>\n<p>Ajoutez la quantit\u00e9 requise de <em>Activateur<\/em> versez d\u2019abord dans un verre propre et sec \u2013 une goutte \u00e0 la fois. Ensuite, ajoutez la quantit\u00e9 requise de NaCIO2 \u00e0 l&#039;activateur et, \u00e0 l&#039;aide d&#039;un chronom\u00e8tre ou d&#039;une horloge, attendez les 30 secondes requises pour que la r\u00e9action se produise. Pendant cette p\u00e9riode d&#039;attente, vous devez faire tourner un peu le verre pour vous assurer que les composants sont bien m\u00e9lang\u00e9s. Une fois les 30 secondes \u00e9coul\u00e9es, remplissez le verre \u00e0 moiti\u00e9 avec de l\u2019eau ou un jus de fruit de votre choix \u2013 en vous assurant que le jus ne contient pas de vitamine C suppl\u00e9mentaire. Cela doit \u00eatre visible sur la brique de jus. (la vitamine C ajout\u00e9e est \u00e9galement appel\u00e9e <strong>acide ascorbique<\/strong>)<\/p>\n<p lang=\"en-US\" align=\"CENTER\"><span style=\"text-decoration: underline;\">-Les jus de fruits, notamment le jus de pomme, neutralisent le go\u00fbt du dioxyde de chlore- <\/span><\/p>\n<p lang=\"en-US\">D\u2019apr\u00e8s l\u2019exp\u00e9rience, seuls les jus fra\u00eechement press\u00e9s ne contiennent pas de vitamine C suppl\u00e9mentaire.<\/p>\n<h4>Stockage<\/h4>\n<p lang=\"en-US\">Pour le stockage correct de la solution de chlorite de sodium, veuillez garder \u00e0 l\u2019esprit les points suivants\u00a0:<\/p>\n<p lang=\"en-US\">La solution de chlorite de sodium 25% (NaClO2), qui sera fournie dans des flacons teint\u00e9s durables, doit \u00eatre conserv\u00e9e dans un endroit frais et sombre, comme un placard. Il est recommand\u00e9 d&#039;emballer les bouteilles dans du papier aluminium pour assurer une protection suppl\u00e9mentaire contre la lumi\u00e8re. La lumi\u00e8re d\u00e9truit le chlorite de sodium. Tenir hors de port\u00e9e des enfants.<\/p>\n<p lang=\"en-US\"><strong>Attention\u00a0: toute solution de chlorite de sodium renvers\u00e9e qui entre en contact avec la peau ou les surfaces doit \u00eatre imm\u00e9diatement lav\u00e9e. Ne le laissez pas s\u00e9cher. La poudre blanche qui reste apr\u00e8s \u00e9vaporation du liquide est hautement inflammable !<\/strong><\/p>\n<h4>Autres conseils<\/h4>\n<p>\u2022\u00a0AMS fait <strong>PAS <\/strong>causer haut <strong>pression art\u00e9rielle.<\/strong><\/p>\n<p>Si <strong>Pression art\u00e9rielle faible <\/strong>appara\u00eet, vous devez boire un verre de jus de pomme, de canneberge, de raisin ou d&#039;ananas avant et apr\u00e8s avoir bu de l&#039;AMS.<\/p>\n<p lang=\"en-US\">Important : ne buvez que du jus sans vitamine C suppl\u00e9mentaire.<\/p>\n<p>\u2022 L&#039;AMS n&#039;a aucun effet sur le <strong>niveau d&#039;iode<\/strong>.<br \/>\n\u2022 L&#039;AMS peut provoquer des probl\u00e8mes temporaires. <strong>tachycardie<\/strong>, c&#039;est \u00e0 ce moment-l\u00e0 que les valvules cardiaques sont affect\u00e9es par des bact\u00e9ries qui sont d\u00e9truites. Si n\u00e9cessaire, diminuez la dose d&#039;AMS.<br \/>\n\u2022 Comme un <strong>\u00e9tape de support, <\/strong>vous pouvez manger deux pommes apr\u00e8s avoir bu de l&#039;AMS. Ceux-ci aident \u00e0 absorber les d\u00e9chets et \u00e0 les excr\u00e9ter.<br \/>\n\u2022 L&#039;AMS et la vitamine C, ou tout autre aliment\/boisson suppl\u00e9mentaire contenant de la vitamine C suppl\u00e9mentaire, ne doivent pas \u00eatre pris le m\u00eame jour, car ils annulent mutuellement leurs effets.<br \/>\n\u2022 La vitamine C suppl\u00e9mentaire est \u00e9galement appel\u00e9e <span style=\"text-decoration: underline;\">acide ascorbique<\/span>.<\/p>","protected":false},"excerpt":{"rendered":"<p>Requirements for the preparation and application 25% sodium Chlorite solution \/ NaClO2 (pipette bottle) 4% Hydrochloric Acid &#8211; HCL \/ Activator (pipette bottle) A clean and dry drinking glass A watch (stopwatch, egg timer, etc.) Water or a apple-, cranberry-, grape- or pineapple juice without additional Vitamin C. &nbsp;The mixture of NaClO2 and the Activator [&#8230;]\n","protected":false},"author":34,"featured_media":0,"parent":0,"menu_order":0,"comment_status":"closed","ping_status":"closed","template":"","meta":{"ngg_post_thumbnail":0,"footnotes":""},"class_list":["post-20","page","type-page","status-publish","hentry"],"_links":{"self":[{"href":"https:\/\/laubeholistic.com\/fr\/wp-json\/wp\/v2\/pages\/20","targetHints":{"allow":["GET"]}}],"collection":[{"href":"https:\/\/laubeholistic.com\/fr\/wp-json\/wp\/v2\/pages"}],"about":[{"href":"https:\/\/laubeholistic.com\/fr\/wp-json\/wp\/v2\/types\/page"}],"author":[{"embeddable":true,"href":"https:\/\/laubeholistic.com\/fr\/wp-json\/wp\/v2\/users\/34"}],"replies":[{"embeddable":true,"href":"https:\/\/laubeholistic.com\/fr\/wp-json\/wp\/v2\/comments?post=20"}],"version-history":[{"count":2,"href":"https:\/\/laubeholistic.com\/fr\/wp-json\/wp\/v2\/pages\/20\/revisions"}],"predecessor-version":[{"id":4308,"href":"https:\/\/laubeholistic.com\/fr\/wp-json\/wp\/v2\/pages\/20\/revisions\/4308"}],"wp:attachment":[{"href":"https:\/\/laubeholistic.com\/fr\/wp-json\/wp\/v2\/media?parent=20"}],"curies":[{"name":"wp","href":"https:\/\/api.w.org\/{rel}","templated":true}]}}