{"id":199,"date":"2014-09-15T14:28:53","date_gmt":"2012-05-11T18:38:12","guid":{"rendered":"https:\/\/laubeholistic.com\/?page_id=199"},"modified":"2022-03-02T08:19:40","modified_gmt":"2022-03-02T08:19:40","slug":"ams-advice","status":"publish","type":"page","link":"https:\/\/laubeholistic.com\/fr\/ams-advice\/","title":{"rendered":"Conseil"},"content":{"rendered":"<ul>\n<li>L\u2019AMS ne provoque PAS d\u2019hypertension art\u00e9rielle. Si une tension art\u00e9rielle basse appara\u00eet, vous devez boire un verre de jus de pomme, de canneberge, de raisin ou d&#039;ananas avant et apr\u00e8s avoir bu de l&#039;AMS. Important : ne buvez que du jus sans vitamine C suppl\u00e9mentaire.<\/li>\n<li>L&#039;AMS n&#039;a aucun effet sur le niveau d&#039;iode.<\/li>\n<li>L&#039;AMS peut provoquer une tachycardie temporaire, c&#039;est-\u00e0-dire lorsque les valvules cardiaques sont affect\u00e9es par des bact\u00e9ries qui sont d\u00e9truites. Si n\u00e9cessaire, diminuez la dose d&#039;AMS.<\/li>\n<li>En guise de mesure compl\u00e9mentaire, vous pouvez manger deux pommes apr\u00e8s avoir bu de l&#039;AMS. Ceux-ci aident \u00e0 absorber les d\u00e9chets et \u00e0 les excr\u00e9ter.<\/li>\n<li>L&#039;AMS et la vitamine C, ou tout autre aliment\/boisson suppl\u00e9mentaire contenant de la vitamine C suppl\u00e9mentaire, ne doivent pas \u00eatre pris le m\u00eame jour, car ils annulent mutuellement leurs effets.<\/li>\n<li>La vitamine C suppl\u00e9mentaire est \u00e9galement appel\u00e9e <span style=\"text-decoration: underline;\"><strong>acide ascorbique<\/strong><\/span>.<\/li>\n<\/ul>","protected":false},"excerpt":{"rendered":"<p>AMS does NOT cause high blood pressure. If low blood pressure appears, you should drink a glass of apple-, cranberry-, grape- or pineapple juice before and after drinking AMS. Important: only drink juice without additional Vitamin C. AMS has no effect on the iodine level. AMS can cause temporary tachycardia, this is when the heart [&#8230;]\n","protected":false},"author":34,"featured_media":0,"parent":0,"menu_order":0,"comment_status":"closed","ping_status":"closed","template":"","meta":{"ngg_post_thumbnail":0,"footnotes":""},"class_list":["post-199","page","type-page","status-publish","hentry"],"_links":{"self":[{"href":"https:\/\/laubeholistic.com\/fr\/wp-json\/wp\/v2\/pages\/199","targetHints":{"allow":["GET"]}}],"collection":[{"href":"https:\/\/laubeholistic.com\/fr\/wp-json\/wp\/v2\/pages"}],"about":[{"href":"https:\/\/laubeholistic.com\/fr\/wp-json\/wp\/v2\/types\/page"}],"author":[{"embeddable":true,"href":"https:\/\/laubeholistic.com\/fr\/wp-json\/wp\/v2\/users\/34"}],"replies":[{"embeddable":true,"href":"https:\/\/laubeholistic.com\/fr\/wp-json\/wp\/v2\/comments?post=199"}],"version-history":[{"count":1,"href":"https:\/\/laubeholistic.com\/fr\/wp-json\/wp\/v2\/pages\/199\/revisions"}],"predecessor-version":[{"id":9766,"href":"https:\/\/laubeholistic.com\/fr\/wp-json\/wp\/v2\/pages\/199\/revisions\/9766"}],"wp:attachment":[{"href":"https:\/\/laubeholistic.com\/fr\/wp-json\/wp\/v2\/media?parent=199"}],"curies":[{"name":"wp","href":"https:\/\/api.w.org\/{rel}","templated":true}]}}