{"id":194,"date":"2014-09-15T14:37:12","date_gmt":"2012-05-11T18:34:47","guid":{"rendered":"https:\/\/laubeholistic.com\/?page_id=194"},"modified":"2022-03-02T08:16:43","modified_gmt":"2022-03-02T08:16:43","slug":"anaerobic-pathogens","status":"publish","type":"page","link":"https:\/\/laubeholistic.com\/fr\/anaerobic-pathogens\/","title":{"rendered":"Agents pathog\u00e8nes ana\u00e9robies (cellules pathologiques)"},"content":{"rendered":"<p><em>Ana\u00e9robie est un terme d\u00e9signant les cr\u00e9atures\/animaux et les processus respiratoires qui n&#039;ont pas besoin d&#039;oxyg\u00e8ne \u00e9l\u00e9mentaire (O2) pour survivre. Les agents pathog\u00e8nes ana\u00e9robies sont \u00e0 l\u2019origine de presque toutes les maladies.<\/em><\/p>\n<p><strong><span style=\"text-decoration: underline;\">Virus<\/span><br \/>\n<\/strong>Les virus sont tu\u00e9s par un m\u00e9canisme diff\u00e9rent de celui des bact\u00e9ries et de tous les autres micro-organismes : l&#039;AMS emp\u00eache la formation de prot\u00e9ines sp\u00e9ciales n\u00e9cessaires \u00e0 la croissance virale, provoquant ainsi la destruction du virus. La destruction des organismes pathog\u00e8nes prend g\u00e9n\u00e9ralement entre 4 heures et 4 semaines, mais souvent moins d&#039;une semaine. Cela est vrai pour toutes les formes d\u2019infection et autres micro-organismes, ainsi que pour les maladies du sang telles que la leuc\u00e9mie.<\/p>\n<p><strong><span style=\"text-decoration: underline;\">M\u00e9taux lourds oxyd\u00e9s<\/span><br \/>\n<\/strong>L&#039;AMS oxyde les m\u00e9taux lourds pr\u00e9sents dans le corps. Je crois cela parce qu&#039;il y a eu un certain nombre de tests o\u00f9 les racines des cheveux d&#039;une personne ont \u00e9t\u00e9 v\u00e9rifi\u00e9es avant et apr\u00e8s la prise d&#039;AMS. Environ deux semaines plus tard, les m\u00e9taux lourds avaient disparu, notamment le mercure, le plomb et d\u2019autres. Tester les racines des cheveux est une bonne indication de l\u2019absence ou de la pr\u00e9sence de m\u00e9taux lourds. L\u2019oxydation des m\u00e9taux lourds n\u2019est pas la m\u00eame chose que la ch\u00e9lation mais les r\u00e9sultats sont les m\u00eames. Quand un m\u00e9tal lourd est <span style=\"text-decoration: underline;\">oxyd\u00e9<\/span>, il est neutralis\u00e9 et simplement \u00e9limin\u00e9 du corps.<\/p>\n<p><strong><span style=\"text-decoration: underline;\">Mati\u00e8res \u00e9trang\u00e8res neutralis\u00e9es<\/span><br \/>\n<\/strong>L&#039;AMS est transport\u00e9e dans tout le corps, o\u00f9 elle neutralise les corps \u00e9trangers g\u00e9n\u00e9ralement toxiques. Une fois oxyd\u00e9s, les poisons sont neutralis\u00e9s et ils sont simplement \u00e9limin\u00e9s du corps. Presque toutes les mati\u00e8res toxiques sont facilement oxyd\u00e9es. Ces poisons se fixent \u00e0 divers endroits et entravent le fonctionnement du corps. Au fur et \u00e0 mesure qu\u2019ils sont oxyd\u00e9s, ils sont d\u00e9tach\u00e9s et \u00e9limin\u00e9s du corps de la m\u00eame mani\u00e8re que les m\u00e9taux lourds.<\/p>\n<p><strong><span style=\"text-decoration: underline;\">Poisons neutralis\u00e9s<\/span><br \/>\n<\/strong>La plupart des formes de poisons provenant de serpents et d\u2019autres animaux venimeux sont oxyd\u00e9es lorsque des quantit\u00e9s ad\u00e9quates d\u2019AMS sont prises. La plupart des poisons alimentaires trouv\u00e9s dans les restaurants ou dans votre r\u00e9frig\u00e9rateur sont oxyd\u00e9s, c&#039;est pourquoi il faut en prendre une dose toutes les 15 minutes en cas de venin de serpent ou d&#039;intoxication alimentaire.<\/p>\n<p><strong><span style=\"text-decoration: underline;\">Br\u00fblures gu\u00e9ries<\/span><br \/>\n<\/strong>Les poisons g\u00e9n\u00e9r\u00e9s par les br\u00fblures, notamment les br\u00fblures de type 3, sont neutralis\u00e9s lorsqu&#039;ils sont recouverts imm\u00e9diatement (voire en quelques heures) de NaClO2.<\/p>\n<p>NaClO2 ne doit pas \u00eatre laiss\u00e9 sur une br\u00fblure pendant plus de 5 minutes. Il doit ensuite \u00eatre rinc\u00e9 \u00e0 l&#039;eau. Mais tant qu\u2019il y a de la douleur, on peut continuer \u00e0 appliquer du NaClO2 sur la br\u00fblure pendant de courtes p\u00e9riodes, mais jamais plus de 5 minutes.<\/p>","protected":false},"excerpt":{"rendered":"<p>Anaerobic is a term to describe creatures \/animals and breathing processes who do not need elementary oxygen (O2) to survive. Anearobic Pathogens are the cause of almost every disease. Viruses Viruses are killed by a different mechanism than bacteria and all the other microorganisms: AMS prevents the formation of special proteins necessary for viral growth, [&#8230;]\n","protected":false},"author":34,"featured_media":0,"parent":0,"menu_order":0,"comment_status":"closed","ping_status":"closed","template":"","meta":{"ngg_post_thumbnail":0,"footnotes":""},"class_list":["post-194","page","type-page","status-publish","hentry"],"_links":{"self":[{"href":"https:\/\/laubeholistic.com\/fr\/wp-json\/wp\/v2\/pages\/194","targetHints":{"allow":["GET"]}}],"collection":[{"href":"https:\/\/laubeholistic.com\/fr\/wp-json\/wp\/v2\/pages"}],"about":[{"href":"https:\/\/laubeholistic.com\/fr\/wp-json\/wp\/v2\/types\/page"}],"author":[{"embeddable":true,"href":"https:\/\/laubeholistic.com\/fr\/wp-json\/wp\/v2\/users\/34"}],"replies":[{"embeddable":true,"href":"https:\/\/laubeholistic.com\/fr\/wp-json\/wp\/v2\/comments?post=194"}],"version-history":[{"count":1,"href":"https:\/\/laubeholistic.com\/fr\/wp-json\/wp\/v2\/pages\/194\/revisions"}],"predecessor-version":[{"id":9765,"href":"https:\/\/laubeholistic.com\/fr\/wp-json\/wp\/v2\/pages\/194\/revisions\/9765"}],"wp:attachment":[{"href":"https:\/\/laubeholistic.com\/fr\/wp-json\/wp\/v2\/media?parent=194"}],"curies":[{"name":"wp","href":"https:\/\/api.w.org\/{rel}","templated":true}]}}