{"id":19,"date":"2014-09-08T12:12:33","date_gmt":"2014-09-08T12:12:33","guid":{"rendered":"http:\/\/www.harmonikdesign.com\/activatedmineralsolution\/?page_id=10"},"modified":"2022-04-05T09:26:00","modified_gmt":"2022-04-05T09:26:00","slug":"ams-explained","status":"publish","type":"page","link":"https:\/\/laubeholistic.com\/fr\/ams-explained\/","title":{"rendered":"Information"},"content":{"rendered":"<p style=\"font-size: 18px; font-weight: bold; text-align: center;\"><span style=\"text-decoration: underline;\"><strong>\u2013 Sauvez votre vie ou celle de vos proches \u2013<\/strong><\/span><\/p>\n<blockquote>\n<p lang=\"en-US\" align=\"CENTER\"><em>La m\u00e9decine moderne persiste \u00e0 combattre les sympt\u00f4mes au lieu de rechercher la cause \u2013 car lorsqu\u2019elle trouverait la cause, elle pourrait r\u00e9soudre le probl\u00e8me.<\/em><\/p>\n<p lang=\"en-US\" align=\"CENTER\"><em>Mais une fois le probl\u00e8me r\u00e9solu, ils ne pourront plus vendre de produits pharmaceutiques contre cela.<\/em><\/p>\n<p lang=\"en-US\" align=\"CENTER\"><em>Quel dommage, mais tout ici tourne autour de l&#039;argent.<\/em><\/p>\n<\/blockquote>\n<p><strong>Depuis plus de 100 ans <\/strong><span style=\"text-decoration: underline;\"><strong>dioxyde de chlore<\/strong><\/span><strong> est utilis\u00e9 dans l&#039;industrie pour la st\u00e9rilisation de l&#039;eau, des \u00e9quipements hospitaliers et pour la d\u00e9sinfection du poulet et du b\u0153uf ainsi que d&#039;autres aliments.<\/strong><\/p>\n<p lang=\"en-US\">Pour comprendre l\u2019AMS, il faut comprendre le dioxyde de chlore, car c\u2019est ce qui est g\u00e9n\u00e9r\u00e9 et qui fait son travail dans le corps.<\/p>\n<p lang=\"en-US\">Le dioxyde de chlore est un produit chimique puissant qui a de nombreuses utilisations. C&#039;est un oxydant, moins puissant que l&#039;oxyg\u00e8ne, mais avec une plus grande quantit\u00e9 disponible pour oxydant. Le dioxyde de chlore explose lorsqu&#039;il atteint certaines conditions chimiques et est neutre dans d&#039;autres conditions chimiques. C\u2019est s\u00e9lectif. Que voulons-nous dire quand nous disons qu\u2019il explose ? Eh bien, une explosion n\u2019est qu\u2019une r\u00e9action chimique rapide, principalement une oxydation qui lib\u00e8re \u00e9galement de l\u2019\u00e9nergie.<\/p>\n<p>Dans la formule ClO2, il y a deux ions oxyg\u00e8ne. Alors pourquoi ne sont-ils pas lib\u00e9r\u00e9s pour que le corps puisse les utiliser ? C&#039;est parce qu&#039;ils ont une charge de moins deux. Ils ont d\u00e9j\u00e0 fait leur oxydation avant d&#039;arriver dans cette position. Ils ne peuvent pas s&#039;oxyder davantage. Mais le chlore combin\u00e9 \u00e0 l\u2019oxyg\u00e8ne le peut. Lorsque le dioxyde de chlore touche un <strong>pathog\u00e8ne ou un poison<\/strong> de nature acide, il accepte instantan\u00e9ment cinq \u00e9lectrons. Il d\u00e9truit tout ce dont il peut tirer des \u00e9lectrons et g\u00e9n\u00e8re en m\u00eame temps de la chaleur (cette action est appel\u00e9e oxydation m\u00eame lorsque l\u2019oxyg\u00e8ne n\u2019en fait pas partie).<\/p>\n<p lang=\"en-US\">Lorsque l\u2019oxyg\u00e8ne n\u2019est pas capable de s\u2019oxyder, il ne peut tout simplement pas faire le travail dans le corps qui est r\u00e9current pour l\u2019oxyg\u00e8ne. Ce que le chlorite de sodium fait r\u00e9ellement pour nous, c&#039;est qu&#039;il nous donne du dioxyde de chlore, un produit chimique qui d\u00e9truit s\u00e9lectivement presque toutes les mauvaises choses qui pourraient exister dans le corps. Chaque minuscule mol\u00e9cule de dioxyde de chlore a un pouvoir \u00e9norme pour d\u00e9truire les \u00e9l\u00e9ments dont elle peut extraire des \u00e9lectrons, mais elle n\u2019a pas le pouvoir d\u2019extraire des \u00e9lectrons de cellules saines ou de bact\u00e9ries a\u00e9robies.<\/p>\n<p lang=\"en-US\">Le dioxyde de chlore ne dure pas \u00e9ternellement. Il y a trop d\u2019\u00e9nergie regroup\u00e9e dans une petite zone. Il commence \u00e0 perdre une partie de son \u00e9nergie et n&#039;est plus explosif (incapable de s&#039;oxyder) il peut alors se combiner avec d&#039;autres substances.<\/p>\n<p>Il existe des preuves selon lesquelles il contribue \u00e0 la production de my\u00e9loperoxydase, un produit chimique que le corps utilise pour fabriquer de l&#039;acide hypochloreux qui est ensuite utilis\u00e9 par le syst\u00e8me immunitaire pour tuer davantage les agents pathog\u00e8nes, les cellules tueuses et d&#039;autres choses. Le dioxyde de chlore est le seul produit chimique connu qui poss\u00e8de ces qualit\u00e9s et qui peut avoir ces effets sur le corps. <strong>sans cr\u00e9er d\u2019effets secondaires n\u00e9gatifs.<\/strong><\/p>\n<h4 lang=\"en-US\" style=\"text-align: left;\" align=\"CENTER\"><strong>Conseil: <\/strong><\/h4>\n<h2 lang=\"en-US\" style=\"font-size: 16px;\"><strong>L\u2019AMS n\u2019est pas un produit pharmaceutique, c\u2019est un suppl\u00e9ment min\u00e9ral utilis\u00e9 comme turbo pour votre syst\u00e8me immunitaire complet. Le syst\u00e8me immunitaire est renforc\u00e9 en luttant contre les maladies, les agents pathog\u00e8nes et les blessures.<\/strong><\/h2>\n<p style=\"font-size: 16px;\"><strong>*<span style=\"text-decoration: underline;\">A\u00e9robique<\/span> est un terme pour d\u00e9crire les cr\u00e9atures\/animaux qui ont besoin d&#039;oxyg\u00e8ne \u00e9l\u00e9mentaire (O2) pour survivre.<\/strong><\/p>\n<p style=\"font-size: 16px;\"><strong>*<span style=\"text-decoration: underline;\">Ana\u00e9robie <\/span>est un terme pour d\u00e9crire les cr\u00e9atures\/animaux et les processus respiratoires qui n&#039;ont pas besoin d&#039;oxyg\u00e8ne \u00e9l\u00e9mentaire (O2) pour survivre.<\/strong><\/p>","protected":false},"excerpt":{"rendered":"<p>&#8211; Save your life or that of your loved ones &#8211; The Modern Medicine persists on fighting symptoms instead of searching for the Cause &#8211; because when they would find the Cause, they could resolve the problem. But when they resolve the Problem, they cannot sell any pharmaceutical against that any more. What a pity, [&#8230;]\n","protected":false},"author":34,"featured_media":0,"parent":0,"menu_order":0,"comment_status":"closed","ping_status":"closed","template":"","meta":{"ngg_post_thumbnail":0,"footnotes":""},"class_list":["post-19","page","type-page","status-publish","hentry"],"_links":{"self":[{"href":"https:\/\/laubeholistic.com\/fr\/wp-json\/wp\/v2\/pages\/19","targetHints":{"allow":["GET"]}}],"collection":[{"href":"https:\/\/laubeholistic.com\/fr\/wp-json\/wp\/v2\/pages"}],"about":[{"href":"https:\/\/laubeholistic.com\/fr\/wp-json\/wp\/v2\/types\/page"}],"author":[{"embeddable":true,"href":"https:\/\/laubeholistic.com\/fr\/wp-json\/wp\/v2\/users\/34"}],"replies":[{"embeddable":true,"href":"https:\/\/laubeholistic.com\/fr\/wp-json\/wp\/v2\/comments?post=19"}],"version-history":[{"count":3,"href":"https:\/\/laubeholistic.com\/fr\/wp-json\/wp\/v2\/pages\/19\/revisions"}],"predecessor-version":[{"id":10225,"href":"https:\/\/laubeholistic.com\/fr\/wp-json\/wp\/v2\/pages\/19\/revisions\/10225"}],"wp:attachment":[{"href":"https:\/\/laubeholistic.com\/fr\/wp-json\/wp\/v2\/media?parent=19"}],"curies":[{"name":"wp","href":"https:\/\/api.w.org\/{rel}","templated":true}]}}