{"id":1651,"date":"2021-02-23T19:50:45","date_gmt":"2021-02-23T19:50:45","guid":{"rendered":"https:\/\/laubeholistic.com\/?page_id=1651"},"modified":"2022-04-05T12:04:12","modified_gmt":"2022-04-05T12:04:12","slug":"privacy-policy","status":"publish","type":"page","link":"https:\/\/laubeholistic.com\/fr\/privacy-policy\/","title":{"rendered":"politique de confidentialit\u00e9"},"content":{"rendered":"<p>Cette politique de confidentialit\u00e9 r\u00e9git la mani\u00e8re dont The Laube Holistic Health Solutions collecte, utilise, conserve et divulgue les informations collect\u00e9es aupr\u00e8s des utilisateurs (chacun, un \u00ab utilisateur \u00bb) du <a href=\"https:\/\/9bf3efcf4b.nxcli.net\" target=\"_blank\" rel=\"noopener\">https:\/\/www.laubeholistic.com<\/a> site Web (\u00ab\u00a0Site\u00a0\u00bb). Cette politique de confidentialit\u00e9 s&#039;applique au site et \u00e0 tous les produits et services propos\u00e9s par The Laube Holistic Health Solutions.<\/p>\n<h3>Informations d&#039;identification personnelle<\/h3>\n<p>Nous pouvons collecter des informations d&#039;identification personnelle aupr\u00e8s des utilisateurs de diverses mani\u00e8res, y compris, mais sans s&#039;y limiter, lorsque les utilisateurs visitent notre site, passent une commande, remplissent un formulaire, r\u00e9pondent \u00e0 une enqu\u00eate et en relation avec d&#039;autres activit\u00e9s, services, fonctionnalit\u00e9s ou ressources que nous mettons \u00e0 disposition sur notre site. Il peut \u00eatre demand\u00e9 aux utilisateurs, le cas \u00e9ch\u00e9ant, leur nom, leur adresse e-mail, leur adresse postale et leur num\u00e9ro de t\u00e9l\u00e9phone. Les utilisateurs peuvent toutefois visiter notre Site de mani\u00e8re anonyme. Nous collecterons des informations d\u2019identification personnelle aupr\u00e8s des utilisateurs uniquement s\u2019ils nous soumettent volontairement ces informations. Les utilisateurs peuvent toujours refuser de fournir des informations d&#039;identification personnelle, sauf que cela peut les emp\u00eacher de s&#039;engager dans certaines activit\u00e9s li\u00e9es au Site.<\/p>\n<h3>Informations d&#039;identification non personnelles<\/h3>\n<p>Nous pouvons collecter des informations d&#039;identification non personnelles sur les utilisateurs chaque fois qu&#039;ils interagissent avec notre site. Les informations d&#039;identification non personnelles peuvent inclure le nom du navigateur, le type d&#039;ordinateur et des informations techniques sur les moyens de connexion des utilisateurs \u00e0 notre site, telles que le syst\u00e8me d&#039;exploitation et les fournisseurs de services Internet utilis\u00e9s et d&#039;autres informations similaires.<\/p>\n<h3>Cookies du navigateur Web<\/h3>\n<p>Notre site peut utiliser des \u00ab cookies \u00bb pour am\u00e9liorer l&#039;exp\u00e9rience utilisateur. Le navigateur Web de l&#039;utilisateur place des cookies sur son disque dur \u00e0 des fins de tenue de registres et parfois pour suivre les informations les concernant. L&#039;utilisateur peut choisir de configurer son navigateur Web pour refuser les cookies ou pour vous alerter lorsque des cookies sont envoy\u00e9s. S&#039;ils le font, notez que certaines parties du Site peuvent ne pas fonctionner correctement.<\/p>\n<h3>Comment nous utilisons les informations collect\u00e9es<\/h3>\n<p>Laube Holistic Health Solutions peut collecter et utiliser les informations personnelles des utilisateurs aux fins suivantes\u00a0:<\/p>\n<ul>\n<li><i>Pour g\u00e9rer et exploiter notre site<\/i><br \/>\nNous pouvons avoir besoin que vos informations affichent correctement le contenu du Site.<\/li>\n<li><i>Pour am\u00e9liorer le service client<\/i><br \/>\nLes informations que vous fournissez nous aident \u00e0 r\u00e9pondre plus efficacement \u00e0 vos demandes de service client et \u00e0 vos besoins d\u2019assistance.<\/li>\n<li><i>Pour personnaliser l&#039;exp\u00e9rience utilisateur<\/i><br \/>\nNous pouvons utiliser les informations globalement pour comprendre comment nos utilisateurs, en tant que groupe, utilisent les services et les ressources fournis sur notre site.<\/li>\n<li><i>Pour am\u00e9liorer notre site<\/i><br \/>\nNous pouvons utiliser les commentaires que vous fournissez pour am\u00e9liorer nos produits et services.<\/li>\n<li><i>Pour traiter les paiements<\/i><br \/>\nNous pouvons utiliser les informations que les utilisateurs fournissent sur eux-m\u00eames lorsqu&#039;ils passent une commande uniquement pour fournir le service correspondant \u00e0 cette commande. Nous ne partageons pas ces informations avec des tiers, sauf dans la mesure n\u00e9cessaire \u00e0 la fourniture du service.<\/li>\n<li><i>Pour organiser une promotion, un concours, une enqu\u00eate ou une autre fonctionnalit\u00e9 du site<\/i><br \/>\nPour envoyer aux utilisateurs les informations qu&#039;ils ont accept\u00e9 de recevoir sur des sujets qui, selon nous, pourraient les int\u00e9resser.<\/li>\n<li><i>Pour envoyer des e-mails p\u00e9riodiques<\/i><br \/>\nNous pouvons utiliser l&#039;adresse e-mail pour envoyer des informations \u00e0 l&#039;utilisateur et des mises \u00e0 jour relatives \u00e0 sa commande. Il peut \u00e9galement \u00eatre utilis\u00e9 pour r\u00e9pondre \u00e0 leurs demandes de renseignements, questions et\/ou autres demandes.<\/li>\n<\/ul>\n<h3>Comment nous prot\u00e9geons vos informations<\/h3>\n<p>Nous adoptons des pratiques appropri\u00e9es de collecte, de stockage et de traitement des donn\u00e9es ainsi que des mesures de s\u00e9curit\u00e9 pour vous prot\u00e9ger contre l&#039;acc\u00e8s non autoris\u00e9, la modification, la divulgation ou la destruction de vos informations personnelles, nom d&#039;utilisateur, mot de passe, informations de transaction et donn\u00e9es stock\u00e9es sur notre site.<\/p>\n<h3>Partager vos informations personnelles<\/h3>\n<p>Nous ne vendons, n\u2019\u00e9changeons ni ne louons les informations d\u2019identification personnelle des utilisateurs \u00e0 des tiers. Nous pouvons partager des informations d\u00e9mographiques g\u00e9n\u00e9riques agr\u00e9g\u00e9es non li\u00e9es \u00e0 des informations d&#039;identification personnelle concernant les visiteurs et les utilisateurs avec nos partenaires commerciaux, nos soci\u00e9t\u00e9s affili\u00e9es de confiance et nos annonceurs aux fins d\u00e9crites ci-dessus. Nous pouvons faire appel \u00e0 des prestataires de services tiers pour nous aider \u00e0 exploiter notre entreprise et le Site ou \u00e0 administrer des activit\u00e9s en notre nom, telles que l&#039;envoi de newsletters ou d&#039;enqu\u00eates. Nous pouvons partager vos informations avec ces tiers \u00e0 ces fins limit\u00e9es, \u00e0 condition que vous nous ayez donn\u00e9 votre autorisation.<\/p>\n<h3>Bulletins \u00e9lectroniques<\/h3>\n<p>Si l&#039;utilisateur d\u00e9cide de s&#039;inscrire \u00e0 notre liste de diffusion, il recevra des e-mails pouvant inclure des actualit\u00e9s de l&#039;entreprise, des mises \u00e0 jour, des informations sur les produits ou services associ\u00e9s, etc. Nous pouvons faire appel \u00e0 des prestataires de services tiers pour nous aider \u00e0 exploiter notre entreprise et le site ou \u00e0 administrer. activit\u00e9s en notre nom, telles que l\u2019envoi de newsletters ou d\u2019enqu\u00eates. Nous pouvons partager vos informations avec ces tiers \u00e0 ces fins limit\u00e9es, \u00e0 condition que vous nous ayez donn\u00e9 votre autorisation.<\/p>\n<h3>Modifications de cette politique de confidentialit\u00e9<\/h3>\n<p>Laube Holistic Health Solutions a le pouvoir discr\u00e9tionnaire de mettre \u00e0 jour cette politique de confidentialit\u00e9 \u00e0 tout moment. Lorsque nous le ferons, nous publierons une notification sur la page principale de notre site. Nous encourageons les utilisateurs \u00e0 consulter fr\u00e9quemment cette page pour tout changement afin de rester inform\u00e9s de la mani\u00e8re dont nous contribuons \u00e0 prot\u00e9ger les informations personnelles que nous collectons. Vous reconnaissez et acceptez qu&#039;il est de votre responsabilit\u00e9 de consulter p\u00e9riodiquement cette politique de confidentialit\u00e9 et de prendre connaissance des modifications.<\/p>\n<h3>Votre acceptation de ces conditions<\/h3>\n<p>En utilisant ce site, vous signifiez votre acceptation de cette politique. Si vous n&#039;acceptez pas cette politique, veuillez ne pas utiliser notre site. Votre utilisation continue du site apr\u00e8s la publication des modifications apport\u00e9es \u00e0 cette politique sera consid\u00e9r\u00e9e comme votre acceptation de ces modifications.<\/p>\n<h3>Nous contacter<\/h3>\n<p>Si vous avez des questions sur cette politique de confidentialit\u00e9, les pratiques de ce site ou vos relations avec ce site, veuillez nous contacter.<\/p>\n<p>Ce document a \u00e9t\u00e9 mis \u00e0 jour pour la derni\u00e8re fois le 08 juin 2015<\/p>","protected":false},"excerpt":{"rendered":"<p>This Privacy Policy governs the manner in which The Laube Holistic Health Solutions collects, uses, maintains and discloses information collected from users (each, a &#8220;User&#8221;) of the https:\/\/www.laubeholistic.com website (&#8220;Site&#8221;). This privacy policy applies to the Site and all products and services offered by The Laube Holistic Health Solutions. Personal identification information We may collect [&#8230;]\n","protected":false},"author":34,"featured_media":0,"parent":0,"menu_order":0,"comment_status":"open","ping_status":"closed","template":"","meta":{"ngg_post_thumbnail":0,"footnotes":""},"class_list":["post-1651","page","type-page","status-publish","hentry"],"_links":{"self":[{"href":"https:\/\/laubeholistic.com\/fr\/wp-json\/wp\/v2\/pages\/1651","targetHints":{"allow":["GET"]}}],"collection":[{"href":"https:\/\/laubeholistic.com\/fr\/wp-json\/wp\/v2\/pages"}],"about":[{"href":"https:\/\/laubeholistic.com\/fr\/wp-json\/wp\/v2\/types\/page"}],"author":[{"embeddable":true,"href":"https:\/\/laubeholistic.com\/fr\/wp-json\/wp\/v2\/users\/34"}],"replies":[{"embeddable":true,"href":"https:\/\/laubeholistic.com\/fr\/wp-json\/wp\/v2\/comments?post=1651"}],"version-history":[{"count":2,"href":"https:\/\/laubeholistic.com\/fr\/wp-json\/wp\/v2\/pages\/1651\/revisions"}],"predecessor-version":[{"id":10239,"href":"https:\/\/laubeholistic.com\/fr\/wp-json\/wp\/v2\/pages\/1651\/revisions\/10239"}],"wp:attachment":[{"href":"https:\/\/laubeholistic.com\/fr\/wp-json\/wp\/v2\/media?parent=1651"}],"curies":[{"name":"wp","href":"https:\/\/api.w.org\/{rel}","templated":true}]}}