{"id":133,"date":"2014-09-08T13:04:43","date_gmt":"2012-04-21T12:46:46","guid":{"rendered":"https:\/\/laubeholistic.com\/?page_id=133"},"modified":"2022-04-05T09:05:37","modified_gmt":"2022-04-05T09:05:37","slug":"dmso-dimethyl-sulfoxide","status":"publish","type":"page","link":"https:\/\/laubeholistic.com\/fr\/dmso-dimethyl-sulfoxide\/","title":{"rendered":"DMSO \u2013 Fait dispara\u00eetre la douleur"},"content":{"rendered":"<p><img loading=\"lazy\" decoding=\"async\" class=\"size-medium wp-image-5683 alignleft\" src=\"https:\/\/laubeholistic.com\/wp-content\/uploads\/DMSO-bottle-120ml-300x255.jpg\" alt=\"DMSO\" width=\"300\" height=\"255\"><\/p>\n<h2 style=\"text-align: center;\"><span style=\"font-size: large;\"><span style=\"text-decoration: underline;\"><strong>&nbsp;La R\u00c9PONSE au soulagement de la douleur&nbsp; <\/strong><\/span><\/span><\/h2>\n<hr>\n<hr>\n<p lang=\"en-GB\" style=\"text-align: center;\" align=\"CENTER\"><strong><span style=\"font-family: Batang,\ubc14\ud0d5,serif;\"><span style=\"font-size: large;\">Dim\u00e9thylsulfoxyde<\/span><\/span><\/strong><\/p>\n<h2 lang=\"en-GB\" style=\"text-align: center;\"><span style=\"font-family: NSimSun,monospace; color: #008000;\">-Gu\u00e9risseur de la nature-<\/span><\/h2>\n<p style=\"text-align: center;\" align=\"JUSTIFY\"><span style=\"color: #000000;\">\u00c7a fait mal <span style=\"text-decoration: underline;\"><strong>dispara\u00eetre<\/strong><\/span> juste par contact sans attendre que les pilules agissent.<\/span><\/p>\n<table border=\"0\" width=\"239\">\n<tbody>\n<tr>\n<td style=\"text-align: center;\">&nbsp;&nbsp;&nbsp; <p class=\"product woocommerce add_to_cart_inline\" style=\"border:4px solid #ccc; padding: 12px;\"><ins class=\"highlight\"><span class=\"woocommerce-Price-amount amount\"><bdi><span class=\"woocommerce-Price-currencySymbol\">\u20ac<\/span>7.00<\/bdi><\/span><\/ins><a href=\"https:\/\/laubeholistic.com\/fr\/shop\/dmso-dimethyl-sulfoxide-99\/\" aria-describedby=\"woocommerce_loop_add_to_cart_link_describedby_55\" data-quantity=\"1\" class=\"button product_type_variable add_to_cart_button\" data-product_id=\"55\" data-product_sku=\"DMSO\" aria-label=\"S\u00e9lectionnez les options pour \u00ab\u00a0DMSO - Dimethyl Sulfoxide\u00a0\u00bb\" rel=\"nofollow\" data-no-translation=\"\" data-trp-gettext=\"\" data-no-translation-aria-label=\"\">S\u00e9lectionnez les options<\/a>\t<span id=\"woocommerce_loop_add_to_cart_link_describedby_55\" class=\"screen-reader-text\">\n\t\tCe produit a plusieurs variantes. Les options peuvent \u00eatre choisies sur la page produit\t<\/span>\n<\/p><\/td>\n<\/tr>\n<\/tbody>\n<\/table>\n<p lang=\"en-GB\">&nbsp;<\/p>\n<p lang=\"en-GB\" style=\"text-align: left;\"><span style=\"color: #000000;\">Juste en le frottant ! Dans le cas d&#039;un <span style=\"font-size: small;\"><strong>\u00e9longation musculaire<\/strong>, <strong>des bleus, des douleurs<\/strong> dans <em>les articulations<\/em>, <em><strong>ligaments<\/strong><\/em> et <em>os<\/em>.<\/span><\/span><\/p>\n<p><span style=\"color: #000000;\"><strong>DMSO<\/strong> (Dim\u00e9thylsulfoxyde) s&#039;est av\u00e9r\u00e9 \u00eatre un solvant et un transporteur presque parfaits.<\/span><\/p>\n<h2 style=\"text-align: center;\"><span style=\"color: #000000;\">Effacez la douleur <span style=\"text-decoration: underline;\">contact<\/span><\/span><\/h2>\n<p><span style=\"color: #000000;\"><strong>DMSO<\/strong> contourne votre tube digestif et traite votre douleur au <span style=\"text-decoration: underline;\">Source<\/span>.<\/span><\/p>\n<p lang=\"en-GB\"><span style=\"color: #000000;\">Rempli de milliards de mol\u00e9cules organiques complexes, travaillant toutes ensemble dans une \u00e9l\u00e9gante synergie.<\/span><\/p>\n<h3 lang=\"en-GB\" align=\"CENTER\">&nbsp;<span style=\"color: #008000;\"><strong>Avec le DMSO, finies les douleurs aux \u00e9paules, au dos et aux articulations. <\/strong>!<\/span><\/h3>\n<p lang=\"en-GB\" align=\"CENTER\"><span style=\"font-size: large;\"><span style=\"text-decoration: underline;\"><strong>Il faut le sentir pour le croire !<\/strong><\/span><\/span><\/p>\n<p lang=\"en-GB\" style=\"text-align: center;\" align=\"CENTER\"><img loading=\"lazy\" decoding=\"async\" class=\"size-medium wp-image-1300 alignnone\" src=\"https:\/\/laubeholistic.com\/wp-content\/uploads\/2014\/10\/schmerzen-cross-through-300x118.png\" alt=\"schmerzen cross through\" width=\"300\" height=\"118\" srcset=\"https:\/\/laubeholistic.com\/wp-content\/uploads\/2014\/10\/schmerzen-cross-through-300x118.png 300w, https:\/\/laubeholistic.com\/wp-content\/uploads\/2014\/10\/schmerzen-cross-through-510x201.png 510w, https:\/\/laubeholistic.com\/wp-content\/uploads\/2014\/10\/schmerzen-cross-through-1024x403.png 1024w, https:\/\/laubeholistic.com\/wp-content\/uploads\/2014\/10\/schmerzen-cross-through.png 1416w\" sizes=\"auto, (max-width: 300px) 100vw, 300px\" \/><\/p>\n<p lang=\"en-GB\" style=\"font-size: 16px; text-align: left;\" align=\"CENTER\"><span style=\"text-decoration: underline; font-size: 24pt; font-family: arial, helvetica, sans-serif; color: #000000;\"><strong>Qu\u2019est-ce que le DMSO exactement ?<\/strong><\/span><\/p>\n<p><span style=\"color: #000000;\"><strong>Le DMSO est une substance porteuse bien connue et largement utilis\u00e9e par les m\u00e9decins depuis 1955 pour transporter des m\u00e9dicaments directement dans la peau.<\/strong><\/span><\/p>\n<ol>\n<li style=\"text-align: left;\"><span style=\"color: #000000;\">Anti-inflammatoire<\/span><\/li>\n<li style=\"text-align: left;\"><span style=\"color: #000000;\">D\u00e9congestionnant<\/span><\/li>\n<li style=\"text-align: left;\"><span style=\"color: #000000;\">Vasodilatateur<\/span><\/li>\n<li style=\"text-align: left;\"><span style=\"color: #000000;\">Efficace pour lier les radicaux toxiques<\/span><\/li>\n<\/ol>\n<table style=\"top: 1239px; left: 10px; width: 421px; height: 32px;\" border=\"0\" width=\"303\">\n<tbody>\n<tr>\n<td style=\"text-align: center;\"><p class=\"product woocommerce add_to_cart_inline\" style=\"border:4px solid #ccc; padding: 12px;\"><ins class=\"highlight\"><span class=\"woocommerce-Price-amount amount\"><bdi><span class=\"woocommerce-Price-currencySymbol\">\u20ac<\/span>7.00<\/bdi><\/span><\/ins><a href=\"https:\/\/laubeholistic.com\/fr\/shop\/dmso-dimethyl-sulfoxide-99\/\" aria-describedby=\"woocommerce_loop_add_to_cart_link_describedby_55\" data-quantity=\"1\" class=\"button product_type_variable add_to_cart_button\" data-product_id=\"55\" data-product_sku=\"DMSO\" aria-label=\"S\u00e9lectionnez les options pour \u00ab\u00a0DMSO - Dimethyl Sulfoxide\u00a0\u00bb\" rel=\"nofollow\" data-no-translation=\"\" data-trp-gettext=\"\" data-no-translation-aria-label=\"\">S\u00e9lectionnez les options<\/a>\t<span id=\"woocommerce_loop_add_to_cart_link_describedby_55\" class=\"screen-reader-text\">\n\t\tCe produit a plusieurs variantes. Les options peuvent \u00eatre choisies sur la page produit\t<\/span>\n<\/p><\/td>\n<\/tr>\n<\/tbody>\n<\/table>\n<p>&nbsp;<\/p>\n<p><span style=\"color: #000000;\">Si vous \u00eates un <strong>Sportif<\/strong><\/span>, <img loading=\"lazy\" decoding=\"async\" class=\"wp-image-7564 alignright\" src=\"https:\/\/laubeholistic.com\/wp-content\/uploads\/Collage-sport-injury-3-1.jpg\" alt=\"\" width=\"240\" height=\"180\"><\/p>\n<p><span style=\"color: #000000;\">professionnel ou amateur,<\/span><\/p>\n<p><span style=\"color: #000000;\">des blessures peuvent survenir<\/span><\/p>\n<p><span style=\"color: #000000;\">pendant la pratique ou dans le<\/span><\/p>\n<p><span style=\"color: #000000;\">jeu<\/span>.<\/p>\n<p>&nbsp;<\/p>\n<p><span style=\"color: #000000;\">Si vous \u00eates <strong>Faire de l&#039;exercice<\/strong>,<\/span> <a href=\"https:\/\/laubeholistic.com\/wp-content\/uploads\/Collage-excercise-injury-2.jpg\"><img loading=\"lazy\" decoding=\"async\" class=\"size-medium wp-image-1872 alignright\" src=\"https:\/\/laubeholistic.com\/wp-content\/uploads\/Collage-excercise-injury-2-300x300.jpg\" alt=\"excercise injuries\" width=\"244\" height=\"244\" srcset=\"https:\/\/laubeholistic.com\/wp-content\/uploads\/Collage-excercise-injury-2-300x300.jpg 300w, https:\/\/laubeholistic.com\/wp-content\/uploads\/Collage-excercise-injury-2-510x510.jpg 510w, https:\/\/laubeholistic.com\/wp-content\/uploads\/Collage-excercise-injury-2-100x100.jpg 100w, https:\/\/laubeholistic.com\/wp-content\/uploads\/Collage-excercise-injury-2-150x150.jpg 150w, https:\/\/laubeholistic.com\/wp-content\/uploads\/Collage-excercise-injury-2.jpg 556w\" sizes=\"auto, (max-width: 244px) 100vw, 244px\" \/><\/a><\/p>\n<p><span style=\"color: #000000;\">l&#039;endurance, le poids,<\/span><\/p>\n<p><span style=\"color: #000000;\">flexibilit\u00e9 ou arts martiaux.<\/span><\/p>\n<p>&nbsp;<\/p>\n<p>&nbsp;<\/p>\n<p>&nbsp;<\/p>\n<p>&nbsp;<\/p>\n<p><span style=\"color: #000000;\">Si vous souffrez de maladies comme <a style=\"color: #000000;\" href=\"https:\/\/laubeholistic.com\/wp-content\/uploads\/Collage-illness-2.jpg\"><img loading=\"lazy\" decoding=\"async\" class=\"wp-image-1873 alignright\" src=\"https:\/\/laubeholistic.com\/wp-content\/uploads\/Collage-illness-2-300x300.jpg\" alt=\"illnesses pains\" width=\"243\" height=\"243\" srcset=\"https:\/\/laubeholistic.com\/wp-content\/uploads\/Collage-illness-2-300x300.jpg 300w, https:\/\/laubeholistic.com\/wp-content\/uploads\/Collage-illness-2-510x510.jpg 510w, https:\/\/laubeholistic.com\/wp-content\/uploads\/Collage-illness-2-100x100.jpg 100w, https:\/\/laubeholistic.com\/wp-content\/uploads\/Collage-illness-2-150x150.jpg 150w, https:\/\/laubeholistic.com\/wp-content\/uploads\/Collage-illness-2.jpg 640w\" sizes=\"auto, (max-width: 243px) 100vw, 243px\" \/><\/a><\/span><\/p>\n<p><span style=\"color: #000000;\">Arthrite, tendinite, bursite,<\/span><\/p>\n<p><span style=\"color: #000000;\">Inflammations dans le corps,<\/span><\/p>\n<p><span style=\"color: #000000;\">articulations douloureuses, conditions qui<\/span><\/p>\n<p><span style=\"color: #000000;\">te faire sentir comme un esclave de<\/span><\/p>\n<p><span style=\"color: #000000;\">m\u00e9dicament.<\/span><\/p>\n<p>&nbsp;<\/p>\n<h2 style=\"text-align: center;\"><strong><span style=\"color: #000000;\">Le DMSO est ce qu&#039;il vous faut ! Non pas parce qu&#039;il remplace les produits pharmaceutiques d\u00e9pendants, mais parce qu&#039;il dilate et d\u00e9tend les tissus pour les rendre plus efficaces. <span style=\"text-decoration: underline;\">r\u00e9soudre<\/span> un probl\u00e8me pour de bon.<\/span><br \/>\n<\/strong><\/h2>\n<p style=\"text-align: center;\"><p class=\"product woocommerce add_to_cart_inline\" style=\"border:4px solid #ccc; padding: 12px;\"><ins class=\"highlight\"><span class=\"woocommerce-Price-amount amount\"><bdi><span class=\"woocommerce-Price-currencySymbol\">\u20ac<\/span>7.00<\/bdi><\/span><\/ins><a href=\"https:\/\/laubeholistic.com\/fr\/shop\/dmso-dimethyl-sulfoxide-99\/\" aria-describedby=\"woocommerce_loop_add_to_cart_link_describedby_55\" data-quantity=\"1\" class=\"button product_type_variable add_to_cart_button\" data-product_id=\"55\" data-product_sku=\"DMSO\" aria-label=\"S\u00e9lectionnez les options pour \u00ab\u00a0DMSO - Dimethyl Sulfoxide\u00a0\u00bb\" rel=\"nofollow\" data-no-translation=\"\" data-trp-gettext=\"\" data-no-translation-aria-label=\"\">S\u00e9lectionnez les options<\/a>\t<span id=\"woocommerce_loop_add_to_cart_link_describedby_55\" class=\"screen-reader-text\">\n\t\tCe produit a plusieurs variantes. Les options peuvent \u00eatre choisies sur la page produit\t<\/span>\n<\/p>\n<p><span style=\"text-decoration: underline;\"><strong>Dim\u00e9thylsulfoxyde (DMSO)<\/strong><\/span> vient de c\u00e9l\u00e9brer son 140e anniversaire en 2006.<br \/>\nEn 1866, la substance de formule chimique (CH3)2SO a \u00e9t\u00e9 synth\u00e9tis\u00e9e pour la premi\u00e8re fois par le scientifique russe Alexander Saytzeff, qui a rendu publique sa d\u00e9couverte dans un journal de chimie allemand. Mais ce n\u2019est qu\u2019une centaine d\u2019ann\u00e9es plus tard que l\u2019utilit\u00e9 th\u00e9rapeutique de cette substance a \u00e9t\u00e9 reconnue. En fait, le Dr Stanley Jacob de l&#039;Universit\u00e9 des Sciences de la Sant\u00e9 de l&#039;Oregon cherchait un agent de conservation appropri\u00e9 pour les organes destin\u00e9s \u00e0 la transplantation, car il a d\u00e9couvert un jour que ce liquide clair, pourri et l\u00e9g\u00e8rement odorant d&#039;ail p\u00e9n\u00e8tre tr\u00e8s rapidement et en profondeur dans la peau. Jacob a commenc\u00e9 \u00e0 exp\u00e9rimenter \u2013 et a vite d\u00e9couvert qu\u2019il semblait avoir affaire \u00e0 un ingr\u00e9dient actif polyvalent.<\/p>\n<p>La largeur de bande th\u00e9rapeutique du DMSO est tr\u00e8s large. Cette substance neutralise par exemple les radicaux hydroxyles, l&#039;un des groupes de cellules les plus fr\u00e9quents endommageant les radicaux libres.<br \/>\nLe DMSO se lie aux radicaux hydroxyles et cr\u00e9e un complexe chimique qui peut \u00eatre excr\u00e9t\u00e9 par les reins. La substance lie \u00e9galement d\u2019autres radicaux libres de cette fa\u00e7on.<\/p>\n<p>De plus, le DMSO augmente la perm\u00e9abilit\u00e9 des membranes cellulaires et permet donc \u00e0 la cellule de se lib\u00e9rer plus facilement des toxiques. M\u00eame les r\u00e9actions allergiques peuvent \u00eatre att\u00e9nu\u00e9es avec le DMSO, qui soulage \u00e0 nouveau le syst\u00e8me immunitaire. Le DMSO montre en outre un effet sur la scl\u00e9rodermie, les br\u00fblures, l&#039;inflammation et la douleur, l&#039;arthrite et la polyarthrite rhumato\u00efde, les infections des sinus paranasaux, la cystite interstitielle, l&#039;herp\u00e8s et le zona, la scl\u00e9rose en plaques, le lupus syst\u00e9mique (LED), la sarco\u00efdose, la thyro\u00efdite, la colite ulc\u00e9reuse, la l\u00e8pre, le cancer et d&#039;autres conditions pathologiques.<\/p>\n<h4>DMSO contre les douleurs, les inflammations et pour la cicatrisation des plaies.<\/h4>\n<p>BEAUCOUP pointe vers le second.<br \/>\nLe Dr Richard D. Brobyn du Centre m\u00e9dical de Bainbridge Island, Washington, \u00e9crit\u00a0:<\/p>\n<blockquote><p><em>\u00ab Le DMSO est l\u2019un des produits pharmaceutiques les plus \u00e9tudi\u00e9s mais encore les moins compris de notre \u00e9poque. Dans le monde entier, environ 11 000 articles scientifiques sur les applications m\u00e9dicales et plus de 40 000 articles sur les propri\u00e9t\u00e9s chimiques ont \u00e9t\u00e9 publi\u00e9s. Dans 125 pays comme les \u00c9tats-Unis, le Canada, la Grande-Bretagne, l&#039;Allemagne, le Japon et d&#039;autres, les m\u00e9decins d\u00e9crivent des indications d&#039;application contre, par exemple, les douleurs, les inflammations, la scl\u00e9rodermie et l&#039;arthrite ainsi que d&#039;autres maladies.<\/em><\/p><\/blockquote>\n<p>Sous les propri\u00e9t\u00e9s pharmacologiques du DMSO, le Dr Brobyn d\u00e9clare : P\u00e9n\u00e9tration des membranes biologiques et transport d&#039;autres mol\u00e9cules \u00e0 travers ces membranes, anti-inflammatoire, blocage temporaire des nerfs conducteurs de la douleur, inhibition de la croissance des bact\u00e9ries, effet drainant, renforcement de certains m\u00e9dicaments. , contrainte de cholinest\u00e9rase, augmentation non sp\u00e9cifique de la r\u00e9sistance aux infections, vasodilatation, relaxation musculaire, augmentation de la fonction cellulaire, contrainte de l&#039;agglutination \u00e0 travers les plaques sanguines, propri\u00e9t\u00e9s protectrices des tissus biologiques par rayonnement ou gel ainsi que protection des tissus en cas de flux sanguin perturb\u00e9.<\/p>\n<p><img loading=\"lazy\" decoding=\"async\" class=\"aligncenter size-full wp-image-147\" title=\"Le DMSO pour soulager les blessures sportives\" src=\"https:\/\/laubeholistic.com\/wp-content\/uploads\/2012\/04\/dmso_sports_injurys.jpg\" alt=\"DMSO to relieve sports injurys\" width=\"600\" height=\"215\" srcset=\"https:\/\/laubeholistic.com\/wp-content\/uploads\/2012\/04\/dmso_sports_injurys.jpg 600w, https:\/\/laubeholistic.com\/wp-content\/uploads\/2012\/04\/dmso_sports_injurys-510x183.jpg 510w, https:\/\/laubeholistic.com\/wp-content\/uploads\/2012\/04\/dmso_sports_injurys-300x107.jpg 300w\" sizes=\"auto, (max-width: 600px) 100vw, 600px\" \/><\/p>\n<p>Brobyn parle d&#039;une efficacit\u00e9 particuli\u00e8re en ce qui concerne les inflammations. Ici, la propri\u00e9t\u00e9 antioxydante du DMSO se r\u00e9v\u00e8le b\u00e9n\u00e9fique \u2013 il agit comme un \u00ab<em>intercepteur radical<\/em>\u00bb au centre de l\u2019inflammation pour ainsi dire. Apr\u00e8s l\u2019Aspirine, \u00e9crit Brodyn : \u00ab<em>Le DMSO a \u00e9t\u00e9 le premier anti-inflammatoire non st\u00e9ro\u00efdien pouvant \u00eatre administr\u00e9 m\u00eame par voie intraveineuse.<\/em>&quot; Et plus:<\/p>\n<blockquote><p><em>\u00ab\u00a0P. Gorog et coll. a d\u00e9montr\u00e9 d\u00e9j\u00e0 en 1968 qu&#039;un effet anti-inflammatoire se produisait sur des rats souffrant de polyarthrite chronique induite. Le DMSO appliqu\u00e9 \u00e0 l\u2019ext\u00e9rieur sur les articulations a montr\u00e9 un puissant anti-inflammatoire. Ces auteurs ont d\u00e9crit plus tard des effets similaires avec le 70% DMSO sur la dermatite de contact, l&#039;ecz\u00e9ma allergique et la calcification induite de la peau de rats. Toutes ces inflammations exp\u00e9rimentales \u00e9taient consid\u00e9rablement r\u00e9prim\u00e9es.<\/em><\/p><\/blockquote>\n<p>L&#039;ancien podologue am\u00e9ricain Dr. Morton Walker, qui est aujourd&#039;hui actif en tant que journaliste m\u00e9dical et auteur, annonce \u00e9galement un grand nombre de propri\u00e9t\u00e9s sanitaires positives du DMSO dans son livre \u00ab DMSO- Natures Healer \u00bb. Parmi eux figurent les effets anti-inflammatoires, vasodilatateurs, bact\u00e9riostatiques, fongistatiques et virostatiques, l&#039;\u00e9limination des \u00e9tats douloureux, la fixation des radicaux libres, la stimulation du syst\u00e8me immunitaire et l&#039;am\u00e9lioration de la cicatrisation des plaies. Oui, m\u00eame contre les rayons X, il semble prot\u00e9ger.<br \/>\nDe plus, Walker souligne comment le DMSO, gr\u00e2ce \u00e0 ses propri\u00e9t\u00e9s, p\u00e9n\u00e8tre dans les membranes cellulaires pour appliquer divers produits pharmaceutiques, par exemple la p\u00e9nicilline et la cortisone.<\/p>\n<p>Le DMSO est \u00e9galement efficace contre les bact\u00e9ries, car il les limite directement dans leur croissance ou les sensibilise \u00e0 d&#039;autres m\u00e9dicaments, r\u00e9duisant ainsi leur r\u00e9sistance. Brobyn se r\u00e9f\u00e8re entre autres \u00e0 une \u00e9tude qui a commenc\u00e9 bien avant la d\u00e9couverte du DMSO par Jacobs :<br \/>\n\u00abH. Basch et coll. D\u00e9crit de 1953 \u00e0 1968 un effet inhibiteur distinctif d&#039;une multiplicit\u00e9 de bact\u00e9ries et de champignons \u00e0 des concentrations de 30 \u00e0 50 pour cent. \u00c0 une concentration de 80 pour cent, plusieurs virus deviennent inactifs : virus \u00e0 ARN : virus de la grippe A, virus de la grippe A2, virus de la maladie de Newcastle, virus de la for\u00eat Semliki ainsi que virus \u00e0 ADN.<\/p>\n<p>De bons succ\u00e8s ont \u00e9galement \u00e9t\u00e9 obtenus dans la r\u00e9duction du tissu cicatriciel et dans le traitement des maladies rhumatismales, comme par exemple gr\u00e2ce au projet de recherche \u00ab Application topique du DMSO sur les cicatrices et les maladies hors de la r\u00e9gion morphog\u00e9nique rhumatismale du MHH Hanovre\/Annastift (Allemagne). ) Centre d&#039;op\u00e9rations ambulatoires (AOZ) \u00bb sous la direction m\u00e9dicale du Dr J\u00f6rg Carls, en coop\u00e9ration avec l&#039;acad\u00e9mie de r\u00e9\u00e9ducation de la main de Bad Pyrmont. Le tissu cicatriciel \u00e9tait visiblement d\u00e9g\u00e9n\u00e9r\u00e9 et les gonflements ont consid\u00e9rablement diminu\u00e9.<\/p>\n<h4>Le DMSO agit sur les douleurs aigu\u00ebs \u00bb<em>pratiquement instantan\u00e9ment<\/em>\u00bb<\/h4>\n<p>Stanley W. Jacob et Edward E. Rosenbaum ont eux-m\u00eames constat\u00e9 \u00e0 quelle vitesse le DMSO agit r\u00e9ellement sur sept patients test\u00e9s \u00e0 Portland, Oregon (\u00c9tats-Unis), lorsqu&#039;ils les ont trait\u00e9s avec cette substance. Les sept personnes souffraient d&#039;une inflammation de la bourse dans l&#039;articulation de l&#039;\u00e9paule, ce qui leur causait \u00ab une douleur si immense que sans l&#039;aide des autres, les malades n&#039;\u00e9taient m\u00eame pas capables de s&#039;habiller ou de se d\u00e9shabiller. Il fallait s&#039;attendre \u00e0 une diminution au plus t\u00f4t d&#039;une \u00e0 deux semaines\u00bb, comme le dit un article du magazine SPIEGEL du 5 mai 1965. Mais il y eut une surprise :<\/p>\n<p><em>\u00ab Les m\u00e9decins appliquaient la substance \u00e0 tester sur les \u00e9paules des patients \u2013 et d\u00e9j\u00e0 apr\u00e8s quelques minutes, ils observaient un effet \u00e9tonnant. Apr\u00e8s 20 minutes, comme le rapportent les m\u00e9decins Edward E. Rosenbaum et Stanley W. Jacob, professeurs \u00e0 l&#039;Universit\u00e9 de l&#039;Oregon, les sept patients \u00e9taient compl\u00e8tement ou presque compl\u00e8tement indemnes de douleurs. Tous \u00e9taient capables de bouger l\u2019articulation de l\u2019\u00e9paule malade de mani\u00e8re nettement plus libre qu\u2019auparavant.<\/em><\/p>\n<h4>Le DMSO est sept fois plus s\u00fbr que l&#039;aspirine<\/h4>\n<p>Selon l&#039;indice th\u00e9rapeutique, le DMSO est en effet sept fois plus s\u00fbr que l&#039;aspirine. Les seuls effets secondaires observ\u00e9s jusqu&#039;\u00e0 pr\u00e9sent sont une odeur d&#039;ail et une irritation cutan\u00e9e qui, selon Walker, conduisent individuellement \u00e0 la d\u00e9shydratation de la peau et disparaissent apr\u00e8s des applications r\u00e9p\u00e9t\u00e9es de DMSO. Toutefois, les vapeurs de DMSO ne doivent pas \u00eatre inhal\u00e9es. L&#039;administration intraveineuse de DMSO peut temporairement entra\u00eener des maux de t\u00eate. Aucune toxicit\u00e9 ni aucun effet canc\u00e9rig\u00e8ne n&#039;ont \u00e9t\u00e9 d\u00e9tect\u00e9s.<\/p>\n<table style=\"width: 250px;\" border=\"0\">\n<tbody>\n<tr>\n<td><p class=\"product woocommerce add_to_cart_inline\" style=\"border:4px solid #ccc; padding: 12px;\"><ins class=\"highlight\"><span class=\"woocommerce-Price-amount amount\"><bdi><span class=\"woocommerce-Price-currencySymbol\">\u20ac<\/span>7.00<\/bdi><\/span><\/ins><a href=\"https:\/\/laubeholistic.com\/fr\/shop\/dmso-dimethyl-sulfoxide-99\/\" aria-describedby=\"woocommerce_loop_add_to_cart_link_describedby_55\" data-quantity=\"1\" class=\"button product_type_variable add_to_cart_button\" data-product_id=\"55\" data-product_sku=\"DMSO\" aria-label=\"S\u00e9lectionnez les options pour \u00ab\u00a0DMSO - Dimethyl Sulfoxide\u00a0\u00bb\" rel=\"nofollow\" data-no-translation=\"\" data-trp-gettext=\"\" data-no-translation-aria-label=\"\">S\u00e9lectionnez les options<\/a>\t<span id=\"woocommerce_loop_add_to_cart_link_describedby_55\" class=\"screen-reader-text\">\n\t\tCe produit a plusieurs variantes. Les options peuvent \u00eatre choisies sur la page produit\t<\/span>\n<\/p><\/td>\n<\/tr>\n<\/tbody>\n<\/table>\n<p><strong>Note!<\/strong><br \/>\nEn hiver, le DMSO peut cristalliser. Cela est plus susceptible de se produire pendant l&#039;hiver, alors ne soyez pas surpris, c&#039;est une r\u00e9action normale, car il s&#039;agit d&#039;une substance pure de 80 %. Placez la bouteille de DMSO dans de l&#039;eau ti\u00e8de jusqu&#039;\u00e0 ce qu&#039;elle redevienne liquide. PAS d&#039;eau bouillante ! Ne pas r\u00e9chauffer au micro-ondes car cela d\u00e9truit la structure du DMSO. Conserver \u00e0 temp\u00e9rature ambiante normale, env. 20 \u00e0 22 degr\u00e9s Celsius.<\/p>","protected":false},"excerpt":{"rendered":"<p>&nbsp;The ANSWER to Pain Relief&nbsp; Dimethylsulfoxide -Natures Healer- It makes pain dissapear just by Contact without waiting for Pills to work. &nbsp;&nbsp;&nbsp; &nbsp; Just by rubbing it on ! In the case of a pulled muscle, bruises, pains in joints, ligaments and bones. DMSO (Dimethyl sulfoxide) proved to be a near-perfect solvent and transporter. Rub [&#8230;]\n","protected":false},"author":34,"featured_media":0,"parent":0,"menu_order":0,"comment_status":"closed","ping_status":"closed","template":"","meta":{"ngg_post_thumbnail":0,"footnotes":""},"class_list":["post-133","page","type-page","status-publish","hentry"],"_links":{"self":[{"href":"https:\/\/laubeholistic.com\/fr\/wp-json\/wp\/v2\/pages\/133","targetHints":{"allow":["GET"]}}],"collection":[{"href":"https:\/\/laubeholistic.com\/fr\/wp-json\/wp\/v2\/pages"}],"about":[{"href":"https:\/\/laubeholistic.com\/fr\/wp-json\/wp\/v2\/types\/page"}],"author":[{"embeddable":true,"href":"https:\/\/laubeholistic.com\/fr\/wp-json\/wp\/v2\/users\/34"}],"replies":[{"embeddable":true,"href":"https:\/\/laubeholistic.com\/fr\/wp-json\/wp\/v2\/comments?post=133"}],"version-history":[{"count":40,"href":"https:\/\/laubeholistic.com\/fr\/wp-json\/wp\/v2\/pages\/133\/revisions"}],"predecessor-version":[{"id":10220,"href":"https:\/\/laubeholistic.com\/fr\/wp-json\/wp\/v2\/pages\/133\/revisions\/10220"}],"wp:attachment":[{"href":"https:\/\/laubeholistic.com\/fr\/wp-json\/wp\/v2\/media?parent=133"}],"curies":[{"name":"wp","href":"https:\/\/api.w.org\/{rel}","templated":true}]}}