{"id":1054,"date":"2014-10-30T09:54:53","date_gmt":"2014-08-11T12:21:13","guid":{"rendered":"https:\/\/laubeholistic.com\/?page_id=1054"},"modified":"2026-03-26T14:13:16","modified_gmt":"2026-03-26T14:13:16","slug":"payment-options","status":"publish","type":"page","link":"https:\/\/laubeholistic.com\/fr\/payment-options\/","title":{"rendered":"Options de paiement"},"content":{"rendered":"<h3>Payer avec une carte de cr\u00e9dit\/d\u00e9bit<\/h3>\n<div>Il existe actuellement 3 modes de paiement disponibles sur https:\/\/laubeholisitic.com<\/div>\n<p><img loading=\"lazy\" decoding=\"async\" class=\"aligncenter wp-image-7754\" src=\"https:\/\/laubeholistic.com\/wp-content\/uploads\/1.png\" alt=\"\" width=\"275\" height=\"373\"><\/p>\n<h3>1. Payez par carte de d\u00e9bit ou de cr\u00e9dit avec le syst\u00e8me en ligne s\u00e9curis\u00e9 vivawallet<\/h3>\n<div>Cette m\u00e9thode est la plus simple. Les paiements par carte arrivent imm\u00e9diatement afin que nous puissions traiter la commande imm\u00e9diatement. Ce syst\u00e8me accepte les cartes dans le monde entier avec tous les syst\u00e8mes possibles.<\/div>\n<p><img loading=\"lazy\" decoding=\"async\" class=\"aligncenter size-full wp-image-7755\" src=\"https:\/\/laubeholistic.com\/wp-content\/uploads\/2-1.jpg\" alt=\"\" width=\"755\" height=\"51\"><\/p>\n<h3>2. Virement bancaire direct<\/h3>\n<p>Effectuez votre paiement directement sur notre compte bancaire. Veuillez utiliser votre num\u00e9ro de commande comme r\u00e9f\u00e9rence de paiement. Votre commande ne sera exp\u00e9di\u00e9e que lorsque les fonds seront apparus sur notre compte, ce qui peut prendre entre 1 et 3 jours. Vous recevrez un e-mail de confirmation avec les instructions et les d\u00e9tails du transfert, mais vous verrez \u00e9galement les informations bancaires appara\u00eetre dans la fen\u00eatre suivante juste apr\u00e8s avoir effectu\u00e9 le paiement. Si vous n&#039;avez pas re\u00e7u d&#039;e-mail de confirmation, veuillez v\u00e9rifier votre dossier spam.<\/p>\n<p><img loading=\"lazy\" decoding=\"async\" class=\"aligncenter wp-image-7758\" src=\"https:\/\/laubeholistic.com\/wp-content\/uploads\/3.png\" alt=\"\" width=\"544\" height=\"308\"><\/p>\n<p><span style=\"color: #000000; font-size: 100%;\"><strong>Our bank details:<\/strong><\/span><br \/>\n<span style=\"color: #000000; font-size: 100%;\"><strong>COCONUT TIGER LTD<\/strong><\/span><br \/>\n<span style=\"color: #000000; font-size: 100%;\"><strong>Bank: Revolut Ltd, 30 South Colonnade, E14 5HX, London, United Kingdom<\/strong><\/span><br \/>\n<span style=\"color: #000000; font-size: 100%;\"><strong>IBAN:&nbsp;GB48 REVO 2301 2085 9285 44<\/strong><\/span><br \/>\n<span style=\"color: #000000; font-size: 100%;\"><strong>BIC: REVOGB21 or Intermediary BIC: CHASDEFX<\/strong><\/span><\/p>\n<p><img loading=\"lazy\" decoding=\"async\" class=\"wp-image-24657 aligncenter\" src=\"https:\/\/laubeholistic.com\/wp-content\/uploads\/Screenshot-2026-03-26-150920-300x218.png\" alt=\"\" width=\"548\" height=\"398\" srcset=\"https:\/\/laubeholistic.com\/wp-content\/uploads\/Screenshot-2026-03-26-150920-300x218.png 300w, https:\/\/laubeholistic.com\/wp-content\/uploads\/Screenshot-2026-03-26-150920-1024x744.png 1024w, https:\/\/laubeholistic.com\/wp-content\/uploads\/Screenshot-2026-03-26-150920-768x558.png 768w, https:\/\/laubeholistic.com\/wp-content\/uploads\/Screenshot-2026-03-26-150920-1536x1116.png 1536w, https:\/\/laubeholistic.com\/wp-content\/uploads\/Screenshot-2026-03-26-150920-18x12.png 18w, https:\/\/laubeholistic.com\/wp-content\/uploads\/Screenshot-2026-03-26-150920-510x371.png 510w, https:\/\/laubeholistic.com\/wp-content\/uploads\/Screenshot-2026-03-26-150920.png 1628w\" sizes=\"auto, (max-width: 548px) 100vw, 548px\" \/><\/p>\n<p>&nbsp;<\/p>\n<p>&nbsp;<\/p>\n<h3>3. Crypto-monnaie<\/h3>\n<div>Les solutions de sant\u00e9 holistiques Laube suivent le monde moderne et acceptons donc d\u00e9sormais la possibilit\u00e9 de paiement en crypto-monnaie.<br \/>\nLe paiement peut \u00eatre effectu\u00e9 dans les devises de la liste suivante\u00a0:<\/div>\n<p><img loading=\"lazy\" decoding=\"async\" class=\"aligncenter wp-image-7760\" src=\"https:\/\/laubeholistic.com\/wp-content\/uploads\/5.png\" alt=\"\" width=\"290\" height=\"231\"><\/p>\n<div>Choisissez une devise et le syst\u00e8me g\u00e9n\u00e9rera automatiquement un code portefeuille pour le montant de votre commande, converti selon la conversion devise\/EUR.<\/div>\n<p><img loading=\"lazy\" decoding=\"async\" class=\"aligncenter wp-image-7756\" src=\"https:\/\/laubeholistic.com\/wp-content\/uploads\/6.png\" alt=\"\" width=\"516\" height=\"252\"><\/p>\n<div>Veuillez vous assurer de confirmer le <a href=\"https:\/\/laubeholistic.com\/fr\/terms\/\">Termes et conditions<\/a> sur l\u2019une ou l\u2019autre option que vous choisissez.<\/div>\n<p><img loading=\"lazy\" decoding=\"async\" class=\"aligncenter wp-image-7757\" src=\"https:\/\/laubeholistic.com\/wp-content\/uploads\/7.png\" alt=\"\" width=\"337\" height=\"105\"><\/p>\n<div>Lorsque vous effectuerez le processus de paiement, assurez-vous que vous pouvez toujours annuler votre commande jusqu&#039;au dernier moment. La pr\u00e9paration de la commande prend de 2 \u00e0 3 jours, pendant ce d\u00e9lai vous pouvez demander un remboursement int\u00e9gral et annuler votre commande.<\/div>\n<div>Si vous avez des questions ou des probl\u00e8mes, vous pouvez toujours nous contacter par e-mail\u00a0: info@laubeholistic.com<\/div>\n<p>&nbsp;<\/p>","protected":false},"excerpt":{"rendered":"<p>Paying with Credit\/Debit Card At the moment there are 3 payment methods available on https:\/\/laubeholisitic.com 1. Pay by debit or credit card with Secure Online System vivawallet This method is the simplest one. Payments by card arrive immediately so we can process the order right away. This system accepts cards Worldwide with all possible systems. [&#8230;]\n","protected":false},"author":34,"featured_media":0,"parent":0,"menu_order":0,"comment_status":"open","ping_status":"open","template":"","meta":{"ngg_post_thumbnail":0,"footnotes":""},"class_list":["post-1054","page","type-page","status-publish","hentry"],"_links":{"self":[{"href":"https:\/\/laubeholistic.com\/fr\/wp-json\/wp\/v2\/pages\/1054","targetHints":{"allow":["GET"]}}],"collection":[{"href":"https:\/\/laubeholistic.com\/fr\/wp-json\/wp\/v2\/pages"}],"about":[{"href":"https:\/\/laubeholistic.com\/fr\/wp-json\/wp\/v2\/types\/page"}],"author":[{"embeddable":true,"href":"https:\/\/laubeholistic.com\/fr\/wp-json\/wp\/v2\/users\/34"}],"replies":[{"embeddable":true,"href":"https:\/\/laubeholistic.com\/fr\/wp-json\/wp\/v2\/comments?post=1054"}],"version-history":[{"count":16,"href":"https:\/\/laubeholistic.com\/fr\/wp-json\/wp\/v2\/pages\/1054\/revisions"}],"predecessor-version":[{"id":24660,"href":"https:\/\/laubeholistic.com\/fr\/wp-json\/wp\/v2\/pages\/1054\/revisions\/24660"}],"wp:attachment":[{"href":"https:\/\/laubeholistic.com\/fr\/wp-json\/wp\/v2\/media?parent=1054"}],"curies":[{"name":"wp","href":"https:\/\/api.w.org\/{rel}","templated":true}]}}