{"id":9716,"date":"2022-02-23T17:59:45","date_gmt":"2022-02-23T17:59:45","guid":{"rendered":"https:\/\/laubeholistic.com\/?post_type=product&#038;p=9716"},"modified":"2024-03-06T13:59:03","modified_gmt":"2024-03-06T13:59:03","slug":"flower-remedies-by-m-j","status":"publish","type":"product","link":"https:\/\/laubeholistic.com\/es\/shop\/flower-remedies-by-m-j\/","title":{"rendered":"Remedios florales de M.J."},"content":{"rendered":"<h2 data-canvas-width=\"58.55733333333334\"><span style=\"color: #000000;\"><strong>Remedios florales de M.J.<\/strong><\/span><\/h2>\n<div data-canvas-width=\"58.55733333333334\">&nbsp;<\/div>\n<div data-canvas-width=\"58.55733333333334\"><span style=\"color: #000000;\"><strong>CALMA<\/strong><\/span><\/div>\n<div data-canvas-width=\"617.4879999999998\"><span style=\"color: #000000;\">La vida puede ser estresante y, a menudo, puede sentirse ansioso y abrumado; con<\/span><\/div>\n<div data-canvas-width=\"603.904\"><span style=\"color: #000000;\">todo lo que sucede a tu alrededor. Puede ser dif\u00edcil mantener la calma y<\/span><\/div>\n<div data-canvas-width=\"240.64000000000001\"><span style=\"color: #000000;\">tener confianza durante todo el d\u00eda.<\/span><\/div>\n<div data-canvas-width=\"646.1919999999998\"><span style=\"color: #000000;\">Este remedio ayuda a relajar la mente y calma el sistema nervioso. Entonces<\/span><\/div>\n<div data-canvas-width=\"589.3119999999998\"><span style=\"color: #000000;\">puedes pensar m\u00e1s claramente; c\u00e9ntrate en ti mismo y mu\u00e9vete<\/span><\/div>\n<div data-canvas-width=\"228.84799999999996\"><span style=\"color: #000000;\">adelante en tu vida diaria.<\/span><\/div>\n<div data-canvas-width=\"650.9279999999999\">&nbsp;<\/div>\n<div data-canvas-width=\"650.9279999999999\">\n<div data-canvas-width=\"36.306666666666665\"><strong><span style=\"color: #000000;\">ALEGRIA<\/span><\/strong><\/div>\n<div data-canvas-width=\"650.9279999999999\"><span style=\"color: #000000;\">A veces, cuando experimentamos desaf\u00edos; puede ser dificil ver la luz<\/span><\/div>\n<div data-canvas-width=\"594.56\"><span style=\"color: #000000;\">lado de la vida y sentirse alegre; la tristeza, la ansiedad y la depresi\u00f3n pueden hacerse cargo.<\/span><\/div>\n<div data-canvas-width=\"610.0479999999997\"><span style=\"color: #000000;\">Este remedio puede darle un impulso suave para levantar el \u00e1nimo y abrir<\/span><\/div>\n<div data-canvas-width=\"201.136\"><span style=\"color: #000000;\">m\u00e1s a la alegr\u00eda de vivir.<\/span><\/div>\n<\/div>\n<div data-canvas-width=\"201.136\">&nbsp;<\/div>\n<div data-canvas-width=\"201.136\">\n<div data-canvas-width=\"53.33066666666667\"><strong><span style=\"color: #000000;\">DESCANSO<\/span><\/strong><\/div>\n<div data-canvas-width=\"648.256\"><span style=\"color: #000000;\">El descanso y el sue\u00f1o son cruciales para el bienestar general de nuestra mente, cuerpo y esp\u00edritu. En<\/span><\/div>\n<div data-canvas-width=\"609.3600000000001\"><span style=\"color: #000000;\">momentos en los que nos puede resultar dif\u00edcil relajarnos o conciliar el sue\u00f1o; as\u00ed como despertar durante la<\/span><\/div>\n<div data-canvas-width=\"88.88\"><span style=\"color: #000000;\">hora de dormir.<\/span><\/div>\n<div data-canvas-width=\"646.1439999999998\"><span style=\"color: #000000;\">Este remedio puede ayudar a calmar la \"charla mental\" y los pensamientos no deseados.<\/span><\/div>\n<div data-canvas-width=\"645.92\"><span style=\"color: #000000;\">Para permitir un sue\u00f1o m\u00e1s reparador y un estado relajado de calma y bienestar.<\/span><\/div>\n<div data-canvas-width=\"645.92\">&nbsp;<\/div>\n<\/div>\n<div data-canvas-width=\"645.92\">\n<ul>\n<li data-canvas-width=\"311.712\"><span style=\"color: #000000;\">Creado para darle un poco de impulso y elevaci\u00f3n.<\/span><\/li>\n<li data-canvas-width=\"518.4800000000001\"><span style=\"color: #000000;\">Para obtener los mejores resultados, t\u00f3melo solo lejos de otros medicamentos o suplementos.<\/span><\/li>\n<li data-canvas-width=\"309.10400000000004\"><span style=\"color: #000000;\">Mantener alejado de la luz solar directa y el calor.<\/span><\/li>\n<li data-canvas-width=\"245.88799999999995\"><span style=\"color: #000000;\">Usar dentro de 1 mes de la apertura<\/span><\/li>\n<li data-canvas-width=\"252.36800000000005\"><span style=\"color: #000000;\">A base de plantas\/apto para vegetarianos<\/span><\/li>\n<\/ul>\n<p><span style=\"color: #000000;\">Creado por Natur\u00f3pata <em><strong>Mar\u00eda Juliana<\/strong><\/em><\/span><\/p>\n<\/div>","protected":false},"excerpt":{"rendered":"<div data-canvas-width=\"637.392\"><span style=\"color: #000000;\">Estos remedios florales son una forma natural y suave de <\/span><\/div>\n<div data-canvas-width=\"637.392\"><span style=\"color: #000000;\">elevar tu energ\u00eda y <\/span><span style=\"color: #000000;\">equilibrar sus emociones en la vida cotidiana.<\/span><\/div>\n<div data-canvas-width=\"316.976\">&nbsp;<\/div>\n<div data-canvas-width=\"459.888\"><span style=\"color: #000000;\">Elaborado con Flores de Bach Originales y agua mineral pura.<\/span><\/div>\n<div data-canvas-width=\"459.888\">&nbsp;<\/div>\n<div data-canvas-width=\"638.1120000000001\"><span style=\"color: #000000;\">Cada botella contiene 7 esencias florales diferentes, que tienen caracter\u00edsticas \u00fanicas <\/span><\/div>\n<div data-canvas-width=\"638.1120000000001\"><span style=\"color: #000000;\">propiedades <\/span><span style=\"color: #000000;\">y apoya diferentes emociones y sentimientos para su general <\/span><\/div>\n<div data-canvas-width=\"638.1120000000001\"><span style=\"color: #000000;\">bienestar.<\/span><\/div>\n<div data-canvas-width=\"638.1120000000001\">&nbsp;<\/div>\n<div data-canvas-width=\"638.1120000000001\"><span style=\"color: #000000;\">Escoger entre <strong>- CALMA - ALEGRIA- DESCANSO -<\/strong> o tener los tres juntos como un conjunto.<\/span><\/div>\n<div data-canvas-width=\"638.1120000000001\">&nbsp;<\/div>","protected":false},"featured_media":10849,"comment_status":"open","ping_status":"closed","template":"","meta":{"ngg_post_thumbnail":0},"product_brand":[],"product_cat":[329],"product_tag":[],"class_list":{"0":"post-9716","1":"product","2":"type-product","3":"status-publish","4":"has-post-thumbnail","6":"product_cat-remedy-supplements","8":"first","9":"outofstock","10":"taxable","11":"shipping-taxable","12":"purchasable","13":"product-type-variable"},"_links":{"self":[{"href":"https:\/\/laubeholistic.com\/es\/wp-json\/wp\/v2\/product\/9716","targetHints":{"allow":["GET"]}}],"collection":[{"href":"https:\/\/laubeholistic.com\/es\/wp-json\/wp\/v2\/product"}],"about":[{"href":"https:\/\/laubeholistic.com\/es\/wp-json\/wp\/v2\/types\/product"}],"replies":[{"embeddable":true,"href":"https:\/\/laubeholistic.com\/es\/wp-json\/wp\/v2\/comments?post=9716"}],"wp:featuredmedia":[{"embeddable":true,"href":"https:\/\/laubeholistic.com\/es\/wp-json\/wp\/v2\/media\/10849"}],"wp:attachment":[{"href":"https:\/\/laubeholistic.com\/es\/wp-json\/wp\/v2\/media?parent=9716"}],"wp:term":[{"taxonomy":"product_brand","embeddable":true,"href":"https:\/\/laubeholistic.com\/es\/wp-json\/wp\/v2\/product_brand?post=9716"},{"taxonomy":"product_cat","embeddable":true,"href":"https:\/\/laubeholistic.com\/es\/wp-json\/wp\/v2\/product_cat?post=9716"},{"taxonomy":"product_tag","embeddable":true,"href":"https:\/\/laubeholistic.com\/es\/wp-json\/wp\/v2\/product_tag?post=9716"}],"curies":[{"name":"wp","href":"https:\/\/api.w.org\/{rel}","templated":true}]}}