{"id":9609,"date":"2022-02-04T19:01:21","date_gmt":"2022-02-04T19:01:21","guid":{"rendered":"https:\/\/laubeholistic.com\/?post_type=product&#038;p=9609"},"modified":"2023-11-29T14:28:34","modified_gmt":"2023-11-29T14:28:34","slug":"oxywatt-oxygen-bottle","status":"publish","type":"product","link":"https:\/\/laubeholistic.com\/es\/shop\/oxywatt-oxygen-bottle\/","title":{"rendered":"OXYwatt \u2013 Botella de ox\u00edgeno"},"content":{"rendered":"<h3><span style=\"color: #000000;\">OXYwatt \u2013 Botella de ox\u00edgeno<\/span><\/h3>\n<h3><span style=\"color: #000000;\">Acerca de este producto<br \/>\n<\/span><\/h3>\n<p><span style=\"color: #000000;\">\u2022 Si eres una persona que est\u00e1 constantemente bajo presi\u00f3n y toma decisiones, OXYwatt te ayudar\u00e1 a enfrentar estos desaf\u00edos, ya que aumenta la concentraci\u00f3n, aumenta la energ\u00eda, reduce los s\u00edntomas de estr\u00e9s y la falta de sue\u00f1o, ayuda a mantener la concentraci\u00f3n durante los viajes agotadores.<\/span><\/p>\n<p><span style=\"color: #000000;\">\u2022 OXYwatt lo ayuda a obtener mejores resultados porque el ox\u00edgeno agregado: aumenta el rendimiento, reduce el tiempo de recuperaci\u00f3n despu\u00e9s del esfuerzo, aumenta el crecimiento de energ\u00eda, ayuda a reducir el dolor muscular<\/span><\/p>\n<p><span style=\"color: #000000;\">\u2022 El alcohol ralentiza nuestro metabolismo y elimina minerales, provocando sensaciones desagradables. Un salvavidas puede ser oxivatio con 95% de ox\u00edgeno que puede brindar alivio, como un aumento de la energ\u00eda vital, aliviar los dolores de cabeza y la fatiga. Tres mol\u00e9culas de ox\u00edgeno queman una mol\u00e9cula de alcohol, acelerando tu regreso al mundo de los \"vivos\"<\/span><\/p>\n<p><span style=\"color: #000000;\">\u2022 OXYwatt act\u00faa en personas con alta carga intelectual: mayor concentraci\u00f3n, lo que aumenta la eficiencia del aprendizaje; reduce los s\u00edntomas de estr\u00e9s, falta de sue\u00f1o, acelera la regeneraci\u00f3n despu\u00e9s de noches de insomnio, ayuda a controlar los s\u00edntomas desagradables al d\u00eda siguiente despu\u00e9s de una fiesta<\/span><\/p>\n<p><span style=\"color: #000000;\">\u2022 OXYwatt es un producto completamente natural y sin calor\u00edas. Te ayuda a alcanzar el bienestar. La oxigenaci\u00f3n adicional llena la piel de energ\u00eda vital, mejora su elasticidad y ayuda a refrescarla y rejuvenecerla. El ox\u00edgeno ralentiza los procesos de envejecimiento y aumenta el metabolismo<\/span><\/p>","protected":false},"excerpt":{"rendered":"<p><span style=\"color: #000000;\">La botella de ox\u00edgeno de OXY watt es 95% de ox\u00edgeno puro con el aroma natural de menta refrescante. <\/span><\/p>\n<p><span style=\"color: #000000;\">5 litros de ox\u00edgeno puro enlatado para aumentar la energ\u00eda, el estado de \u00e1nimo, aliviar el dolor y ayudar en una situaci\u00f3n de estr\u00e9s.<br \/>\n<\/span><\/p>\n<p>&nbsp;<\/p>","protected":false},"featured_media":9612,"comment_status":"open","ping_status":"closed","template":"","meta":{"ngg_post_thumbnail":0},"product_brand":[],"product_cat":[330,334],"product_tag":[],"class_list":{"0":"post-9609","1":"product","2":"type-product","3":"status-publish","4":"has-post-thumbnail","6":"product_cat-accessories","7":"product_cat-on-sale","9":"first","10":"outofstock","11":"sale","12":"taxable","13":"shipping-taxable","14":"purchasable","15":"product-type-simple"},"_links":{"self":[{"href":"https:\/\/laubeholistic.com\/es\/wp-json\/wp\/v2\/product\/9609","targetHints":{"allow":["GET"]}}],"collection":[{"href":"https:\/\/laubeholistic.com\/es\/wp-json\/wp\/v2\/product"}],"about":[{"href":"https:\/\/laubeholistic.com\/es\/wp-json\/wp\/v2\/types\/product"}],"replies":[{"embeddable":true,"href":"https:\/\/laubeholistic.com\/es\/wp-json\/wp\/v2\/comments?post=9609"}],"wp:featuredmedia":[{"embeddable":true,"href":"https:\/\/laubeholistic.com\/es\/wp-json\/wp\/v2\/media\/9612"}],"wp:attachment":[{"href":"https:\/\/laubeholistic.com\/es\/wp-json\/wp\/v2\/media?parent=9609"}],"wp:term":[{"taxonomy":"product_brand","embeddable":true,"href":"https:\/\/laubeholistic.com\/es\/wp-json\/wp\/v2\/product_brand?post=9609"},{"taxonomy":"product_cat","embeddable":true,"href":"https:\/\/laubeholistic.com\/es\/wp-json\/wp\/v2\/product_cat?post=9609"},{"taxonomy":"product_tag","embeddable":true,"href":"https:\/\/laubeholistic.com\/es\/wp-json\/wp\/v2\/product_tag?post=9609"}],"curies":[{"name":"wp","href":"https:\/\/api.w.org\/{rel}","templated":true}]}}