{"id":8922,"date":"2021-11-10T16:59:13","date_gmt":"2021-11-10T16:59:13","guid":{"rendered":"https:\/\/laubeholistic.com\/?post_type=product&#038;p=8922"},"modified":"2026-03-03T14:43:41","modified_gmt":"2026-03-03T14:43:41","slug":"glass-spray-bottle","status":"publish","type":"product","link":"https:\/\/laubeholistic.com\/es\/shop\/glass-spray-bottle\/","title":{"rendered":"Botella de spray de vidrio"},"content":{"rendered":"<p><span style=\"color: #000000;\">Si desea utilizar una botella de spray con tus necesidades de AMS, CDS o DMSO, <\/span><\/p>\n<p><span style=\"color: #000000;\">esta botella de vidrio de calidad cumplir\u00e1 su prop\u00f3sito.<\/span><\/p>\n<p><span style=\"color: #000000;\">Si este es el caso, recomendamos tener una botella de spray solo para fines AMS <\/span><\/p>\n<p><span style=\"color: #000000;\">y otra para DMSO o Lavarnica Macro.<\/span><\/p>","protected":false},"excerpt":{"rendered":"<p><span class=\"VIiyi\" lang=\"en\" style=\"color: #000000;\"><span class=\"JLqJ4b ChMk0b\" data-language-for-alternatives=\"en\" data-language-to-translate-into=\"es\" data-phrase-index=\"1\" data-number-of-phrases=\"8\">Botella de calidad de vidrio \u00e1mbar vac\u00eda con bomba de pulverizaci\u00f3n<\/span> <\/span><\/p>\n<p><span style=\"color: #000000;\">Capacidad 100ml<\/span><\/p>\n<p><span class=\"VIiyi\" lang=\"en\" style=\"color: #000000;\"><span class=\"JLqJ4b ChMk0b\" data-language-for-alternatives=\"en\" data-language-to-translate-into=\"es\" data-phrase-index=\"3\" data-number-of-phrases=\"8\">Vidrio reciclable<\/span> <span class=\"JLqJ4b ChMk0b\" data-language-for-alternatives=\"en\" data-language-to-translate-into=\"es\" data-phrase-index=\"5\" data-number-of-phrases=\"8\">100% <\/span><\/span><\/p>\n<p><span class=\"VIiyi\" lang=\"en\" style=\"color: #000000;\"><span class=\"JLqJ4b ChMk0b\" data-language-for-alternatives=\"en\" data-language-to-translate-into=\"es\" data-phrase-index=\"5\" data-number-of-phrases=\"8\">Bomba de aluminio<\/span> <\/span><\/p>\n<p>&nbsp;<\/p>","protected":false},"featured_media":8924,"comment_status":"open","ping_status":"closed","template":"","meta":{"ngg_post_thumbnail":0},"product_brand":[],"product_cat":[330],"product_tag":[],"class_list":{"0":"post-8922","1":"product","2":"type-product","3":"status-publish","4":"has-post-thumbnail","6":"product_cat-accessories","8":"first","9":"instock","10":"taxable","11":"shipping-taxable","12":"purchasable","13":"product-type-simple"},"_links":{"self":[{"href":"https:\/\/laubeholistic.com\/es\/wp-json\/wp\/v2\/product\/8922","targetHints":{"allow":["GET"]}}],"collection":[{"href":"https:\/\/laubeholistic.com\/es\/wp-json\/wp\/v2\/product"}],"about":[{"href":"https:\/\/laubeholistic.com\/es\/wp-json\/wp\/v2\/types\/product"}],"replies":[{"embeddable":true,"href":"https:\/\/laubeholistic.com\/es\/wp-json\/wp\/v2\/comments?post=8922"}],"wp:featuredmedia":[{"embeddable":true,"href":"https:\/\/laubeholistic.com\/es\/wp-json\/wp\/v2\/media\/8924"}],"wp:attachment":[{"href":"https:\/\/laubeholistic.com\/es\/wp-json\/wp\/v2\/media?parent=8922"}],"wp:term":[{"taxonomy":"product_brand","embeddable":true,"href":"https:\/\/laubeholistic.com\/es\/wp-json\/wp\/v2\/product_brand?post=8922"},{"taxonomy":"product_cat","embeddable":true,"href":"https:\/\/laubeholistic.com\/es\/wp-json\/wp\/v2\/product_cat?post=8922"},{"taxonomy":"product_tag","embeddable":true,"href":"https:\/\/laubeholistic.com\/es\/wp-json\/wp\/v2\/product_tag?post=8922"}],"curies":[{"name":"wp","href":"https:\/\/api.w.org\/{rel}","templated":true}]}}