{"id":8710,"date":"2021-10-29T12:50:30","date_gmt":"2021-10-29T12:50:30","guid":{"rendered":"https:\/\/laubeholistic.com\/?post_type=product&#038;p=8710"},"modified":"2026-03-03T14:45:05","modified_gmt":"2026-03-03T14:45:05","slug":"pure-vitamin-c-capsules","status":"publish","type":"product","link":"https:\/\/laubeholistic.com\/es\/shop\/pure-vitamin-c-capsules\/","title":{"rendered":"C\u00e1psulas de vitamina C pura"},"content":{"rendered":"","protected":false},"excerpt":{"rendered":"<p lang=\"it-IT\" style=\"text-align: left;\" align=\"CENTER\"><span style=\"color: #000000;\">\u00c1cido asc\u00f3rbico 100% en c\u00e1psulas<\/span><\/p>\n<p lang=\"it-IT\" style=\"text-align: left;\" align=\"CENTER\"><span style=\"color: #000000;\">Tama\u00f1o de la c\u00e1psula \"00\", vegetariana con 1g por c\u00e1psula.<br \/>\n<\/span><span style=\"color: #000000;\">Seg\u00fan lo recomendado por Linus Pauling<\/span><\/p>\n<h3 lang=\"it-IT\" style=\"text-align: left;\" align=\"CENTER\"><span style=\"color: #0000ff;\"><strong>Complementar su dieta con nutrientes beneficiosos que mejoran la salud es una importancia vital durante la situaci\u00f3n actual de este pandemia. Es por eso que ofrecemos vitamina C pura con un grado alto.<br \/>\n<\/strong><\/span><\/h3>\n<p><span style=\"font-size: 10pt; color: #000000;\"><strong>Ayuda a combatir enfermedades como:<\/strong><\/span><\/p>\n<p><em><span style=\"font-size: 10pt; color: #000000;\"><strong>Resfriado com\u00fan, gripe, fiebre&nbsp;<\/strong><strong>y&nbsp;<\/strong><\/span><\/em><em><span style=\"font-size: 10pt; color: #000000;\"><strong>problemas cardiovasculares.<\/strong><\/span><\/em><\/p>\n<p><span style=\"color: #000000;\"><em><span style=\"font-size: 10pt;\"><strong>Estimula el sistema inmunol\u00f3gico.<\/strong><\/span><\/em><\/span><\/p>\n<p><span style=\"color: #000000;\"><em><span style=\"font-size: 10pt;\"><strong>Promueve un mejor bienestar y puede ayudar a combatir la depresi\u00f3n.<\/strong><\/span><\/em><\/span><\/p>\n<p style=\"font-size: large; text-align: left;\"><span style=\"font-size: 10pt; color: #000000;\">Posolog\u00eda: Una c\u00e1psula de vitamina C tomada con un vaso de agua al d\u00eda.<\/span><\/p>\n<p style=\"font-size: large; text-align: left;\"><span class=\"_5yl5\" style=\"font-size: 10pt; color: #000000;\" data-reactid=\".2h.$mid=11416827275330=23ad044a3231aa88f85.2:0.0.0.0.0\">Ofrecemos pautas y orientaci\u00f3n claros y personales en caso de que necesite ayuda con el uso de vitamina C pura en forma de c\u00e1psulas.<br \/>\n<\/span><\/p>","protected":false},"featured_media":10813,"comment_status":"open","ping_status":"closed","template":"","meta":{"ngg_post_thumbnail":0},"product_brand":[],"product_cat":[327],"product_tag":[251,253,254],"class_list":{"0":"post-8710","1":"product","2":"type-product","3":"status-publish","4":"has-post-thumbnail","6":"product_cat-vitamin-supplements","7":"product_tag-100-pure","8":"product_tag-ascorbic-acid","9":"product_tag-pure","11":"first","12":"instock","13":"taxable","14":"shipping-taxable","15":"purchasable","16":"product-type-variable"},"_links":{"self":[{"href":"https:\/\/laubeholistic.com\/es\/wp-json\/wp\/v2\/product\/8710","targetHints":{"allow":["GET"]}}],"collection":[{"href":"https:\/\/laubeholistic.com\/es\/wp-json\/wp\/v2\/product"}],"about":[{"href":"https:\/\/laubeholistic.com\/es\/wp-json\/wp\/v2\/types\/product"}],"replies":[{"embeddable":true,"href":"https:\/\/laubeholistic.com\/es\/wp-json\/wp\/v2\/comments?post=8710"}],"wp:featuredmedia":[{"embeddable":true,"href":"https:\/\/laubeholistic.com\/es\/wp-json\/wp\/v2\/media\/10813"}],"wp:attachment":[{"href":"https:\/\/laubeholistic.com\/es\/wp-json\/wp\/v2\/media?parent=8710"}],"wp:term":[{"taxonomy":"product_brand","embeddable":true,"href":"https:\/\/laubeholistic.com\/es\/wp-json\/wp\/v2\/product_brand?post=8710"},{"taxonomy":"product_cat","embeddable":true,"href":"https:\/\/laubeholistic.com\/es\/wp-json\/wp\/v2\/product_cat?post=8710"},{"taxonomy":"product_tag","embeddable":true,"href":"https:\/\/laubeholistic.com\/es\/wp-json\/wp\/v2\/product_tag?post=8710"}],"curies":[{"name":"wp","href":"https:\/\/api.w.org\/{rel}","templated":true}]}}