{"id":770,"date":"2014-05-28T18:30:47","date_gmt":"2014-05-28T18:30:47","guid":{"rendered":"https:\/\/laubeholistic.com\/?post_type=product&#038;p=770"},"modified":"2026-03-03T14:50:02","modified_gmt":"2026-03-03T14:50:02","slug":"spray-bottle","status":"publish","type":"product","link":"https:\/\/laubeholistic.com\/es\/shop\/spray-bottle\/","title":{"rendered":"Botella de Spray \u2013 120ml"},"content":{"rendered":"<p><span style=\"font-family: arial,helvetica,sans-serif; font-size: 18pt;\"><span lang=\"es-ES\">Los beneficios increibles para ti<br \/>\n<\/span><\/span><\/p>\n<p><span style=\"color: #000000; font-family: georgia,palatino; font-size: 12pt;\">La comodidad, la facilidad y la eficiencia de una botella de spray.<\/span><\/p>\n<p><span style=\"color: #000000; font-family: georgia,palatino; font-size: 12pt;\">Apta para usar con cualquier <strong>solucione de Laube Holistic Solutions<\/strong>&nbsp;producto.<\/span><\/p>\n<p><span style=\"color: #000000; font-family: georgia,palatino; font-size: 12pt;\">Esta botella de spray de grado farmac\u00e9utico<\/span>&nbsp;<span style=\"color: #000000; font-family: georgia,palatino; font-size: 12pt;\">hace la aplicaci\u00f3n t\u00f3pica dehace la aplicaci\u00f3n t\u00f3pica de&nbsp;<strong>AMS<\/strong> o <strong>DMSO&nbsp;<\/strong>m\u00e1s f\u00e1cil y r\u00e1pido!<\/span><\/p>\n<p><span style=\"color: #000000; font-family: georgia,palatino; font-size: 12pt;\">Simplemente mezcle su dosis de AMS o DMSO en esta botella de spray (seca y limpia). Espere 30 segundos para el tiempo de reacci\u00f3n (necesario para AMS) y agregue un poco de agua.<\/span><\/p>\n<p><span style=\"color: #000000; font-family: georgia,palatino; font-size: 12pt;\">Listo para usar!<\/span><\/p>\n<p><span style=\"color: #000000; font-family: georgia,palatino; font-size: 12pt;\">Como esta botella de spray crea un vac\u00edo cuando se cierra correctamente, la mezcla <strong>AMS<\/strong> puede durar y permanecer activo alrededor de tres d\u00edas.<\/span><\/p>\n<p><span class=\"_5yl5\" style=\"font-size: 12pt; font-family: georgia,palatino; color: #000000;\" data-reactid=\".2h.$mid=11416827275330=23ad044a3231aa88f85.2:0.0.0.0.0\"><span data-reactid=\".2h.$mid=11416827275330=23ad044a3231aa88f85.2:0.0.0.0.0.0\"><span data-reactid=\".2h.$mid=11416827275330=23ad044a3231aa88f85.2:0.0.0.0.0.0.$end:0:$8:0\">Si usted no ve su problema o enfermedad abordan aqu\u00ed en este sitio web, por favor p\u00f3ngase en contacto con nosotros a trav\u00e9s de correo electr\u00f3nico o tel\u00e9fono y le asesoraremos con claridad y ayudarle a salir! Esta es una cualidad que ponemos mucho \u00e9nfasis en. <span class=\"_5yl5\" data-reactid=\".1k.$mid=11416832347515=2f7e62a9de5b0f0e178.2:0.0.0.0.0\"><span data-reactid=\".1k.$mid=11416832347515=2f7e62a9de5b0f0e178.2:0.0.0.0.0.0\"><span data-reactid=\".1k.$mid=11416832347515=2f7e62a9de5b0f0e178.2:0.0.0.0.0.0.$end:0:$2:0\">Esta es una cualidad en la que ponemos mucho \u00e9nfasis.<\/span><\/span><\/span><br \/>\n<\/span><\/span><\/span><\/p>","protected":false},"excerpt":{"rendered":"<ul>\n<li><span style=\"color: #000000;\">Botella de spray \u2013 vacia de 120ml<\/span><\/li>\n<li><span style=\"color: #000000;\"><strong>10% de descuento en 3 bote &amp; 15% de descuento en 5 bote<\/strong><\/span><\/li>\n<\/ul>\n<p><span class=\"_5yl5\" style=\"color: #000000;\" data-reactid=\".2h.$mid=11416827275330=23ad044a3231aa88f85.2:0.0.0.0.0\">Ofrecemos asesoramiento y orientaci\u00f3n claros y personales en caso de que los necesite al usar este producto.<\/span><\/p>","protected":false},"featured_media":10725,"comment_status":"closed","ping_status":"closed","template":"","meta":{"ngg_post_thumbnail":0},"product_brand":[],"product_cat":[330],"product_tag":[280,286,285,281,106],"class_list":{"0":"post-770","1":"product","2":"type-product","3":"status-publish","4":"has-post-thumbnail","6":"product_cat-accessories","7":"product_tag-discount","8":"product_tag-pharmaceutical-grade","9":"product_tag-pharmaceutical-quality","10":"product_tag-quantity-discount","11":"product_tag-spray-bottle","13":"first","14":"instock","15":"taxable","16":"shipping-taxable","17":"purchasable","18":"product-type-variable"},"_links":{"self":[{"href":"https:\/\/laubeholistic.com\/es\/wp-json\/wp\/v2\/product\/770","targetHints":{"allow":["GET"]}}],"collection":[{"href":"https:\/\/laubeholistic.com\/es\/wp-json\/wp\/v2\/product"}],"about":[{"href":"https:\/\/laubeholistic.com\/es\/wp-json\/wp\/v2\/types\/product"}],"replies":[{"embeddable":true,"href":"https:\/\/laubeholistic.com\/es\/wp-json\/wp\/v2\/comments?post=770"}],"wp:featuredmedia":[{"embeddable":true,"href":"https:\/\/laubeholistic.com\/es\/wp-json\/wp\/v2\/media\/10725"}],"wp:attachment":[{"href":"https:\/\/laubeholistic.com\/es\/wp-json\/wp\/v2\/media?parent=770"}],"wp:term":[{"taxonomy":"product_brand","embeddable":true,"href":"https:\/\/laubeholistic.com\/es\/wp-json\/wp\/v2\/product_brand?post=770"},{"taxonomy":"product_cat","embeddable":true,"href":"https:\/\/laubeholistic.com\/es\/wp-json\/wp\/v2\/product_cat?post=770"},{"taxonomy":"product_tag","embeddable":true,"href":"https:\/\/laubeholistic.com\/es\/wp-json\/wp\/v2\/product_tag?post=770"}],"curies":[{"name":"wp","href":"https:\/\/api.w.org\/{rel}","templated":true}]}}