{"id":625,"date":"2014-05-28T18:15:52","date_gmt":"2014-05-28T18:15:52","guid":{"rendered":"https:\/\/laubeholistic.com\/?post_type=product&#038;p=625"},"modified":"2026-03-03T14:50:39","modified_gmt":"2026-03-03T14:50:39","slug":"ams-pure-water-kit-the-water-purification-solution","status":"publish","type":"product","link":"https:\/\/laubeholistic.com\/es\/shop\/ams-pure-water-kit-the-water-purification-solution\/","title":{"rendered":"El Kit de Agua Pura \u2013 La soluci\u00f2n de la purificaci\u00f2n de agua"},"content":{"rendered":"<p><span style=\"font-family: arial, helvetica, sans-serif; font-size: 18pt; color: #000000;\">Los beneficios increibles para ti<br \/>\n<\/span><\/p>\n<p><span style=\"font-family: georgia,palatino; font-size: 12pt; color: #000000;\">Me encanta acampar y viajar, \u2026 en pa\u00edses extranjeros e incluso ex\u00f3ticos.<\/span><\/p>\n<p><span style=\"font-family: georgia,palatino; font-size: 12pt; color: #000000;\">Al viajar por las regiones de este planeta en el que un suministro de agua limpia y pura no siempre est\u00e1 garantizado, el art\u00edculo que m\u00e1s pienso primero y pongo la mayor importancia en, es <span style=\"text-decoration: underline;\">un peque\u00f1o ayudante<\/span> para asegurar de que puedo purificar el agua f\u00e1cilmente en cualquier lugar que yo este..<\/span><\/p>\n<p><span style=\"font-family: georgia,palatino; font-size: 12pt; color: #000000;\">En muy poco tiempo,, sin mucho esfuerzo, para poder tener agua pura y libre de enfermedad para beber. <a href=\"https:\/\/laubeholistic.com\/es\/purifying-water\/\">La purificaci\u00f3n de agua es f\u00e1cil.<\/a><br \/>\n<\/span><\/p>\n<p><strong><span style=\"font-family: georgia,palatino; font-size: 12pt; color: #000000;\">El \u201ckit de purificador de agua\u201d es un genio y es imprescindible de tener!<\/span><\/strong><\/p>\n<p><span style=\"font-family: georgia,palatino; font-size: 12pt; color: #000000;\">Dos botellas peque\u00f1as que caben en cualquier bolsa y el bolsillo, con instrucciones f\u00e1ciles en sus etiquetas para producir r\u00e1pidamente una peque\u00f1a e inofensiva cantidad de di\u00f3xido de cloro (no te preocupes, no es el cloro como usted piensa) para purificar absolutamente todo y de lo que pueda preocuparte. Con un tiempo muy corto de esterilizaci\u00f3n, puedo usar esa agua para cocinar y beber sin nada de preocupaci\u00f3n. <\/span><\/p>\n<p><span class=\"_5yl5\" style=\"font-size: 12pt; font-family: georgia,palatino;\" data-reactid=\".2h.$mid=11416827275330=23ad044a3231aa88f85.2:0.0.0.0.0\"><span data-reactid=\".2h.$mid=11416827275330=23ad044a3231aa88f85.2:0.0.0.0.0.0\"><span data-reactid=\".2h.$mid=11416827275330=23ad044a3231aa88f85.2:0.0.0.0.0.0.$end:0:$8:0\"><span style=\"color: #000000;\">Si usted no ve su problema o enfermedad abordan aqu\u00ed en este sitio web, por favor p\u00f3ngase en contacto con nosotros a trav\u00e9s de correo electr\u00f3nico o tel\u00e9fono y le asesoraremos con claridad y ayudarle a salir! Esta es una cualidad que ponemos mucho \u00e9nfasis en. <span class=\"_5yl5\" data-reactid=\".1k.$mid=11416832347515=2f7e62a9de5b0f0e178.2:0.0.0.0.0\">Esta es una cualidad en la que ponemos mucho \u00e9nfasis.<\/span><\/span><br \/>\n<\/span><\/span><\/span><\/p>","protected":false},"excerpt":{"rendered":"<ul>\n<li><span style=\"color: #000000; font-family: arial,helvetica,sans-serif;\">OXIDANTE (Clorito de Sodio \u2013 NaCl02) \u2013 30ml<br \/>\n<\/span><\/li>\n<li><span style=\"color: #000000; font-family: arial,helvetica,sans-serif;\">ACTIVADOR (\u00c1cido Clorh\u00eddrico 4% \u2013 HCL) \u2013 30ml<br \/>\n<\/span><\/li>\n<li><span style=\"color: #000000;\">Con pipeta<\/span><\/li>\n<li><span style=\"color: #000000;\"><strong>10% de descuento para 3 sets &amp; 15% de descuento para 5 sets<\/strong><\/span><\/li>\n<\/ul>\n<p><span class=\"_5yl5\" style=\"color: #000000;\" data-reactid=\".2h.$mid=11416827275330=23ad044a3231aa88f85.2:0.0.0.0.0\">Ofrecemos pautas y consejos claros y personales cuando necesite ayuda para utilizar este Producto.<\/span><\/p>","protected":false},"featured_media":10847,"comment_status":"closed","ping_status":"closed","template":"","meta":{"ngg_post_thumbnail":0},"product_brand":[],"product_cat":[326],"product_tag":[249,280,124,94,170,281,128,108],"class_list":{"0":"post-625","1":"product","2":"type-product","3":"status-publish","4":"has-post-thumbnail","6":"product_cat-chlorine-dioxide-category","7":"product_tag-chlorine-dioxide","8":"product_tag-discount","9":"product_tag-hydrochloric-acid","10":"product_tag-hydrochloric-acid-4","11":"product_tag-jim-humble","12":"product_tag-quantity-discount","13":"product_tag-sodium-chlorite","14":"product_tag-water-purification","16":"first","17":"instock","18":"taxable","19":"shipping-taxable","20":"purchasable","21":"product-type-variable","22":"has-default-attributes"},"_links":{"self":[{"href":"https:\/\/laubeholistic.com\/es\/wp-json\/wp\/v2\/product\/625","targetHints":{"allow":["GET"]}}],"collection":[{"href":"https:\/\/laubeholistic.com\/es\/wp-json\/wp\/v2\/product"}],"about":[{"href":"https:\/\/laubeholistic.com\/es\/wp-json\/wp\/v2\/types\/product"}],"replies":[{"embeddable":true,"href":"https:\/\/laubeholistic.com\/es\/wp-json\/wp\/v2\/comments?post=625"}],"wp:featuredmedia":[{"embeddable":true,"href":"https:\/\/laubeholistic.com\/es\/wp-json\/wp\/v2\/media\/10847"}],"wp:attachment":[{"href":"https:\/\/laubeholistic.com\/es\/wp-json\/wp\/v2\/media?parent=625"}],"wp:term":[{"taxonomy":"product_brand","embeddable":true,"href":"https:\/\/laubeholistic.com\/es\/wp-json\/wp\/v2\/product_brand?post=625"},{"taxonomy":"product_cat","embeddable":true,"href":"https:\/\/laubeholistic.com\/es\/wp-json\/wp\/v2\/product_cat?post=625"},{"taxonomy":"product_tag","embeddable":true,"href":"https:\/\/laubeholistic.com\/es\/wp-json\/wp\/v2\/product_tag?post=625"}],"curies":[{"name":"wp","href":"https:\/\/api.w.org\/{rel}","templated":true}]}}