{"id":6204,"date":"2020-08-09T16:06:30","date_gmt":"2020-08-09T16:06:30","guid":{"rendered":"https:\/\/laubeholistic.com\/?post_type=product&#038;p=6204"},"modified":"2026-03-03T14:45:56","modified_gmt":"2026-03-03T14:45:56","slug":"hydrogen-peroxide-12","status":"publish","type":"product","link":"https:\/\/laubeholistic.com\/es\/shop\/hydrogen-peroxide-12\/","title":{"rendered":"Per\u00f3xido de hidr\u00f3geno"},"content":{"rendered":"<h3><span style=\"color: #000000;\">Per\u00f3xido de hidr\u00f3geno<\/span><\/h3>\n<p><span style=\"color: #000000;\">El uso de per\u00f3xido de hidr\u00f3geno se recomienda en muchas publicaciones y art\u00edculos, que incluyen: 'True Power of Hydrogen Peroxide' de Mary Wright, 'The One-Minute Cure' de Madison Cavanaugh, 'Second Opinion Newsletter' del Dr. Rowen, 'The Many Benefits of Per\u00f3xido de hidr\u00f3geno 'por el Dr. David G Williams,' Per\u00f3xido de hidr\u00f3geno - Milagro m\u00e9dico 'por William Campbell Douglass II y' Per\u00f3xido de hidr\u00f3geno y ozono 'por Conrad LeBeau.<\/span><\/p>\n<p><span style=\"color: #000000;\">Adem\u00e1s de ser utilizado por profesionales de la odontolog\u00eda, la medicina y la salud y la belleza, el per\u00f3xido de hidr\u00f3geno tiene muchos usos en el hogar. Los usos pr\u00e1cticos son vastos y cualquier b\u00fasqueda en Internet revelar\u00e1 una multitud de usos para el per\u00f3xido de hidr\u00f3geno. Abajo hay solo algunos:<\/span><\/p>\n<h3><span style=\"color: #000000;\">Usos<\/span><\/h3>\n<p><span style=\"color: #000000;\"><strong>Primeros auxilios: <\/strong>Para prevenir el riesgo de infecci\u00f3n en peque\u00f1os cortes, raspaduras y quemaduras. Para suavizar la cera del o\u00eddo.&nbsp;<\/span><\/p>\n<p><span style=\"color: #000000;\"><strong>Enjuague bucal:<\/strong> Para ayudar a aliviar la irritaci\u00f3n leve de la boca, herpes labial, gingivitis.<\/span><\/p>\n<p><span style=\"color: #000000;\"><strong>Desinfectante<\/strong>: Limpiar las encimeras y las tablas de cortar con per\u00f3xido de hidr\u00f3geno sin diluir es eficaz para matar <em>E. coli<\/em> y <em>Salmonela<\/em> bacterias en superficies duras cuando se deja reposar en la superficie durante 10 minutos a temperatura ambiente.<\/span><\/p>\n<p><span style=\"color: #000000;\"><strong>Limpiar el interior de los electrodom\u00e9sticos<\/strong>: \u00daselo para limpiar el interior de su refrigerador y lavavajillas. El per\u00f3xido de hidr\u00f3geno no es t\u00f3xico, por lo que es una excelente opci\u00f3n para limpiar electrodom\u00e9sticos que se utilizan para almacenar alimentos o para limpiar platos y cubiertos.<\/span><\/p>\n<p><span style=\"color: #000000;\"><strong>Lavado de verduras y productos frescos<\/strong>: Recomendada por jardineras org\u00e1nicas.<\/span><\/p>\n<p>&nbsp;<\/p>\n<h3><span style=\"color: #000000;\">Informaci\u00f3n del Producto<\/span><\/h3>\n<p><span style=\"color: #000000;\">Per\u00f3xido de hidr\u00f3geno de calidad alimentaria<\/span><\/p>\n<p><span style=\"color: #000000;\">Fuente de ox\u00edgeno natural<\/span><\/p>\n<p><span style=\"color: #000000;\">Sin estabilizadores, aditivos ni metales pesados<\/span><\/p>\n<p><span style=\"color: #000000;\">No t\u00f3xico cuando se usa en una medida controlada<\/span><\/p>\n<h3>&nbsp;<\/h3>\n<h3><span style=\"color: #000000;\">Consejo de precauci\u00f3n<\/span><\/h3>\n<p><span style=\"color: #000000;\"><strong>Busque orientaci\u00f3n espec\u00edfica para cada problema antes de usar este producto<\/strong><\/span><\/p>\n<p><span style=\"color: #000000;\">No debe usarse para tratar heridas profundas, mordeduras de animales o quemaduras graves.<\/span><\/p>\n<p><span style=\"color: #000000;\">No usar en los ojos<\/span><\/p>\n<p><span style=\"color: #000000;\">No mezclar con vinagre<\/span><\/p>\n<p><span style=\"color: #000000;\">Mantener fuera del alcance de los ni\u00f1os<\/span><\/p>","protected":false},"excerpt":{"rendered":"<ul>\n<li><span style=\"color: #000000;\">Botella de Per\u00f3xido de Hidr\u00f3geno 12% o 35% \u2013 <strong>100ml,<\/strong> <strong>120ml, 250ml o 1L<\/strong><\/span><\/li>\n<li><span style=\"color: #000000;\">Con Gotero o Pulverizador<\/span><\/li>\n<li><span style=\"color: #000000;\">Grado alimenticio org\u00e1nico H<sub>2<\/sub>oh<sub>2<\/sub><\/span><\/li>\n<li><span style=\"color: #000000;\">Repleto de una alta concentraci\u00f3n de ox\u00edgeno.<\/span><\/li>\n<li><span style=\"color: #000000;\">Sin estabilizadores, aditivos ni metales pesados.<\/span><\/li>\n<li><span style=\"color: #000000;\">Cuentagotas instalado dentro de la botella<\/span><\/li>\n<\/ul>","protected":false},"featured_media":7100,"comment_status":"closed","ping_status":"closed","template":"","meta":{"ngg_post_thumbnail":0},"product_brand":[],"product_cat":[329],"product_tag":[],"class_list":{"0":"post-6204","1":"product","2":"type-product","3":"status-publish","4":"has-post-thumbnail","6":"product_cat-remedy-supplements","8":"first","9":"instock","10":"taxable","11":"shipping-taxable","12":"purchasable","13":"product-type-variable"},"_links":{"self":[{"href":"https:\/\/laubeholistic.com\/es\/wp-json\/wp\/v2\/product\/6204","targetHints":{"allow":["GET"]}}],"collection":[{"href":"https:\/\/laubeholistic.com\/es\/wp-json\/wp\/v2\/product"}],"about":[{"href":"https:\/\/laubeholistic.com\/es\/wp-json\/wp\/v2\/types\/product"}],"replies":[{"embeddable":true,"href":"https:\/\/laubeholistic.com\/es\/wp-json\/wp\/v2\/comments?post=6204"}],"wp:featuredmedia":[{"embeddable":true,"href":"https:\/\/laubeholistic.com\/es\/wp-json\/wp\/v2\/media\/7100"}],"wp:attachment":[{"href":"https:\/\/laubeholistic.com\/es\/wp-json\/wp\/v2\/media?parent=6204"}],"wp:term":[{"taxonomy":"product_brand","embeddable":true,"href":"https:\/\/laubeholistic.com\/es\/wp-json\/wp\/v2\/product_brand?post=6204"},{"taxonomy":"product_cat","embeddable":true,"href":"https:\/\/laubeholistic.com\/es\/wp-json\/wp\/v2\/product_cat?post=6204"},{"taxonomy":"product_tag","embeddable":true,"href":"https:\/\/laubeholistic.com\/es\/wp-json\/wp\/v2\/product_tag?post=6204"}],"curies":[{"name":"wp","href":"https:\/\/api.w.org\/{rel}","templated":true}]}}