{"id":5985,"date":"2020-07-20T16:05:42","date_gmt":"2020-07-20T16:05:42","guid":{"rendered":"https:\/\/laubeholistic.com\/?post_type=product&#038;p=5985"},"modified":"2026-02-17T16:45:33","modified_gmt":"2026-02-17T16:45:33","slug":"cds-chlorine-dioxide-solution","status":"publish","type":"product","link":"https:\/\/laubeholistic.com\/es\/shop\/cds-chlorine-dioxide-solution\/","title":{"rendered":"CDS (3000 ppm)"},"content":{"rendered":"<h1 style=\"color: #000000;\">CDS (3000ppm) Soluci\u00f3n de di\u00f3xido de cloro: Apoyo al bienestar avanzado<\/h1>\n<div style=\"padding: 56.25% 0 0 0; position: relative;\"><iframe style=\"position: absolute; top: 0; left: 0; width: 100%; height: 100%;\" title=\"CDS qu\u00e9 es y c\u00f3mo se utiliza\" src=\"https:\/\/player.vimeo.com\/video\/1165669923?badge=0&amp;autopause=0&amp;player_id=0&amp;app_id=58479\" frameborder=\"0\"><\/iframe><\/div>\n<p><script src=\"https:\/\/player.vimeo.com\/api\/player.js\"><\/script>Soluci\u00f3n de di\u00f3xido de cloro (CDS) ha ganado cada vez m\u00e1s atenci\u00f3n en la comunidad de bienestar hol\u00edstico debido a su potente capacidad para apoyar la desintoxicaci\u00f3n, el equilibrio microbiano, y la resistencia de la salud en general. En Laube Holistic, nuestro CDS se prepara expertamente utilizando \u00e1cido c\u00edtrico 50% combinado con clorito de sodio para producir un gas altamente purificado, que luego se disuelve en agua destilada fr\u00eda para crear una soluci\u00f3n lista para usar con un tinte amarillo caracter\u00edstico. A diferencia de los m\u00e9todos tradicionales que requieren una mezcla y pueden producir un sabor \u00e1spero o molestias gastrointestinales, nuestra formulaci\u00f3n de CDS es suave, delicada y est\u00e1 optimizada tanto para la comodidad como para la eficacia.<\/p>\n<p style=\"color: #000000;\">El CDS es el resultado de la absorci\u00f3n del gas liberado, producido a partir de la mezcla de clorito de sodio con cualquier \u00e1cido (utilizamos s\u00f3lo \u00c1cido C\u00edtrico al 50% para la producci\u00f3n de CDS), y su diluci\u00f3n en agua destilada fr\u00eda. Debido a que el gas resultante es altamente soluble, se captura coloreando el agua con su caracter\u00edstico tono amarillo.<\/p>\n<p style=\"color: #000000;\">La principal ventaja de elegir la soluci\u00f3n de di\u00f3xido de cloro es que podemos crear una soluci\u00f3n que no tiene un sabor desagradable y no produce diarrea.<\/p>\n<p style=\"color: #000000;\">Adem\u00e1s, CDS es un producto listo para usar. No se requiere mezcla adicional.<\/p>\n<p style=\"color: #000000;\">Laube Holistic ofrece CDS en m\u00faltiples formatos: Frascos cuentagotas de 120ml y 250ml, un frasco pulverizador de 100ml para aplicaci\u00f3n t\u00f3pica, o un envase a granel de 1L. El tama\u00f1o de 1L viene con una jeringa gratuita de 10ml para una dosificaci\u00f3n precisa. Para una mayor precisi\u00f3n y facilidad, especialmente con botellas m\u00e1s grandes, recomendamos el uso de un <a style=\"color: #0000ff;\" href=\"https:\/\/laubeholistic.com\/es\/shop\/glass-pipette-of-10ml-20cm\/\"><strong>pipeta de vidrio de cuello largo<\/strong><\/a>.<\/p>\n<p style=\"color: #000000;\">La soluci\u00f3n de di\u00f3xido de cloro de Laube Holistic puede utilizarse en forma diluida o t\u00f3pica. Eche un vistazo a la <a style=\"color: #0000ff;\" href=\"https:\/\/laubeholistic.com\/es\/protocols-and-manuals\/\"><strong>Protocolos para CDS<\/strong><\/a> para saber m\u00e1s sobre sus usos. Recomendamos empezar por <a style=\"color: #0000ff;\" href=\"https:\/\/laubeholistic.com\/wp-content\/uploads\/PDF-Protocol-C-ENG.pdf\">Protocolo C (101)<\/a> como gu\u00eda de base.<\/p>\n<h2 style=\"margin-top: 40px;\">PREGUNTAS FRECUENTES<\/h2>\n<div class=\"accordion\">\n\t<div id=\"accordion-1333424232\" class=\"accordion-item\">\n\t\t<a id=\"accordion-1333424232-label\" class=\"accordion-title plain\" href=\"#accordion-item-what-is-cds-chlorine-dioxide-solution,-and-what-are-its-benefits?\" aria-expanded=\"false\" aria-controls=\"accordion-1333424232-content\">\n\t\t\t<button class=\"toggle\" aria-label=\"Palanca\"><i class=\"icon-angle-down\" aria-hidden=\"true\"><\/i><\/button>\n\t\t\t<span>\u00bfQu\u00e9 es la soluci\u00f3n de di\u00f3xido de cloro CDS y cu\u00e1les son sus ventajas?<\/span>\n\t\t<\/a>\n\t\t<div id=\"accordion-1333424232-content\" class=\"accordion-inner\" aria-labelledby=\"accordion-1333424232-label\">\n\t\t\t\n<p>La soluci\u00f3n de di\u00f3xido de cloro CDS es un producto listo para usar creado por la reacci\u00f3n del clorito s\u00f3dico con el \u00e1cido c\u00edtrico, que da como resultado una soluci\u00f3n con un caracter\u00edstico tono amarillo debido a su solubilidad. Entre sus ventajas se incluyen:<\/p>\n<ul>\n<li>No tiene sabor desagradable ni diarrea, lo que la hace segura y conveniente para diversos usos.<\/li>\n<li>Producto listo para usar, que elimina la necesidad de mezclas adicionales.<\/li>\n<li>Eficaz tanto en forma diluida como t\u00f3pica, como se detalla en el Protocolo C de Laube Holistic (101).<\/li>\n<\/ul>\n\t\t<\/div>\n\t<\/div>\n\t\n\t<div id=\"accordion-2624546378\" class=\"accordion-item\">\n\t\t<a id=\"accordion-2624546378-label\" class=\"accordion-title plain\" href=\"#accordion-item-how-long-does-a-120ml-and-a-250ml-bottle-of-cds-chlorine-dioxide-solution-last?\" aria-expanded=\"false\" aria-controls=\"accordion-2624546378-content\">\n\t\t\t<button class=\"toggle\" aria-label=\"Palanca\"><i class=\"icon-angle-down\" aria-hidden=\"true\"><\/i><\/button>\n\t\t\t<span>\u00bfCu\u00e1nto dura una botella de 120 ml y otra de 250 ml de soluci\u00f3n de di\u00f3xido de cloro CDS?<\/span>\n\t\t<\/a>\n\t\t<div id=\"accordion-2624546378-content\" class=\"accordion-inner\" aria-labelledby=\"accordion-2624546378-label\">\n\t\t\t\n<p>El frasco de 120 ml proporciona un suministro para 120 d\u00edas si se utiliza a raz\u00f3n de 1 ml\/d\u00eda o para 12 d\u00edas si se utiliza a raz\u00f3n de 10 ml\/d\u00eda (Protocolo C).<\/p>\n<p>El frasco de 250 ml ofrece un suministro de 250 d\u00edas a 1 ml\/d\u00eda o un suministro de 25 d\u00edas a 10 ml\/d\u00eda (Protocolo C).<\/p>\n\t\t<\/div>\n\t<\/div>\n\t\n\t<div id=\"accordion-2988200157\" class=\"accordion-item\">\n\t\t<a id=\"accordion-2988200157-label\" class=\"accordion-title plain\" href=\"#accordion-item-can-i-get-a-discount-when-purchasing-multiple-sets-of-cds-chlorine-dioxide-solution-bottles?\" aria-expanded=\"false\" aria-controls=\"accordion-2988200157-content\">\n\t\t\t<button class=\"toggle\" aria-label=\"Palanca\"><i class=\"icon-angle-down\" aria-hidden=\"true\"><\/i><\/button>\n\t\t\t<span>\u00bfPuedo obtener un descuento al comprar varios juegos de botellas de soluci\u00f3n de di\u00f3xido de cloro CDS?<\/span>\n\t\t<\/a>\n\t\t<div id=\"accordion-2988200157-content\" class=\"accordion-inner\" aria-labelledby=\"accordion-2988200157-label\">\n\t\t\t\n<ul>\n<li>Se ofrece un descuento 10% al comprar 3 juegos de botellas.<\/li>\n<li>Se ofrece un descuento de 15% al comprar 5 juegos de botellas.<\/li>\n<\/ul>\n\t\t<\/div>\n\t<\/div>\n\t\n\t<div id=\"accordion-2121621429\" class=\"accordion-item\">\n\t\t<a id=\"accordion-2121621429-label\" class=\"accordion-title plain\" href=\"#accordion-item-what-is-the-dropper-inside-the-cds-chlorine-dioxide-solution-bottles-for?\" aria-expanded=\"false\" aria-controls=\"accordion-2121621429-content\">\n\t\t\t<button class=\"toggle\" aria-label=\"Palanca\"><i class=\"icon-angle-down\" aria-hidden=\"true\"><\/i><\/button>\n\t\t\t<span>\u00bfPara qu\u00e9 sirve el cuentagotas que hay dentro de las botellas de soluci\u00f3n de di\u00f3xido de cloro CDS?<\/span>\n\t\t<\/a>\n\t\t<div id=\"accordion-2121621429-content\" class=\"accordion-inner\" aria-labelledby=\"accordion-2121621429-label\">\n\t\t\t\n<p>El cuentagotas instalado en el interior de los frascos est\u00e1 dise\u00f1ado para una dosificaci\u00f3n precisa, lo que permite a los usuarios medir y dispensar la cantidad exacta de soluci\u00f3n CDS necesaria para diversas aplicaciones, tal como se recomienda en los Protocolos y Manuales.<\/p>\n\t\t<\/div>\n\t<\/div>\n\t\n\t<div id=\"accordion-24694641\" class=\"accordion-item\">\n\t\t<a id=\"accordion-24694641-label\" class=\"accordion-title plain\" href=\"#accordion-item-where-can-i-access-the-protocols-and-manuals-for-cds-chlorine-dioxide-solution?\" aria-expanded=\"false\" aria-controls=\"accordion-24694641-content\">\n\t\t\t<button class=\"toggle\" aria-label=\"Palanca\"><i class=\"icon-angle-down\" aria-hidden=\"true\"><\/i><\/button>\n\t\t\t<span>\u00bfD\u00f3nde puedo acceder a los protocolos y manuales de la soluci\u00f3n de di\u00f3xido de cloro CDS?<\/span>\n\t\t<\/a>\n\t\t<div id=\"accordion-24694641-content\" class=\"accordion-inner\" aria-labelledby=\"accordion-24694641-label\">\n\t\t\t\n<p>Los Protocolos y Manuales para la Soluci\u00f3n de Di\u00f3xido de Cloro CDS pueden descargarse siguiendo el enlace proporcionado. Estos recursos ofrecen asesoramiento y orientaci\u00f3n claros y personalizados para ayudar a los usuarios a utilizar eficazmente el producto.<\/p>\n\t\t<\/div>\n\t<\/div>\n\t\n<\/div>\n<h2 style=\"color: #000000; margin-top: 40px;\">Conclusi\u00f3n<\/h2>\n<p style=\"color: #000000;\">CDS de Laube Holistic es m\u00e1s que un suplemento, es un compromiso con la calidad, la precisi\u00f3n y el apoyo hol\u00edstico. Si usted est\u00e1 buscando para hacer frente a desaf\u00edos espec\u00edficos de bienestar o simplemente mantener un ambiente interno limpio, nuestros productos CDS ofrecen consistencia, pureza y orientaci\u00f3n. Al mantener la integridad de la preparaci\u00f3n tradicional y complementarla con m\u00e9todos de administraci\u00f3n mejorados, garantizamos una soluci\u00f3n accesible y eficaz para la desintoxicaci\u00f3n diaria y el equilibrio microbiano. Con el respaldo de protocolos de confianza y una formulaci\u00f3n experta, puede llevar con confianza su viaje de bienestar al siguiente nivel.<\/p>\n<p style=\"color: #000000;\">Si tiene alguna pregunta o necesita ayuda para adaptar un protocolo a sus necesidades, no dude en ponerse en contacto con Tobias y nuestro equipo de expertos para recibir asesoramiento personalizado.<\/p>","protected":false},"excerpt":{"rendered":"<ul>\n<li><span style=\"color: #000000;\">Botella de CDS \u2013 Soluci\u00f3n de di\u00f3xido de cloro \u2013 <strong>120ml, 250ml, 100ml Spray o 1L<br \/>\n<\/strong><\/span><\/li>\n<li><span style=\"color: #000000;\">10% de descuento para 3 sets &amp; 15% de descuento para 5 sets<\/span><\/li>\n<li><span style=\"color: #000000;\">Cuentagotas instalado dentro de la botella<\/span><\/li>\n<li><span style=\"color: #000000;\"><span style=\"color: #0000ff;\"><a style=\"color: #0000ff;\" href=\"https:\/\/laubeholistic.com\/es\/protocols-and-manuals\/\">Haga clic aqu\u00ed<\/a><\/span> para descargar Protocolos y Manuales<\/span>&nbsp;<\/li>\n<\/ul>\n<p><em><strong><span style=\"color: #000000;\">Calculo de Suministro:<\/span><\/strong><\/em><\/p>\n<p><strong><span style=\"color: #000000;\">Botella de 120ml: 1 ml\/d\u00eda = suministro para 120 d\u00edas, 10 ml\/d\u00eda (Protocolo C) = suministro para 12 d\u00edas<\/span><\/strong><\/p>\n<p><strong><span style=\"color: #000000;\">Botella de 250 ml: 1 ml\/d\u00eda = suministro para 250 d\u00edas, 10 ml\/d\u00eda (Protocolo C) = suministro para 25 d\u00edas<\/span><\/strong><\/p>\n<p><span class=\"_5yl5\" style=\"color: #000000;\" data-reactid=\".2h.$mid=11416827275330=23ad044a3231aa88f85.2:0.0.0.0.0\">Ofrecemos asesoramiento y orientaci\u00f3n claros y personales en caso de que necesite ayuda para utilizar este producto.<\/span><\/p>","protected":false},"featured_media":10732,"comment_status":"open","ping_status":"closed","template":"","meta":{"ngg_post_thumbnail":0},"product_brand":[],"product_cat":[326],"product_tag":[249,255,280,124,94,281],"class_list":{"0":"post-5985","1":"product","2":"type-product","3":"status-publish","4":"has-post-thumbnail","6":"product_cat-chlorine-dioxide-category","7":"product_tag-chlorine-dioxide","8":"product_tag-chlorine-dioxide-solution","9":"product_tag-discount","10":"product_tag-hydrochloric-acid","11":"product_tag-hydrochloric-acid-4","12":"product_tag-quantity-discount","14":"first","15":"instock","16":"taxable","17":"shipping-taxable","18":"purchasable","19":"product-type-variable"},"_links":{"self":[{"href":"https:\/\/laubeholistic.com\/es\/wp-json\/wp\/v2\/product\/5985","targetHints":{"allow":["GET"]}}],"collection":[{"href":"https:\/\/laubeholistic.com\/es\/wp-json\/wp\/v2\/product"}],"about":[{"href":"https:\/\/laubeholistic.com\/es\/wp-json\/wp\/v2\/types\/product"}],"replies":[{"embeddable":true,"href":"https:\/\/laubeholistic.com\/es\/wp-json\/wp\/v2\/comments?post=5985"}],"wp:featuredmedia":[{"embeddable":true,"href":"https:\/\/laubeholistic.com\/es\/wp-json\/wp\/v2\/media\/10732"}],"wp:attachment":[{"href":"https:\/\/laubeholistic.com\/es\/wp-json\/wp\/v2\/media?parent=5985"}],"wp:term":[{"taxonomy":"product_brand","embeddable":true,"href":"https:\/\/laubeholistic.com\/es\/wp-json\/wp\/v2\/product_brand?post=5985"},{"taxonomy":"product_cat","embeddable":true,"href":"https:\/\/laubeholistic.com\/es\/wp-json\/wp\/v2\/product_cat?post=5985"},{"taxonomy":"product_tag","embeddable":true,"href":"https:\/\/laubeholistic.com\/es\/wp-json\/wp\/v2\/product_tag?post=5985"}],"curies":[{"name":"wp","href":"https:\/\/api.w.org\/{rel}","templated":true}]}}