{"id":5773,"date":"2020-06-22T17:17:34","date_gmt":"2020-06-22T17:17:34","guid":{"rendered":"https:\/\/laubeholistic.com\/?post_type=product&#038;p=5773"},"modified":"2024-06-10T12:40:53","modified_gmt":"2024-06-10T12:40:53","slug":"essiac-tea","status":"publish","type":"product","link":"https:\/\/laubeholistic.com\/es\/shop\/essiac-tea\/","title":{"rendered":"T\u00e9 Essiac"},"content":{"rendered":"<h2><span style=\"color: #000000;\">\u00a1La hermosa historia de Rene Caisse \u201cCreador del T\u00e9 ESSIAC\u201d es notable!<\/span><\/h2>\n<p><span style=\"color: #000000;\">El t\u00e9 ESSIAC es una f\u00f3rmula a base de hierbas que ha estado en uso desde 1922. La f\u00f3rmula se le dio a la enfermera Rene Caisse de un curandero indio ojibwa canadiense. Nacida en Bracebridge, Ontario, la enfermera Caisse prepar\u00f3 su f\u00f3rmula herbal original en una bebida llamada Essiac, que es su apellido escrito al rev\u00e9s.<\/span><\/p>\n<p><span style=\"color: #000000;\">De 1922 a 1978, Rene Caisse le dio t\u00e9 de hierbas a innumerables personas como remedio para ayudar a combatir el c\u00e1ncer en su cl\u00ednica en Ontario, Canad\u00e1. Su cl\u00ednica fue financiada por donaciones que acept\u00f3 ya que rechaz\u00f3 pagos por su ayuda. Aunque rechaz\u00f3 los pagos por sus servicios, acept\u00f3 donaciones para ayudar a mantener su cl\u00ednica. Rene Caisse ha dedicado cincuenta a\u00f1os de su vida a ayudar a las personas con la f\u00f3rmula Essiac.<\/span><\/p>\n<p><span style=\"color: #000000;\">Rene Caisse contin\u00faa siendo amada y recordada por su contribuci\u00f3n a la medicina naturista. Las esculturas de bronce de la enfermera Caisse se han dedicado en su memoria en Bracebridge y en el Colegio Canadiense de Medicina Naturop\u00e1tica en Toronto.<\/span><\/p>\n<h3><a href=\"https:\/\/youtu.be\/zFE2xaQMBhA\" target=\"_blank\" rel=\"noopener\">El documental sobre Essiac y C\u00e1ncer \u2013 La historia de Rene Caisse (en ingles)<\/a><\/h3>\n<p><a href=\"http:\/\/https:\/\/youtu.be\/zFE2xaQMBhA\" target=\"_blank\" rel=\"noopener noreferrer\"><img loading=\"lazy\" decoding=\"async\" class=\"alignnone wp-image-5798 size-medium\" src=\"https:\/\/laubeholistic.com\/wp-content\/uploads\/Rene-Caisse-2-300x186.png\" alt=\"Rene Caisse\" width=\"300\" height=\"186\" srcset=\"https:\/\/laubeholistic.com\/wp-content\/uploads\/Rene-Caisse-2-300x186.png 300w, https:\/\/laubeholistic.com\/wp-content\/uploads\/Rene-Caisse-2-510x316.png 510w, https:\/\/laubeholistic.com\/wp-content\/uploads\/Rene-Caisse-2.png 556w\" sizes=\"auto, (max-width: 300px) 100vw, 300px\" \/><\/a><\/p>\n<p><a href=\"https:\/\/youtu.be\/zFE2xaQMBhA\" target=\"_blank\" rel=\"noopener\">Haga clic aqu\u00ed para ver el documental (en ingles)<\/a><\/p>\n<h3><span style=\"color: #000000;\">Notas importantes:<\/span><\/h3>\n<ul class=\"list-unstyled\">\n<li><span style=\"color: #000000;\">Sin comida 1 hora antes y despu\u00e9s de consumir t\u00e9 Essiac<\/span><\/li>\n<li><span style=\"color: #000000;\">Sin jugos 30 minutos antes y despu\u00e9s de consumir t\u00e9 Essiac<sup><br \/>\n<\/sup><\/span><\/li>\n<li><span style=\"color: #000000;\">No debe tomarse durante el embarazo, por madres lactantes o beb\u00e9s.<\/span><\/li>\n<\/ul>\n<h2><span style=\"color: #000000;\"><strong>Instrucciones para preparar el t\u00e9 ESSIAC<\/strong><\/span><\/h2>\n<p><a href=\"https:\/\/laubeholistic.com\/wp-content\/uploads\/Essiac-Tea-Instruction-ENG.zip\">HAGA CLIC AQUI PARA DESCARGAR EL ARCHIVO EN ESPA\u00d1OL<\/a><\/p>\n<h2>&nbsp;<\/h2>\n<h2><span style=\"color: #000000;\">Las hierbas <\/span><\/h2>\n<p><span style=\"color: #000000;\"><strong>Ra\u00edz de bardana (Arctium Lappa)<\/strong><\/span><\/p>\n<p><span style=\"color: #000000;\">Se usa tradicionalmente para ayudar a mantener un tracto gastrointestinal saludable y para ayudar a mantener una respuesta inmune saludable.<\/span><\/p>\n<p><span style=\"color: #000000;\"><strong>Corteza de olmo resbaladizo (Ulmus Fulva)<\/strong><\/span><\/p>\n<p><span style=\"color: #000000;\">Contiene grandes cantidades de taninos y muc\u00edlagos que se cree que facilitan la eliminaci\u00f3n saludable de la mucosidad en el cuerpo.<\/span><\/p>\n<p><span style=\"color: #000000;\"><strong>Hojas de acedera de oveja (Rumex Acetosella)<\/strong><\/span><\/p>\n<p><span style=\"color: #000000;\">Utilizada en la herbolaria tradicional para ayudar a enfriar el cuerpo, esta hierba ayuda a la eliminaci\u00f3n normal de desechos en los ri\u00f1ones.<\/span><\/p>\n<p><span style=\"color: #000000;\"><strong>Ra\u00edz de ruibarbo indio (Rheum Officinale)<\/strong><\/span><\/p>\n<p><span style=\"color: #000000;\">Utilizada tradicionalmente en peque\u00f1as cantidades, esta hierba ayuda a apoyar la eliminaci\u00f3n normal de desechos en el h\u00edgado.<\/span><\/p>\n<p>&nbsp;<\/p>\n<p>*<u>Descargo de responsabilidad<\/u>esta declaraci\u00f3n no ha sido evaluada por la administraci\u00f3n de alimentos y medicamentos. La informaci\u00f3n y los productos mostrados no deben usarse como consejo m\u00e9dico y \/ o usarse en lugar de tratamiento m\u00e9dico de ning\u00fan tipo. Toda la informaci\u00f3n y los productos deben usarse SOLAMENTE como suplemento alimenticio y no deben usarse para tratar, mitigar o curar ning\u00fan s\u00edntoma, enfermedad o dolencia. Laube Holistic Health Solutions no har\u00e1 ning\u00fan reclamo m\u00e9dico por los productos enumerados en este sitio. La informaci\u00f3n en este sitio es solo para conocimiento p\u00fablico.<\/p>","protected":false},"excerpt":{"rendered":"<p><span style=\"color: #000000;\">La f\u00f3rmula original de la enfermera Rene Caisse<\/span><\/p>\n<p><span style=\"color: #000000;\">La mezcla de cuatro hierbas<\/span><\/p>\n<p><span style=\"color: #000000;\">Bolsas de 15gr que producen un suministro de un mes<\/span><\/p>\n<p><span style=\"color: #000000;\">Las instrucciones se suministran en forma impresa y como archivo de descarga<\/span> <a href=\"https:\/\/laubeholistic.com\/wp-content\/uploads\/Essiac-Tea-Instruction-ENG.zip\">AQUI<\/a><\/p>","protected":false},"featured_media":5860,"comment_status":"closed","ping_status":"closed","template":"","meta":{"ngg_post_thumbnail":0},"product_brand":[],"product_cat":[328],"product_tag":[],"class_list":{"0":"post-5773","1":"product","2":"type-product","3":"status-publish","4":"has-post-thumbnail","6":"product_cat-teas","8":"first","9":"outofstock","10":"taxable","11":"shipping-taxable","12":"purchasable","13":"product-type-variable"},"_links":{"self":[{"href":"https:\/\/laubeholistic.com\/es\/wp-json\/wp\/v2\/product\/5773","targetHints":{"allow":["GET"]}}],"collection":[{"href":"https:\/\/laubeholistic.com\/es\/wp-json\/wp\/v2\/product"}],"about":[{"href":"https:\/\/laubeholistic.com\/es\/wp-json\/wp\/v2\/types\/product"}],"replies":[{"embeddable":true,"href":"https:\/\/laubeholistic.com\/es\/wp-json\/wp\/v2\/comments?post=5773"}],"wp:featuredmedia":[{"embeddable":true,"href":"https:\/\/laubeholistic.com\/es\/wp-json\/wp\/v2\/media\/5860"}],"wp:attachment":[{"href":"https:\/\/laubeholistic.com\/es\/wp-json\/wp\/v2\/media?parent=5773"}],"wp:term":[{"taxonomy":"product_brand","embeddable":true,"href":"https:\/\/laubeholistic.com\/es\/wp-json\/wp\/v2\/product_brand?post=5773"},{"taxonomy":"product_cat","embeddable":true,"href":"https:\/\/laubeholistic.com\/es\/wp-json\/wp\/v2\/product_cat?post=5773"},{"taxonomy":"product_tag","embeddable":true,"href":"https:\/\/laubeholistic.com\/es\/wp-json\/wp\/v2\/product_tag?post=5773"}],"curies":[{"name":"wp","href":"https:\/\/api.w.org\/{rel}","templated":true}]}}