{"id":57,"date":"2014-05-28T08:01:18","date_gmt":"2014-05-28T08:01:18","guid":{"rendered":"http:\/\/www.harmonikdesign.com\/activatedmineralsolution\/?post_type=product&#038;p=57"},"modified":"2026-03-03T14:54:47","modified_gmt":"2026-03-03T14:54:47","slug":"full-set-ams-with-dmso","status":"publish","type":"product","link":"https:\/\/laubeholistic.com\/es\/shop\/full-set-ams-with-dmso\/","title":{"rendered":"Conjunto AMS + DMSO"},"content":{"rendered":"<p><span style=\"font-family: arial, helvetica, sans-serif; font-size: 18pt; color: #000000;\">Conjunto AMS + DMSO<br \/>\n<\/span><\/p>\n<p><span style=\"color: #000000;\">Y este es el hermano-guardi\u00e1n MAYOR <strong>del set completo del AMS y un nivel de protecci\u00f3n adicional para darle m\u00e1s seguridad y una sensaci\u00f3n de confort. <\/strong>Un nivel adicional de protecci\u00f3n para brindarle mayor seguridad y comodidad.<\/span><\/p>\n<p><span style=\"color: #000000;\">Cuando siento alg\u00fan tipo de dolor f\u00edsico por el cuerpo en los morados, en los m\u00fasculos, ligamentos, huesos o articulaciones, etc \u2026&nbsp;<strong>DMSO<\/strong>&nbsp;incluido <span style=\"text-decoration: underline;\">y con descuento en este set<\/span> me ayudan y me alivian al hacer que el dolor desaparezca por contacto, simplemente al frotarlo sobre el \u00e1rea!<\/span><\/p>\n<p><span style=\"color: #000000;\">Es la ayuda que usted necesita para los dolores de cabeza a trav\u00e9s de dolores en el cuello despu\u00e9s de un d\u00eda largo de trabajo, o los dolores que sienten como un deportista profesional o atleta o incluso cuando hay sufrimiento grave en las Enfermedades Cr\u00f3nicas.<\/span><\/p>\n<p><span style=\"color: #000000;\"><strong>DMSO<\/strong> es necesario para el protocolo 1000+, el m\u00e1s avanzado y lo m\u00e1s potencial&nbsp;<strong>PROTOCOLO 1000+<\/strong><\/span><br \/>\n<a href=\"https:\/\/laubeholistic.com\/wp-content\/uploads\/PDF-Protocol-1000-ENG.pdf\" target=\"_blank\" rel=\"noopener noreferrer\">Descarga el PDF aqu\u00ed<\/a><\/p>\n<p><span style=\"color: #000000;\"><strong>DMSO<\/strong> se puede a\u00f1adir&nbsp;<span style=\"text-decoration: underline;\">encima de una aplicaci\u00f3n t\u00f3pica<\/span> de&nbsp;<strong>AMS<\/strong> de AMS como se muestra en este video:<\/span><\/p>\n<p><span style=\"color: #000000;\"><strong>DMSO<\/strong> tambi\u00e9n se puede usar solo para hacer desaparecer el dolor, como se demuestra aqu\u00ed:<\/span><\/p>\n<p><a href=\"https:\/\/vimeo.com\/514906487\" target=\"_blank\" rel=\"noopener\">https:\/\/youtu.\/p_gIYyB1EN8<\/a><\/p>\n<p><span style=\"color: #000000;\">Para una demostraci\u00f3n del Protocolo 1000:<\/span><\/p>\n<p><span class=\"_5yl5\" style=\"color: #000000;\" data-reactid=\".2h.$mid=11416827275330=23ad044a3231aa88f85.2:0.0.0.0.0\">Si no ve su problema, condici\u00f3n o enfermedad tratada aqu\u00ed en este sitio web, por favor cont\u00e1ctenos por correo electr\u00f3nico y estaremos encantados de asesorarle y ayudarle.&nbsp;<span class=\"_5yl5\" data-reactid=\".1k.$mid=11416832347515=2f7e62a9de5b0f0e178.2:0.0.0.0.0\">Esta es una calidad y un servicio en los que ponemos mucho \u00e9nfasis.<\/span><\/span><\/p>","protected":false},"excerpt":{"rendered":"<ul>\n<li><span style=\"color: #000000;\">Clorito de sodio (NaClO2) - 120ml o 250ml<\/span><\/li>\n<li><span style=\"color: #000000;\">\u00c1cido clorh\u00eddrico (4%) - 120 ml o 250 ml<\/span><\/li>\n<li><span style=\"color: #000000;\">Dimetil sulf\u00f3xido (99,9%) - 120ml o 250ml<\/span><\/li>\n<li><span style=\"color: #000000;\">Cuentagotas instalado dentro de las botellas<\/span><\/li>\n<li><span style=\"color: #000000;\"><strong>10% de descuento para 3 sets &amp; 15% de descuento para 5 sets<\/strong><\/span><\/li>\n<li><a href=\"https:\/\/laubeholistic.com\/es\/protocols-and-manuals\/\"><strong>Haga clic aqu\u00ed<\/strong><\/a> <span style=\"color: #000000;\">para descargar Protocolos y Manuales<\/span><\/li>\n<\/ul>\n<p><span style=\"color: #000000;\">Durante los meses m\u00e1s fr\u00edos, el DMSO de la botella se cristalizar\u00e1. Para volver al estado l\u00edquido, simplemente coloque la botella cerrada en agua tibia y espere diez minutos. NO agua hirviendo.<\/span><\/p>\n<p><span class=\"_5yl5\" style=\"color: #000000;\" data-reactid=\".2h.$mid=11416827275330=23ad044a3231aa88f85.2:0.0.0.0.0\">Ofrecemos asesoramiento y orientaci\u00f3n claros y personales en caso de que necesite ayuda para utilizar este producto.<\/span><\/p>\n<p><span style=\"color: #000000;\">Mira a los Videos abajo en el texto<\/span><\/p>","protected":false},"featured_media":10746,"comment_status":"closed","ping_status":"closed","template":"","meta":{"ngg_post_thumbnail":0},"product_brand":[],"product_cat":[326],"product_tag":[260,118,258,249,257,280,124,94,154,256,281,128,266,108],"class_list":{"0":"post-57","1":"product","2":"type-product","3":"status-publish","4":"has-post-thumbnail","6":"product_cat-chlorine-dioxide-category","7":"product_tag-aches-and-pains","8":"product_tag-amsmms-dmso","9":"product_tag-arthritis","10":"product_tag-chlorine-dioxide","11":"product_tag-dimethyl-sulfoxide","12":"product_tag-discount","13":"product_tag-hydrochloric-acid","14":"product_tag-hydrochloric-acid-4","15":"product_tag-mms-es","16":"product_tag-pain-relief","17":"product_tag-quantity-discount","18":"product_tag-sodium-chlorite","19":"product_tag-topical-pain-relief","20":"product_tag-water-purification","22":"first","23":"instock","24":"taxable","25":"shipping-taxable","26":"purchasable","27":"product-type-variable"},"_links":{"self":[{"href":"https:\/\/laubeholistic.com\/es\/wp-json\/wp\/v2\/product\/57","targetHints":{"allow":["GET"]}}],"collection":[{"href":"https:\/\/laubeholistic.com\/es\/wp-json\/wp\/v2\/product"}],"about":[{"href":"https:\/\/laubeholistic.com\/es\/wp-json\/wp\/v2\/types\/product"}],"replies":[{"embeddable":true,"href":"https:\/\/laubeholistic.com\/es\/wp-json\/wp\/v2\/comments?post=57"}],"wp:featuredmedia":[{"embeddable":true,"href":"https:\/\/laubeholistic.com\/es\/wp-json\/wp\/v2\/media\/10746"}],"wp:attachment":[{"href":"https:\/\/laubeholistic.com\/es\/wp-json\/wp\/v2\/media?parent=57"}],"wp:term":[{"taxonomy":"product_brand","embeddable":true,"href":"https:\/\/laubeholistic.com\/es\/wp-json\/wp\/v2\/product_brand?post=57"},{"taxonomy":"product_cat","embeddable":true,"href":"https:\/\/laubeholistic.com\/es\/wp-json\/wp\/v2\/product_cat?post=57"},{"taxonomy":"product_tag","embeddable":true,"href":"https:\/\/laubeholistic.com\/es\/wp-json\/wp\/v2\/product_tag?post=57"}],"curies":[{"name":"wp","href":"https:\/\/api.w.org\/{rel}","templated":true}]}}