{"id":55,"date":"2014-05-28T09:00:18","date_gmt":"2014-05-28T09:00:18","guid":{"rendered":"http:\/\/www.harmonikdesign.com\/activatedmineralsolution\/?post_type=product&#038;p=55"},"modified":"2026-03-03T14:52:47","modified_gmt":"2026-03-03T14:52:47","slug":"dmso-dimethyl-sulfoxide-99","status":"publish","type":"product","link":"https:\/\/laubeholistic.com\/es\/shop\/dmso-dimethyl-sulfoxide-99\/","title":{"rendered":"DMSO \u2013 Dimetil Sulfoxido"},"content":{"rendered":"<h1><span style=\"color: #000000;\">Los sorprendentes beneficios del dimetil sulf\u00f3xido. <strong>DMSO<\/strong> corto<br \/>\n<\/span><\/h1>\n<div style=\"padding: 56.25% 0 0 0; position: relative;\"><iframe style=\"position: absolute; top: 0; left: 0; width: 100%; height: 100%;\" title=\"DMSO qu\u00e9 es y c\u00f3mo se utiliza\" src=\"https:\/\/player.vimeo.com\/video\/1165670038?badge=0&amp;autopause=0&amp;player_id=0&amp;app_id=58479\" frameborder=\"0\"><\/iframe><\/div>\n<p><script src=\"https:\/\/player.vimeo.com\/api\/player.js\"><\/script><\/p>\n<p><strong><span style=\"color: #000000;\">Esta incre\u00edble soluci\u00f3n natural es la respuesta absoluta al alivio del dolor.<\/span><\/strong><\/p>\n<p><span style=\"color: #000000;\">Hay muchas personas (incluy\u00e9ndome a m\u00ed) para quienes la primera respuesta al sufrir dolor despu\u00e9s de hacer ejercicio, levantar pesas, practicar artes marciales o simplemente lastimarse ser\u00eda \u201c<em><strong>Necesito un analg\u00e9sico<\/strong><\/em>&quot;.<\/span><\/p>\n<p><span style=\"color: #000000;\">Mientras que la mayor\u00eda de los analg\u00e9sicos medicinales convencionales solo tratan los s\u00edntomas del dolor y, a menudo, provocan efectos secundarios graves,&nbsp;<strong>DMSO<\/strong> ha sido probado y comprobado minuciosamente (con m\u00e1s de 14,000 estudios escritos) para abordar el DOLOR EN SU FUENTE.&nbsp;<\/span><\/p>\n<p><span style=\"color: #000000;\">El uso de t\u00f3picos <strong>DMSO<\/strong> asegura la eliminaci\u00f3n permanente del dolor, a diferencia de las medicinas tradicionales que simplemente enmascaran el dolor hasta que regresa.<\/span><\/p>\n<p><span style=\"color: #000000;\">Las personas <strong>mayores <\/strong>y los que sufren de <em><strong>c<\/strong><strong>ondiciones cr\u00f3nicas y dolorosas<\/strong><\/em>&nbsp;como la artritis, la bursitis, la tendinitis, la esclerosis m\u00faltiple o la ci\u00e1tica pueden beneficiarse de las propiedades analg\u00e9sicas de la <strong>DMSO<\/strong>.<\/span><\/p>\n<p><span style=\"color: #000000;\">Las afecciones que se manifiestan despu\u00e9s de muchos a\u00f1os de trabajo duro o una postura incorrecta se pueden aliviar con&nbsp;<strong>DMSO<\/strong>&nbsp;y puede conducir a la libertad de dejar de depender de la medicaci\u00f3n tradicional con sus efectos secundarios potencialmente desagradables.<\/span><\/p>\n<p><span style=\"color: #000000;\">Nuestros clientes nos cuentan las muchas razones por las que utilizan <strong>DMSO<\/strong>, incluido el alivio de los efectos de las lesiones cotidianas \/ inesperadas, los moretones, los dolores y molestias, los nervios atrapados y el exceso de trabajo de los m\u00fasculos.<\/span><\/p>\n<p><span style=\"color: #000000;\"><strong>DMSO -&nbsp;<\/strong>Una parte esencial de cada botiqu\u00edn de primeros auxilios!<\/span><\/p>\n<p><span style=\"color: #000000;\"><strong>DMSO<\/strong> tambi\u00e9n se utiliza en el avanzado y m\u00e1s potente&nbsp;<strong>PROTOCOLO 1000+<\/strong><\/span><br \/>\n<span style=\"color: #000000;\">Descargar PDF <a href=\"https:\/\/laubeholistic.com\/es\/protocols-and-manuals\/\">aqui<\/a><span class=\"_5yl5\" data-reactid=\".2h.$mid=11416827275330=23ad044a3231aa88f85.2:0.0.0.0.0\">.<br data-reactid=\".2h.$mid=11416827275330=23ad044a3231aa88f85.2:0.0.0.0.0.0.$end:0:$7:0\"><\/span><\/span><\/p>\n<p><span style=\"color: #000000;\"><span class=\"_5yl5\" data-reactid=\".2h.$mid=11416827275330=23ad044a3231aa88f85.2:0.0.0.0.0\">Si no ve que su problema o condici\u00f3n se aborda aqu\u00ed en este sitio web, comun\u00edquese con nosotros por correo electr\u00f3nico o por tel\u00e9fono y estaremos encantados de asesorarlo y ayudarlo.&nbsp;<span data-reactid=\".1k.$mid=11416832347515=2f7e62a9de5b0f0e178.2:0.0.0.0.0.0\">Esta es una calidad y un servicio en los que ponemos mucho \u00e9nfasis.<\/span><br \/>\n<\/span><\/span><\/p>\n<h2 style=\"margin-top: 40px;\">PREGUNTAS FRECUENTES<\/h2>\n<div class=\"accordion\">\n\t<div id=\"accordion-1809095462\" class=\"accordion-item\">\n\t\t<a id=\"accordion-1809095462-label\" class=\"accordion-title plain\" href=\"#accordion-item-what-is-dmso-and-how-does-it-differ-from-traditional-pain-killers?\" aria-expanded=\"false\" aria-controls=\"accordion-1809095462-content\">\n\t\t\t<button class=\"toggle\" aria-label=\"Palanca\"><i class=\"icon-angle-down\" aria-hidden=\"true\"><\/i><\/button>\n\t\t\t<span>\u00bfQu\u00e9 es el DMSO y en qu\u00e9 se diferencia de los analg\u00e9sicos tradicionales?<\/span>\n\t\t<\/a>\n\t\t<div id=\"accordion-1809095462-content\" class=\"accordion-inner\" aria-labelledby=\"accordion-1809095462-label\">\n\t\t\t\n<p>El DMSO (dimetilsulf\u00f3xido) es una soluci\u00f3n natural que ha sido ampliamente investigada y que ha demostrado tratar el dolor en su origen, a diferencia de los analg\u00e9sicos convencionales que s\u00f3lo enmascaran los s\u00edntomas y pueden causar efectos secundarios graves. El DMSO t\u00f3pico elimina el dolor de forma permanente, ofreciendo una alternativa natural para el tratamiento del dolor a largo plazo.<\/p>\n\t\t<\/div>\n\t<\/div>\n\t\n\t<div id=\"accordion-2082157871\" class=\"accordion-item\">\n\t\t<a id=\"accordion-2082157871-label\" class=\"accordion-title plain\" href=\"#accordion-item-who-can-benefit-from-using-dmso,-and-for-what-conditions?\" aria-expanded=\"false\" aria-controls=\"accordion-2082157871-content\">\n\t\t\t<button class=\"toggle\" aria-label=\"Palanca\"><i class=\"icon-angle-down\" aria-hidden=\"true\"><\/i><\/button>\n\t\t\t<span>\u00bfQui\u00e9n puede beneficiarse del uso de DMSO y para qu\u00e9 afecciones?<\/span>\n\t\t<\/a>\n\t\t<div id=\"accordion-2082157871-content\" class=\"accordion-inner\" aria-labelledby=\"accordion-2082157871-label\">\n\t\t\t\n<p>Las personas que padecen dolores cr\u00f3nicos como artritis, bursitis, tendinitis, esclerosis m\u00faltiple o ci\u00e1tica pueden experimentar alivio con DMSO. Tambi\u00e9n es beneficioso para quienes han sufrido lesiones, contusiones, dolores o atrapamiento de nervios, especialmente tras a\u00f1os de trabajo duro o posturas incorrectas.<\/p>\n\t\t<\/div>\n\t<\/div>\n\t\n\t<div id=\"accordion-3330097691\" class=\"accordion-item\">\n\t\t<a id=\"accordion-3330097691-label\" class=\"accordion-title plain\" href=\"#accordion-item-can-dmso-be-used-as-a-first-aid-solution,-and-how-do-i-apply-it?\" aria-expanded=\"false\" aria-controls=\"accordion-3330097691-content\">\n\t\t\t<button class=\"toggle\" aria-label=\"Palanca\"><i class=\"icon-angle-down\" aria-hidden=\"true\"><\/i><\/button>\n\t\t\t<span>\u00bfSe puede utilizar DMSO como soluci\u00f3n de primeros auxilios y c\u00f3mo se aplica?<\/span>\n\t\t<\/a>\n\t\t<div id=\"accordion-3330097691-content\" class=\"accordion-inner\" aria-labelledby=\"accordion-3330097691-label\">\n\t\t\t\n<p>S\u00ed, el DMSO se considera una parte esencial de todo botiqu\u00edn de primeros auxilios. Puede aplicarse t\u00f3picamente para proporcionar un alivio inmediato del dolor. Utilice el cuentagotas o el pulverizador suministrados para facilitar la aplicaci\u00f3n. Siga atentamente las instrucciones para obtener resultados \u00f3ptimos.<\/p>\n\t\t<\/div>\n\t<\/div>\n\t\n\t<div id=\"accordion-441969671\" class=\"accordion-item\">\n\t\t<a id=\"accordion-441969671-label\" class=\"accordion-title plain\" href=\"#accordion-item-what-are-the-benefits-of-using-dmso-over-traditional-medication?\" aria-expanded=\"false\" aria-controls=\"accordion-441969671-content\">\n\t\t\t<button class=\"toggle\" aria-label=\"Palanca\"><i class=\"icon-angle-down\" aria-hidden=\"true\"><\/i><\/button>\n\t\t\t<span>\u00bfCu\u00e1les son las ventajas de utilizar DMSO frente a la medicaci\u00f3n tradicional?<\/span>\n\t\t<\/a>\n\t\t<div id=\"accordion-441969671-content\" class=\"accordion-inner\" aria-labelledby=\"accordion-441969671-label\">\n\t\t\t\n<p>El DMSO ofrece varias ventajas, como ser natural, eficaz, de acci\u00f3n r\u00e1pida y sin efectos secundarios. La calidad del DMSO est\u00e1 certificada como de calidad farmac\u00e9utica, lo que garantiza su seguridad y eficacia. El DMSO no induce la misma dependencia que los analg\u00e9sicos convencionales y puede proporcionar alivio a largo plazo sin necesidad de un uso continuado.<\/p>\n\t\t<\/div>\n\t<\/div>\n\t\n\t<div id=\"accordion-2697158427\" class=\"accordion-item\">\n\t\t<a id=\"accordion-2697158427-label\" class=\"accordion-title plain\" href=\"#accordion-item-is-there-any-guidance-available-for-first-time-users-of-dmso,-and-what-should-i-do-if-my-specific-condition-isn&#039;t-addressed-here?\" aria-expanded=\"false\" aria-controls=\"accordion-2697158427-content\">\n\t\t\t<button class=\"toggle\" aria-label=\"Palanca\"><i class=\"icon-angle-down\" aria-hidden=\"true\"><\/i><\/button>\n\t\t\t<span>\u00bfExiste alguna gu\u00eda disponible para los usuarios de DMSO por primera vez, y qu\u00e9 debo hacer si mi condici\u00f3n espec\u00edfica no se aborda aqu\u00ed?<\/span>\n\t\t<\/a>\n\t\t<div id=\"accordion-2697158427-content\" class=\"accordion-inner\" aria-labelledby=\"accordion-2697158427-label\">\n\t\t\t\n<p>Nuestra empresa ofrece asesoramiento claro y personalizado para utilizar DMSO. P\u00f3ngase en contacto con nosotros por correo electr\u00f3nico o por tel\u00e9fono para recibir orientaci\u00f3n adaptada a sus necesidades. Si su condici\u00f3n o problema no se menciona expl\u00edcitamente en este sitio web, nuestro equipo est\u00e1 m\u00e1s que dispuesto a proporcionar asesoramiento y asistencia para ayudarle a empezar con DMSO.<\/p>\n\t\t<\/div>\n\t<\/div>\n\t\n<\/div>","protected":false},"excerpt":{"rendered":"<ul>\n<li><span style=\"color: #000000;\">DMSO \u2013 Dimetil sulf\u00f3xido <strong>30ml, 120ml, 250ml o 1L<br \/>\n<\/strong><\/span><\/li>\n<li><span style=\"color: #000000;\">Con Gotero o Pulverizador<\/span><\/li>\n<li><strong><a href=\"https:\/\/laubeholistic.com\/es\/protocols-and-manuals\/\">Haga clic aqu\u00ed<\/a><\/strong> <span style=\"color: #000000;\">para descargar Protocolos y Manuales<\/span><\/li>\n<\/ul>\n<p><span style=\"color: #000000;\"><strong>La respuesta de la naturaleza para aliviar el dolor<\/strong><\/span><\/p>\n<p><span style=\"color: #000000;\">Actual<strong> DMSO<\/strong> hace que el dolor desaparezca al contacto sin necesidad de esperar a que act\u00faen las pastillas y la medicaci\u00f3n tradicional.<\/span><\/p>\n<ul>\n<li><span style=\"color: #000000;\">Natural<\/span><\/li>\n<li><span style=\"color: #000000;\">Eficiente<\/span><\/li>\n<li><span style=\"color: #000000;\">R\u00e1pido<\/span><\/li>\n<li><span style=\"color: #000000;\">Sin efectos secundarios<\/span><\/li>\n<\/ul>\n<p><span style=\"color: #000000;\">La calidad certificada corresponde al grado farmac\u00e9utico.<\/span><\/p>\n<p><span style=\"color: #000000;\">Durante los meses m\u00e1s fr\u00edos, el DMSO de la botella se cristalizar\u00e1. Para volver al estado l\u00edquido, simplemente coloque la botella cerrada en agua tibia y espere diez minutos. NO agua hirviendo.<\/span><\/p>\n<p><span style=\"color: #000000;\">Ofrecemos asesoramiento y orientaci\u00f3n claros y personales en caso de que necesite ayuda para utilizar este producto.<\/span><\/p>\n<p>&nbsp;<\/p>","protected":false},"featured_media":10717,"comment_status":"closed","ping_status":"closed","template":"","meta":{"ngg_post_thumbnail":0},"product_brand":[],"product_cat":[326],"product_tag":[260,258,259,261,257,122,277,268,262,278,276,256,279,263,264,265,266],"class_list":{"0":"post-55","1":"product","2":"type-product","3":"status-publish","4":"has-post-thumbnail","6":"product_cat-chlorine-dioxide-category","7":"product_tag-aches-and-pains","8":"product_tag-arthritis","9":"product_tag-bruise","10":"product_tag-bursitis","11":"product_tag-dimethyl-sulfoxide","12":"product_tag-dmso","13":"product_tag-headache","14":"product_tag-inflammation","15":"product_tag-multiple-sclerosis","16":"product_tag-osteoarthritis","17":"product_tag-pain-at-source","18":"product_tag-pain-relief","19":"product_tag-rheumatoid-arthritis","20":"product_tag-sciatica","21":"product_tag-topical","22":"product_tag-topical-application","23":"product_tag-topical-pain-relief","25":"first","26":"instock","27":"taxable","28":"shipping-taxable","29":"purchasable","30":"product-type-variable"},"_links":{"self":[{"href":"https:\/\/laubeholistic.com\/es\/wp-json\/wp\/v2\/product\/55","targetHints":{"allow":["GET"]}}],"collection":[{"href":"https:\/\/laubeholistic.com\/es\/wp-json\/wp\/v2\/product"}],"about":[{"href":"https:\/\/laubeholistic.com\/es\/wp-json\/wp\/v2\/types\/product"}],"replies":[{"embeddable":true,"href":"https:\/\/laubeholistic.com\/es\/wp-json\/wp\/v2\/comments?post=55"}],"wp:featuredmedia":[{"embeddable":true,"href":"https:\/\/laubeholistic.com\/es\/wp-json\/wp\/v2\/media\/10717"}],"wp:attachment":[{"href":"https:\/\/laubeholistic.com\/es\/wp-json\/wp\/v2\/media?parent=55"}],"wp:term":[{"taxonomy":"product_brand","embeddable":true,"href":"https:\/\/laubeholistic.com\/es\/wp-json\/wp\/v2\/product_brand?post=55"},{"taxonomy":"product_cat","embeddable":true,"href":"https:\/\/laubeholistic.com\/es\/wp-json\/wp\/v2\/product_cat?post=55"},{"taxonomy":"product_tag","embeddable":true,"href":"https:\/\/laubeholistic.com\/es\/wp-json\/wp\/v2\/product_tag?post=55"}],"curies":[{"name":"wp","href":"https:\/\/api.w.org\/{rel}","templated":true}]}}