{"id":53,"date":"2014-05-27T07:00:32","date_gmt":"2014-05-27T07:00:32","guid":{"rendered":"http:\/\/www.harmonikdesign.com\/activatedmineralsolution\/?post_type=product&#038;p=53"},"modified":"2026-03-03T14:55:16","modified_gmt":"2026-03-03T14:55:16","slug":"sodium-chlorite-naclo2","status":"publish","type":"product","link":"https:\/\/laubeholistic.com\/es\/shop\/sodium-chlorite-naclo2\/","title":{"rendered":"Botella AMS (clorito de sodio)"},"content":{"rendered":"<p><span style=\"font-family: arial,helvetica,sans-serif; font-size: 18pt;\">Botella AMS (clorito de sodio)<\/span><\/p>\n<p>El descubrimiento de AMS por Jim Humble (nombrado por Jim Humble como MMS - Master Mineral Solution).<\/p>\n<p>Una botella de AMS no s\u00f3lo es la parte esencial de la producci\u00f3n de di\u00f3xido de cloro, que es la sustancia qu\u00edmica y cuando se activa mata a los pat\u00f3genos causantes de los enfermedades, es tambi\u00e9n un remedio curativo incre\u00edble para cualquier caso de quemaduras!&nbsp;<strong>AMS<\/strong>&nbsp;el ingrediente esencial para producir <span style=\"text-decoration: underline;\"><strong>dioxido de cloro<\/strong><\/span>&nbsp;(el qu\u00edmico, cuando se activa, que mata a los pat\u00f3genos que causan enfermedades), TAMBI\u00c9N es un&nbsp;<span style=\"text-decoration: underline;\"><em>MARAVILLOSO<\/em> <strong>remedio<\/strong>curativo de quemaduras<\/span>&nbsp;por si solo.<\/p>\n<p>Si la causa de la <strong>quemadura<\/strong> es <strong>fuego<\/strong>, exposici\u00f3n <strong>solar excesiva<\/strong> o incluso una <strong>picadura de medusa<\/strong>, la piel reacciona liberando \u00e1cido que es la causa principal del dolor que resulta.<\/p>\n<p>Nuestro <strong>AMS <\/strong>(clorito de sodio) es altamente alcalino con un PH de 12. Es la <em>primera cosa<\/em>&nbsp;que aplico <span style=\"text-decoration: underline;\">t\u00f3picamente<\/span> sobre la zona afectada para NEUTRALIZAR la acidez. \u00a1Y cuando neutralizo la acidez, el dolor desaparece!<\/p>\n<p><strong>AMS<\/strong> por s\u00ed solo es mi cura para quemaduras favorita y funciona r\u00e1pidamente.<\/p>\n<p>NOTA: Consulte el protocolo para el tratamiento de quemaduras antes de seguir estas instrucciones.<\/p>\n<p><span style=\"color: #0000ff;\"><a style=\"color: #0000ff;\" href=\"https:\/\/laubeholistic.com\/wp-content\/uploads\/PDF-Protocol-for-burn-Victims.pdf\" target=\"_blank\" rel=\"noopener noreferrer\">Descarga el PDF aqu\u00ed<\/a><\/span><\/p>\n<p><span class=\"_5yl5\" data-reactid=\".2h.$mid=11416827275330=23ad044a3231aa88f85.2:0.0.0.0.0\"><span data-reactid=\".2h.$mid=11416827275330=23ad044a3231aa88f85.2:0.0.0.0.0.0\"><span data-reactid=\".2h.$mid=11416827275330=23ad044a3231aa88f85.2:0.0.0.0.0.0.$end:0:$8:0\">Si no ve su problema, afecci\u00f3n o enfermedad abordado aqu\u00ed en este sitio web, comun\u00edquese con nosotros por correo electr\u00f3nico o por tel\u00e9fono y estaremos encantados de asesorarlo y ayudarlo. Se trata de una calidad y un servicio en el que ponemos mucho \u00e9nfasis.<\/span><\/span><\/span><\/p>","protected":false},"excerpt":{"rendered":"<ul>\n<li><span style=\"color: #000000;\">Botella de AMS \u2013 Clorito de Sodio (NaClO2) \u2013 <strong>120ml o 250ml<br \/>\n<\/strong><\/span><\/li>\n<li><span style=\"color: #000000;\">Cuentagotas instalado dentro de la botella<\/span><\/li>\n<li><span style=\"color: #000000;\"><strong><span style=\"color: #0000ff;\"><a style=\"color: #0000ff;\" href=\"https:\/\/laubeholistic.com\/es\/protocols-and-manuals\/\">Haga clic aqu\u00ed<\/a><\/span><\/strong> para descargar Protocolos y Manuales<\/span><\/li>\n<\/ul>\n<p><span class=\"_5yl5\" style=\"color: #000000;\" data-reactid=\".2h.$mid=11416827275330=23ad044a3231aa88f85.2:0.0.0.0.0\">Ofrecemos asesoramiento y orientaci\u00f3n claros y personales en caso de que necesite ayuda para utilizar este producto.<\/span><\/p>\n<p><span style=\"color: #000000;\">Mira al Video de demonstraci\u00f3n abajo en el texto.<\/span><\/p>","protected":false},"featured_media":10707,"comment_status":"closed","ping_status":"closed","template":"","meta":{"ngg_post_thumbnail":0},"product_brand":[],"product_cat":[326],"product_tag":[130,170,154,128],"class_list":{"0":"post-53","1":"product","2":"type-product","3":"status-publish","4":"has-post-thumbnail","6":"product_cat-chlorine-dioxide-category","7":"product_tag-ams","8":"product_tag-jim-humble","9":"product_tag-mms-es","10":"product_tag-sodium-chlorite","12":"first","13":"instock","14":"taxable","15":"shipping-taxable","16":"purchasable","17":"product-type-variable"},"_links":{"self":[{"href":"https:\/\/laubeholistic.com\/es\/wp-json\/wp\/v2\/product\/53","targetHints":{"allow":["GET"]}}],"collection":[{"href":"https:\/\/laubeholistic.com\/es\/wp-json\/wp\/v2\/product"}],"about":[{"href":"https:\/\/laubeholistic.com\/es\/wp-json\/wp\/v2\/types\/product"}],"replies":[{"embeddable":true,"href":"https:\/\/laubeholistic.com\/es\/wp-json\/wp\/v2\/comments?post=53"}],"wp:featuredmedia":[{"embeddable":true,"href":"https:\/\/laubeholistic.com\/es\/wp-json\/wp\/v2\/media\/10707"}],"wp:attachment":[{"href":"https:\/\/laubeholistic.com\/es\/wp-json\/wp\/v2\/media?parent=53"}],"wp:term":[{"taxonomy":"product_brand","embeddable":true,"href":"https:\/\/laubeholistic.com\/es\/wp-json\/wp\/v2\/product_brand?post=53"},{"taxonomy":"product_cat","embeddable":true,"href":"https:\/\/laubeholistic.com\/es\/wp-json\/wp\/v2\/product_cat?post=53"},{"taxonomy":"product_tag","embeddable":true,"href":"https:\/\/laubeholistic.com\/es\/wp-json\/wp\/v2\/product_tag?post=53"}],"curies":[{"name":"wp","href":"https:\/\/api.w.org\/{rel}","templated":true}]}}