{"id":47,"date":"2015-04-27T21:00:31","date_gmt":"2015-04-27T21:00:31","guid":{"rendered":"http:\/\/www.harmonikdesign.com\/activatedmineralsolution\/?post_type=product&#038;p=47"},"modified":"2026-03-03T14:47:36","modified_gmt":"2026-03-03T14:47:36","slug":"ams-water-purification-solution","status":"publish","type":"product","link":"https:\/\/laubeholistic.com\/es\/shop\/ams-water-purification-solution\/","title":{"rendered":"Set de AMS Purificacion de Agua"},"content":{"rendered":"<h1 style=\"color: #000000;\">Soluci\u00f3n AMS de purificaci\u00f3n de agua para humanos y animales<\/h1>\n<div style=\"padding: 56.25% 0 0 0; position: relative;\"><iframe style=\"position: absolute; top: 0; left: 0; width: 100%; height: 100%;\" title=\"AMS SET\" src=\"https:\/\/player.vimeo.com\/video\/1165669629?badge=0&amp;autopause=0&amp;player_id=0&amp;app_id=58479\" frameborder=\"0\"><\/iframe><\/div>\n<p><script src=\"https:\/\/player.vimeo.com\/api\/player.js\"><\/script><\/p>\n<h2 style=\"color: #000000;\">\u00bfQu\u00e9 es AMS?<\/h2>\n<p style=\"color: #000000;\">La soluci\u00f3n mineral activada (SMA) es un potente producto de purificaci\u00f3n del agua formulado para neutralizar microorganismos nocivos, como virus, bacterias, hongos y otros pat\u00f3genos. Est\u00e1 ampliamente reconocido por su potencial para limpiar el agua potable y favorecer la desintoxicaci\u00f3n interna cuando se utiliza de forma responsable. El AMS, en el que conf\u00edan millones de personas en todo el mundo, tambi\u00e9n es apto para animales, lo que lo convierte en un complemento vers\u00e1til para cualquier kit de salud hol\u00edstica.<\/p>\n<h2 style=\"color: #000000;\">\u00bfPor qu\u00e9 elegir AMS?<\/h2>\n<p style=\"color: #000000;\">Hasta ahora, m\u00e1s de 20 millones de personas de todo el mundo han utilizado el cl\u00e1sico AMS Set para combatir enfermedades. Muy pronto, este precioso set se convertir\u00e1 en un producto dom\u00e9stico est\u00e1ndar en todo el mundo. Las personas que buscan formas eficaces de eliminar pat\u00f3genos causantes de enfermedades -como virus, bacterias, hongos y otros- recurrir\u00e1n continuamente a esta potente soluci\u00f3n.<\/p>\n<p style=\"color: #000000;\"><strong><u>Conjunto AMS<\/u><\/strong> act\u00faa como un guardi\u00e1n personal, ofreciendo protecci\u00f3n contra hasta 95% de enfermedades e infecciones potencialmente mortales. Y lo que es m\u00e1s importante, el AMS tambi\u00e9n es seguro y eficaz en animales.<\/p>\n<p style=\"color: #000000;\">Sean cuales sean las noticias sobre gripes, epidemias o virus emergentes, me siento seguro con un <strong><u>Set de AMS<\/u><\/strong> en mi casa. Favorece la limpieza interna y la resistencia inmunitaria.<\/p>\n<h2 style=\"color: #000000;\">Resultados reales<\/h2>\n<p style=\"color: #000000;\">Vea este extraordinario v\u00eddeo que muestra c\u00f3mo la Cruz Roja logr\u00f3 restablecer la salud en 154 casos de paludismo utilizando este enfoque:<\/p>\n<p><a style=\"color: #0000ff;\" href=\"https:\/\/jimhumble.co\/videos\/#red_cross_cured_malaria_with_mms\" target=\"_blank\" rel=\"noopener\"><strong>\ud83c\udfa5 CRUZ ROJA con AMS - Watch Now<\/strong><\/a><\/p>\n<h2 style=\"color: #000000;\">Apoyo personalizado<\/h2>\n<p style=\"color: #000000;\">Si su enfermedad o problema no aparece en nuestro sitio web, p\u00f3ngase en contacto con nosotros. <a style=\"color: #0000ff;\" href=\"https:\/\/laubeholistic.com\/es\/contact\/\" target=\"_blank\" rel=\"noopener\">Contacto<\/a> por tel\u00e9fono o correo electr\u00f3nico para un asesoramiento personalizado. Hacemos especial hincapi\u00e9 en la atenci\u00f3n y el servicio individualizados.<\/p>\n<h2 style=\"color: #000000;\">Gu\u00eda de uso<\/h2>\n<p style=\"color: #000000;\"><a style=\"font-size: 16px; text-decoration: underline; color: #0000ff;\" href=\"https:\/\/laubeholistic.com\/es\/ufaqs\/how-to-use-ams-and-activator\/\" target=\"_blank\" rel=\"noopener\"><strong>\ud83d\udca7 C\u00f3mo preparar la MGA para beberla<\/strong><\/a><\/p>\n<h2 style=\"color: #000000; margin-top: 40px;\">Preguntas m\u00e1s frecuentes (FAQ)<\/h2>\n<div class=\"accordion\">\n\t<div id=\"accordion-3973118056\" class=\"accordion-item\">\n\t\t<a id=\"accordion-3973118056-label\" class=\"accordion-title plain\" href=\"#accordion-item-what-is-the-main-purpose-of-the-ams-water-purification-solution?\" aria-expanded=\"false\" aria-controls=\"accordion-3973118056-content\">\n\t\t\t<button class=\"toggle\" aria-label=\"Palanca\"><i class=\"icon-angle-down\" aria-hidden=\"true\"><\/i><\/button>\n\t\t\t<span>\u00bfCu\u00e1l es el principal objetivo de la soluci\u00f3n de purificaci\u00f3n de agua AMS?<\/span>\n\t\t<\/a>\n\t\t<div id=\"accordion-3973118056-content\" class=\"accordion-inner\" aria-labelledby=\"accordion-3973118056-label\">\n\t\t\t\n<p style=\"color: #000000;\">El AMS est\u00e1 dise\u00f1ado para eliminar pat\u00f3genos nocivos como bacterias, virus y hongos tanto en humanos como en animales. Su funci\u00f3n principal es la purificaci\u00f3n interna y externa, ayud\u00e1ndole a mantener una salud \u00f3ptima mediante la focalizaci\u00f3n 95% de los agentes causantes de enfermedades.<\/p>\n\t\t<\/div>\n\t<\/div>\n\t\n\t<div id=\"accordion-2113517434\" class=\"accordion-item\">\n\t\t<a id=\"accordion-2113517434-label\" class=\"accordion-title plain\" href=\"#accordion-item-what-are-the-active-ingredients-included-in-the-ams-water-purification-solution?\" aria-expanded=\"false\" aria-controls=\"accordion-2113517434-content\">\n\t\t\t<button class=\"toggle\" aria-label=\"Palanca\"><i class=\"icon-angle-down\" aria-hidden=\"true\"><\/i><\/button>\n\t\t\t<span>\u00bfCu\u00e1les son los principios activos de la soluci\u00f3n AMS para la purificaci\u00f3n del agua?<\/span>\n\t\t<\/a>\n\t\t<div id=\"accordion-2113517434-content\" class=\"accordion-inner\" aria-labelledby=\"accordion-2113517434-label\">\n\t\t\t\n<p style=\"color: #000000;\">Cada juego AMS incluye:<\/p>\n<ul style=\"color: #000000;\">\n<li>Clorito de sodio (NaClO\u2082) - concentraci\u00f3n 25%<\/li>\n<li>\u00c1cido clorh\u00eddrico - concentraci\u00f3n 4%<\/li>\n<\/ul>\n<p style=\"color: #000000;\">Tama\u00f1os disponibles: Botellas de 120 ml, 250 ml o 1 l.<\/p>\n\t\t<\/div>\n\t<\/div>\n\t\n\t<div id=\"accordion-3516773212\" class=\"accordion-item\">\n\t\t<a id=\"accordion-3516773212-label\" class=\"accordion-title plain\" href=\"#accordion-item-are-there-any-discounts-available-for-purchasing-multiple-ams-water-purification-solution-sets?\" aria-expanded=\"false\" aria-controls=\"accordion-3516773212-content\">\n\t\t\t<button class=\"toggle\" aria-label=\"Palanca\"><i class=\"icon-angle-down\" aria-hidden=\"true\"><\/i><\/button>\n\t\t\t<span>\u00bfExisten descuentos por la compra de varios juegos de soluciones AMS para la purificaci\u00f3n del agua?<\/span>\n\t\t<\/a>\n\t\t<div id=\"accordion-3516773212-content\" class=\"accordion-inner\" aria-labelledby=\"accordion-3516773212-label\">\n\t\t\t\n<ul style=\"color: #000000;\">\n<li>Compre 3 juegos - reciba 10% de descuento<\/li>\n<li>Compre 5 juegos - reciba 15% de descuento<\/li>\n<\/ul>\n\t\t<\/div>\n\t<\/div>\n\t\n\t<div id=\"accordion-2695457647\" class=\"accordion-item\">\n\t\t<a id=\"accordion-2695457647-label\" class=\"accordion-title plain\" href=\"#accordion-item-how-can-i-use-the-ams-water-purification-solution-effectively?\" aria-expanded=\"false\" aria-controls=\"accordion-2695457647-content\">\n\t\t\t<button class=\"toggle\" aria-label=\"Palanca\"><i class=\"icon-angle-down\" aria-hidden=\"true\"><\/i><\/button>\n\t\t\t<span>\u00bfC\u00f3mo puedo utilizar eficazmente la soluci\u00f3n de purificaci\u00f3n de agua AMS?<\/span>\n\t\t<\/a>\n\t\t<div id=\"accordion-2695457647-content\" class=\"accordion-inner\" aria-labelledby=\"accordion-2695457647-label\">\n\t\t\t\n<p style=\"color: #000000;\">Cada frasco incluye un cuentagotas integrado para mayor precisi\u00f3n. Para obtener orientaci\u00f3n, consulte los manuales descargables y los v\u00eddeos de protocolo. Recomendamos empezar con <a style=\"color: #0000ff;\" href=\"https:\/\/laubeholistic.com\/es\/ufaqs\/how-to-use-ams-and-activator\/\" target=\"_blank\" rel=\"noopener\">Protocolo 1000<\/a> para la limpieza interna general.<\/p>\n\t\t<\/div>\n\t<\/div>\n\t\n\t<div id=\"accordion-2470097329\" class=\"accordion-item\">\n\t\t<a id=\"accordion-2470097329-label\" class=\"accordion-title plain\" href=\"#accordion-item-is-the-ams-water-purification-solution-suitable-for-use-with-pets-and-livestock?\" aria-expanded=\"false\" aria-controls=\"accordion-2470097329-content\">\n\t\t\t<button class=\"toggle\" aria-label=\"Palanca\"><i class=\"icon-angle-down\" aria-hidden=\"true\"><\/i><\/button>\n\t\t\t<span>\u00bfLa soluci\u00f3n AMS para la purificaci\u00f3n del agua es adecuada para su uso con animales dom\u00e9sticos y ganado?<\/span>\n\t\t<\/a>\n\t\t<div id=\"accordion-2470097329-content\" class=\"accordion-inner\" aria-labelledby=\"accordion-2470097329-label\">\n\t\t\t\n<p style=\"color: #000000;\">S\u00ed, el AMS es seguro y beneficioso para los animales. Tanto si se utiliza con animales dom\u00e9sticos como con ganado de granja, ayuda a mantener la higiene interna y favorece la resistencia inmunitaria.<\/p>\n\t\t<\/div>\n\t<\/div>\n\t\n<\/div>","protected":false},"excerpt":{"rendered":"<p><span style=\"color: #000000;\"><strong>Contiene:<\/strong><\/span><\/p>\n<ul>\n<li>&nbsp;<span style=\"color: #000000;\">Clorito de Sodio 25% (NaCl02) \u2013 <strong>120ml, 250ml o 1L<br \/>\n<\/strong><\/span><\/li>\n<li><span style=\"color: #000000;\">&nbsp;\u00c1cido clorh\u00eddrico (4%) - <strong>120ml, 250ml o 1L<br \/>\n<\/strong><\/span><\/li>\n<li><span style=\"color: #000000;\"><strong>10% de descuento para 3 sets &amp; 15% de descuento para 5 sets<\/strong><\/span><\/li>\n<li><span style=\"color: #000000;\">Cuentagotas instalado dentro de la botella<\/span><\/li>\n<li><strong><a href=\"https:\/\/laubeholistic.com\/es\/protocols-and-manuals\/\">Haga clic aqu\u00ed<\/a><\/strong> <span style=\"color: #000000;\">para descargar Protocolos y Manuales<\/span><\/li>\n<\/ul>","protected":false},"featured_media":10733,"comment_status":"closed","ping_status":"closed","template":"","meta":{"ngg_post_thumbnail":0},"product_brand":[],"product_cat":[326],"product_tag":[120,303,249,280,124,94,170,154,281,128,108,250],"class_list":{"0":"post-47","1":"product","2":"type-product","3":"status-publish","4":"has-post-thumbnail","6":"product_cat-chlorine-dioxide-category","7":"product_tag-amsmms","8":"product_tag-animal-health","9":"product_tag-chlorine-dioxide","10":"product_tag-discount","11":"product_tag-hydrochloric-acid","12":"product_tag-hydrochloric-acid-4","13":"product_tag-jim-humble","14":"product_tag-mms-es","15":"product_tag-quantity-discount","16":"product_tag-sodium-chlorite","17":"product_tag-water-purification","18":"product_tag-wps","20":"first","21":"instock","22":"taxable","23":"shipping-taxable","24":"purchasable","25":"product-type-variable"},"_links":{"self":[{"href":"https:\/\/laubeholistic.com\/es\/wp-json\/wp\/v2\/product\/47","targetHints":{"allow":["GET"]}}],"collection":[{"href":"https:\/\/laubeholistic.com\/es\/wp-json\/wp\/v2\/product"}],"about":[{"href":"https:\/\/laubeholistic.com\/es\/wp-json\/wp\/v2\/types\/product"}],"replies":[{"embeddable":true,"href":"https:\/\/laubeholistic.com\/es\/wp-json\/wp\/v2\/comments?post=47"}],"wp:featuredmedia":[{"embeddable":true,"href":"https:\/\/laubeholistic.com\/es\/wp-json\/wp\/v2\/media\/10733"}],"wp:attachment":[{"href":"https:\/\/laubeholistic.com\/es\/wp-json\/wp\/v2\/media?parent=47"}],"wp:term":[{"taxonomy":"product_brand","embeddable":true,"href":"https:\/\/laubeholistic.com\/es\/wp-json\/wp\/v2\/product_brand?post=47"},{"taxonomy":"product_cat","embeddable":true,"href":"https:\/\/laubeholistic.com\/es\/wp-json\/wp\/v2\/product_cat?post=47"},{"taxonomy":"product_tag","embeddable":true,"href":"https:\/\/laubeholistic.com\/es\/wp-json\/wp\/v2\/product_tag?post=47"}],"curies":[{"name":"wp","href":"https:\/\/api.w.org\/{rel}","templated":true}]}}