{"id":4615,"date":"2020-02-27T20:29:04","date_gmt":"2020-02-27T20:29:04","guid":{"rendered":"https:\/\/laubeholistic.com\/?post_type=product&#038;p=4615"},"modified":"2026-03-03T14:47:05","modified_gmt":"2026-03-03T14:47:05","slug":"spray-bottle-with-activated-ams","status":"publish","type":"product","link":"https:\/\/laubeholistic.com\/es\/shop\/spray-bottle-with-activated-ams\/","title":{"rendered":"Botella de spray con AMS activado"},"content":{"rendered":"<h2><strong>Botella de spray con AMS activado<\/strong><\/h2>\n<p>La comodidad, la facilidad y la eficiencia de una botella de spray.<\/p>\n<p><span style=\"color: #000000;\">Lista para usar y desinfectar.<\/span><\/p>\n<p><span style=\"color: #000000;\">Efectivo contra pat\u00f3genos incluyendo VIRUS.<\/span><\/p>\n<p><span style=\"color: #000000;\">Cada botella de spray contiene quince gotas de AMS activadas que han sido activadas con \u00e1cido clorh\u00eddrico al 4% y luego disueltas en agua destilada.<\/span><\/p>\n<p><span style=\"color: #000000;\">Listo para usar en un pr\u00e1ctico dispensador de bomba. Se puede rociar directamente sobre el \u00e1rea afectada de la piel o el cabello.<\/span><\/p>\n<p><span style=\"color: #000000;\">Desinfecta objetos, brindando protecci\u00f3n contra virus, bacterias, moho y otros g\u00e9rmenes.<\/span><\/p>\n<p><span style=\"color: #000000;\">No inhalar ni rociar en los ojos.<\/span><\/p>\n<p><span style=\"color: #000000;\">Como esta botella de spray crea un vac\u00edo cuando se cierra correctamente, la mezcla <strong>AMS<\/strong> puede permanecer activo durante unas dos semanas.<\/span><\/p>\n<p><span style=\"color: #000000;\">Un mililitro se conseguir\u00e1 con entre 12 y 15 pulverizaciones. Cada botella de spray contiene 120 ml, lo que le dar\u00e1 entre 1440 y 1800 pulverizaciones.<\/span><\/p>\n<p><span style=\"color: #000000;\">Si no ve su problema, condici\u00f3n o enfermedad abordado aqu\u00ed en este sitio web, cont\u00e1ctenos por correo electr\u00f3nico o por tel\u00e9fono y estaremos encantados de ayudarlo y asesorarlo.&nbsp;<span class=\"_5yl5\" data-reactid=\".1k.$mid=11416832347515=2f7e62a9de5b0f0e178.2:0.0.0.0.0\">Esta es una calidad y un servicio en los que ponemos mucho \u00e9nfasis.<\/span><\/span><\/p>","protected":false},"excerpt":{"rendered":"<ul>\n<li><span style=\"color: #000000;\">Botella Spray \u2013 activado con 15 gotas de AMS + Activador \u2013 120ml<strong><br \/>\n<\/strong><\/span><\/li>\n<li><span style=\"color: #000000;\"> Listo para desinfectar<\/span><\/li>\n<li><span style=\"color: #000000;\"><strong>10% de descuento en 3 bote &amp; 15% de descuento en 5 bote<\/strong><\/span><\/li>\n<\/ul>\n<p><span class=\"_5yl5\" style=\"color: #000000;\" data-reactid=\".2h.$mid=11416827275330=23ad044a3231aa88f85.2:0.0.0.0.0\">Ofrecemos asesoramiento y orientaci\u00f3n claros y personales en caso de que necesite ayuda para utilizar este producto.<\/span><\/p>","protected":false},"featured_media":10724,"comment_status":"closed","ping_status":"closed","template":"","meta":{"ngg_post_thumbnail":0},"product_brand":[],"product_cat":[326],"product_tag":[284,282,308,249,280,306,305,283,124,307,281,304],"class_list":{"0":"post-4615","1":"product","2":"type-product","3":"status-publish","4":"has-post-thumbnail","6":"product_cat-chlorine-dioxide-category","7":"product_tag-120ml","8":"product_tag-activated-ams","9":"product_tag-bacteria","10":"product_tag-chlorine-dioxide","11":"product_tag-discount","12":"product_tag-disinfect","13":"product_tag-disinfectant","14":"product_tag-fifteen-drops","15":"product_tag-hydrochloric-acid","16":"product_tag-mould","17":"product_tag-quantity-discount","18":"product_tag-spray","20":"first","21":"instock","22":"taxable","23":"shipping-taxable","24":"purchasable","25":"product-type-variable"},"_links":{"self":[{"href":"https:\/\/laubeholistic.com\/es\/wp-json\/wp\/v2\/product\/4615","targetHints":{"allow":["GET"]}}],"collection":[{"href":"https:\/\/laubeholistic.com\/es\/wp-json\/wp\/v2\/product"}],"about":[{"href":"https:\/\/laubeholistic.com\/es\/wp-json\/wp\/v2\/types\/product"}],"replies":[{"embeddable":true,"href":"https:\/\/laubeholistic.com\/es\/wp-json\/wp\/v2\/comments?post=4615"}],"wp:featuredmedia":[{"embeddable":true,"href":"https:\/\/laubeholistic.com\/es\/wp-json\/wp\/v2\/media\/10724"}],"wp:attachment":[{"href":"https:\/\/laubeholistic.com\/es\/wp-json\/wp\/v2\/media?parent=4615"}],"wp:term":[{"taxonomy":"product_brand","embeddable":true,"href":"https:\/\/laubeholistic.com\/es\/wp-json\/wp\/v2\/product_brand?post=4615"},{"taxonomy":"product_cat","embeddable":true,"href":"https:\/\/laubeholistic.com\/es\/wp-json\/wp\/v2\/product_cat?post=4615"},{"taxonomy":"product_tag","embeddable":true,"href":"https:\/\/laubeholistic.com\/es\/wp-json\/wp\/v2\/product_tag?post=4615"}],"curies":[{"name":"wp","href":"https:\/\/api.w.org\/{rel}","templated":true}]}}