{"id":17538,"date":"2025-05-31T11:24:17","date_gmt":"2025-05-31T11:24:17","guid":{"rendered":"https:\/\/laubeholistic.com\/?post_type=product&#038;p=17538"},"modified":"2026-01-29T11:50:33","modified_gmt":"2026-01-29T11:50:33","slug":"anti-fungal-remedy-fluconazole","status":"publish","type":"product","link":"https:\/\/laubeholistic.com\/es\/shop\/anti-fungal-remedy-fluconazole\/","title":{"rendered":"Remedio antif\u00fangico"},"content":{"rendered":"<h3 data-start=\"165\" data-end=\"207\"><span style=\"color: #282828;\"><strong data-start=\"169\" data-end=\"205\">C\u00e1psulas antif\u00fangicas de fluconazol<\/strong><\/span><\/h3>\n<p data-start=\"208\" data-end=\"271\"><span style=\"color: #282828;\"><strong data-start=\"208\" data-end=\"271\">Fase Dos de Defensa - Complete su Limpieza de Par\u00e1sitos y Hongos<\/strong><\/span><\/p>\n<p data-start=\"273\" data-end=\"344\"><span style=\"color: #282828;\"><strong data-start=\"273\" data-end=\"344\">Cl\u00ednicamente probado. Respetado en todo el mundo. Esencial para una recuperaci\u00f3n completa.<\/strong><\/span><\/p>\n<p data-start=\"346\" data-end=\"719\"><span style=\"color: #282828;\">El fluconazol es un remedio antif\u00fangico de renombre mundial, en el que se conf\u00eda desde hace d\u00e9cadas tanto en el \u00e1mbito cl\u00ednico como en el hol\u00edstico. Nuestro <strong data-start=\"465\" data-end=\"489\">C\u00e1psulas de fluconazol<\/strong> ofrecen una pureza de grado farmac\u00e9utico y un alivio espec\u00edfico contra un amplio espectro de hongos pat\u00f3genos, incluyendo <strong data-start=\"599\" data-end=\"619\">Candida albicans<\/strong>, <strong data-start=\"621\" data-end=\"636\">esporas de moho<\/strong>, <strong data-start=\"638\" data-end=\"648\">levaduras<\/strong>, y otros sobrecrecimientos f\u00fangicos que a menudo persisten silenciosamente en el organismo.<\/span><\/p>\n<p data-start=\"721\" data-end=\"968\"><span style=\"color: #282828;\">\ud83d\udd39 <strong data-start=\"724\" data-end=\"743\">Por qu\u00e9 es importante:<\/strong><\/span><br data-start=\"743\" data-end=\"746\"><span style=\"color: #282828;\">Las infecciones f\u00fangicas pueden persistir o convertirse en oportunistas, especialmente despu\u00e9s de una limpieza parasitaria, causando fatiga, niebla cerebral, hinchaz\u00f3n, problemas de piel o infecciones recurrentes. El fluconazol ayuda a detener estos invasores f\u00fangicos de ra\u00edz.<\/span><\/p>\n<p data-start=\"970\" data-end=\"1238\"><span style=\"color: #282828;\">\ud83d\udd39 <strong data-start=\"973\" data-end=\"995\">Seguridad y eficacia:<\/strong><\/span><br data-start=\"995\" data-end=\"998\"><span style=\"color: #282828;\">El fluconazol tiene un perfil de seguridad bien establecido y es ampliamente recetado por profesionales m\u00e9dicos de todo el mundo. Nuestras c\u00e1psulas cuidadosamente dosificadas garantizan la eficacia sin sobrecargar el h\u00edgado ni alterar innecesariamente su microbioma.<\/span><\/p>\n<hr data-start=\"1240\" data-end=\"1243\">\n<h3 data-start=\"1245\" data-end=\"1306\"><span style=\"color: #282828;\">\ud83d\udca5 <strong data-start=\"1252\" data-end=\"1304\">La fase esencial dos de su protocolo de limpieza<\/strong><\/span><\/h3>\n<p data-start=\"1308\" data-end=\"1734\"><span style=\"color: #282828;\">Si ya has comenzado tu viaje de desintoxicaci\u00f3n con <strong data-start=\"1358\" data-end=\"1386\">nuestro <a href=\"https:\/\/laubeholistic.com\/es\/shop\/parakit\/\">Parakit<\/a><\/strong>, Fluconazol es <strong data-start=\"1403\" data-end=\"1427\">una segunda fase vital<\/strong>.<\/span><br data-start=\"1428\" data-end=\"1431\"><span style=\"color: #282828;\">\u00bfPor qu\u00e9?<\/span><br data-start=\"1435\" data-end=\"1438\"><span style=\"color: #282828;\">Porque cuando los par\u00e1sitos mueren, pueden liberar <strong data-start=\"1487\" data-end=\"1519\">esporas f\u00fangicas y micotoxinas<\/strong>-agregando estr\u00e9s a su sistema inmunitario y, a menudo, desencadenando infecciones f\u00fangicas secundarias.<\/span><br data-start=\"1605\" data-end=\"1608\"><span style=\"color: #282828;\"><strong data-start=\"1608\" data-end=\"1654\">El fluconazol se une, neutraliza y elimina<\/strong> estas amenazas, ayudando a expulsar los restos de la mortandad e impidiendo la recolonizaci\u00f3n.<\/span><\/p>\n<hr data-start=\"1736\" data-end=\"1739\">\n<h3 data-start=\"1741\" data-end=\"1760\"><span style=\"color: #282828;\">\ud83c\udf3f Cu\u00e1ndo usar:<\/span><\/h3>\n<ul data-start=\"1761\" data-end=\"2013\">\n<li data-start=\"1761\" data-end=\"1801\">\n<p data-start=\"1763\" data-end=\"1801\"><span style=\"color: #282828;\">Tras completar el <strong data-start=\"1780\" data-end=\"1799\">Limpieza Parakit (Fase 1)<\/strong><\/span><\/p>\n<\/li>\n<li data-start=\"1802\" data-end=\"2013\">\n<p data-start=\"1804\" data-end=\"2013\"><span style=\"color: #282828;\">Si sufres de:<\/span><br data-start=\"1829\" data-end=\"1832\">\u2705 <strong data-start=\"1837\" data-end=\"1859\">Crecimiento excesivo de c\u00e1ndida<\/strong><br data-start=\"1859\" data-end=\"1862\">\u2705 <strong data-start=\"1867\" data-end=\"1893\">Infecciones de las u\u00f1as por hongos<\/strong><br data-start=\"1893\" data-end=\"1896\">\u2705 <strong data-start=\"1901\" data-end=\"1927\">Exposici\u00f3n sist\u00e9mica al moho<\/strong><br data-start=\"1927\" data-end=\"1930\">\u2705 <strong data-start=\"1935\" data-end=\"1970\">Infecciones por hongos o erupciones cut\u00e1neas<\/strong><br data-start=\"1970\" data-end=\"1973\">\u2705 <strong data-start=\"1978\" data-end=\"2013\">S\u00edntomas de la muerte tras la desparasitaci\u00f3n<\/strong><\/p>\n<\/li>\n<\/ul>\n<hr data-start=\"2015\" data-end=\"2018\">\n<h3 data-start=\"2020\" data-end=\"2065\"><span style=\"color: #282828;\">Proteja su salud.<\/span><\/h3>\n<p data-start=\"2067\" data-end=\"2232\"><span style=\"color: #282828;\">Par <strong data-start=\"2072\" data-end=\"2096\">C\u00e1psulas de fluconazol<\/strong> con su <a href=\"https:\/\/laubeholistic.com\/es\/shop\/parakit\/\"><strong data-start=\"2107\" data-end=\"2118\">Parakit<\/strong> <\/a>para garantizar un restablecimiento interno completo.<\/span><br data-start=\"2163\" data-end=\"2166\"><span style=\"color: #282828;\"><strong data-start=\"2166\" data-end=\"2232\">No te limites a matar par\u00e1sitos! \u00a1Limpia todo el campo de batalla!<\/strong><\/span><\/p>","protected":false},"excerpt":{"rendered":"<p><span style=\"font-size: 130%;\"><strong><span style=\"color: #282828;\">Don\u2019t stop at killing parasites\u2014cleanse the whole battlefield!<\/span><\/strong><\/span><\/p>\n<ul data-start=\"377\" data-end=\"1040\">\n<li data-start=\"377\" data-end=\"495\">\n<p data-start=\"379\" data-end=\"495\"><span style=\"color: #282828;\"><strong data-start=\"379\" data-end=\"420\">Clinically Proven &amp; Globally Trusted:<\/strong> <span class=\"relative -mx-px my-[-0.2rem] rounded px-px py-[0.2rem] transition-colors duration-100 ease-in-out\">Fluconazole is a widely recognized antifungal medication, extensively used worldwide for its efficacy and safety in treating various fungal infections.<\/span><\/span><\/p>\n<\/li>\n<li data-start=\"497\" data-end=\"604\">\n<p data-start=\"499\" data-end=\"604\"><span style=\"color: #282828;\"><strong data-start=\"499\" data-end=\"529\">Targets Fungal Overgrowth:<\/strong> <span class=\"relative -mx-px my-[-0.2rem] rounded px-px py-[0.2rem] transition-colors duration-100 ease-in-out\">Effectively combats Candida, mold spores, and other fungal pathogens that may proliferate following parasite die-off.<\/span><\/span><\/p>\n<\/li>\n<li data-start=\"606\" data-end=\"717\">\n<p data-start=\"608\" data-end=\"717\"><span style=\"color: #282828;\"><strong data-start=\"608\" data-end=\"640\">Complements ParaKit Cleanse:<\/strong> <\/span><span class=\"relative -mx-px my-[-0.2rem] rounded px-px py-[0.2rem] transition-colors duration-100 ease-in-out\"><span style=\"color: #282828;\">Designed to follow the<\/span> <a href=\"https:\/\/laubeholistic.com\/shop\/parakit\/\">ParaKit<\/a> <span style=\"color: #282828;\">deparasiting protocol, addressing secondary fungal issues that can arise during detoxification.<\/span><\/span><\/p>\n<\/li>\n<li data-start=\"719\" data-end=\"829\">\n<p data-start=\"721\" data-end=\"829\"><span style=\"background-color: #ffffff; color: #282828;\"><strong data-start=\"721\" data-end=\"750\">Supports Immune Function:<\/strong> <span class=\"relative -mx-px my-[-0.2rem] rounded px-px py-[0.2rem] transition-colors duration-100 ease-in-out\">Aids in restoring balance to the body&#8217;s internal environment, promoting overall health and resilience.<\/span><\/span><\/p>\n<\/li>\n<li data-start=\"831\" data-end=\"940\">\n<p data-start=\"833\" data-end=\"940\"><span style=\"background-color: #ffffff; color: #282828;\"><strong data-start=\"833\" data-end=\"861\">Vegan-Friendly Capsules:<\/strong> <span class=\"relative -mx-px my-[-0.2rem] rounded px-px py-[0.2rem] transition-colors duration-100 ease-in-out\">Our capsules are VEGAN \u2013 KOSHER \u2013 HALAL \u2013 Free of Preservatives, Odorless, and Tasteless.<\/span><\/span><\/p>\n<\/li>\n<li data-start=\"942\" data-end=\"1040\">\n<p data-start=\"944\" data-end=\"1040\"><span style=\"background-color: #ffffff;\"><span style=\"color: #282828;\"><strong data-start=\"944\" data-end=\"961\">Guided Usage: <\/strong>After or during the<\/span> <a style=\"background-color: #ffffff;\" href=\"https:\/\/laubeholistic.com\/shop\/parakit\/\">Parakit cleanse<\/a><span class=\"relative -mx-px my-[-0.2rem] rounded px-px py-[0.2rem] transition-colors duration-100 ease-in-out\" style=\"color: #282828;\"> 1 Capsule per day for seven days.<\/span><\/span><\/p>\n<\/li>\n<li data-start=\"942\" data-end=\"1040\"><span style=\"color: #282828;\"><strong>Content<\/strong>: 1 Week (7 Capsules) , 2 Weeks of (14 Capsules), 3 Weeks (21 Capsules)<\/span><\/li>\n<\/ul>\n","protected":false},"featured_media":17542,"comment_status":"open","ping_status":"closed","template":"","meta":{"ngg_post_thumbnail":0},"product_brand":[],"product_cat":[332,329],"product_tag":[368,367],"class_list":{"0":"post-17538","1":"product","2":"type-product","3":"status-publish","4":"has-post-thumbnail","6":"product_cat-newcomers","7":"product_cat-remedy-supplements","8":"product_tag-anti-fungal-remedy","9":"product_tag-fluconazole","11":"first","12":"instock","13":"taxable","14":"shipping-taxable","15":"purchasable","16":"product-type-variable"},"_links":{"self":[{"href":"https:\/\/laubeholistic.com\/es\/wp-json\/wp\/v2\/product\/17538","targetHints":{"allow":["GET"]}}],"collection":[{"href":"https:\/\/laubeholistic.com\/es\/wp-json\/wp\/v2\/product"}],"about":[{"href":"https:\/\/laubeholistic.com\/es\/wp-json\/wp\/v2\/types\/product"}],"replies":[{"embeddable":true,"href":"https:\/\/laubeholistic.com\/es\/wp-json\/wp\/v2\/comments?post=17538"}],"wp:featuredmedia":[{"embeddable":true,"href":"https:\/\/laubeholistic.com\/es\/wp-json\/wp\/v2\/media\/17542"}],"wp:attachment":[{"href":"https:\/\/laubeholistic.com\/es\/wp-json\/wp\/v2\/media?parent=17538"}],"wp:term":[{"taxonomy":"product_brand","embeddable":true,"href":"https:\/\/laubeholistic.com\/es\/wp-json\/wp\/v2\/product_brand?post=17538"},{"taxonomy":"product_cat","embeddable":true,"href":"https:\/\/laubeholistic.com\/es\/wp-json\/wp\/v2\/product_cat?post=17538"},{"taxonomy":"product_tag","embeddable":true,"href":"https:\/\/laubeholistic.com\/es\/wp-json\/wp\/v2\/product_tag?post=17538"}],"curies":[{"name":"wp","href":"https:\/\/api.w.org\/{rel}","templated":true}]}}