{"id":1695,"date":"2014-05-28T08:30:28","date_gmt":"2014-05-28T08:30:28","guid":{"rendered":"https:\/\/laubeholistic.com\/?post_type=product&#038;p=1695"},"modified":"2026-03-03T14:53:21","modified_gmt":"2026-03-03T14:53:21","slug":"activator-4-hcl-hydrochloric-acid-120ml","status":"publish","type":"product","link":"https:\/\/laubeholistic.com\/es\/shop\/activator-4-hcl-hydrochloric-acid-120ml\/","title":{"rendered":"ACTIVADOR \u2013 4% HCL"},"content":{"rendered":"<h2><span style=\"color: #000000;\">El Activador con 4% HCL<br \/>\n<\/span><\/h2>\n<p><span style=\"color: #000000;\">El NUEVO Activador con 4% clorh\u00eddrico (HCl) \u00c1cido ha demostrado que tiene algunos buenos beneficios en comparaci\u00f3n con el est\u00e1ndar (pero m\u00e1s investigado) 50% de \u00e1cido c\u00edtrico del activador.<\/span><\/p>\n<p><span style=\"color: #000000;\"><strong>1.<\/strong> 1. El m\u00e1s reciente investigaci\u00f3n ha demostrado que el 50% de \u00e1cido c\u00edtrico puede ser muy pesado en el est\u00f3mago cuando se toma dosis orales de AMS activado y, por tanto, a\u00f1adiendo a las n\u00e1useas cuando toma demasiado AMS. Con el nuevo activador de \u00e1cido clorh\u00eddrico 4% (HCL) el punto de experimentar n\u00e1useas puede ser mucho m\u00e1s alto, que le da el beneficio de tomar m\u00e1s y m\u00e1s altas dosis de AMS.<\/span><\/p>\n<p><span style=\"color: #000000;\"><strong>2.<\/strong> 2. Otra gran ventaja que puede ser f\u00e1cilmente notado es que el olor y el sabor de AMS activado ser\u00e1n menos. Si usted debe optar por tomar sus dosis orales AMS con agua (en lugar de jugo) usted experimentar\u00e1 menos sabor di\u00f3xido de cloro y el olfato. Eso es una noticia fant\u00e1stica!<\/span><\/p>\n<p><span style=\"color: #000000;\">Adicionalmente: Es muy raro, pero algunas personas son al\u00e9rgicas al 10% o \u00e1cido c\u00edtrico al 50% en agua (que es el activador est\u00e1ndar), aunque pueden tolerar f\u00e1cilmente formas d\u00e9biles de la misma como en la limonada. La soluci\u00f3n puede ser el uso de 4% \u00c1cido clorh\u00eddrico como el \u00e1cido de elecci\u00f3n, ya que es hipoalerg\u00e9nico. Por lo tanto tratar AMS de nuevo utilizando esta nueva ACTIVADOR como el \u00e1cido activar y lentamente la rampa ascendente en el n\u00famero de gotas.<\/span><\/p>\n<p><span style=\"color: #000000;\">El mismo 1: 1 relaci\u00f3n de la gota.<\/span><\/p>\n<p><span style=\"color: #000000;\">Tiempo de activaci\u00f3n se mantiene igual, como el activador est\u00e1ndar de \u00e1cido c\u00edtrico. Los habituales 30 segundos.<\/span><\/p>\n<p><span class=\"_5yl5\" style=\"color: #000000;\" data-reactid=\".2h.$mid=11416827275330=23ad044a3231aa88f85.2:0.0.0.0.0\">Si usted no ve su problema o enfermedad abordan aqu\u00ed en este sitio web, por favor p\u00f3ngase en contacto con nosotros a trav\u00e9s de correo electr\u00f3nico o tel\u00e9fono y le asesoraremos con claridad y ayudarle a salir! Esta es una cualidad que ponemos mucho \u00e9nfasis en. <span class=\"_5yl5\" data-reactid=\".1k.$mid=11416832347515=2f7e62a9de5b0f0e178.2:0.0.0.0.0\">Esta es una cualidad en la que ponemos mucho \u00e9nfasis.<\/span><\/span><\/p>\n<p>&nbsp;<\/p>\n<p><span style=\"font-size: 170%; color: #000000;\">Como preparar el AMS para tomar (activarlo)<\/span><\/p>\n<p>&nbsp;<\/p>","protected":false},"excerpt":{"rendered":"<ul>\n<li><span style=\"color: #000000;\">Botella de \u00c1cido Clorh\u00eddrico 4% (HCL) \u2013 120ml o 250ml<br \/>\n<\/span><\/li>\n<li><span style=\"color: #000000;\">Cuentagotas instalado dentro de las botellas<\/span><\/li>\n<li><strong><a href=\"https:\/\/laubeholistic.com\/es\/protocols-and-manuals\/\">Haga clic aqu\u00ed<\/a> <\/strong><span style=\"color: #000000;\">para descargar Protocolos y Manuales<\/span><\/li>\n<\/ul>\n<p><span class=\"_5yl5\" style=\"color: #000000;\" data-reactid=\".2h.$mid=11416827275330=23ad044a3231aa88f85.2:0.0.0.0.0\">Ofrecemos asesoramiento y orientaci\u00f3n claros y personales en caso de que necesite ayuda para utilizar este producto.<\/span><\/p>","protected":false},"featured_media":10706,"comment_status":"closed","ping_status":"closed","template":"","meta":{"ngg_post_thumbnail":0},"product_brand":[],"product_cat":[326],"product_tag":[96,124,94],"class_list":{"0":"post-1695","1":"product","2":"type-product","3":"status-publish","4":"has-post-thumbnail","6":"product_cat-chlorine-dioxide-category","7":"product_tag-activator","8":"product_tag-hydrochloric-acid","9":"product_tag-hydrochloric-acid-4","11":"first","12":"instock","13":"taxable","14":"shipping-taxable","15":"purchasable","16":"product-type-variable"},"_links":{"self":[{"href":"https:\/\/laubeholistic.com\/es\/wp-json\/wp\/v2\/product\/1695","targetHints":{"allow":["GET"]}}],"collection":[{"href":"https:\/\/laubeholistic.com\/es\/wp-json\/wp\/v2\/product"}],"about":[{"href":"https:\/\/laubeholistic.com\/es\/wp-json\/wp\/v2\/types\/product"}],"replies":[{"embeddable":true,"href":"https:\/\/laubeholistic.com\/es\/wp-json\/wp\/v2\/comments?post=1695"}],"wp:featuredmedia":[{"embeddable":true,"href":"https:\/\/laubeholistic.com\/es\/wp-json\/wp\/v2\/media\/10706"}],"wp:attachment":[{"href":"https:\/\/laubeholistic.com\/es\/wp-json\/wp\/v2\/media?parent=1695"}],"wp:term":[{"taxonomy":"product_brand","embeddable":true,"href":"https:\/\/laubeholistic.com\/es\/wp-json\/wp\/v2\/product_brand?post=1695"},{"taxonomy":"product_cat","embeddable":true,"href":"https:\/\/laubeholistic.com\/es\/wp-json\/wp\/v2\/product_cat?post=1695"},{"taxonomy":"product_tag","embeddable":true,"href":"https:\/\/laubeholistic.com\/es\/wp-json\/wp\/v2\/product_tag?post=1695"}],"curies":[{"name":"wp","href":"https:\/\/api.w.org\/{rel}","templated":true}]}}