{"id":1620,"date":"2014-05-28T17:00:26","date_gmt":"2014-05-28T17:00:26","guid":{"rendered":"https:\/\/laubeholistic.com\/?post_type=product&#038;p=1620"},"modified":"2026-03-03T14:51:38","modified_gmt":"2026-03-03T14:51:38","slug":"lavarnica-macro","status":"publish","type":"product","link":"https:\/\/laubeholistic.com\/es\/shop\/lavarnica-macro\/","title":{"rendered":"Lavarnica Macro (DMSO mejorado)"},"content":{"rendered":"<h1><span style=\"color: #000000;\"><strong>Macro de Lavarnica<\/strong><\/span><\/h1>\n<div style=\"padding: 56.25% 0 0 0; position: relative;\"><iframe style=\"position: absolute; top: 0; left: 0; width: 100%; height: 100%;\" title=\"Lavarinica\" src=\"https:\/\/player.vimeo.com\/video\/1165670395?badge=0&amp;autopause=0&amp;player_id=0&amp;app_id=58479\" frameborder=\"0\"><\/iframe><\/div>\n<p><script src=\"https:\/\/player.vimeo.com\/api\/player.js\"><\/script><\/p>\n<p><span style=\"color: #000000;\">Es posible que conozca los beneficios de los tres productos individuales que componen Lavarnica Macro, pero aqu\u00ed hay un recordatorio. Suavemente fragante y 100% natural.<\/span><\/p>\n<p><span style=\"color: #000000;\"><strong>DMSO<\/strong><\/span><\/p>\n<p><span style=\"color: #000000;\">Adem\u00e1s de ser conocido por sus cualidades antiinflamatorias y analg\u00e9sicas r\u00e1pidas y eficientes, los cient\u00edficos han descubierto que el DMSO se puede utilizar como un dispositivo de transporte para hacer pasar peque\u00f1as mol\u00e9culas a trav\u00e9s de la piel. En efecto, el DMSO magnifica la penetraci\u00f3n de otros remedios t\u00f3picos, aumentando as\u00ed su eficacia.<\/span><\/p>\n<p><span style=\"color: #000000;\"><strong>\u00c1RNICA<\/strong><\/span><\/p>\n<p><span style=\"color: #000000;\">\u00c1rnica es una hierba con flores de la familia de los girasoles. Se ha utilizado desde el siglo XVI para tratar una amplia gama de afecciones que incluyen hematomas, esguinces, dolores musculares, heridas, dolor en las articulaciones, hinchaz\u00f3n y quemaduras. Por lo tanto, la \u00e1rnica ha demostrado ser eficaz durante la curaci\u00f3n de varias afecciones posoperatorias, como hinchaz\u00f3n, hematomas y dolor.<\/span><\/p>\n<p><span style=\"color: #000000;\"><strong>LAVANDA<\/strong><\/span><\/p>\n<p><span style=\"color: #000000;\">En la antig\u00fcedad, este plan fragante se utiliz\u00f3 para refrescar y dar un ligero aroma a una variedad de art\u00edculos personales.<\/span><\/p>\n<p><span style=\"color: #000000;\">Adem\u00e1s de su aroma distintivo y relajante, la lavanda tambi\u00e9n es conocida por matar bacterias, curar y prevenir el acn\u00e9, calmar el eczema y la psoriasis, reducir las arrugas, reducir el dolor y la inflamaci\u00f3n, calmar las quemaduras solares, acelerar el proceso de cicatrizaci\u00f3n de heridas y actuar como repelente de insectos. y aliviar la picaz\u00f3n despu\u00e9s de una picadura de insecto. <\/span><\/p>\n<p><span style=\"color: #000000;\">La lavanda ha ayudado a muchas personas a mejorar la calidad del sue\u00f1o y reducir el insomnio.<\/span><\/p>\n<p><span style=\"color: #000000;\">Lavarnica Macro es un remedio t\u00f3pico \u00fanico, creado espec\u00edficamente por Laube Holistic Health.<\/span><\/p>\n<p><span style=\"color: #000000;\">Lavarnica Macro aprovecha las incre\u00edbles cualidades y beneficios del DMSO, \u00c1rnica y Lavanda para producir un remedio que penetra profundamente en la piel para aliviar los s\u00edntomas de hinchaz\u00f3n y dolor.<\/span><\/p>\n<p><span style=\"color: #000000;\">Lavarnica Macro es un producto revolucionario de acci\u00f3n r\u00e1pida. Naturalmente, alivia y cura el dolor de forma segura y asequible. No es necesario gastar el dinero que tanto le cost\u00f3 ganar en cirug\u00eda o medicamentos recetados altamente potentes y adictivos.<\/span><\/p>\n<p><span style=\"color: #000000;\">Ofrecemos asesoramiento y orientaci\u00f3n claros y personales en caso de que necesite ayuda para utilizar este producto.<\/span><\/p>\n<p><span style=\"color: #000000;\">Si no ve su problema, afecci\u00f3n o enfermedad abordado aqu\u00ed en este sitio web, comun\u00edquese con nosotros por correo electr\u00f3nico o por tel\u00e9fono y estaremos encantados de asesorarlo y ayudarlo. Se trata de una calidad y un servicio en el que ponemos mucho \u00e9nfasis.<\/span><\/p>\n<p><span style=\"color: #000000;\">Al igual que con todos los medicamentos, consulte con su m\u00e9dico de cabecera si padece problemas de salud graves, presi\u00f3n arterial alta, enfermedad inflamatoria intestinal, arritmia o si est\u00e1 embarazada o amamantando.<\/span><\/p>","protected":false},"excerpt":{"rendered":"<p><span style=\"color: #000000;\">1 x Botella de Lavarnica Macro \u2013<strong> 30ml, 100ml, 120ml, 250ml o 1L<\/strong><br \/>\n<\/span><\/p>\n<p><span style=\"color: #000000;\">Con Gotero o Pulverizador<\/span><\/p>\n<p><span style=\"color: #000000;\">Una combinaci\u00f3n \u00fanica de tres tratamientos conocidos, todo en un remedio natural fragante y f\u00e1cil de usar. Suavemente fragante y 100% natural.<\/span><\/p>\n<p><span class=\"_5yl5\" style=\"color: #000000;\" data-reactid=\".2h.$mid=11416827275330=23ad044a3231aa88f85.2:0.0.0.0.0\">Ofrecemos asesoramiento y orientaci\u00f3n claros y personales en caso de que necesite ayuda para utilizar este producto.<\/span><\/p>","protected":false},"featured_media":10843,"comment_status":"closed","ping_status":"closed","template":"","meta":{"ngg_post_thumbnail":0},"product_brand":[],"product_cat":[326],"product_tag":[271,260,269,258,261,122,268,110,272,270,256,267,266],"class_list":{"0":"post-1620","1":"product","2":"type-product","3":"status-publish","4":"has-post-thumbnail","6":"product_cat-chlorine-dioxide-category","7":"product_tag-100-natural","8":"product_tag-aches-and-pains","9":"product_tag-aching-joints","10":"product_tag-arthritis","11":"product_tag-bursitis","12":"product_tag-dmso","13":"product_tag-inflammation","14":"product_tag-lavarnica-macro","15":"product_tag-natural","16":"product_tag-pain","17":"product_tag-pain-relief","18":"product_tag-tendonitis","19":"product_tag-topical-pain-relief","21":"first","22":"instock","23":"taxable","24":"shipping-taxable","25":"purchasable","26":"product-type-variable"},"_links":{"self":[{"href":"https:\/\/laubeholistic.com\/es\/wp-json\/wp\/v2\/product\/1620","targetHints":{"allow":["GET"]}}],"collection":[{"href":"https:\/\/laubeholistic.com\/es\/wp-json\/wp\/v2\/product"}],"about":[{"href":"https:\/\/laubeholistic.com\/es\/wp-json\/wp\/v2\/types\/product"}],"replies":[{"embeddable":true,"href":"https:\/\/laubeholistic.com\/es\/wp-json\/wp\/v2\/comments?post=1620"}],"wp:featuredmedia":[{"embeddable":true,"href":"https:\/\/laubeholistic.com\/es\/wp-json\/wp\/v2\/media\/10843"}],"wp:attachment":[{"href":"https:\/\/laubeholistic.com\/es\/wp-json\/wp\/v2\/media?parent=1620"}],"wp:term":[{"taxonomy":"product_brand","embeddable":true,"href":"https:\/\/laubeholistic.com\/es\/wp-json\/wp\/v2\/product_brand?post=1620"},{"taxonomy":"product_cat","embeddable":true,"href":"https:\/\/laubeholistic.com\/es\/wp-json\/wp\/v2\/product_cat?post=1620"},{"taxonomy":"product_tag","embeddable":true,"href":"https:\/\/laubeholistic.com\/es\/wp-json\/wp\/v2\/product_tag?post=1620"}],"curies":[{"name":"wp","href":"https:\/\/api.w.org\/{rel}","templated":true}]}}