{"id":1550,"date":"2014-05-28T20:00:56","date_gmt":"2014-05-28T20:00:56","guid":{"rendered":"https:\/\/laubeholistic.com\/?post_type=product&#038;p=1550"},"modified":"2025-11-12T11:58:10","modified_gmt":"2025-11-12T11:58:10","slug":"health_coaching","status":"publish","type":"product","link":"https:\/\/laubeholistic.com\/es\/shop\/health_coaching\/","title":{"rendered":"Entrenamiento de salud - 30min"},"content":{"rendered":"<div class=\"vc_row wpb_row vc_row-fluid\">\n<div class=\"vc_col-sm-12 wpb_column vc_column_container\">\n<div class=\"wpb_wrapper\">\n<div class=\"wpb_text_column wpb_content_element\">\n<div class=\"wpb_wrapper\">\n<h3><span style=\"color: #000000;\">Estamos orgullosos de nuestra calidad. Es algo en lo que ponemos mucho \u00e9nfasis.<\/span><\/h3>\n<p><span style=\"color: #000000;\">\u00bfAlguna vez ha deseado poder hablar con un sitio web? \u00bfHacer el tipo de preguntas que no se abordan o no son lo suficientemente espec\u00edficas para usted? Bueno, esta es una oportunidad \u00fanica para hacer precisamente eso.<\/span><\/p>\n<p><span style=\"color: #000000;\">Con qui\u00e9n mejor para hablar que con el desarrollador de Laube Holistic Solutions: Tobias Laube. Una consulta privada desde la comodidad de su propia casa.<\/span><\/p>\n<p><span style=\"color: #000000;\">En esta consulta de una hora, Tobias te explicar\u00e1 c\u00f3mo y por qu\u00e9 nuestros remedios para la salud pueden ayudarte a lograr una salud absoluta.<\/span><\/p>\n<p><span style=\"color: #000000;\">Ofrecemos una conversaci\u00f3n de video 1:1 para incluir una explicaci\u00f3n detallada de c\u00f3mo seguir los diferentes protocolos, as\u00ed como una idea de otras aplicaciones y formas de usar AMS. &nbsp;<\/span><\/p>\n<p><span style=\"color: #000000;\"><a style=\"color: #000000;\" href=\"https:\/\/laubeholistic.com\/wp-content\/uploads\/2015\/03\/bild_beratung.jpg\"><img loading=\"lazy\" decoding=\"async\" class=\"size-medium wp-image-1552 alignright\" src=\"https:\/\/laubeholistic.com\/wp-content\/uploads\/2015\/03\/bild_beratung-300x236.jpg\" alt=\"bild_beratung\" width=\"300\" height=\"236\" srcset=\"https:\/\/laubeholistic.com\/wp-content\/uploads\/2015\/03\/bild_beratung-300x236.jpg 300w, https:\/\/laubeholistic.com\/wp-content\/uploads\/2015\/03\/bild_beratung.jpg 367w\" sizes=\"auto, (max-width: 300px) 100vw, 300px\" \/><\/a>Espec\u00edficamente para usted, los usos y protocolos se pueden discutir y demostrar frente a la c\u00e1mara, para asegurarse de que se sienta seguro al usar nuestros productos.<\/span><\/p>\n<p><span style=\"color: #000000;\">Esta puede ser la informaci\u00f3n vital que necesita, que le cambiar\u00e1 la vida, especialmente si padece una afecci\u00f3n cr\u00f3nica o incluso terminal.<\/span><\/p>\n<p><span style=\"color: #000000;\">Despu\u00e9s de realizar el pedido, nos pondremos en contacto con usted para concertar una fecha y hora convenientes para usted.<\/span><\/p>\n<h4><span style=\"color: #000000;\"><strong>Como se trata de una videollamada en vivo, ser\u00e1 necesario que utilice un dispositivo que tenga una c\u00e1mara instalada.<\/strong><\/span><\/h4>\n<p><span style=\"color: #000000;\">Si no ve que su problema o condici\u00f3n se aborda aqu\u00ed en este sitio web, comun\u00edquese con nosotros por correo electr\u00f3nico o por tel\u00e9fono y estaremos encantados de asesorarlo y ayudarlo.<\/span><\/p>\n<\/div>\n<p><span style=\"color: #000000;\">Ofrecemos asesoramiento y orientaci\u00f3n claros y personales en caso de que necesite ayuda al utilizar nuestros productos. Comun\u00edquese con nosotros si necesita m\u00e1s informaci\u00f3n sobre este o cualquier otro producto en nuestro sitio web.<\/span><\/p>\n<div class=\"wpb_wrapper\">\n<p>&nbsp;<\/p>\n<\/div>\n<\/div>\n<\/div>\n<\/div>\n<\/div>","protected":false},"excerpt":{"rendered":"<p><span style=\"color: #000000;\">Una videoconsulta personal 1 a 1 de treinta minutos con Tobias.<\/span><\/p>\n<p><span style=\"color: #000000;\">Una oportunidad \u00fanica e ideal para discutir cualquier duda, hacer preguntas y ver demostraciones en vivo.&nbsp;<\/span><\/p>\n<p><span style=\"color: #000000;\">Tobias habla ingl\u00e9s, alem\u00e1n y espa\u00f1ol.<\/span><\/p>","protected":false},"featured_media":1548,"comment_status":"closed","ping_status":"closed","template":"","meta":{"ngg_post_thumbnail":0},"product_brand":[],"product_cat":[331],"product_tag":[289,293,292,298,294,295,296,288,287,291,290,299],"class_list":{"0":"post-1550","1":"product","2":"type-product","3":"status-publish","4":"has-post-thumbnail","6":"product_cat-services","7":"product_tag-1-to-1","8":"product_tag-clear-advice","9":"product_tag-demonstration","10":"product_tag-detailed-explanation","11":"product_tag-guidance","12":"product_tag-health-remedies","13":"product_tag-one-hour","14":"product_tag-one-to-one","15":"product_tag-personalised","16":"product_tag-video-consultation","17":"product_tag-video-conversation","18":"product_tag-vital-information","20":"first","21":"outofstock","22":"virtual","23":"taxable","24":"purchasable","25":"product-type-simple"},"_links":{"self":[{"href":"https:\/\/laubeholistic.com\/es\/wp-json\/wp\/v2\/product\/1550","targetHints":{"allow":["GET"]}}],"collection":[{"href":"https:\/\/laubeholistic.com\/es\/wp-json\/wp\/v2\/product"}],"about":[{"href":"https:\/\/laubeholistic.com\/es\/wp-json\/wp\/v2\/types\/product"}],"replies":[{"embeddable":true,"href":"https:\/\/laubeholistic.com\/es\/wp-json\/wp\/v2\/comments?post=1550"}],"wp:featuredmedia":[{"embeddable":true,"href":"https:\/\/laubeholistic.com\/es\/wp-json\/wp\/v2\/media\/1548"}],"wp:attachment":[{"href":"https:\/\/laubeholistic.com\/es\/wp-json\/wp\/v2\/media?parent=1550"}],"wp:term":[{"taxonomy":"product_brand","embeddable":true,"href":"https:\/\/laubeholistic.com\/es\/wp-json\/wp\/v2\/product_brand?post=1550"},{"taxonomy":"product_cat","embeddable":true,"href":"https:\/\/laubeholistic.com\/es\/wp-json\/wp\/v2\/product_cat?post=1550"},{"taxonomy":"product_tag","embeddable":true,"href":"https:\/\/laubeholistic.com\/es\/wp-json\/wp\/v2\/product_tag?post=1550"}],"curies":[{"name":"wp","href":"https:\/\/api.w.org\/{rel}","templated":true}]}}