{"id":151,"date":"2014-05-28T19:00:23","date_gmt":"2014-05-28T19:00:23","guid":{"rendered":"https:\/\/laubeholistic.com\/?post_type=product&#038;p=151"},"modified":"2026-03-03T14:48:29","modified_gmt":"2026-03-03T14:48:29","slug":"pure-vitamin-c","status":"publish","type":"product","link":"https:\/\/laubeholistic.com\/es\/shop\/pure-vitamin-c\/","title":{"rendered":"Vitamina C pura"},"content":{"rendered":"<p>&nbsp;<\/p>\n<h1 lang=\"es-ES\" style=\"font-size: small; color: #000000; text-align: center;\"><span style=\"font-size: x-large;\"><span style=\"text-decoration: underline;\">Cura milagrosa natural&nbsp;<\/span><\/span><span style=\"font-size: x-large;\"><span style=\"text-decoration: underline;\">para una salud mejor!<\/span><\/span><\/h1>\n<div style=\"padding: 56.25% 0 0 0; position: relative;\"><iframe style=\"position: absolute; top: 0; left: 0; width: 100%; height: 100%;\" title=\"Vitamina C\" src=\"https:\/\/player.vimeo.com\/video\/1165670676?badge=0&amp;autopause=0&amp;player_id=0&amp;app_id=58479\" frameborder=\"0\"><\/iframe><\/div>\n<p><script src=\"https:\/\/player.vimeo.com\/api\/player.js\"><\/script><\/p>\n<div><span style=\"color: #000000;\">La vitamina m\u00e1s conocida del mundo es tambi\u00e9n el nutriente m\u00e1s infravalorado y suprimido de la historia.<\/span><\/div>\n<div><span style=\"color: #000000;\">Es uno <strong>de los seguros de salud m\u00e1s poderosos<\/strong> <strong>que se pueden tomar<\/strong>.<\/span><\/div>\n<div>&nbsp;<\/div>\n<div><span style=\"color: #000000;\"><strong>Vitamina C pura<\/strong> es la cura milagrosa de la naturaleza. Naturalmente te lo eleva a una mejor salud, mejora su sistema cardiovascular, desencadena un aumento notable de energ\u00eda, estimula su sistema inmunol\u00f3gico y limpia desde adentro.<\/span><\/div>\n<div>&nbsp;<\/div>\n<div><span style=\"color: #000000;\"><strong>Linus Pauling <\/strong>(*1901-1994 \u2020) Fundador de la medicina ortomolecular y laureado de premio nobel en <strong>Qu\u00edmica<\/strong> y <strong>Paz. <\/strong>&nbsp;Linus Pauling fue uno de los grandes pioneros que descubri\u00f3 que nosotros, como seres humanos, consumimos cantidades diarias insuficientes de vitamina C a trav\u00e9s de los alimentos procesados, modificados gen\u00e9ticamente e incluso artificiales. Tambi\u00e9n descubri\u00f3 que podemos absorber y con frecuencia necesitamos cantidades mucho m\u00e1s altas de esta vitamina, especialmente cuando estamos enfermos.<\/span><\/div>\n<div>&nbsp;<\/div>\n<figure id=\"attachment_173\" aria-describedby=\"caption-attachment-173\" style=\"width: 303px\" class=\"wp-caption alignright\"><img loading=\"lazy\" decoding=\"async\" class=\"wp-image-173\" style=\"border-image: initial; border: 1px solid black;\" title=\"Linus Pauling\" src=\"https:\/\/laubeholistic.com\/wp-content\/uploads\/2012\/05\/LinusPauling.jpg\" alt=\"Linus Pauling\" width=\"303\" height=\"140\"><figcaption id=\"caption-attachment-173\" class=\"wp-caption-text\">Seg\u00fan lo recomendado por Linus Pauling.<\/figcaption><\/figure>\n<blockquote>\n<div><strong>\"Si a\u00fan se enferma, la \u00fanica raz\u00f3n es que su cuerpo no recibe suficiente vitamina C. Con suficiente vitamina C por d\u00eda durante todo el a\u00f1o, ya no se enfermar\u00e1\".<\/strong><\/div>\n<div><em>Linus Pauling<\/em><\/div>\n<\/blockquote>\n<div>&nbsp;<\/div>\n<div><span style=\"color: #000000;\">En comparaci\u00f3n con las pastillas de vitamina C tradicionales nuestra vitamina C es 100% pura y no est\u00e1 modificada de ninguna manera.<\/span><\/div>\n<div>&nbsp;<\/div>\n<div><span style=\"color: #000000;\">Una cucharadita plana de nuestro producto 100% puro contiene hasta 60 veces m\u00e1s vitamina C que las pastillas tradicionales.<\/span><\/div>\n<div>&nbsp;<\/div>\n<div><span style=\"color: #000000;\">Es obvio, podr\u00eda decirse. Puede creer que es de conocimiento com\u00fan que la vitamina C es buena para usted. Sin embargo, la cantidad \u00f3ptima de vitamina C que necesitamos es un conocimiento avanzado. La dosis correcta de vitamina C pura marca la diferencia cuando busca mantenerse saludable durante todo el a\u00f1o.<\/span><\/div>\n<div>&nbsp;<\/div>\n<div>\n<p><span style=\"color: #000000;\">Si no ve su problema, condici\u00f3n o enfermedad tratada aqu\u00ed en este sitio web, por favor cont\u00e1ctenos por correo electr\u00f3nico y estaremos encantados de asesorarle y ayudarle.&nbsp;<span class=\"_5yl5\" data-reactid=\".1k.$mid=11416832347515=2f7e62a9de5b0f0e178.2:0.0.0.0.0\">\u00c9sta es una cualidad en la que ponemos mucho \u00e9nfasis.<\/span><\/span><\/p>\n<\/div>\n<p><img loading=\"lazy\" decoding=\"async\" class=\"alignnone wp-image-7071\" src=\"https:\/\/laubeholistic.com\/wp-content\/uploads\/Grams-of-flat-GS-1-300x164.jpg\" alt=\"\" width=\"518\" height=\"283\" srcset=\"https:\/\/laubeholistic.com\/wp-content\/uploads\/Grams-of-flat-GS-1-300x164.jpg 300w, https:\/\/laubeholistic.com\/wp-content\/uploads\/Grams-of-flat-GS-1-1024x561.jpg 1024w, https:\/\/laubeholistic.com\/wp-content\/uploads\/Grams-of-flat-GS-1-768x421.jpg 768w, https:\/\/laubeholistic.com\/wp-content\/uploads\/Grams-of-flat-GS-1-16x9.jpg 16w, https:\/\/laubeholistic.com\/wp-content\/uploads\/Grams-of-flat-GS-1-510x279.jpg 510w, https:\/\/laubeholistic.com\/wp-content\/uploads\/Grams-of-flat-GS-1.jpg 1296w\" sizes=\"auto, (max-width: 518px) 100vw, 518px\" \/><img loading=\"lazy\" decoding=\"async\" class=\"alignnone wp-image-7070\" src=\"https:\/\/laubeholistic.com\/wp-content\/uploads\/Grams-of-big-GS-300x184.jpg\" alt=\"\" width=\"462\" height=\"283\" srcset=\"https:\/\/laubeholistic.com\/wp-content\/uploads\/Grams-of-big-GS-300x184.jpg 300w, https:\/\/laubeholistic.com\/wp-content\/uploads\/Grams-of-big-GS-1024x626.jpg 1024w, https:\/\/laubeholistic.com\/wp-content\/uploads\/Grams-of-big-GS-768x470.jpg 768w, https:\/\/laubeholistic.com\/wp-content\/uploads\/Grams-of-big-GS-16x10.jpg 16w, https:\/\/laubeholistic.com\/wp-content\/uploads\/Grams-of-big-GS-510x312.jpg 510w, https:\/\/laubeholistic.com\/wp-content\/uploads\/Grams-of-big-GS.jpg 1324w\" sizes=\"auto, (max-width: 462px) 100vw, 462px\" \/><\/p>\n<p style=\"text-align: center;\"><strong><span style=\"color: #000000;\">Una cucharadita plana le dar\u00e1 aproximadamente 2,5 g; una cucharadita colmada aproximadamente 5 g (el doble)<\/span><\/strong><\/p>\n<p><img loading=\"lazy\" decoding=\"async\" class=\"alignnone wp-image-7068\" src=\"https:\/\/laubeholistic.com\/wp-content\/uploads\/Grams-of-flat-WS-300x177.jpg\" alt=\"\" width=\"474\" height=\"280\" srcset=\"https:\/\/laubeholistic.com\/wp-content\/uploads\/Grams-of-flat-WS-300x177.jpg 300w, https:\/\/laubeholistic.com\/wp-content\/uploads\/Grams-of-flat-WS-1024x603.jpg 1024w, https:\/\/laubeholistic.com\/wp-content\/uploads\/Grams-of-flat-WS-768x452.jpg 768w, https:\/\/laubeholistic.com\/wp-content\/uploads\/Grams-of-flat-WS-16x9.jpg 16w, https:\/\/laubeholistic.com\/wp-content\/uploads\/Grams-of-flat-WS-510x300.jpg 510w, https:\/\/laubeholistic.com\/wp-content\/uploads\/Grams-of-flat-WS.jpg 1386w\" sizes=\"auto, (max-width: 474px) 100vw, 474px\" \/><img loading=\"lazy\" decoding=\"async\" class=\"alignnone wp-image-7069\" src=\"https:\/\/laubeholistic.com\/wp-content\/uploads\/Grams-of-big-WS-300x168.jpg\" alt=\"\" width=\"499\" height=\"279\" srcset=\"https:\/\/laubeholistic.com\/wp-content\/uploads\/Grams-of-big-WS-300x168.jpg 300w, https:\/\/laubeholistic.com\/wp-content\/uploads\/Grams-of-big-WS-1024x574.jpg 1024w, https:\/\/laubeholistic.com\/wp-content\/uploads\/Grams-of-big-WS-768x430.jpg 768w, https:\/\/laubeholistic.com\/wp-content\/uploads\/Grams-of-big-WS-16x9.jpg 16w, https:\/\/laubeholistic.com\/wp-content\/uploads\/Grams-of-big-WS-510x286.jpg 510w, https:\/\/laubeholistic.com\/wp-content\/uploads\/Grams-of-big-WS.jpg 1378w\" sizes=\"auto, (max-width: 499px) 100vw, 499px\" \/><\/p>\n<p style=\"text-align: center;\"><span style=\"color: #000000;\"><strong>Nuestra cucharadita de madera le dar\u00e1 aproximadamente 2,5 g cuando est\u00e1 plana \/ nivelada y entre 4 y 4,5 g cuando est\u00e1 colmada.<\/strong><\/span><\/p>\n<h2 style=\"text-align: center;\"><span style=\"color: #000000;\">TESTIMONIOS<\/span><\/h2>\n<p><span style=\"color: #000000;\">Una prueba de PCR positiva se volvi\u00f3 NEGATIVA despu\u00e9s de altas dosis de <strong>Vitamina C pura<\/strong><\/span><\/p>\n<p style=\"text-align: center;\"><span style=\"color: #000000;\"><strong><img loading=\"lazy\" decoding=\"async\" class=\"wp-image-10906 aligncenter\" src=\"https:\/\/laubeholistic.com\/wp-content\/uploads\/DINO-Covid-test-results-2-2-300x111.jpg\" alt=\"\" width=\"873\" height=\"323\" srcset=\"https:\/\/laubeholistic.com\/wp-content\/uploads\/DINO-Covid-test-results-2-2-300x111.jpg 300w, https:\/\/laubeholistic.com\/wp-content\/uploads\/DINO-Covid-test-results-2-2-768x283.jpg 768w, https:\/\/laubeholistic.com\/wp-content\/uploads\/DINO-Covid-test-results-2-2-1536x566.jpg 1536w, https:\/\/laubeholistic.com\/wp-content\/uploads\/DINO-Covid-test-results-2-2-18x7.jpg 18w, https:\/\/laubeholistic.com\/wp-content\/uploads\/DINO-Covid-test-results-2-2-510x188.jpg 510w\" sizes=\"auto, (max-width: 873px) 100vw, 873px\" \/>&nbsp;<\/strong><\/span><\/p>","protected":false},"excerpt":{"rendered":"<p lang=\"it-IT\" style=\"text-align: left;\" align=\"CENTER\"><span style=\"color: #000000;\">Acido asc\u00f3rbico- <\/span><span style=\"color: #000000;\">100% puro<\/span><br \/>\n<span style=\"color: #000000;\">Seg\u00fan lo recomendado por Linus Pauling<\/span><\/p>\n<h3 lang=\"it-IT\" style=\"text-align: left;\" align=\"CENTER\"><span style=\"color: #0000ff;\"><strong>Complementar su dieta con nutrientes beneficiosos que mejoran la salud es una importancia vital durante la situaci\u00f3n actual de este pandemia. Es por eso que ofrecemos vitamina C pura con un grado alto.<br \/>\n<\/strong><\/span><\/h3>\n<p><span style=\"font-size: 10pt; color: #000000;\"><strong>Ayuda a combatir enfermedades como:<\/strong><\/span><\/p>\n<p><em><span style=\"font-size: 10pt; color: #000000;\"><strong>Resfriado com\u00fan, gripe, fiebre&nbsp;<\/strong><strong>y&nbsp;<\/strong><\/span><\/em><em><span style=\"font-size: 10pt; color: #000000;\"><strong>problemas cardiovasculares.<\/strong><\/span><\/em><\/p>\n<p><em><span style=\"font-size: 10pt; color: #000000;\"><strong>Estimula el sistema inmunol\u00f3gico.<\/strong><\/span><\/em><\/p>\n<p><em><span style=\"font-size: 10pt; color: #000000;\"><strong>Promueve un mejor bienestar y puede ayudar a combatir la depresi\u00f3n.<\/strong><\/span><\/em><\/p>\n<p style=\"font-size: large; text-align: left;\"><span style=\"font-size: 10pt; color: #000000;\">Dosificaci\u00f3n: Una cucharadita plana de vitamina C tomada con un vaso de agua por d\u00eda.<\/span><\/p>\n<p style=\"font-size: large; text-align: left;\"><span class=\"_5yl5\" style=\"font-size: 10pt; color: #000000;\" data-reactid=\".2h.$mid=11416827275330=23ad044a3231aa88f85.2:0.0.0.0.0\">Ofrecemos asesoramiento y orientaci\u00f3n claro y personal en caso de que necesite ayuda con el uso de la vitamina C pura.<\/span><\/p>","protected":false},"featured_media":10811,"comment_status":"closed","ping_status":"closed","template":"","meta":{"ngg_post_thumbnail":0},"product_brand":[],"product_cat":[327],"product_tag":[251,253,148,252,254],"class_list":{"0":"post-151","1":"product","2":"type-product","3":"status-publish","4":"has-post-thumbnail","6":"product_cat-vitamin-supplements","7":"product_tag-100-pure","8":"product_tag-ascorbic-acid","9":"product_tag-linus-pauling","10":"product_tag-powder","11":"product_tag-pure","13":"first","14":"instock","15":"taxable","16":"shipping-taxable","17":"purchasable","18":"product-type-variable"},"_links":{"self":[{"href":"https:\/\/laubeholistic.com\/es\/wp-json\/wp\/v2\/product\/151","targetHints":{"allow":["GET"]}}],"collection":[{"href":"https:\/\/laubeholistic.com\/es\/wp-json\/wp\/v2\/product"}],"about":[{"href":"https:\/\/laubeholistic.com\/es\/wp-json\/wp\/v2\/types\/product"}],"replies":[{"embeddable":true,"href":"https:\/\/laubeholistic.com\/es\/wp-json\/wp\/v2\/comments?post=151"}],"wp:featuredmedia":[{"embeddable":true,"href":"https:\/\/laubeholistic.com\/es\/wp-json\/wp\/v2\/media\/10811"}],"wp:attachment":[{"href":"https:\/\/laubeholistic.com\/es\/wp-json\/wp\/v2\/media?parent=151"}],"wp:term":[{"taxonomy":"product_brand","embeddable":true,"href":"https:\/\/laubeholistic.com\/es\/wp-json\/wp\/v2\/product_brand?post=151"},{"taxonomy":"product_cat","embeddable":true,"href":"https:\/\/laubeholistic.com\/es\/wp-json\/wp\/v2\/product_cat?post=151"},{"taxonomy":"product_tag","embeddable":true,"href":"https:\/\/laubeholistic.com\/es\/wp-json\/wp\/v2\/product_tag?post=151"}],"curies":[{"name":"wp","href":"https:\/\/api.w.org\/{rel}","templated":true}]}}