{"id":15068,"date":"2025-01-07T15:23:32","date_gmt":"2025-01-07T15:23:32","guid":{"rendered":"https:\/\/laubeholistic.com\/?post_type=product&#038;p=15068"},"modified":"2026-03-03T14:34:55","modified_gmt":"2026-03-03T14:34:55","slug":"magnesium-oil","status":"publish","type":"product","link":"https:\/\/laubeholistic.com\/es\/shop\/magnesium-oil\/","title":{"rendered":"Aceite de magnesio"},"content":{"rendered":"<p><span style=\"color: #282828;\">Un fascinante estudio revel\u00f3 que aplicar aceite de magnesio sobre la piel es m\u00e1s eficaz que tomar suplementos orales de magnesio. Adem\u00e1s, la absorci\u00f3n de magnesio es mayor y los efectos secundarios se reducen al m\u00ednimo, ya que evita el sistema digestivo.<\/span><\/p>\n<p><span style=\"color: #282828;\"><strong>Beneficios del aceite de magnesio:<\/strong><\/span><\/p>\n<ul>\n<li style=\"text-align: left;\"><span style=\"color: #282828;\">Alivia la fibromialgia<\/span><\/li>\n<li style=\"text-align: left;\"><span style=\"color: #282828;\">Reduce la ansiedad y la depresi\u00f3n<\/span><\/li>\n<li style=\"text-align: left;\"><span style=\"color: #282828;\">Alivia el estre\u00f1imiento<\/span><\/li>\n<li style=\"text-align: left;\"><span style=\"color: #282828;\">Favorece un sue\u00f1o reparador<\/span><\/li>\n<li style=\"text-align: left;\"><span style=\"color: #282828;\">Ayuda a prevenir el asma<\/span><\/li>\n<li style=\"text-align: left;\"><span style=\"color: #282828;\">Reduce la inflamaci\u00f3n<\/span><\/li>\n<li style=\"text-align: left;\"><span style=\"color: #282828;\">Favorece la salud del coraz\u00f3n<\/span><\/li>\n<li style=\"text-align: left;\"><span style=\"color: #282828;\">Alivia las migra\u00f1as<\/span><\/li>\n<li style=\"text-align: left;\"><span style=\"color: #282828;\">Fortalece los huesos<\/span><\/li>\n<li style=\"text-align: left;\"><span style=\"color: #282828;\">Ayuda a regular el az\u00facar en sangre<\/span><\/li>\n<li style=\"text-align: left;\"><span style=\"color: #282828;\">Reduce la tensi\u00f3n arterial<\/span><\/li>\n<li style=\"text-align: left;\"><span style=\"color: #282828;\">Trata afecciones cut\u00e1neas<\/span><\/li>\n<li style=\"text-align: left;\"><span style=\"color: #282828;\">Alivia las molestias premenstruales<\/span><\/li>\n<li style=\"text-align: left;\"><span style=\"color: #282828;\">Estimula el crecimiento del cabello<\/span><\/li>\n<\/ul>\n<p><span style=\"color: #282828;\">Nuestro <strong>Aceite de magnesio en spray<\/strong> ofrece una forma natural y eficaz de apoyar su rutina de bienestar. Envasado en un elegante <strong>botella de lata con cabezal pulverizador f\u00e1cil de usar<\/strong>, Este aceite de magnesio est\u00e1 hecho de <strong>100% cloruro de magnesio puro<\/strong> procedente de la pr\u00edstina <strong>Mar de Zechstein en los Pa\u00edses Bajos<\/strong>.<\/span><\/p>\n<p><span style=\"color: #282828;\">Mezclado con <strong>agua destilada pura<\/strong>, La gama de productos para el cuidado de la piel, de alta calidad, est\u00e1 dise\u00f1ada para ofrecer la m\u00e1xima absorci\u00f3n y comodidad.<\/span><\/p>\n<p><span style=\"color: #282828;\"><strong>\u00bfPor qu\u00e9 elegir el aceite de magnesio en spray?<\/strong><\/span><br \/>\n<span style=\"color: #282828;\">El magnesio es esencial para numerosas funciones corporales, y su aplicaci\u00f3n t\u00f3pica es una de las formas m\u00e1s eficaces de reponer sus niveles de magnesio.<\/span><\/p>\n<ul>\n<li><span style=\"color: #282828;\"><strong>Aliviar los problemas de sue\u00f1o<\/strong>: Pulverizar sobre los pies antes de acostarse para favorecer la relajaci\u00f3n y favorecer un sue\u00f1o reparador.<\/span><\/li>\n<li><span style=\"color: #282828;\"><strong>Calma los m\u00fasculos doloridos<\/strong>: Aplicar directamente sobre los m\u00fasculos doloridos o cansados despu\u00e9s de un entrenamiento o actividad f\u00edsica para un r\u00e1pido alivio y recuperaci\u00f3n.<\/span><\/li>\n<li><span style=\"color: #282828;\"><strong>Favorecer la salud de la piel<\/strong>: El magnesio ayuda a equilibrar el funcionamiento de la piel, dej\u00e1ndola nutrida y revitalizada.<\/span><\/li>\n<li><span style=\"color: #282828;\"><strong>C\u00f3modo y sin complicaciones<\/strong>: El cabezal pulverizador garantiza una aplicaci\u00f3n uniforme sin desperdicios, por lo que es perfecto para su uso sobre la marcha.<\/span><\/li>\n<\/ul>\n<p><span style=\"color: #282828;\">Tanto si desea mejorar la recuperaci\u00f3n tras el ejercicio, relajarse despu\u00e9s de un largo d\u00eda o aumentar su ingesta general de magnesio, nuestro Aceite de Magnesio en Spray es imprescindible en su kit de bienestar.<\/span><\/p>\n<p><span style=\"color: #282828;\">Descubre los beneficios del magnesio puro, al alcance de tu mano. \ud83c\udf3f<\/span><\/p>","protected":false},"excerpt":{"rendered":"<p><span style=\"color: #282828;\">100% Aceite de magnesio puro<\/span><\/p>\n<p><span style=\"color: #282828;\">Pulverizador de aluminio con 100 ml<\/span><\/p>\n<p><span style=\"color: #282828;\">R\u00e1pida absorci\u00f3n<\/span><\/p>\n<p><span style=\"color: #282828;\">No graso<\/span><\/p>\n<p><span style=\"color: #282828;\">F\u00f3rmula sin olor<\/span><\/p>\n<p><span style=\"color: #282828;\">Extra\u00eddo del antiguo mar de Zechstein<\/span><\/p>","protected":false},"featured_media":15074,"comment_status":"open","ping_status":"closed","template":"","meta":{"ngg_post_thumbnail":0},"product_brand":[],"product_cat":[329,332],"product_tag":[357,355,356],"class_list":{"0":"post-15068","1":"product","2":"type-product","3":"status-publish","4":"has-post-thumbnail","6":"product_cat-remedy-supplements","7":"product_cat-newcomers","8":"product_tag-magnesium-chloride","9":"product_tag-magnesium-oil","10":"product_tag-magnesium-oil-spray","12":"first","13":"instock","14":"taxable","15":"shipping-taxable","16":"purchasable","17":"product-type-simple"},"_links":{"self":[{"href":"https:\/\/laubeholistic.com\/es\/wp-json\/wp\/v2\/product\/15068","targetHints":{"allow":["GET"]}}],"collection":[{"href":"https:\/\/laubeholistic.com\/es\/wp-json\/wp\/v2\/product"}],"about":[{"href":"https:\/\/laubeholistic.com\/es\/wp-json\/wp\/v2\/types\/product"}],"replies":[{"embeddable":true,"href":"https:\/\/laubeholistic.com\/es\/wp-json\/wp\/v2\/comments?post=15068"}],"wp:featuredmedia":[{"embeddable":true,"href":"https:\/\/laubeholistic.com\/es\/wp-json\/wp\/v2\/media\/15074"}],"wp:attachment":[{"href":"https:\/\/laubeholistic.com\/es\/wp-json\/wp\/v2\/media?parent=15068"}],"wp:term":[{"taxonomy":"product_brand","embeddable":true,"href":"https:\/\/laubeholistic.com\/es\/wp-json\/wp\/v2\/product_brand?post=15068"},{"taxonomy":"product_cat","embeddable":true,"href":"https:\/\/laubeholistic.com\/es\/wp-json\/wp\/v2\/product_cat?post=15068"},{"taxonomy":"product_tag","embeddable":true,"href":"https:\/\/laubeholistic.com\/es\/wp-json\/wp\/v2\/product_tag?post=15068"}],"curies":[{"name":"wp","href":"https:\/\/api.w.org\/{rel}","templated":true}]}}